{"id":9532,"date":"2026-04-04T17:03:41","date_gmt":"2026-04-04T17:03:41","guid":{"rendered":"https:\/\/grupoaaa.es\/?post_type=product&#038;p=9532"},"modified":"2026-04-04T17:03:41","modified_gmt":"2026-04-04T17:03:41","slug":"pcl888cn-polea-cesto-lavadora-candy-49033810","status":"publish","type":"product","link":"https:\/\/grupoaaa.es\/es\/producto\/pcl888cn-polea-cesto-lavadora-candy-49033810\/","title":{"rendered":"PCL888CN-Polea cesto lavadora Candy-49033810"},"content":{"rendered":"<p>PCL888CN<br \/>\nPolea cesto lavadora Candy-49033810<br \/>\nCaracteristicas: Corea J, \u00d8 279, eje 12 \u00d7 16, fondo 13 mm. Colocar im\u00e1n posici\u00f3n tapa cesto en lado interior radio rebajes per\u00edmetro polea.<br \/>\nCodigo original: 49033810, 46004414, 46004459<br \/>\nModelo:<br \/>\nCANDY:<br \/>\nCTD1208 CTDF1008-37 CTY105-01S-31002608 EVOGT10061D31-31005468 EVOGT11061D1-31005081 EVOGT11061D47-31004892 EVOGT12072D07-31005373 EVOT10071D07-31005372 EVOT10071D1-31005084 EVOT10071D37-31004931 EVOT10071DS-31005161<br \/>\nHOOVER:<br \/>\nDYSM 7143D-84-31005213 DYSM712P3DS-31004943 DYT 6144DG-84-31003936 DYT6144D37-31003520 DYT6144DL37-31004478 LTC1684D37-31003287 LTC1684DL37-31004497 LTD 10840-37 OHFT 7011D 37-31004759 1145 OHFT601137-31005371 OHFT6612D-37-3100352210221335 OHNT66141D37-31002840<br \/>\nOTSEIN:<br \/>\nDXT81100C-37 DYT8104D-37 DYT8110DC-37 LTC1066F37 LTD 1084D-37 LTD1106D LTD1106DF310035231008 OHFT5510-37-31002837 OHFT6610D-37 OHNT 6611 OHNT6614 OHNT66141D3731002840<\/p>\n","protected":false},"excerpt":{"rendered":"<p>PCL888CN<br \/>\nPolea cesto lavadora Candy-49033810<br \/>\nCaracteristicas: Corea J, \u00d8 279, eje 12 \u00d7 16, fondo 13 mm. Colocar im\u00e1n posici\u00f3n tapa cesto en lado interior radio rebajes per\u00edmetro polea.<br \/>\nCodigo original: 49033810, 46004414, 46004459 <\/p>\n","protected":false},"featured_media":9534,"comment_status":"open","ping_status":"closed","template":"","meta":{"_uag_custom_page_level_css":"","site-sidebar-layout":"default","site-content-layout":"","ast-site-content-layout":"default","site-content-style":"default","site-sidebar-style":"default","ast-global-header-display":"","ast-banner-title-visibility":"","ast-main-header-display":"","ast-hfb-above-header-display":"","ast-hfb-below-header-display":"","ast-hfb-mobile-header-display":"","site-post-title":"","ast-breadcrumbs-content":"","ast-featured-img":"","footer-sml-layout":"","theme-transparent-header-meta":"default","adv-header-id-meta":"","stick-header-meta":"","header-above-stick-meta":"","header-main-stick-meta":"","header-below-stick-meta":"","astra-migrate-meta-layouts":"set","ast-page-background-enabled":"default","ast-page-background-meta":{"desktop":{"background-color":"","background-image":"","background-repeat":"repeat","background-position":"center center","background-size":"auto","background-attachment":"scroll","background-type":"","background-media":"","overlay-type":"","overlay-color":"","overlay-opacity":"","overlay-gradient":""},"tablet":{"background-color":"","background-image":"","background-repeat":"repeat","background-position":"center center","background-size":"auto","background-attachment":"scroll","background-type":"","background-media":"","overlay-type":"","overlay-color":"","overlay-opacity":"","overlay-gradient":""},"mobile":{"background-color":"","background-image":"","background-repeat":"repeat","background-position":"center center","background-size":"auto","background-attachment":"scroll","background-type":"","background-media":"","overlay-type":"","overlay-color":"","overlay-opacity":"","overlay-gradient":""}},"ast-content-background-meta":{"desktop":{"background-color":"var(--ast-global-color-5)","background-image":"","background-repeat":"repeat","background-position":"center center","background-size":"auto","background-attachment":"scroll","background-type":"","background-media":"","overlay-type":"","overlay-color":"","overlay-opacity":"","overlay-gradient":""},"tablet":{"background-color":"var(--ast-global-color-5)","background-image":"","background-repeat":"repeat","background-position":"center center","background-size":"auto","background-attachment":"scroll","background-type":"","background-media":"","overlay-type":"","overlay-color":"","overlay-opacity":"","overlay-gradient":""},"mobile":{"background-color":"var(--ast-global-color-5)","background-image":"","background-repeat":"repeat","background-position":"center center","background-size":"auto","background-attachment":"scroll","background-type":"","background-media":"","overlay-type":"","overlay-color":"","overlay-opacity":"","overlay-gradient":""}}},"product_brand":[],"product_cat":[370,466,386,359,385],"product_tag":[],"class_list":{"0":"post-9532","1":"product","2":"type-product","3":"status-publish","4":"has-post-thumbnail","6":"product_cat-candy","7":"product_cat-hoover","8":"product_cat-otsein","9":"product_cat-repuestos-linea-blanca","10":"product_cat-repuestos-para-lavadoras","11":"desktop-align-left","12":"tablet-align-left","13":"mobile-align-left","15":"first","16":"instock","17":"taxable","18":"shipping-taxable","19":"purchasable","20":"product-type-simple"},"aioseo_notices":[],"uagb_featured_image_src":{"full":["https:\/\/grupoaaa.es\/wp-content\/uploads\/2026\/04\/tcl888.jpg",200,200,false],"thumbnail":["https:\/\/grupoaaa.es\/wp-content\/uploads\/2026\/04\/tcl888-150x150.jpg",150,150,true],"medium":["https:\/\/grupoaaa.es\/wp-content\/uploads\/2026\/04\/tcl888.jpg",200,200,false],"medium_large":["https:\/\/grupoaaa.es\/wp-content\/uploads\/2026\/04\/tcl888.jpg",200,200,false],"large":["https:\/\/grupoaaa.es\/wp-content\/uploads\/2026\/04\/tcl888.jpg",200,200,false],"1536x1536":["https:\/\/grupoaaa.es\/wp-content\/uploads\/2026\/04\/tcl888.jpg",200,200,false],"2048x2048":["https:\/\/grupoaaa.es\/wp-content\/uploads\/2026\/04\/tcl888.jpg",200,200,false],"woocommerce_thumbnail":["https:\/\/grupoaaa.es\/wp-content\/uploads\/2026\/04\/tcl888.jpg",200,200,false],"woocommerce_single":["https:\/\/grupoaaa.es\/wp-content\/uploads\/2026\/04\/tcl888.jpg",200,200,false],"woocommerce_gallery_thumbnail":["https:\/\/grupoaaa.es\/wp-content\/uploads\/2026\/04\/tcl888-100x100.jpg",100,100,true]},"uagb_author_info":{"display_name":"Abid Ali Abid","author_link":"https:\/\/grupoaaa.es\/es\/author\/"},"uagb_comment_info":0,"uagb_excerpt":"PCL888CN Polea cesto lavadora Candy-49033810 Caracteristicas: Corea J, \u00d8 279, eje 12 \u00d7 16, fondo 13 mm. Colocar im\u00e1n posici\u00f3n tapa cesto en lado interior radio rebajes per\u00edmetro polea. Codigo original: 49033810, 46004414, 46004459","_links":{"self":[{"href":"https:\/\/grupoaaa.es\/es\/wp-json\/wp\/v2\/product\/9532","targetHints":{"allow":["GET"]}}],"collection":[{"href":"https:\/\/grupoaaa.es\/es\/wp-json\/wp\/v2\/product"}],"about":[{"href":"https:\/\/grupoaaa.es\/es\/wp-json\/wp\/v2\/types\/product"}],"replies":[{"embeddable":true,"href":"https:\/\/grupoaaa.es\/es\/wp-json\/wp\/v2\/comments?post=9532"}],"wp:featuredmedia":[{"embeddable":true,"href":"https:\/\/grupoaaa.es\/es\/wp-json\/wp\/v2\/media\/9534"}],"wp:attachment":[{"href":"https:\/\/grupoaaa.es\/es\/wp-json\/wp\/v2\/media?parent=9532"}],"wp:term":[{"taxonomy":"product_brand","embeddable":true,"href":"https:\/\/grupoaaa.es\/es\/wp-json\/wp\/v2\/product_brand?post=9532"},{"taxonomy":"product_cat","embeddable":true,"href":"https:\/\/grupoaaa.es\/es\/wp-json\/wp\/v2\/product_cat?post=9532"},{"taxonomy":"product_tag","embeddable":true,"href":"https:\/\/grupoaaa.es\/es\/wp-json\/wp\/v2\/product_tag?post=9532"}],"curies":[{"name":"wp","href":"https:\/\/api.w.org\/{rel}","templated":true}]}}