{"id":9503,"date":"2026-04-02T17:53:27","date_gmt":"2026-04-02T17:53:27","guid":{"rendered":"https:\/\/grupoaaa.es\/?post_type=product&#038;p=9503"},"modified":"2026-04-02T17:53:27","modified_gmt":"2026-04-02T17:53:27","slug":"tsl636bs-tapon-deposito-sal-lavavajillas-bosch-o-rosca-58-mm-alto-17-mm-c00210823","status":"publish","type":"product","link":"https:\/\/grupoaaa.es\/es\/producto\/tsl636bs-tapon-deposito-sal-lavavajillas-bosch-o-rosca-58-mm-alto-17-mm-c00210823\/","title":{"rendered":"TSL636BS-Tapon deposito sal lavavajillas bosch. \u00d8 rosca: 58 mm. Alto 17 mm-C00210823"},"content":{"rendered":"<p>TSL636BS<br \/>\nTap\u00f3n deposito sal lavavajillas Bosch. \u00d8 rosca: 58 mm. Alto 17 mm-C00210823<br \/>\nCaracteristicas: Tapon sal. Con visor de nivel. \u00d8 rosca: 58 mm. Alto 17 mm. Calidad original<br \/>\nCodigo original: 165259, C00210823, 481246279805<br \/>\nModelo:<br \/>\nBOSCH:<br \/>\nSGS4302-07 SGS46M62EU-01 SGS46M62EU-82<br \/>\nBSH:<br \/>\n4VS352IP<br \/>\nLYNX:<br \/>\n4VS352BP-05<\/p>\n","protected":false},"excerpt":{"rendered":"<p>TSL636BS<br \/>\nTap\u00f3n deposito sal lavavajillas Bosch. \u00d8 rosca: 58 mm. Alto 17 mm-C00210823<br \/>\nCaracteristicas: Tapon sal. Con visor de nivel. \u00d8 rosca: 58 mm. Alto 17 mm. Calidad original<br \/>\nCodigo original: 165259, C00210823, 481246279805<\/p>\n","protected":false},"featured_media":9506,"comment_status":"open","ping_status":"closed","template":"","meta":{"_uag_custom_page_level_css":"","site-sidebar-layout":"default","site-content-layout":"","ast-site-content-layout":"default","site-content-style":"default","site-sidebar-style":"default","ast-global-header-display":"","ast-banner-title-visibility":"","ast-main-header-display":"","ast-hfb-above-header-display":"","ast-hfb-below-header-display":"","ast-hfb-mobile-header-display":"","site-post-title":"","ast-breadcrumbs-content":"","ast-featured-img":"","footer-sml-layout":"","theme-transparent-header-meta":"default","adv-header-id-meta":"","stick-header-meta":"","header-above-stick-meta":"","header-main-stick-meta":"","header-below-stick-meta":"","astra-migrate-meta-layouts":"set","ast-page-background-enabled":"default","ast-page-background-meta":{"desktop":{"background-color":"","background-image":"","background-repeat":"repeat","background-position":"center center","background-size":"auto","background-attachment":"scroll","background-type":"","background-media":"","overlay-type":"","overlay-color":"","overlay-opacity":"","overlay-gradient":""},"tablet":{"background-color":"","background-image":"","background-repeat":"repeat","background-position":"center center","background-size":"auto","background-attachment":"scroll","background-type":"","background-media":"","overlay-type":"","overlay-color":"","overlay-opacity":"","overlay-gradient":""},"mobile":{"background-color":"","background-image":"","background-repeat":"repeat","background-position":"center center","background-size":"auto","background-attachment":"scroll","background-type":"","background-media":"","overlay-type":"","overlay-color":"","overlay-opacity":"","overlay-gradient":""}},"ast-content-background-meta":{"desktop":{"background-color":"var(--ast-global-color-5)","background-image":"","background-repeat":"repeat","background-position":"center center","background-size":"auto","background-attachment":"scroll","background-type":"","background-media":"","overlay-type":"","overlay-color":"","overlay-opacity":"","overlay-gradient":""},"tablet":{"background-color":"var(--ast-global-color-5)","background-image":"","background-repeat":"repeat","background-position":"center center","background-size":"auto","background-attachment":"scroll","background-type":"","background-media":"","overlay-type":"","overlay-color":"","overlay-opacity":"","overlay-gradient":""},"mobile":{"background-color":"var(--ast-global-color-5)","background-image":"","background-repeat":"repeat","background-position":"center center","background-size":"auto","background-attachment":"scroll","background-type":"","background-media":"","overlay-type":"","overlay-color":"","overlay-opacity":"","overlay-gradient":""}}},"product_brand":[],"product_cat":[361,524,504,426,359],"product_tag":[],"class_list":{"0":"post-9503","1":"product","2":"type-product","3":"status-publish","4":"has-post-thumbnail","6":"product_cat-bosch-es","7":"product_cat-lavavajilla","8":"product_cat-lynx","9":"product_cat-piezas-de-repuesto-para-lavavajillas","10":"product_cat-repuestos-linea-blanca","11":"desktop-align-left","12":"tablet-align-left","13":"mobile-align-left","15":"first","16":"instock","17":"taxable","18":"shipping-taxable","19":"purchasable","20":"product-type-simple"},"aioseo_notices":[],"uagb_featured_image_src":{"full":["https:\/\/grupoaaa.es\/wp-content\/uploads\/2026\/04\/dfgoiuytr.webp",700,700,false],"thumbnail":["https:\/\/grupoaaa.es\/wp-content\/uploads\/2026\/04\/dfgoiuytr-150x150.webp",150,150,true],"medium":["https:\/\/grupoaaa.es\/wp-content\/uploads\/2026\/04\/dfgoiuytr-300x300.webp",300,300,true],"medium_large":["https:\/\/grupoaaa.es\/wp-content\/uploads\/2026\/04\/dfgoiuytr.webp",700,700,false],"large":["https:\/\/grupoaaa.es\/wp-content\/uploads\/2026\/04\/dfgoiuytr.webp",700,700,false],"1536x1536":["https:\/\/grupoaaa.es\/wp-content\/uploads\/2026\/04\/dfgoiuytr.webp",700,700,false],"2048x2048":["https:\/\/grupoaaa.es\/wp-content\/uploads\/2026\/04\/dfgoiuytr.webp",700,700,false],"woocommerce_thumbnail":["https:\/\/grupoaaa.es\/wp-content\/uploads\/2026\/04\/dfgoiuytr-300x300.webp",300,300,true],"woocommerce_single":["https:\/\/grupoaaa.es\/wp-content\/uploads\/2026\/04\/dfgoiuytr-600x600.webp",600,600,true],"woocommerce_gallery_thumbnail":["https:\/\/grupoaaa.es\/wp-content\/uploads\/2026\/04\/dfgoiuytr-100x100.webp",100,100,true]},"uagb_author_info":{"display_name":"Abid Ali Abid","author_link":"https:\/\/grupoaaa.es\/es\/author\/"},"uagb_comment_info":0,"uagb_excerpt":"TSL636BS Tap\u00f3n deposito sal lavavajillas Bosch. \u00d8 rosca: 58 mm. Alto 17 mm-C00210823 Caracteristicas: Tapon sal. Con visor de nivel. \u00d8 rosca: 58 mm. Alto 17 mm. Calidad original Codigo original: 165259, C00210823, 481246279805","_links":{"self":[{"href":"https:\/\/grupoaaa.es\/es\/wp-json\/wp\/v2\/product\/9503","targetHints":{"allow":["GET"]}}],"collection":[{"href":"https:\/\/grupoaaa.es\/es\/wp-json\/wp\/v2\/product"}],"about":[{"href":"https:\/\/grupoaaa.es\/es\/wp-json\/wp\/v2\/types\/product"}],"replies":[{"embeddable":true,"href":"https:\/\/grupoaaa.es\/es\/wp-json\/wp\/v2\/comments?post=9503"}],"wp:featuredmedia":[{"embeddable":true,"href":"https:\/\/grupoaaa.es\/es\/wp-json\/wp\/v2\/media\/9506"}],"wp:attachment":[{"href":"https:\/\/grupoaaa.es\/es\/wp-json\/wp\/v2\/media?parent=9503"}],"wp:term":[{"taxonomy":"product_brand","embeddable":true,"href":"https:\/\/grupoaaa.es\/es\/wp-json\/wp\/v2\/product_brand?post=9503"},{"taxonomy":"product_cat","embeddable":true,"href":"https:\/\/grupoaaa.es\/es\/wp-json\/wp\/v2\/product_cat?post=9503"},{"taxonomy":"product_tag","embeddable":true,"href":"https:\/\/grupoaaa.es\/es\/wp-json\/wp\/v2\/product_tag?post=9503"}],"curies":[{"name":"wp","href":"https:\/\/api.w.org\/{rel}","templated":true}]}}