{"id":9485,"date":"2026-04-02T16:37:48","date_gmt":"2026-04-02T16:37:48","guid":{"rendered":"https:\/\/grupoaaa.es\/?post_type=product&#038;p=9485"},"modified":"2026-04-02T16:37:48","modified_gmt":"2026-04-02T16:37:48","slug":"ptc200bk-polea-tensor-correa-secadora-beko-rodamiento-2z-alternativa-2969900200","status":"publish","type":"product","link":"https:\/\/grupoaaa.es\/es\/producto\/ptc200bk-polea-tensor-correa-secadora-beko-rodamiento-2z-alternativa-2969900200\/","title":{"rendered":"PTC200BK-Polea tensor correa secadora Beko, rodamiento 2Z. Alternativa-2969900200"},"content":{"rendered":"<p>PTC200BK<br \/>\nPolea tensor correa secadora Beko, rodamiento 2Z. Alternativa-2969900200<br \/>\nCaracteristicas: \u00d8: 75 \u00d7 16 mm. \u00d8 eje: 8 mm. Rodamiento 608 2Z. Calidad alternativa.<br \/>\nCodigo original: 2969900200, 2969900100<br \/>\nmodelo:<br \/>\nBEKO:<br \/>\nB5T42243-7188236420 B5T43233-7188236410 DB 7111 GA0-7182483090 DB 7111 PA0-7182482780 DC 7130-7182581400 DC7110W-7186281500 DC7112W-7186281510 DC7120-7185381300 DC7130 DC7130 7182581-1 DC7130 7182581 DC7130 7182581-1 DC7130-7182581400 DCU8330 DCU8330-7187831100 DCU9330 DH 10412 RX-7188283950 DH 10412 RX-7188285840 DH 10413 GAO-7188236400 DH 10413 GAOV2-7188237320 DH 9412 RX-7188285590 DH 9532 GAO-7188235450 DHA 8512 RX-7188232990 DHS 7412 PA0-7188234230 DHS 7413 GA0-7188301460 DHS 7413 PA0-7188301200 DHS 8312 GA0-7188235500 DHS 8312 PA0-7188234240 DHS 8412 GA0-7188235490 DHS 8412 PA0-7188234150 DHS 8413 GA1-7188301700 DHY7340W-7188232070 DIHS 7414 GA0-7188301790 DPU8360X DPU8360X-7188282800 DS 8512 CX-7188235590 DU 7111 GA1-7182483100 DU 8112 GA0-7182483130 DU 8112 PA0-7182482770 DU 9112 GA0-7182483320 DU9133 PA0-7187842580<br \/>\nGRUNDIG:<br \/>\nGT55824CW-7188236050 GT55924CW-7188287250 GTN 37250 M-7188232380 GTN 37250 M-7188234560 GTN 38250 HG-7188289650 GTN 38250 HG-7188289880 GTN 38250 MG-7188231940 GTN 38250 MG-7188232390<br \/>\nSAIVOD:<br \/>\nSTE73C-7188081800 STE74BA -7188289220 STE780BA++-7188234780 STE78C-7182482470 STE880BA++-7188234770<\/p>\n","protected":false},"excerpt":{"rendered":"<p>PTC200BK<br \/>\nPolea tensor correa secadora Beko, rodamiento 2Z. Alternativa-2969900200<br \/>\nCaracteristicas: \u00d8: 75 \u00d7 16 mm. \u00d8 eje: 8 mm. Rodamiento 608 2Z. Calidad alternativa.<br \/>\nCodigo original: 2969900200, 2969900100 <\/p>\n","protected":false},"featured_media":9486,"comment_status":"open","ping_status":"closed","template":"","meta":{"_uag_custom_page_level_css":"","site-sidebar-layout":"default","site-content-layout":"","ast-site-content-layout":"default","site-content-style":"default","site-sidebar-style":"default","ast-global-header-display":"","ast-banner-title-visibility":"","ast-main-header-display":"","ast-hfb-above-header-display":"","ast-hfb-below-header-display":"","ast-hfb-mobile-header-display":"","site-post-title":"","ast-breadcrumbs-content":"","ast-featured-img":"","footer-sml-layout":"","theme-transparent-header-meta":"default","adv-header-id-meta":"","stick-header-meta":"","header-above-stick-meta":"","header-main-stick-meta":"","header-below-stick-meta":"","astra-migrate-meta-layouts":"set","ast-page-background-enabled":"default","ast-page-background-meta":{"desktop":{"background-color":"","background-image":"","background-repeat":"repeat","background-position":"center center","background-size":"auto","background-attachment":"scroll","background-type":"","background-media":"","overlay-type":"","overlay-color":"","overlay-opacity":"","overlay-gradient":""},"tablet":{"background-color":"","background-image":"","background-repeat":"repeat","background-position":"center center","background-size":"auto","background-attachment":"scroll","background-type":"","background-media":"","overlay-type":"","overlay-color":"","overlay-opacity":"","overlay-gradient":""},"mobile":{"background-color":"","background-image":"","background-repeat":"repeat","background-position":"center center","background-size":"auto","background-attachment":"scroll","background-type":"","background-media":"","overlay-type":"","overlay-color":"","overlay-opacity":"","overlay-gradient":""}},"ast-content-background-meta":{"desktop":{"background-color":"var(--ast-global-color-5)","background-image":"","background-repeat":"repeat","background-position":"center center","background-size":"auto","background-attachment":"scroll","background-type":"","background-media":"","overlay-type":"","overlay-color":"","overlay-opacity":"","overlay-gradient":""},"tablet":{"background-color":"var(--ast-global-color-5)","background-image":"","background-repeat":"repeat","background-position":"center center","background-size":"auto","background-attachment":"scroll","background-type":"","background-media":"","overlay-type":"","overlay-color":"","overlay-opacity":"","overlay-gradient":""},"mobile":{"background-color":"var(--ast-global-color-5)","background-image":"","background-repeat":"repeat","background-position":"center center","background-size":"auto","background-attachment":"scroll","background-type":"","background-media":"","overlay-type":"","overlay-color":"","overlay-opacity":"","overlay-gradient":""}}},"product_brand":[],"product_cat":[360,359,390],"product_tag":[],"class_list":{"0":"post-9485","1":"product","2":"type-product","3":"status-publish","4":"has-post-thumbnail","6":"product_cat-beko-es","7":"product_cat-repuestos-linea-blanca","8":"product_cat-repuestos-para-secadoras","9":"desktop-align-left","10":"tablet-align-left","11":"mobile-align-left","13":"first","14":"instock","15":"taxable","16":"shipping-taxable","17":"purchasable","18":"product-type-simple"},"aioseo_notices":[],"uagb_featured_image_src":{"full":["https:\/\/grupoaaa.es\/wp-content\/uploads\/2026\/04\/02165.jpg",1395,1391,false],"thumbnail":["https:\/\/grupoaaa.es\/wp-content\/uploads\/2026\/04\/02165-150x150.jpg",150,150,true],"medium":["https:\/\/grupoaaa.es\/wp-content\/uploads\/2026\/04\/02165-300x300.jpg",300,300,true],"medium_large":["https:\/\/grupoaaa.es\/wp-content\/uploads\/2026\/04\/02165-768x766.jpg",768,766,true],"large":["https:\/\/grupoaaa.es\/wp-content\/uploads\/2026\/04\/02165-1024x1021.jpg",1024,1021,true],"1536x1536":["https:\/\/grupoaaa.es\/wp-content\/uploads\/2026\/04\/02165.jpg",1395,1391,false],"2048x2048":["https:\/\/grupoaaa.es\/wp-content\/uploads\/2026\/04\/02165.jpg",1395,1391,false],"woocommerce_thumbnail":["https:\/\/grupoaaa.es\/wp-content\/uploads\/2026\/04\/02165-300x300.jpg",300,300,true],"woocommerce_single":["https:\/\/grupoaaa.es\/wp-content\/uploads\/2026\/04\/02165-600x598.jpg",600,598,true],"woocommerce_gallery_thumbnail":["https:\/\/grupoaaa.es\/wp-content\/uploads\/2026\/04\/02165-100x100.jpg",100,100,true]},"uagb_author_info":{"display_name":"Abid Ali Abid","author_link":"https:\/\/grupoaaa.es\/es\/author\/"},"uagb_comment_info":0,"uagb_excerpt":"PTC200BK Polea tensor correa secadora Beko, rodamiento 2Z. Alternativa-2969900200 Caracteristicas: \u00d8: 75 \u00d7 16 mm. \u00d8 eje: 8 mm. Rodamiento 608 2Z. Calidad alternativa. Codigo original: 2969900200, 2969900100","_links":{"self":[{"href":"https:\/\/grupoaaa.es\/es\/wp-json\/wp\/v2\/product\/9485","targetHints":{"allow":["GET"]}}],"collection":[{"href":"https:\/\/grupoaaa.es\/es\/wp-json\/wp\/v2\/product"}],"about":[{"href":"https:\/\/grupoaaa.es\/es\/wp-json\/wp\/v2\/types\/product"}],"replies":[{"embeddable":true,"href":"https:\/\/grupoaaa.es\/es\/wp-json\/wp\/v2\/comments?post=9485"}],"wp:featuredmedia":[{"embeddable":true,"href":"https:\/\/grupoaaa.es\/es\/wp-json\/wp\/v2\/media\/9486"}],"wp:attachment":[{"href":"https:\/\/grupoaaa.es\/es\/wp-json\/wp\/v2\/media?parent=9485"}],"wp:term":[{"taxonomy":"product_brand","embeddable":true,"href":"https:\/\/grupoaaa.es\/es\/wp-json\/wp\/v2\/product_brand?post=9485"},{"taxonomy":"product_cat","embeddable":true,"href":"https:\/\/grupoaaa.es\/es\/wp-json\/wp\/v2\/product_cat?post=9485"},{"taxonomy":"product_tag","embeddable":true,"href":"https:\/\/grupoaaa.es\/es\/wp-json\/wp\/v2\/product_tag?post=9485"}],"curies":[{"name":"wp","href":"https:\/\/api.w.org\/{rel}","templated":true}]}}