{"id":9451,"date":"2026-04-02T11:17:05","date_gmt":"2026-04-02T11:17:05","guid":{"rendered":"https:\/\/grupoaaa.es\/?post_type=product&#038;p=9451"},"modified":"2026-04-02T11:17:06","modified_gmt":"2026-04-02T11:17:06","slug":"fps003bl-filtro-pelusas-secadora-balay-00652184","status":"publish","type":"product","link":"https:\/\/grupoaaa.es\/es\/producto\/fps003bl-filtro-pelusas-secadora-balay-00652184\/","title":{"rendered":"FPS003BL-Filtro pelusas secadora Balay-00652184"},"content":{"rendered":"<p>FPS003BL<br \/>\nFiltro pelusas secadora Balay-00652184<br \/>\nCaracteristicas: 300 \u00d7 57 \u00d7 155 mm. Filtro pelusas secadora de condensaci\u00f3n SIEMENS<br \/>\nC\u00f3digo original: 00652184 00644544 00645173 00497526 00645174 763410725<br \/>\nModelo:<br \/>\nBALAY:<br \/>\n3SC81400A 3SC871B-47 3SC873-33 3SC883-40 3SC908CE 3SC918CE-05 3SC928A-03 3SC928A-03-8610202149 3SC928A-08 3SC928CE-01 3SC928CE-02 3SC928CE-03 3SC930A 3SC930A-08 3SC938CE-03 WT46E3F3EE-24 WTE86111EE-35 WTE86302EE XXX<br \/>\nBOSCH:<br \/>\n3SC883-40 3SC938CE-03 WTE84102EE-05 WTE841P0EE-03 WTE841P1EE-03 WTE841P1EE-05 WTE841P1EE-08 WTE841P1EE-15 WTE86300EE-02 WTE86300EE-03 WTE86301EE-05 WTE8630PRR-17 WTE8632PEE-43 WTS86501EE-03<br \/>\nLG:<br \/>\n3SC928A-07 3SC938CE-02<br \/>\nLYNX:<br \/>\n4SC71400A-05 4SC71400A-08<br \/>\nSIEMENS:<br \/>\nWT44E101EE-08 WT44E101EE-15 WT465510EE-03 WT46E100EE WT46E100EE-03 WT46E102EE-15 WT46E3F1EE-05 WT46E3F4EE46<\/p>\n","protected":false},"excerpt":{"rendered":"<p>FPS003BL<br \/>\nFiltro pelusas secadora Balay-00652184<br \/>\nCaracteristicas: 300 \u00d7 57 \u00d7 155 mm. Filtro pelusas secadora de condensaci\u00f3n SIEMENS<br \/>\nC\u00f3digo original: 00652184 00644544 00645173 00497526 00645174 763410725<\/p>\n","protected":false},"featured_media":9454,"comment_status":"open","ping_status":"closed","template":"","meta":{"_uag_custom_page_level_css":"","site-sidebar-layout":"default","site-content-layout":"","ast-site-content-layout":"default","site-content-style":"default","site-sidebar-style":"default","ast-global-header-display":"","ast-banner-title-visibility":"","ast-main-header-display":"","ast-hfb-above-header-display":"","ast-hfb-below-header-display":"","ast-hfb-mobile-header-display":"","site-post-title":"","ast-breadcrumbs-content":"","ast-featured-img":"","footer-sml-layout":"","theme-transparent-header-meta":"default","adv-header-id-meta":"","stick-header-meta":"","header-above-stick-meta":"","header-main-stick-meta":"","header-below-stick-meta":"","astra-migrate-meta-layouts":"set","ast-page-background-enabled":"default","ast-page-background-meta":{"desktop":{"background-color":"","background-image":"","background-repeat":"repeat","background-position":"center center","background-size":"auto","background-attachment":"scroll","background-type":"","background-media":"","overlay-type":"","overlay-color":"","overlay-opacity":"","overlay-gradient":""},"tablet":{"background-color":"","background-image":"","background-repeat":"repeat","background-position":"center center","background-size":"auto","background-attachment":"scroll","background-type":"","background-media":"","overlay-type":"","overlay-color":"","overlay-opacity":"","overlay-gradient":""},"mobile":{"background-color":"","background-image":"","background-repeat":"repeat","background-position":"center center","background-size":"auto","background-attachment":"scroll","background-type":"","background-media":"","overlay-type":"","overlay-color":"","overlay-opacity":"","overlay-gradient":""}},"ast-content-background-meta":{"desktop":{"background-color":"var(--ast-global-color-5)","background-image":"","background-repeat":"repeat","background-position":"center center","background-size":"auto","background-attachment":"scroll","background-type":"","background-media":"","overlay-type":"","overlay-color":"","overlay-opacity":"","overlay-gradient":""},"tablet":{"background-color":"var(--ast-global-color-5)","background-image":"","background-repeat":"repeat","background-position":"center center","background-size":"auto","background-attachment":"scroll","background-type":"","background-media":"","overlay-type":"","overlay-color":"","overlay-opacity":"","overlay-gradient":""},"mobile":{"background-color":"var(--ast-global-color-5)","background-image":"","background-repeat":"repeat","background-position":"center center","background-size":"auto","background-attachment":"scroll","background-type":"","background-media":"","overlay-type":"","overlay-color":"","overlay-opacity":"","overlay-gradient":""}}},"product_brand":[],"product_cat":[358,361,459,504,359,390,377],"product_tag":[],"class_list":{"0":"post-9451","1":"product","2":"type-product","3":"status-publish","4":"has-post-thumbnail","6":"product_cat-balay-es","7":"product_cat-bosch-es","8":"product_cat-lg","9":"product_cat-lynx","10":"product_cat-repuestos-linea-blanca","11":"product_cat-repuestos-para-secadoras","12":"product_cat-siemens","13":"desktop-align-left","14":"tablet-align-left","15":"mobile-align-left","17":"first","18":"instock","19":"taxable","20":"shipping-taxable","21":"purchasable","22":"product-type-simple"},"aioseo_notices":[],"uagb_featured_image_src":{"full":["https:\/\/grupoaaa.es\/wp-content\/uploads\/2026\/04\/fps003.jpg",1500,1447,false],"thumbnail":["https:\/\/grupoaaa.es\/wp-content\/uploads\/2026\/04\/fps003-150x150.jpg",150,150,true],"medium":["https:\/\/grupoaaa.es\/wp-content\/uploads\/2026\/04\/fps003-300x289.jpg",300,289,true],"medium_large":["https:\/\/grupoaaa.es\/wp-content\/uploads\/2026\/04\/fps003-768x741.jpg",768,741,true],"large":["https:\/\/grupoaaa.es\/wp-content\/uploads\/2026\/04\/fps003-1024x988.jpg",1024,988,true],"1536x1536":["https:\/\/grupoaaa.es\/wp-content\/uploads\/2026\/04\/fps003.jpg",1500,1447,false],"2048x2048":["https:\/\/grupoaaa.es\/wp-content\/uploads\/2026\/04\/fps003.jpg",1500,1447,false],"woocommerce_thumbnail":["https:\/\/grupoaaa.es\/wp-content\/uploads\/2026\/04\/fps003-300x300.jpg",300,300,true],"woocommerce_single":["https:\/\/grupoaaa.es\/wp-content\/uploads\/2026\/04\/fps003-600x579.jpg",600,579,true],"woocommerce_gallery_thumbnail":["https:\/\/grupoaaa.es\/wp-content\/uploads\/2026\/04\/fps003-100x100.jpg",100,100,true]},"uagb_author_info":{"display_name":"Abid Ali Abid","author_link":"https:\/\/grupoaaa.es\/es\/author\/"},"uagb_comment_info":0,"uagb_excerpt":"FPS003BL Filtro pelusas secadora Balay-00652184 Caracteristicas: 300 \u00d7 57 \u00d7 155 mm. Filtro pelusas secadora de condensaci\u00f3n SIEMENS C\u00f3digo original: 00652184 00644544 00645173 00497526 00645174 763410725","_links":{"self":[{"href":"https:\/\/grupoaaa.es\/es\/wp-json\/wp\/v2\/product\/9451","targetHints":{"allow":["GET"]}}],"collection":[{"href":"https:\/\/grupoaaa.es\/es\/wp-json\/wp\/v2\/product"}],"about":[{"href":"https:\/\/grupoaaa.es\/es\/wp-json\/wp\/v2\/types\/product"}],"replies":[{"embeddable":true,"href":"https:\/\/grupoaaa.es\/es\/wp-json\/wp\/v2\/comments?post=9451"}],"wp:featuredmedia":[{"embeddable":true,"href":"https:\/\/grupoaaa.es\/es\/wp-json\/wp\/v2\/media\/9454"}],"wp:attachment":[{"href":"https:\/\/grupoaaa.es\/es\/wp-json\/wp\/v2\/media?parent=9451"}],"wp:term":[{"taxonomy":"product_brand","embeddable":true,"href":"https:\/\/grupoaaa.es\/es\/wp-json\/wp\/v2\/product_brand?post=9451"},{"taxonomy":"product_cat","embeddable":true,"href":"https:\/\/grupoaaa.es\/es\/wp-json\/wp\/v2\/product_cat?post=9451"},{"taxonomy":"product_tag","embeddable":true,"href":"https:\/\/grupoaaa.es\/es\/wp-json\/wp\/v2\/product_tag?post=9451"}],"curies":[{"name":"wp","href":"https:\/\/api.w.org\/{rel}","templated":true}]}}