{"id":9427,"date":"2026-03-31T16:30:13","date_gmt":"2026-03-31T16:30:13","guid":{"rendered":"https:\/\/grupoaaa.es\/?post_type=product&#038;p=9427"},"modified":"2026-03-31T16:30:13","modified_gmt":"2026-03-31T16:30:13","slug":"cel213wh-camara-entrada-agua-lavavajilla-whirlpool-481010386232","status":"publish","type":"product","link":"https:\/\/grupoaaa.es\/es\/producto\/cel213wh-camara-entrada-agua-lavavajilla-whirlpool-481010386232\/","title":{"rendered":"CEL213WH-Camara entrada agua lavavajilla whirlpool-481010386232"},"content":{"rendered":"<p>CEL213WH<br \/>\nCamara entrada agua lavavajilla whirlpool-481010386232<br \/>\nCaracteristicas: 3 tubos. \u00d8: 11 mm. Dimensiones: 390 \u00d7 194 mm. 32316 2359 W10386232 Con caudal\u00edmetro. Original.<br \/>\nC\u00f3digo original: 481010386232 C00311555 C00313060 480140102406<br \/>\nModelo:<br \/>\nIGNIS:<br \/>\nADL4441IX-854544438951 ADL4441IX-854544438952 ADL4441IX-854544438953 ADL4441IX-854544438954 ADL4441IX-854544438955 ADL4441IX-854544538950 ADL4441IX-854544538951 ADL444IX-854544438911 ADL4482-854544801851 ADL4483-854544801861 ADL4483-854544801862 ADL4484-854544901860 ADL4484-854544901861 ADL5582-854555801851 ADL5583-854555801871 ADL5583-854555801872 ADL5584-854555901870 ADL5584-854555901871 ADL559-854555801841 ADL5591-854559801851 ADL5591-854559801852 ADL5591-854559901850 ADL5591-854559901851 ADL5591-854559901852 LPA58EGWH-851000538570 LPA58EGWH-851000538571 LPA58EGWH-851000538572 LPA58EGWH-851000538573 LPA58EGWH-851000638570 LPA58EGWH-851000638571<br \/>\nWHIRLPOOL:<br \/>\n000000 ADG 6500 ADG2020FD-851120215000 ADG2020FD-851120229000 ADG2020FD-851120229001 ADG2020FD-851120261000 ADG2020FD-851120261001 ADG2020FD-Q0915800000 ADG2020IX-851120229010 ADG2020IX-851120229011 ADG62401FD ADG6350-854265001000 ADG6350-854265001001 ADG6353APCFD ADG7000FD-854270029010 ADG7000FD-854270029011 ADG7000FD-854270029012 ADG7500-851175001000 ADG7500-851175001001 ADG7500-851175001002 ADG7500IX-851157001010 ADG7500IX-851157001011 ADG7500IX-851157001012 ADG7500S-854207501091 ADG7500S-854207501092 ADG7500S-854207501093 ADG8558APCFD ADG8900IX-851189001010 ADG8900IX-851189001011 ADG8900IX-851189001012 ADG9500 ADG9620FD ADP 5310 WH ADP100IX-854210002020 ADP100IX-854210002021 ADP100IX-854210042020 ADP100IX-854210043120 ADP100IX-854210043121 ADP100IX-854210043122 ADP100IX-854210079020 ADP100IX-854210079021 ADP5510IX ADP6340AIX ADP7570IX-851156761983 ADP7570IX-851157501120 ADP7570IX-851157501121 ADP7570IX-851157501122 ADP7570IX-851157501123 ADP7570IX-851157543120 ADP7570IX-851157543121 ADP7570IX-851157543122 ADP7570IX-851157543123 ADP7570IX-851157579120 ADP7570IX-851157579121 ADP7570IX-851157579122 ADP7570IX-851157579123 ADP9060IX-851190601120 ADP9060IX-851190601121 ADP9060WH-851190601020 ADP9060WH-851190601021 W642WH-851164138560 W642WH-851164138561 W642WH-851164138562 W642WH-851164138563 W642WH-851164138961 W642WH-851164238560 W642WH-851164238561 WP74-854207401000 WP74-854207401001 WP74-854207401002<br \/>\nOtras marca: BAUKNECHT, ELICA, IGNIS, MAYTAG, WHIRLPOOL, POLAR, IKEA, KITCHENAID, LADEN, PRIMA, PRIMOTECQ, PRIVILEG<\/p>\n","protected":false},"excerpt":{"rendered":"<p>CEL213WH<br \/>\nCamara entrada agua lavavajilla whirlpool-481010386232<br \/>\nCaracteristicas: 3 tubos. \u00d8: 11 mm. Dimensiones: 390 \u00d7 194 mm. 32316 2359 W10386232 Con caudal\u00edmetro. Original.<br \/>\nC\u00f3digo original: 481010386232 C00311555 C00313060 480140102406<\/p>\n","protected":false},"featured_media":9430,"comment_status":"open","ping_status":"closed","template":"","meta":{"_uag_custom_page_level_css":"","site-sidebar-layout":"default","site-content-layout":"","ast-site-content-layout":"default","site-content-style":"default","site-sidebar-style":"default","ast-global-header-display":"","ast-banner-title-visibility":"","ast-main-header-display":"","ast-hfb-above-header-display":"","ast-hfb-below-header-display":"","ast-hfb-mobile-header-display":"","site-post-title":"","ast-breadcrumbs-content":"","ast-featured-img":"","footer-sml-layout":"","theme-transparent-header-meta":"default","adv-header-id-meta":"","stick-header-meta":"","header-above-stick-meta":"","header-main-stick-meta":"","header-below-stick-meta":"","astra-migrate-meta-layouts":"set","ast-page-background-enabled":"default","ast-page-background-meta":{"desktop":{"background-color":"","background-image":"","background-repeat":"repeat","background-position":"center center","background-size":"auto","background-attachment":"scroll","background-type":"","background-media":"","overlay-type":"","overlay-color":"","overlay-opacity":"","overlay-gradient":""},"tablet":{"background-color":"","background-image":"","background-repeat":"repeat","background-position":"center center","background-size":"auto","background-attachment":"scroll","background-type":"","background-media":"","overlay-type":"","overlay-color":"","overlay-opacity":"","overlay-gradient":""},"mobile":{"background-color":"","background-image":"","background-repeat":"repeat","background-position":"center center","background-size":"auto","background-attachment":"scroll","background-type":"","background-media":"","overlay-type":"","overlay-color":"","overlay-opacity":"","overlay-gradient":""}},"ast-content-background-meta":{"desktop":{"background-color":"var(--ast-global-color-5)","background-image":"","background-repeat":"repeat","background-position":"center center","background-size":"auto","background-attachment":"scroll","background-type":"","background-media":"","overlay-type":"","overlay-color":"","overlay-opacity":"","overlay-gradient":""},"tablet":{"background-color":"var(--ast-global-color-5)","background-image":"","background-repeat":"repeat","background-position":"center center","background-size":"auto","background-attachment":"scroll","background-type":"","background-media":"","overlay-type":"","overlay-color":"","overlay-opacity":"","overlay-gradient":""},"mobile":{"background-color":"var(--ast-global-color-5)","background-image":"","background-repeat":"repeat","background-position":"center center","background-size":"auto","background-attachment":"scroll","background-type":"","background-media":"","overlay-type":"","overlay-color":"","overlay-opacity":"","overlay-gradient":""}}},"product_brand":[],"product_cat":[460,461,524,426,359],"product_tag":[],"class_list":{"0":"post-9427","1":"product","2":"type-product","3":"status-publish","4":"has-post-thumbnail","6":"product_cat-bauknecht","7":"product_cat-ignis","8":"product_cat-lavavajilla","9":"product_cat-piezas-de-repuesto-para-lavavajillas","10":"product_cat-repuestos-linea-blanca","11":"desktop-align-left","12":"tablet-align-left","13":"mobile-align-left","15":"first","16":"instock","17":"taxable","18":"shipping-taxable","19":"purchasable","20":"product-type-simple"},"aioseo_notices":[],"uagb_featured_image_src":{"full":["https:\/\/grupoaaa.es\/wp-content\/uploads\/2026\/03\/cel2133.webp",1000,1000,false],"thumbnail":["https:\/\/grupoaaa.es\/wp-content\/uploads\/2026\/03\/cel2133-150x150.webp",150,150,true],"medium":["https:\/\/grupoaaa.es\/wp-content\/uploads\/2026\/03\/cel2133-300x300.webp",300,300,true],"medium_large":["https:\/\/grupoaaa.es\/wp-content\/uploads\/2026\/03\/cel2133-768x768.webp",768,768,true],"large":["https:\/\/grupoaaa.es\/wp-content\/uploads\/2026\/03\/cel2133.webp",1000,1000,false],"1536x1536":["https:\/\/grupoaaa.es\/wp-content\/uploads\/2026\/03\/cel2133.webp",1000,1000,false],"2048x2048":["https:\/\/grupoaaa.es\/wp-content\/uploads\/2026\/03\/cel2133.webp",1000,1000,false],"woocommerce_thumbnail":["https:\/\/grupoaaa.es\/wp-content\/uploads\/2026\/03\/cel2133-300x300.webp",300,300,true],"woocommerce_single":["https:\/\/grupoaaa.es\/wp-content\/uploads\/2026\/03\/cel2133-600x600.webp",600,600,true],"woocommerce_gallery_thumbnail":["https:\/\/grupoaaa.es\/wp-content\/uploads\/2026\/03\/cel2133-100x100.webp",100,100,true]},"uagb_author_info":{"display_name":"Abid Ali Abid","author_link":"https:\/\/grupoaaa.es\/es\/author\/"},"uagb_comment_info":0,"uagb_excerpt":"CEL213WH Camara entrada agua lavavajilla whirlpool-481010386232 Caracteristicas: 3 tubos. \u00d8: 11 mm. Dimensiones: 390 \u00d7 194 mm. 32316 2359 W10386232 Con caudal\u00edmetro. Original. C\u00f3digo original: 481010386232 C00311555 C00313060 480140102406","_links":{"self":[{"href":"https:\/\/grupoaaa.es\/es\/wp-json\/wp\/v2\/product\/9427","targetHints":{"allow":["GET"]}}],"collection":[{"href":"https:\/\/grupoaaa.es\/es\/wp-json\/wp\/v2\/product"}],"about":[{"href":"https:\/\/grupoaaa.es\/es\/wp-json\/wp\/v2\/types\/product"}],"replies":[{"embeddable":true,"href":"https:\/\/grupoaaa.es\/es\/wp-json\/wp\/v2\/comments?post=9427"}],"wp:featuredmedia":[{"embeddable":true,"href":"https:\/\/grupoaaa.es\/es\/wp-json\/wp\/v2\/media\/9430"}],"wp:attachment":[{"href":"https:\/\/grupoaaa.es\/es\/wp-json\/wp\/v2\/media?parent=9427"}],"wp:term":[{"taxonomy":"product_brand","embeddable":true,"href":"https:\/\/grupoaaa.es\/es\/wp-json\/wp\/v2\/product_brand?post=9427"},{"taxonomy":"product_cat","embeddable":true,"href":"https:\/\/grupoaaa.es\/es\/wp-json\/wp\/v2\/product_cat?post=9427"},{"taxonomy":"product_tag","embeddable":true,"href":"https:\/\/grupoaaa.es\/es\/wp-json\/wp\/v2\/product_tag?post=9427"}],"curies":[{"name":"wp","href":"https:\/\/api.w.org\/{rel}","templated":true}]}}