{"id":9368,"date":"2026-03-27T18:50:40","date_gmt":"2026-03-27T18:50:40","guid":{"rendered":"https:\/\/grupoaaa.es\/?post_type=product&#038;p=9368"},"modified":"2026-03-27T18:50:40","modified_gmt":"2026-03-27T18:50:40","slug":"mvf005sm-motor-ventilador-frigorifico-samsung-da3100146e","status":"publish","type":"product","link":"https:\/\/grupoaaa.es\/es\/producto\/mvf005sm-motor-ventilador-frigorifico-samsung-da3100146e\/","title":{"rendered":"MVF005SM-Motor ventilador frigor\u00edfico samsung-DA3100146E"},"content":{"rendered":"<p>MVF005SM<br \/>\nMotor ventilador frigor\u00edfico samsung-DA3100146E<br \/>\nCaracteristicas: DREP5020LB SA11893 E CLASS A13. 3.21 w. 0.27 A. Sin Soporte. 61 \u00d7 77 \u00d7 21 mm. \u00d8 eje: 3 \u00d7 41 mm. 3 terminales. Sin carcasa. -30\u00b0C + 40\u00b0C.<br \/>\nC\u00f3digo original: DA3100146E DA3100020E DA3100146G<br \/>\nModelo:<br \/>\nSAMSUNG<br \/>\n_RSH5UTTS1-XEG RR82FJSW RS21DGRS1 RS21DJSH-803642BP200045 RS21FGRS RS21NASW RS21NCSM-536442BL700047Z RSH1NBIS RSH1NHSW RSH1PBRS RSH5UTPN-I00242BB700074 RSH5UTRS-I01543CBA00049M SR-S2027C<\/p>\n","protected":false},"excerpt":{"rendered":"<p>MVF005SM<br \/>\nMotor ventilador frigor\u00edfico samsung-DA3100146E<br \/>\nCaracteristicas: DREP5020LB SA11893 E CLASS A13. 3.21 w. 0.27 A. Sin Soporte. 61 \u00d7 77 \u00d7 21 mm. \u00d8 eje: 3 \u00d7 41 mm. 3 terminales. Sin carcasa. -30\u00b0C + 40\u00b0C.<br \/>\nC\u00f3digo original: DA3100146E DA3100020E DA3100146G<\/p>\n","protected":false},"featured_media":9371,"comment_status":"open","ping_status":"closed","template":"","meta":{"_uag_custom_page_level_css":"","site-sidebar-layout":"default","site-content-layout":"","ast-site-content-layout":"default","site-content-style":"default","site-sidebar-style":"default","ast-global-header-display":"","ast-banner-title-visibility":"","ast-main-header-display":"","ast-hfb-above-header-display":"","ast-hfb-below-header-display":"","ast-hfb-mobile-header-display":"","site-post-title":"","ast-breadcrumbs-content":"","ast-featured-img":"","footer-sml-layout":"","theme-transparent-header-meta":"default","adv-header-id-meta":"","stick-header-meta":"","header-above-stick-meta":"","header-main-stick-meta":"","header-below-stick-meta":"","astra-migrate-meta-layouts":"set","ast-page-background-enabled":"default","ast-page-background-meta":{"desktop":{"background-color":"","background-image":"","background-repeat":"repeat","background-position":"center center","background-size":"auto","background-attachment":"scroll","background-type":"","background-media":"","overlay-type":"","overlay-color":"","overlay-opacity":"","overlay-gradient":""},"tablet":{"background-color":"","background-image":"","background-repeat":"repeat","background-position":"center center","background-size":"auto","background-attachment":"scroll","background-type":"","background-media":"","overlay-type":"","overlay-color":"","overlay-opacity":"","overlay-gradient":""},"mobile":{"background-color":"","background-image":"","background-repeat":"repeat","background-position":"center center","background-size":"auto","background-attachment":"scroll","background-type":"","background-media":"","overlay-type":"","overlay-color":"","overlay-opacity":"","overlay-gradient":""}},"ast-content-background-meta":{"desktop":{"background-color":"var(--ast-global-color-5)","background-image":"","background-repeat":"repeat","background-position":"center center","background-size":"auto","background-attachment":"scroll","background-type":"","background-media":"","overlay-type":"","overlay-color":"","overlay-opacity":"","overlay-gradient":""},"tablet":{"background-color":"var(--ast-global-color-5)","background-image":"","background-repeat":"repeat","background-position":"center center","background-size":"auto","background-attachment":"scroll","background-type":"","background-media":"","overlay-type":"","overlay-color":"","overlay-opacity":"","overlay-gradient":""},"mobile":{"background-color":"var(--ast-global-color-5)","background-image":"","background-repeat":"repeat","background-position":"center center","background-size":"auto","background-attachment":"scroll","background-type":"","background-media":"","overlay-type":"","overlay-color":"","overlay-opacity":"","overlay-gradient":""}}},"product_brand":[],"product_cat":[431,359,372],"product_tag":[],"class_list":{"0":"post-9368","1":"product","2":"type-product","3":"status-publish","4":"has-post-thumbnail","6":"product_cat-refrigerador","7":"product_cat-repuestos-linea-blanca","8":"product_cat-samsung","9":"desktop-align-left","10":"tablet-align-left","11":"mobile-align-left","13":"first","14":"instock","15":"taxable","16":"shipping-taxable","17":"purchasable","18":"product-type-simple"},"aioseo_notices":[],"uagb_featured_image_src":{"full":["https:\/\/grupoaaa.es\/wp-content\/uploads\/2026\/03\/mvf005.jpg",699,798,false],"thumbnail":["https:\/\/grupoaaa.es\/wp-content\/uploads\/2026\/03\/mvf005-150x150.jpg",150,150,true],"medium":["https:\/\/grupoaaa.es\/wp-content\/uploads\/2026\/03\/mvf005-263x300.jpg",263,300,true],"medium_large":["https:\/\/grupoaaa.es\/wp-content\/uploads\/2026\/03\/mvf005.jpg",699,798,false],"large":["https:\/\/grupoaaa.es\/wp-content\/uploads\/2026\/03\/mvf005.jpg",699,798,false],"1536x1536":["https:\/\/grupoaaa.es\/wp-content\/uploads\/2026\/03\/mvf005.jpg",699,798,false],"2048x2048":["https:\/\/grupoaaa.es\/wp-content\/uploads\/2026\/03\/mvf005.jpg",699,798,false],"woocommerce_thumbnail":["https:\/\/grupoaaa.es\/wp-content\/uploads\/2026\/03\/mvf005-300x300.jpg",300,300,true],"woocommerce_single":["https:\/\/grupoaaa.es\/wp-content\/uploads\/2026\/03\/mvf005-600x685.jpg",600,685,true],"woocommerce_gallery_thumbnail":["https:\/\/grupoaaa.es\/wp-content\/uploads\/2026\/03\/mvf005-100x100.jpg",100,100,true]},"uagb_author_info":{"display_name":"Abid Ali Abid","author_link":"https:\/\/grupoaaa.es\/es\/author\/"},"uagb_comment_info":0,"uagb_excerpt":"MVF005SM Motor ventilador frigor\u00edfico samsung-DA3100146E Caracteristicas: DREP5020LB SA11893 E CLASS A13. 3.21 w. 0.27 A. Sin Soporte. 61 \u00d7 77 \u00d7 21 mm. \u00d8 eje: 3 \u00d7 41 mm. 3 terminales. Sin carcasa. -30\u00b0C + 40\u00b0C. C\u00f3digo original: DA3100146E DA3100020E DA3100146G","_links":{"self":[{"href":"https:\/\/grupoaaa.es\/es\/wp-json\/wp\/v2\/product\/9368","targetHints":{"allow":["GET"]}}],"collection":[{"href":"https:\/\/grupoaaa.es\/es\/wp-json\/wp\/v2\/product"}],"about":[{"href":"https:\/\/grupoaaa.es\/es\/wp-json\/wp\/v2\/types\/product"}],"replies":[{"embeddable":true,"href":"https:\/\/grupoaaa.es\/es\/wp-json\/wp\/v2\/comments?post=9368"}],"wp:featuredmedia":[{"embeddable":true,"href":"https:\/\/grupoaaa.es\/es\/wp-json\/wp\/v2\/media\/9371"}],"wp:attachment":[{"href":"https:\/\/grupoaaa.es\/es\/wp-json\/wp\/v2\/media?parent=9368"}],"wp:term":[{"taxonomy":"product_brand","embeddable":true,"href":"https:\/\/grupoaaa.es\/es\/wp-json\/wp\/v2\/product_brand?post=9368"},{"taxonomy":"product_cat","embeddable":true,"href":"https:\/\/grupoaaa.es\/es\/wp-json\/wp\/v2\/product_cat?post=9368"},{"taxonomy":"product_tag","embeddable":true,"href":"https:\/\/grupoaaa.es\/es\/wp-json\/wp\/v2\/product_tag?post=9368"}],"curies":[{"name":"wp","href":"https:\/\/api.w.org\/{rel}","templated":true}]}}