{"id":9350,"date":"2026-03-27T15:53:36","date_gmt":"2026-03-27T15:53:36","guid":{"rendered":"https:\/\/grupoaaa.es\/?post_type=product&#038;p=9350"},"modified":"2026-03-27T16:47:25","modified_gmt":"2026-03-27T16:47:25","slug":"mvf002hs-motor-ventilador-frigorifico-hisense-k1629352","status":"publish","type":"product","link":"https:\/\/grupoaaa.es\/es\/producto\/mvf002hs-motor-ventilador-frigorifico-hisense-k1629352\/","title":{"rendered":"MVF002HS-Motor ventilador frigor\u00edfico hisense-K1629352"},"content":{"rendered":"<p>MVF002HS<br \/>\nMotor ventilador frigor\u00edfico hisense-K1629352<br \/>\nCaracteristicas: ZWF-30-3 B03081070. 12 v. 2.5 w sin soporte. \u00d8: 50 \/ 40 \u00d7 30 mm. \u00d8 eje: 3 \u00d7 17 mm. 3 terminales. Sin carcasa. Long. cable: 295 mm. 1300 rpm.<br \/>\nC\u00f3digo original: K1629352 HK1629352 1071783<br \/>\nHISENSE:<br \/>\n000000 FSN518A20W-1B0518Z0092J RS670N4BC3-1B0518Z0312J RS670N4HC2-1B0518Z0049JBHBZ4P50194 RS670N4HW1-BCD518WY\/HC4<\/p>\n","protected":false},"excerpt":{"rendered":"<p>MVF002HS<br \/>\nMotor ventilador frigor\u00edfico hisense-K1629352<br \/>\nCaracteristicas: ZWF-30-3 B03081070. 12 v. 2.5 w sin soporte. \u00d8: 50 \/ 40 \u00d7 30 mm. \u00d8 eje: 3 \u00d7 17 mm. 3 terminales. Sin carcasa. Long. cable: 295 mm. 1300 rpm.<br \/>\nC\u00f3digo original: K1629352 HK1629352 1071783<\/p>\n","protected":false},"featured_media":9354,"comment_status":"open","ping_status":"closed","template":"","meta":{"_uag_custom_page_level_css":"","site-sidebar-layout":"default","site-content-layout":"","ast-site-content-layout":"default","site-content-style":"default","site-sidebar-style":"default","ast-global-header-display":"","ast-banner-title-visibility":"","ast-main-header-display":"","ast-hfb-above-header-display":"","ast-hfb-below-header-display":"","ast-hfb-mobile-header-display":"","site-post-title":"","ast-breadcrumbs-content":"","ast-featured-img":"","footer-sml-layout":"","theme-transparent-header-meta":"default","adv-header-id-meta":"","stick-header-meta":"","header-above-stick-meta":"","header-main-stick-meta":"","header-below-stick-meta":"","astra-migrate-meta-layouts":"set","ast-page-background-enabled":"default","ast-page-background-meta":{"desktop":{"background-color":"","background-image":"","background-repeat":"repeat","background-position":"center center","background-size":"auto","background-attachment":"scroll","background-type":"","background-media":"","overlay-type":"","overlay-color":"","overlay-opacity":"","overlay-gradient":""},"tablet":{"background-color":"","background-image":"","background-repeat":"repeat","background-position":"center center","background-size":"auto","background-attachment":"scroll","background-type":"","background-media":"","overlay-type":"","overlay-color":"","overlay-opacity":"","overlay-gradient":""},"mobile":{"background-color":"","background-image":"","background-repeat":"repeat","background-position":"center center","background-size":"auto","background-attachment":"scroll","background-type":"","background-media":"","overlay-type":"","overlay-color":"","overlay-opacity":"","overlay-gradient":""}},"ast-content-background-meta":{"desktop":{"background-color":"var(--ast-global-color-5)","background-image":"","background-repeat":"repeat","background-position":"center center","background-size":"auto","background-attachment":"scroll","background-type":"","background-media":"","overlay-type":"","overlay-color":"","overlay-opacity":"","overlay-gradient":""},"tablet":{"background-color":"var(--ast-global-color-5)","background-image":"","background-repeat":"repeat","background-position":"center center","background-size":"auto","background-attachment":"scroll","background-type":"","background-media":"","overlay-type":"","overlay-color":"","overlay-opacity":"","overlay-gradient":""},"mobile":{"background-color":"var(--ast-global-color-5)","background-image":"","background-repeat":"repeat","background-position":"center center","background-size":"auto","background-attachment":"scroll","background-type":"","background-media":"","overlay-type":"","overlay-color":"","overlay-opacity":"","overlay-gradient":""}}},"product_brand":[],"product_cat":[503,431,359],"product_tag":[],"class_list":{"0":"post-9350","1":"product","2":"type-product","3":"status-publish","4":"has-post-thumbnail","6":"product_cat-hisense","7":"product_cat-refrigerador","8":"product_cat-repuestos-linea-blanca","9":"desktop-align-left","10":"tablet-align-left","11":"mobile-align-left","13":"first","14":"instock","15":"taxable","16":"shipping-taxable","17":"purchasable","18":"product-type-simple"},"aioseo_notices":[],"uagb_featured_image_src":{"full":["https:\/\/grupoaaa.es\/wp-content\/uploads\/2026\/03\/mvf002.jpg",800,800,false],"thumbnail":["https:\/\/grupoaaa.es\/wp-content\/uploads\/2026\/03\/mvf002-150x150.jpg",150,150,true],"medium":["https:\/\/grupoaaa.es\/wp-content\/uploads\/2026\/03\/mvf002-300x300.jpg",300,300,true],"medium_large":["https:\/\/grupoaaa.es\/wp-content\/uploads\/2026\/03\/mvf002-768x768.jpg",768,768,true],"large":["https:\/\/grupoaaa.es\/wp-content\/uploads\/2026\/03\/mvf002.jpg",800,800,false],"1536x1536":["https:\/\/grupoaaa.es\/wp-content\/uploads\/2026\/03\/mvf002.jpg",800,800,false],"2048x2048":["https:\/\/grupoaaa.es\/wp-content\/uploads\/2026\/03\/mvf002.jpg",800,800,false],"woocommerce_thumbnail":["https:\/\/grupoaaa.es\/wp-content\/uploads\/2026\/03\/mvf002-300x300.jpg",300,300,true],"woocommerce_single":["https:\/\/grupoaaa.es\/wp-content\/uploads\/2026\/03\/mvf002-600x600.jpg",600,600,true],"woocommerce_gallery_thumbnail":["https:\/\/grupoaaa.es\/wp-content\/uploads\/2026\/03\/mvf002-100x100.jpg",100,100,true]},"uagb_author_info":{"display_name":"Abid Ali Abid","author_link":"https:\/\/grupoaaa.es\/es\/author\/"},"uagb_comment_info":0,"uagb_excerpt":"MVF002HS Motor ventilador frigor\u00edfico hisense-K1629352 Caracteristicas: ZWF-30-3 B03081070. 12 v. 2.5 w sin soporte. \u00d8: 50 \/ 40 \u00d7 30 mm. \u00d8 eje: 3 \u00d7 17 mm. 3 terminales. Sin carcasa. Long. cable: 295 mm. 1300 rpm. C\u00f3digo original: K1629352 HK1629352 1071783","_links":{"self":[{"href":"https:\/\/grupoaaa.es\/es\/wp-json\/wp\/v2\/product\/9350","targetHints":{"allow":["GET"]}}],"collection":[{"href":"https:\/\/grupoaaa.es\/es\/wp-json\/wp\/v2\/product"}],"about":[{"href":"https:\/\/grupoaaa.es\/es\/wp-json\/wp\/v2\/types\/product"}],"replies":[{"embeddable":true,"href":"https:\/\/grupoaaa.es\/es\/wp-json\/wp\/v2\/comments?post=9350"}],"wp:featuredmedia":[{"embeddable":true,"href":"https:\/\/grupoaaa.es\/es\/wp-json\/wp\/v2\/media\/9354"}],"wp:attachment":[{"href":"https:\/\/grupoaaa.es\/es\/wp-json\/wp\/v2\/media?parent=9350"}],"wp:term":[{"taxonomy":"product_brand","embeddable":true,"href":"https:\/\/grupoaaa.es\/es\/wp-json\/wp\/v2\/product_brand?post=9350"},{"taxonomy":"product_cat","embeddable":true,"href":"https:\/\/grupoaaa.es\/es\/wp-json\/wp\/v2\/product_cat?post=9350"},{"taxonomy":"product_tag","embeddable":true,"href":"https:\/\/grupoaaa.es\/es\/wp-json\/wp\/v2\/product_tag?post=9350"}],"curies":[{"name":"wp","href":"https:\/\/api.w.org\/{rel}","templated":true}]}}