{"id":9142,"date":"2026-03-13T22:57:31","date_gmt":"2026-03-13T22:57:31","guid":{"rendered":"https:\/\/grupoaaa.es\/?post_type=product&#038;p=9142"},"modified":"2026-03-13T22:57:31","modified_gmt":"2026-03-13T22:57:31","slug":"gel0045zn-goma-puerta-lavadora-zanussi-140028468035","status":"publish","type":"product","link":"https:\/\/grupoaaa.es\/es\/producto\/gel0045zn-goma-puerta-lavadora-zanussi-140028468035\/","title":{"rendered":"GEL0045ZN-Goma puerta lavadora ZANUSSI 140028468035"},"content":{"rendered":"<p>GEL0045ZN<br \/>\nGoma puerta lavadora ZANUSSI 140028468035<br \/>\nCaracter\u00edsticas: A02846801. Lavadora conga frontal. Con Tet\u00f3n. Sin iris. Con vaciado. \u00f8 lado cuba: 390 mm. \u00f8 lado mueble: 340 mm. Altura de la goma: 81 mm:<br \/>\nCodigo Original: Electrolux: 140028468035,140028468019<br \/>\nModelos: ZANUSSI:<br \/>\nZWF142F1G2-91491924101 ZWF142F3G1-91491921700 ZWF142F3G1-91491921702 ZWF922E4W2-91491921901 ZWF922E4W2-91491921903<\/p>\n<p>ELECTROLUX:<br \/>\nEN6F5922BF-91491671601 EW6F4122FB-91491650100 EW6F4123EB EW6F4123EB-914916406 EW6F4123EB-91491640600 EW6F4123EB-91491640601 EW6F4123EB-91491640602 EW6F4123EB-91491640603 EW6F4123EB-91496406-00 EW6F4143FB-91491650000 EW6F4143FB-91491651301 EW6F4143FB-91491651302 EW6F4822BB-91491741600 EW6F4822BB-91491741601 EW6F4823BB-914917415 EW6F4823BB-914917415-00 EW6F4823BB-91491741500 EW6F4823BB-91491741501 EW6F4823BB-91491741502 EW6F4823BB-91491741503 EW6F4823BB-91491741504 EW6F4843AB-91491740100 EW6F4843AB-91491741700 EW6F4922FB-91491650300 EW6F4923EB-914916407 EW6F4923EB-91491640700 EW6F4923EB-91491640701 EW6F4923EB-91491640702 EW6F4923EB-91491640703 EW6F4923EB-91491640704 EW6F4923EB-91491640705 EW6F4923EB-914916419 EW6F4923EB-91491641900 EW6F4923EB-91491641901 EW6F4923EB-91491641902 EW6F4923EB-91491641903 EW6F4923EB-91491641904 EW6F4923EB-91491641905 EW6F4923EB-91491641906 EW6F4923EB-91491641907 EW6F4942FB-91491651401 EW6F4942FB-91491651402 EW6F4943FB-91491650200 EW6F5142FB-91491670601 EW6F5142FB-91491670602 EW6F5822BB-91491760300 EW6F5822BB-91491760301 EW6F5822BB-91491760302 EW6F5822BB-91491760303 EW6F5822BB-91491760304 EW6F5842CB-91491770300 EW6F5842CB-91491770302 EW6F5922EF-914916602-00 EW6F5922EF-91491660200 EW6F5922EF-91491660202 EW6F5922EF-91491660203 EW6F5943FB-91491670701 EW6F5943FB-91491670702<\/p>\n<p>AEG:<br \/>\nL6FBI147P-914915507-00 L6FBI147P-91491550700 L6FBI147P-91491550702 L6FBI147P-91491551201 L6FBI147P-91491551202 L6FBI147P-91491551203 L6FBI821-91491343103 L6FBI821-91491343703 L6FBI821-91491343705 L6FBI821-91491343706 L6FBI821-91491343707 L6FBI821-91491343708 L6FBI821-91491343709 L6FBI821-91491343710 L6FBI8210U-914913434-04 L6FBI821U-91491343402 L6FBI821U-91491343403 L6FBI821U-91491343404 L6FBI821U-91491343405 L6FBI821U-91491343406 L6FBI821U-91491343407 L6FBI821U-91491343410 L6FBI824U-91491343502 L6FBI824U-91491343503 L6FBI824U-91491343504 L6FBI824U-91491343505 L6FBI824U-91491343506 L6FBI824U-91491343507 L6FBI824U-91491343510 L6FBI827-91491352901 L6FBI827-91491352902 L6FBI827-91491352903 L6FBI827-91491352904 L6FBI827-91491358101 L6FBI827-91491358102 L6FBI828-91491353001 L6FBI828-91491353002 L6FBI828-91491353003 L6FBI828-91491353004 L6FBI841-91491343205 L6FBI841-91491343208 L6FBI841-91491343209 L6FBI841-91491343210 L6FBI841-91491348302 L6FBI841-91491348303 L6FBI841-91491348304 L6FBI841N-91491344503 L6FBI841N-91491344504 L6FBI841N-91491344505 L6FBI847P-91491353200 L6FBI848P-91491353101 L6FBI848P-91491354200 L6FBI848P-91491354202 L6FBI947P-91491551301 L6FBI947P-91491551302 L6FBI947P-91491551303 L6FBK821U-91491322200 L6FBK821U-91491322201 L6FBK821U-91491322202 L6FBK841P-91491326600 L6FBK841P-91491326601 L6FBK841P-91491326602 L6FBK847P-91491324100 L6FBK847P-91491324102 L6FBK947-91491525500 L6FBK947-91491525501 L6FEI828-91491358000 L6FEI828-91491358001 L6FEI828-91491358002 L6FEI847P-91491354300 L6FEI847P-91491354302 L6FSI844-91491347002 L6FSI844-91491347005 L6FSI844-91491347006 L6FSI844-91491347007 L6FSI844-91491347008 LFA6I8272A-91491361400 LFA6I8272A-91491361401 LFA6I8272A-91491361402 LFA6I8275A-91491361600 LFA6I8275A-91491361601 LFA6I8275A-91491361602 LFA6I8472A-91491361500 LFA6I8472A-91491361501 LFA6I8472A-91491361502 LFA6I8472S-914913615\/00<\/p>\n","protected":false},"excerpt":{"rendered":"<p>GEL0045ZN<br \/>\nGoma puerta lavadora ZANUSSI 140028468035<br \/>\nCaracter\u00edsticas: A02846801. Lavadora conga frontal. Con Tet\u00f3n. Sin iris. Con vaciado. \u00f8 lado cuba: 390 mm. \u00f8 lado mueble: 340 mm. Altura de la goma: 81 mm:<br \/>\nCodigo Original: Electrolux: 140028468035,140028468019<\/p>\n","protected":false},"featured_media":9143,"comment_status":"open","ping_status":"closed","template":"","meta":{"_uag_custom_page_level_css":"","site-sidebar-layout":"default","site-content-layout":"","ast-site-content-layout":"default","site-content-style":"default","site-sidebar-style":"default","ast-global-header-display":"","ast-banner-title-visibility":"","ast-main-header-display":"","ast-hfb-above-header-display":"","ast-hfb-below-header-display":"","ast-hfb-mobile-header-display":"","site-post-title":"","ast-breadcrumbs-content":"","ast-featured-img":"","footer-sml-layout":"","ast-disable-related-posts":"","theme-transparent-header-meta":"default","adv-header-id-meta":"","stick-header-meta":"","header-above-stick-meta":"","header-main-stick-meta":"","header-below-stick-meta":"","astra-migrate-meta-layouts":"set","ast-page-background-enabled":"default","ast-page-background-meta":{"desktop":{"background-color":"","background-image":"","background-repeat":"repeat","background-position":"center center","background-size":"auto","background-attachment":"scroll","background-type":"","background-media":"","overlay-type":"","overlay-color":"","overlay-opacity":"","overlay-gradient":""},"tablet":{"background-color":"","background-image":"","background-repeat":"repeat","background-position":"center center","background-size":"auto","background-attachment":"scroll","background-type":"","background-media":"","overlay-type":"","overlay-color":"","overlay-opacity":"","overlay-gradient":""},"mobile":{"background-color":"","background-image":"","background-repeat":"repeat","background-position":"center center","background-size":"auto","background-attachment":"scroll","background-type":"","background-media":"","overlay-type":"","overlay-color":"","overlay-opacity":"","overlay-gradient":""}},"ast-content-background-meta":{"desktop":{"background-color":"var(--ast-global-color-4)","background-image":"","background-repeat":"repeat","background-position":"center center","background-size":"auto","background-attachment":"scroll","background-type":"","background-media":"","overlay-type":"","overlay-color":"","overlay-opacity":"","overlay-gradient":""},"tablet":{"background-color":"var(--ast-global-color-4)","background-image":"","background-repeat":"repeat","background-position":"center center","background-size":"auto","background-attachment":"scroll","background-type":"","background-media":"","overlay-type":"","overlay-color":"","overlay-opacity":"","overlay-gradient":""},"mobile":{"background-color":"var(--ast-global-color-4)","background-image":"","background-repeat":"repeat","background-position":"center center","background-size":"auto","background-attachment":"scroll","background-type":"","background-media":"","overlay-type":"","overlay-color":"","overlay-opacity":"","overlay-gradient":""}}},"product_brand":[],"product_cat":[365,359,385,363],"product_tag":[],"class_list":{"0":"post-9142","1":"product","2":"type-product","3":"status-publish","4":"has-post-thumbnail","6":"product_cat-electrolux-es","7":"product_cat-repuestos-linea-blanca","8":"product_cat-repuestos-para-lavadoras","9":"product_cat-zanussi-es","10":"desktop-align-left","11":"tablet-align-left","12":"mobile-align-left","14":"first","15":"instock","16":"taxable","17":"shipping-taxable","18":"purchasable","19":"product-type-simple"},"aioseo_notices":[],"uagb_featured_image_src":{"full":["https:\/\/grupoaaa.es\/wp-content\/uploads\/2026\/03\/Remove-background-project-2026-03-13T235205.606.png",1341,1600,false],"thumbnail":["https:\/\/grupoaaa.es\/wp-content\/uploads\/2026\/03\/Remove-background-project-2026-03-13T235205.606-150x150.png",150,150,true],"medium":["https:\/\/grupoaaa.es\/wp-content\/uploads\/2026\/03\/Remove-background-project-2026-03-13T235205.606-251x300.png",251,300,true],"medium_large":["https:\/\/grupoaaa.es\/wp-content\/uploads\/2026\/03\/Remove-background-project-2026-03-13T235205.606-768x916.png",768,916,true],"large":["https:\/\/grupoaaa.es\/wp-content\/uploads\/2026\/03\/Remove-background-project-2026-03-13T235205.606-858x1024.png",858,1024,true],"1536x1536":["https:\/\/grupoaaa.es\/wp-content\/uploads\/2026\/03\/Remove-background-project-2026-03-13T235205.606-1287x1536.png",1287,1536,true],"2048x2048":["https:\/\/grupoaaa.es\/wp-content\/uploads\/2026\/03\/Remove-background-project-2026-03-13T235205.606.png",1341,1600,false],"woocommerce_thumbnail":["https:\/\/grupoaaa.es\/wp-content\/uploads\/2026\/03\/Remove-background-project-2026-03-13T235205.606-300x300.png",300,300,true],"woocommerce_single":["https:\/\/grupoaaa.es\/wp-content\/uploads\/2026\/03\/Remove-background-project-2026-03-13T235205.606-600x716.png",600,716,true],"woocommerce_gallery_thumbnail":["https:\/\/grupoaaa.es\/wp-content\/uploads\/2026\/03\/Remove-background-project-2026-03-13T235205.606-100x100.png",100,100,true]},"uagb_author_info":{"display_name":"Abid Ali Abid","author_link":"https:\/\/grupoaaa.es\/es\/author\/"},"uagb_comment_info":0,"uagb_excerpt":"GEL0045ZN Goma puerta lavadora ZANUSSI 140028468035 Caracter\u00edsticas: A02846801. Lavadora conga frontal. Con Tet\u00f3n. Sin iris. Con vaciado. \u00f8 lado cuba: 390 mm. \u00f8 lado mueble: 340 mm. Altura de la goma: 81 mm: Codigo Original: Electrolux: 140028468035,140028468019","_links":{"self":[{"href":"https:\/\/grupoaaa.es\/es\/wp-json\/wp\/v2\/product\/9142","targetHints":{"allow":["GET"]}}],"collection":[{"href":"https:\/\/grupoaaa.es\/es\/wp-json\/wp\/v2\/product"}],"about":[{"href":"https:\/\/grupoaaa.es\/es\/wp-json\/wp\/v2\/types\/product"}],"replies":[{"embeddable":true,"href":"https:\/\/grupoaaa.es\/es\/wp-json\/wp\/v2\/comments?post=9142"}],"wp:featuredmedia":[{"embeddable":true,"href":"https:\/\/grupoaaa.es\/es\/wp-json\/wp\/v2\/media\/9143"}],"wp:attachment":[{"href":"https:\/\/grupoaaa.es\/es\/wp-json\/wp\/v2\/media?parent=9142"}],"wp:term":[{"taxonomy":"product_brand","embeddable":true,"href":"https:\/\/grupoaaa.es\/es\/wp-json\/wp\/v2\/product_brand?post=9142"},{"taxonomy":"product_cat","embeddable":true,"href":"https:\/\/grupoaaa.es\/es\/wp-json\/wp\/v2\/product_cat?post=9142"},{"taxonomy":"product_tag","embeddable":true,"href":"https:\/\/grupoaaa.es\/es\/wp-json\/wp\/v2\/product_tag?post=9142"}],"curies":[{"name":"wp","href":"https:\/\/api.w.org\/{rel}","templated":true}]}}