{"id":9054,"date":"2026-03-09T17:19:18","date_gmt":"2026-03-09T17:19:18","guid":{"rendered":"https:\/\/grupoaaa.es\/?post_type=product&#038;p=9054"},"modified":"2026-03-09T17:24:24","modified_gmt":"2026-03-09T17:24:24","slug":"fcc0062tk-filtro-carbon-campana-teka-9029793784","status":"publish","type":"product","link":"https:\/\/grupoaaa.es\/es\/producto\/fcc0062tk-filtro-carbon-campana-teka-9029793784\/","title":{"rendered":"FCC0062TK-FILTRO CARBON CAMPANA TEKA-9029793784"},"content":{"rendered":"<p>FCC0062TK<br \/>\nFILTRO CARBON CAMPANA TEKA-9029793784<br \/>\nCaracteristicas: Carb\u00f3n. \u00d8 190 mm \u00d7 35 mm. 1 unidad.<br \/>\nCodigo original: 9029793784 C00088594 49022779 49016875 9174220018 ACM62<br \/>\nM63ACK62836 481281728933 484000008647 ACM62 9029793784 9188457009<br \/>\nTYPEHACK62836 FLT6 690073176 50268165003 50290910004 4012074013356<br \/>\n4210018900002 00SP0028001 C00884712<br \/>\nModelo: CBT66X, CBP612W, E3CFWH<\/p>\n","protected":false},"excerpt":{"rendered":"<p>FCC0062TK<br \/>\nFILTRO CARBON CAMPANA TEKA-9029793784<br \/>\nCaracteristicas: Carb\u00f3n. \u00d8 190 mm \u00d7 35 mm. 1 unidad<br \/>\nCodigo original: 9029793784 C00088594 49022779 49016875 9174220018 ACM62<br \/>\nM63ACK62836 481281728933 484000008647 ACM62 9029793784 9188457009<br \/>\nTYPEHACK62836 FLT6 690073176 50268165003 50290910004 4012074013356<br \/>\n4210018900002 00SP0028001 C00884712<\/p>\n","protected":false},"featured_media":9050,"comment_status":"open","ping_status":"closed","template":"","meta":{"_uag_custom_page_level_css":"","site-sidebar-layout":"default","site-content-layout":"","ast-site-content-layout":"default","site-content-style":"default","site-sidebar-style":"default","ast-global-header-display":"","ast-banner-title-visibility":"","ast-main-header-display":"","ast-hfb-above-header-display":"","ast-hfb-below-header-display":"","ast-hfb-mobile-header-display":"","site-post-title":"","ast-breadcrumbs-content":"","ast-featured-img":"","footer-sml-layout":"","ast-disable-related-posts":"","theme-transparent-header-meta":"default","adv-header-id-meta":"","stick-header-meta":"","header-above-stick-meta":"","header-main-stick-meta":"","header-below-stick-meta":"","astra-migrate-meta-layouts":"set","ast-page-background-enabled":"default","ast-page-background-meta":{"desktop":{"background-color":"","background-image":"","background-repeat":"repeat","background-position":"center center","background-size":"auto","background-attachment":"scroll","background-type":"","background-media":"","overlay-type":"","overlay-color":"","overlay-opacity":"","overlay-gradient":""},"tablet":{"background-color":"","background-image":"","background-repeat":"repeat","background-position":"center center","background-size":"auto","background-attachment":"scroll","background-type":"","background-media":"","overlay-type":"","overlay-color":"","overlay-opacity":"","overlay-gradient":""},"mobile":{"background-color":"","background-image":"","background-repeat":"repeat","background-position":"center center","background-size":"auto","background-attachment":"scroll","background-type":"","background-media":"","overlay-type":"","overlay-color":"","overlay-opacity":"","overlay-gradient":""}},"ast-content-background-meta":{"desktop":{"background-color":"var(--ast-global-color-4)","background-image":"","background-repeat":"repeat","background-position":"center center","background-size":"auto","background-attachment":"scroll","background-type":"","background-media":"","overlay-type":"","overlay-color":"","overlay-opacity":"","overlay-gradient":""},"tablet":{"background-color":"var(--ast-global-color-4)","background-image":"","background-repeat":"repeat","background-position":"center center","background-size":"auto","background-attachment":"scroll","background-type":"","background-media":"","overlay-type":"","overlay-color":"","overlay-opacity":"","overlay-gradient":""},"mobile":{"background-color":"var(--ast-global-color-4)","background-image":"","background-repeat":"repeat","background-position":"center center","background-size":"auto","background-attachment":"scroll","background-type":"","background-media":"","overlay-type":"","overlay-color":"","overlay-opacity":"","overlay-gradient":""}}},"product_brand":[],"product_cat":[359,427,378],"product_tag":[],"class_list":{"0":"post-9054","1":"product","2":"type-product","3":"status-publish","4":"has-post-thumbnail","6":"product_cat-repuestos-linea-blanca","7":"product_cat-repuestos-para-campanas-extractoras","8":"product_cat-teka","9":"desktop-align-left","10":"tablet-align-left","11":"mobile-align-left","13":"first","14":"instock","15":"taxable","16":"shipping-taxable","17":"purchasable","18":"product-type-simple"},"aioseo_notices":[],"uagb_featured_image_src":{"full":["https:\/\/grupoaaa.es\/wp-content\/uploads\/2026\/03\/fcc00-61.jpg",1500,1488,false],"thumbnail":["https:\/\/grupoaaa.es\/wp-content\/uploads\/2026\/03\/fcc00-61-150x150.jpg",150,150,true],"medium":["https:\/\/grupoaaa.es\/wp-content\/uploads\/2026\/03\/fcc00-61-300x298.jpg",300,298,true],"medium_large":["https:\/\/grupoaaa.es\/wp-content\/uploads\/2026\/03\/fcc00-61-768x762.jpg",768,762,true],"large":["https:\/\/grupoaaa.es\/wp-content\/uploads\/2026\/03\/fcc00-61-1024x1016.jpg",1024,1016,true],"1536x1536":["https:\/\/grupoaaa.es\/wp-content\/uploads\/2026\/03\/fcc00-61.jpg",1500,1488,false],"2048x2048":["https:\/\/grupoaaa.es\/wp-content\/uploads\/2026\/03\/fcc00-61.jpg",1500,1488,false],"woocommerce_thumbnail":["https:\/\/grupoaaa.es\/wp-content\/uploads\/2026\/03\/fcc00-61-300x300.jpg",300,300,true],"woocommerce_single":["https:\/\/grupoaaa.es\/wp-content\/uploads\/2026\/03\/fcc00-61-600x595.jpg",600,595,true],"woocommerce_gallery_thumbnail":["https:\/\/grupoaaa.es\/wp-content\/uploads\/2026\/03\/fcc00-61-100x100.jpg",100,100,true]},"uagb_author_info":{"display_name":"Abid Ali Abid","author_link":"https:\/\/grupoaaa.es\/es\/author\/"},"uagb_comment_info":0,"uagb_excerpt":"FCC0062TK FILTRO CARBON CAMPANA TEKA-9029793784 Caracteristicas: Carb\u00f3n. \u00d8 190 mm \u00d7 35 mm. 1 unidad Codigo original: 9029793784 C00088594 49022779 49016875 9174220018 ACM62 M63ACK62836 481281728933 484000008647 ACM62 9029793784 9188457009 TYPEHACK62836 FLT6 690073176 50268165003 50290910004 4012074013356 4210018900002 00SP0028001 C00884712","_links":{"self":[{"href":"https:\/\/grupoaaa.es\/es\/wp-json\/wp\/v2\/product\/9054","targetHints":{"allow":["GET"]}}],"collection":[{"href":"https:\/\/grupoaaa.es\/es\/wp-json\/wp\/v2\/product"}],"about":[{"href":"https:\/\/grupoaaa.es\/es\/wp-json\/wp\/v2\/types\/product"}],"replies":[{"embeddable":true,"href":"https:\/\/grupoaaa.es\/es\/wp-json\/wp\/v2\/comments?post=9054"}],"wp:featuredmedia":[{"embeddable":true,"href":"https:\/\/grupoaaa.es\/es\/wp-json\/wp\/v2\/media\/9050"}],"wp:attachment":[{"href":"https:\/\/grupoaaa.es\/es\/wp-json\/wp\/v2\/media?parent=9054"}],"wp:term":[{"taxonomy":"product_brand","embeddable":true,"href":"https:\/\/grupoaaa.es\/es\/wp-json\/wp\/v2\/product_brand?post=9054"},{"taxonomy":"product_cat","embeddable":true,"href":"https:\/\/grupoaaa.es\/es\/wp-json\/wp\/v2\/product_cat?post=9054"},{"taxonomy":"product_tag","embeddable":true,"href":"https:\/\/grupoaaa.es\/es\/wp-json\/wp\/v2\/product_tag?post=9054"}],"curies":[{"name":"wp","href":"https:\/\/api.w.org\/{rel}","templated":true}]}}