{"id":9034,"date":"2026-03-07T18:48:52","date_gmt":"2026-03-07T18:48:52","guid":{"rendered":"https:\/\/grupoaaa.es\/?post_type=product&#038;p=9034"},"modified":"2026-03-07T18:48:52","modified_gmt":"2026-03-07T18:48:52","slug":"fcc0060tk-filtro-carbon-campana-teka-353121","status":"publish","type":"product","link":"https:\/\/grupoaaa.es\/es\/producto\/fcc0060tk-filtro-carbon-campana-teka-353121\/","title":{"rendered":"FCC0060TK-FILTRO CARBON CAMPANA TEKA-353121"},"content":{"rendered":"<p>FCC0060TK<br \/>\nFILTRO CARBON CAMPANA TEKA-353121<br \/>\nCaracteristicas: Carb\u00f3n. \u00d8: 210 mm. \u00d7 33 mm. 1 unidades. Calidad Alternativa<br \/>\nCodigo originales: 353121, 2859391, YY75X3687, YY76X0564, YY76X2798, YY71X9115, YY79X9066, C00042285, C00405308, 481249038018, 481281718524, 481249028002, 40458425, 75X3687, 76X0564, 76X2798, 71X9115, 79X9066, 50274626006, 50273761002, 50290913008<br \/>\nModelo:<br \/>\nBALAY:<br \/>\n3BC761XC 3BC771XC-01 3BC774B 3BD764N-05 3BD764X-07 3BD771XP-02 3BD794X01<br \/>\nBOSCH:<br \/>\nDKE935A-01<br \/>\nOTRAS MARCA:  AEG: ARISTON, BALAY, BAUKNECHT, BOSCH, BRANDT, CANDY, CATA, ELECTROLUX, ELICA, IGNIS. INDESIT, LYNX, NEUTRAL, NODOR, OTSEIN, WHIRLPOOL, SMEG, THERMOR, ZANUSSI, SAUTER<\/p>\n","protected":false},"excerpt":{"rendered":"<p>FCC0060TK<br \/>\nFILTRO CARBON CAMPANA TEKA-353121<br \/>\nCaracteristicas: Carb\u00f3n. \u00d8: 210 mm. \u00d7 33 mm. 1 unidades. Calidad Alternativa<br \/>\nCodigo originales: 353121, 2859391, YY75X3687, YY76X0564, YY76X2798, YY71X9115, YY79X9066, C00042285, C00405308, 481249038018, 481281718524, 481249028002, 40458425, 75X3687, 76X0564, 76X2798, 71X9115, 79X9066, 50274626006, 50273761002, 50290913008<\/p>\n","protected":false},"featured_media":9037,"comment_status":"open","ping_status":"closed","template":"","meta":{"_uag_custom_page_level_css":"","site-sidebar-layout":"default","site-content-layout":"","ast-site-content-layout":"default","site-content-style":"default","site-sidebar-style":"default","ast-global-header-display":"","ast-banner-title-visibility":"","ast-main-header-display":"","ast-hfb-above-header-display":"","ast-hfb-below-header-display":"","ast-hfb-mobile-header-display":"","site-post-title":"","ast-breadcrumbs-content":"","ast-featured-img":"","footer-sml-layout":"","ast-disable-related-posts":"","theme-transparent-header-meta":"default","adv-header-id-meta":"","stick-header-meta":"","header-above-stick-meta":"","header-main-stick-meta":"","header-below-stick-meta":"","astra-migrate-meta-layouts":"set","ast-page-background-enabled":"default","ast-page-background-meta":{"desktop":{"background-color":"","background-image":"","background-repeat":"repeat","background-position":"center center","background-size":"auto","background-attachment":"scroll","background-type":"","background-media":"","overlay-type":"","overlay-color":"","overlay-opacity":"","overlay-gradient":""},"tablet":{"background-color":"","background-image":"","background-repeat":"repeat","background-position":"center center","background-size":"auto","background-attachment":"scroll","background-type":"","background-media":"","overlay-type":"","overlay-color":"","overlay-opacity":"","overlay-gradient":""},"mobile":{"background-color":"","background-image":"","background-repeat":"repeat","background-position":"center center","background-size":"auto","background-attachment":"scroll","background-type":"","background-media":"","overlay-type":"","overlay-color":"","overlay-opacity":"","overlay-gradient":""}},"ast-content-background-meta":{"desktop":{"background-color":"var(--ast-global-color-4)","background-image":"","background-repeat":"repeat","background-position":"center center","background-size":"auto","background-attachment":"scroll","background-type":"","background-media":"","overlay-type":"","overlay-color":"","overlay-opacity":"","overlay-gradient":""},"tablet":{"background-color":"var(--ast-global-color-4)","background-image":"","background-repeat":"repeat","background-position":"center center","background-size":"auto","background-attachment":"scroll","background-type":"","background-media":"","overlay-type":"","overlay-color":"","overlay-opacity":"","overlay-gradient":""},"mobile":{"background-color":"var(--ast-global-color-4)","background-image":"","background-repeat":"repeat","background-position":"center center","background-size":"auto","background-attachment":"scroll","background-type":"","background-media":"","overlay-type":"","overlay-color":"","overlay-opacity":"","overlay-gradient":""}}},"product_brand":[],"product_cat":[375,373,358,361,391,370,505,365,461,364,504,507,386,359,427,371,363],"product_tag":[],"class_list":{"0":"post-9034","1":"product","2":"type-product","3":"status-publish","4":"has-post-thumbnail","6":"product_cat-aeg","7":"product_cat-ariston","8":"product_cat-balay-es","9":"product_cat-bosch-es","10":"product_cat-brandt","11":"product_cat-candy","12":"product_cat-cata","13":"product_cat-electrolux-es","14":"product_cat-ignis","15":"product_cat-indesit-es","16":"product_cat-lynx","17":"product_cat-nodor","18":"product_cat-otsein","19":"product_cat-repuestos-linea-blanca","20":"product_cat-repuestos-para-campanas-extractoras","21":"product_cat-whirlpool-2","22":"product_cat-zanussi-es","23":"desktop-align-left","24":"tablet-align-left","25":"mobile-align-left","27":"first","28":"instock","29":"taxable","30":"shipping-taxable","31":"purchasable","32":"product-type-simple"},"aioseo_notices":[],"uagb_featured_image_src":{"full":["https:\/\/grupoaaa.es\/wp-content\/uploads\/2026\/03\/XLKJHG.webp",800,800,false],"thumbnail":["https:\/\/grupoaaa.es\/wp-content\/uploads\/2026\/03\/XLKJHG-150x150.webp",150,150,true],"medium":["https:\/\/grupoaaa.es\/wp-content\/uploads\/2026\/03\/XLKJHG-300x300.webp",300,300,true],"medium_large":["https:\/\/grupoaaa.es\/wp-content\/uploads\/2026\/03\/XLKJHG-768x768.webp",768,768,true],"large":["https:\/\/grupoaaa.es\/wp-content\/uploads\/2026\/03\/XLKJHG.webp",800,800,false],"1536x1536":["https:\/\/grupoaaa.es\/wp-content\/uploads\/2026\/03\/XLKJHG.webp",800,800,false],"2048x2048":["https:\/\/grupoaaa.es\/wp-content\/uploads\/2026\/03\/XLKJHG.webp",800,800,false],"woocommerce_thumbnail":["https:\/\/grupoaaa.es\/wp-content\/uploads\/2026\/03\/XLKJHG-300x300.webp",300,300,true],"woocommerce_single":["https:\/\/grupoaaa.es\/wp-content\/uploads\/2026\/03\/XLKJHG-600x600.webp",600,600,true],"woocommerce_gallery_thumbnail":["https:\/\/grupoaaa.es\/wp-content\/uploads\/2026\/03\/XLKJHG-100x100.webp",100,100,true]},"uagb_author_info":{"display_name":"Abid Ali Abid","author_link":"https:\/\/grupoaaa.es\/es\/author\/"},"uagb_comment_info":0,"uagb_excerpt":"FCC0060TK FILTRO CARBON CAMPANA TEKA-353121 Caracteristicas: Carb\u00f3n. \u00d8: 210 mm. \u00d7 33 mm. 1 unidades. Calidad Alternativa Codigo originales: 353121, 2859391, YY75X3687, YY76X0564, YY76X2798, YY71X9115, YY79X9066, C00042285, C00405308, 481249038018, 481281718524, 481249028002, 40458425, 75X3687, 76X0564, 76X2798, 71X9115, 79X9066, 50274626006, 50273761002, 50290913008","_links":{"self":[{"href":"https:\/\/grupoaaa.es\/es\/wp-json\/wp\/v2\/product\/9034","targetHints":{"allow":["GET"]}}],"collection":[{"href":"https:\/\/grupoaaa.es\/es\/wp-json\/wp\/v2\/product"}],"about":[{"href":"https:\/\/grupoaaa.es\/es\/wp-json\/wp\/v2\/types\/product"}],"replies":[{"embeddable":true,"href":"https:\/\/grupoaaa.es\/es\/wp-json\/wp\/v2\/comments?post=9034"}],"wp:featuredmedia":[{"embeddable":true,"href":"https:\/\/grupoaaa.es\/es\/wp-json\/wp\/v2\/media\/9037"}],"wp:attachment":[{"href":"https:\/\/grupoaaa.es\/es\/wp-json\/wp\/v2\/media?parent=9034"}],"wp:term":[{"taxonomy":"product_brand","embeddable":true,"href":"https:\/\/grupoaaa.es\/es\/wp-json\/wp\/v2\/product_brand?post=9034"},{"taxonomy":"product_cat","embeddable":true,"href":"https:\/\/grupoaaa.es\/es\/wp-json\/wp\/v2\/product_cat?post=9034"},{"taxonomy":"product_tag","embeddable":true,"href":"https:\/\/grupoaaa.es\/es\/wp-json\/wp\/v2\/product_tag?post=9034"}],"curies":[{"name":"wp","href":"https:\/\/api.w.org\/{rel}","templated":true}]}}