{"id":9028,"date":"2026-03-07T16:47:20","date_gmt":"2026-03-07T16:47:20","guid":{"rendered":"https:\/\/grupoaaa.es\/?post_type=product&#038;p=9028"},"modified":"2026-03-07T16:48:31","modified_gmt":"2026-03-07T16:48:31","slug":"fcc0058fg-filtro-carbon-campana-elica-484000008575","status":"publish","type":"product","link":"https:\/\/grupoaaa.es\/es\/producto\/fcc0058fg-filtro-carbon-campana-elica-484000008575\/","title":{"rendered":"FCC0058EC-FILTRO CARBON CAMPANA ELICA-484000008575"},"content":{"rendered":"<p>FCC0058EC<br \/>\nFILTRO CARBON CAMPANA ELICA-49019595<br \/>\nCaracteristicas: Carb\u00f3n. 210 \u00d7 227 \u00d7 30 mm. 1 unidad<br \/>\nCodigo originales: YY72X3405, YY74X3966, YY74X5612,YY74X7238, DK74X3966, C00380078, C00109899, C00090935C, C00306162, 49019595, 49008421, 484000008575, 482000038115, 72X3405, 74X3966, 74X7238, 9029800456, 4055054599, 4055060133<br \/>\nModelos:<br \/>\nAEG, ARISTON, ARTHUR MARTIN, BAUKNECHT, BRANDT, CANDY, DE DIETRICH, EDESA, ELECTROLUX, FAGOR, FAURE, HOOVER, HOTPOINT, IGNIS, INDESIT, OTSEIN, WHIRLPOOL, PROGRESS, ROSIERES, SCHOLTES, THOMSON, ZANKER, ZANUSSI, ZOPPAS, HUSQVARNA, IKEA, JUNO, KITCHENAID, NEUE, PRIVILEG, REX, SAUTER<\/p>\n","protected":false},"excerpt":{"rendered":"<p>FCC0058EC<br \/>\nFILTRO CARBON CAMPANA ELICA-49019595<br \/>\nCaracteristicas: Carb\u00f3n. 210 \u00d7 227 \u00d7 30 mm. 1 unidad<br \/>\nCodigo originales: YY72X3405, YY74X3966, YY74X5612,YY74X7238, DK74X3966, C00380078, C00109899, C00090935C, C00306162, 49019595, 49008421, 484000008575, 482000038115, 72X3405, 74X3966, 74X7238, 9029800456, 4055054599, 4055060133<\/p>\n","protected":false},"featured_media":9029,"comment_status":"open","ping_status":"closed","template":"","meta":{"_uag_custom_page_level_css":"","site-sidebar-layout":"default","site-content-layout":"","ast-site-content-layout":"default","site-content-style":"default","site-sidebar-style":"default","ast-global-header-display":"","ast-banner-title-visibility":"","ast-main-header-display":"","ast-hfb-above-header-display":"","ast-hfb-below-header-display":"","ast-hfb-mobile-header-display":"","site-post-title":"","ast-breadcrumbs-content":"","ast-featured-img":"","footer-sml-layout":"","ast-disable-related-posts":"","theme-transparent-header-meta":"default","adv-header-id-meta":"","stick-header-meta":"","header-above-stick-meta":"","header-main-stick-meta":"","header-below-stick-meta":"","astra-migrate-meta-layouts":"set","ast-page-background-enabled":"default","ast-page-background-meta":{"desktop":{"background-color":"","background-image":"","background-repeat":"repeat","background-position":"center center","background-size":"auto","background-attachment":"scroll","background-type":"","background-media":"","overlay-type":"","overlay-color":"","overlay-opacity":"","overlay-gradient":""},"tablet":{"background-color":"","background-image":"","background-repeat":"repeat","background-position":"center center","background-size":"auto","background-attachment":"scroll","background-type":"","background-media":"","overlay-type":"","overlay-color":"","overlay-opacity":"","overlay-gradient":""},"mobile":{"background-color":"","background-image":"","background-repeat":"repeat","background-position":"center center","background-size":"auto","background-attachment":"scroll","background-type":"","background-media":"","overlay-type":"","overlay-color":"","overlay-opacity":"","overlay-gradient":""}},"ast-content-background-meta":{"desktop":{"background-color":"var(--ast-global-color-4)","background-image":"","background-repeat":"repeat","background-position":"center center","background-size":"auto","background-attachment":"scroll","background-type":"","background-media":"","overlay-type":"","overlay-color":"","overlay-opacity":"","overlay-gradient":""},"tablet":{"background-color":"var(--ast-global-color-4)","background-image":"","background-repeat":"repeat","background-position":"center center","background-size":"auto","background-attachment":"scroll","background-type":"","background-media":"","overlay-type":"","overlay-color":"","overlay-opacity":"","overlay-gradient":""},"mobile":{"background-color":"var(--ast-global-color-4)","background-image":"","background-repeat":"repeat","background-position":"center center","background-size":"auto","background-attachment":"scroll","background-type":"","background-media":"","overlay-type":"","overlay-color":"","overlay-opacity":"","overlay-gradient":""}}},"product_brand":[],"product_cat":[375,373,460,391,370,388,365,366,466,471,461,386,359,427,371],"product_tag":[],"class_list":{"0":"post-9028","1":"product","2":"type-product","3":"status-publish","4":"has-post-thumbnail","6":"product_cat-aeg","7":"product_cat-ariston","8":"product_cat-bauknecht","9":"product_cat-brandt","10":"product_cat-candy","11":"product_cat-edesa","12":"product_cat-electrolux-es","13":"product_cat-fagor-es","14":"product_cat-hoover","15":"product_cat-hotpoint","16":"product_cat-ignis","17":"product_cat-otsein","18":"product_cat-repuestos-linea-blanca","19":"product_cat-repuestos-para-campanas-extractoras","20":"product_cat-whirlpool-2","21":"desktop-align-left","22":"tablet-align-left","23":"mobile-align-left","25":"first","26":"instock","27":"taxable","28":"shipping-taxable","29":"purchasable","30":"product-type-simple"},"aioseo_notices":[],"uagb_featured_image_src":{"full":["https:\/\/grupoaaa.es\/wp-content\/uploads\/2026\/03\/FC0058.webp",435,435,false],"thumbnail":["https:\/\/grupoaaa.es\/wp-content\/uploads\/2026\/03\/FC0058-150x150.webp",150,150,true],"medium":["https:\/\/grupoaaa.es\/wp-content\/uploads\/2026\/03\/FC0058-300x300.webp",300,300,true],"medium_large":["https:\/\/grupoaaa.es\/wp-content\/uploads\/2026\/03\/FC0058.webp",435,435,false],"large":["https:\/\/grupoaaa.es\/wp-content\/uploads\/2026\/03\/FC0058.webp",435,435,false],"1536x1536":["https:\/\/grupoaaa.es\/wp-content\/uploads\/2026\/03\/FC0058.webp",435,435,false],"2048x2048":["https:\/\/grupoaaa.es\/wp-content\/uploads\/2026\/03\/FC0058.webp",435,435,false],"woocommerce_thumbnail":["https:\/\/grupoaaa.es\/wp-content\/uploads\/2026\/03\/FC0058-300x300.webp",300,300,true],"woocommerce_single":["https:\/\/grupoaaa.es\/wp-content\/uploads\/2026\/03\/FC0058.webp",435,435,false],"woocommerce_gallery_thumbnail":["https:\/\/grupoaaa.es\/wp-content\/uploads\/2026\/03\/FC0058-100x100.webp",100,100,true]},"uagb_author_info":{"display_name":"Abid Ali Abid","author_link":"https:\/\/grupoaaa.es\/es\/author\/"},"uagb_comment_info":0,"uagb_excerpt":"FCC0058EC FILTRO CARBON CAMPANA ELICA-49019595 Caracteristicas: Carb\u00f3n. 210 \u00d7 227 \u00d7 30 mm. 1 unidad Codigo originales: YY72X3405, YY74X3966, YY74X5612,YY74X7238, DK74X3966, C00380078, C00109899, C00090935C, C00306162, 49019595, 49008421, 484000008575, 482000038115, 72X3405, 74X3966, 74X7238, 9029800456, 4055054599, 4055060133","_links":{"self":[{"href":"https:\/\/grupoaaa.es\/es\/wp-json\/wp\/v2\/product\/9028","targetHints":{"allow":["GET"]}}],"collection":[{"href":"https:\/\/grupoaaa.es\/es\/wp-json\/wp\/v2\/product"}],"about":[{"href":"https:\/\/grupoaaa.es\/es\/wp-json\/wp\/v2\/types\/product"}],"replies":[{"embeddable":true,"href":"https:\/\/grupoaaa.es\/es\/wp-json\/wp\/v2\/comments?post=9028"}],"wp:featuredmedia":[{"embeddable":true,"href":"https:\/\/grupoaaa.es\/es\/wp-json\/wp\/v2\/media\/9029"}],"wp:attachment":[{"href":"https:\/\/grupoaaa.es\/es\/wp-json\/wp\/v2\/media?parent=9028"}],"wp:term":[{"taxonomy":"product_brand","embeddable":true,"href":"https:\/\/grupoaaa.es\/es\/wp-json\/wp\/v2\/product_brand?post=9028"},{"taxonomy":"product_cat","embeddable":true,"href":"https:\/\/grupoaaa.es\/es\/wp-json\/wp\/v2\/product_cat?post=9028"},{"taxonomy":"product_tag","embeddable":true,"href":"https:\/\/grupoaaa.es\/es\/wp-json\/wp\/v2\/product_tag?post=9028"}],"curies":[{"name":"wp","href":"https:\/\/api.w.org\/{rel}","templated":true}]}}