{"id":9023,"date":"2026-03-07T16:08:28","date_gmt":"2026-03-07T16:08:28","guid":{"rendered":"https:\/\/grupoaaa.es\/?post_type=product&#038;p=9023"},"modified":"2026-03-07T16:08:28","modified_gmt":"2026-03-07T16:08:28","slug":"fcc0057tk-filtri-carbon-campana-teka-61801238","status":"publish","type":"product","link":"https:\/\/grupoaaa.es\/es\/producto\/fcc0057tk-filtri-carbon-campana-teka-61801238\/","title":{"rendered":"FCC0057TK-FILTRI CARBON CAMPANA TEKA-61801238"},"content":{"rendered":"<p>FCC0057TK<br \/>\nFILTRI CARBON CAMPANA TEKA-61801238<br \/>\nCaracteristicas: Carb\u00f3n. 80 \u00d7 200 \u00d7 25mm. 1 unidad. Calidad CE.<br \/>\nCodigo original: 61801238<br \/>\nModelo:<br \/>\nTEKA:<br \/>\nC 620 BLANCA VR01 >2012-40465502 C 620 BLANCO-40465502 C 620 INOX VR01 >2012-40465501 C 620 INOX-40465501 C 6420 BK NEGRA VR01-40465532 C 6420 BK NEGRA VR02-40465532 C 6420 BK NEGRA-40465532 C 6420 INOX VR01-40465530 C 6420 INOX VR02-40465530 C 6420 INOX-40465530 C 6420 WH BLANCA VR01-40465531 C 6420 WH BLANCA VR02-40465531 C 6420 WH BLANCA-40465531 C 9420 INOX VR01-40466250 C 9420 INOX VR02-40466250 C 9420 INOX-40466250 C-620 C-6420 C-6420-WH-BLANCA-40465531 C620 C620 CLASSIC C620BLANCA C620BLANCAVR01-40465502 C620BLANCO C620BLANCO-40465502 C620GRIS C620GRIS-40465504 C620GRISVR01-40465504 C620INOX C620INOX-40465501 C620INOXVR01-40465501 C620INOXVR01-40465505 C620INOXVR01-40465510 C620MARRON C620MARRON-40465503 C620NEGRAVR01-40465508 C620NEGRO-40465508 C6420 C6420BKNEGRA C6420INOX C6420WHBLANCA C902INOX C920BLANCA C920COLOR C920INOX C920NEGRA C9420INOX MC32BIS VR.02 TUB62BLANCA TUB62INOX<\/p>\n","protected":false},"excerpt":{"rendered":"<p>FCC0057TK<br \/>\nFILTRI CARBON CAMPANA TEKA-61801238<br \/>\nCaracteristicas: Carb\u00f3n. 80 \u00d7 200 \u00d7 25mm. 1 unidad. Calidad CE.<br \/>\nCodigo original: 61801238<\/p>\n","protected":false},"featured_media":9024,"comment_status":"open","ping_status":"closed","template":"","meta":{"_uag_custom_page_level_css":"","site-sidebar-layout":"default","site-content-layout":"","ast-site-content-layout":"default","site-content-style":"default","site-sidebar-style":"default","ast-global-header-display":"","ast-banner-title-visibility":"","ast-main-header-display":"","ast-hfb-above-header-display":"","ast-hfb-below-header-display":"","ast-hfb-mobile-header-display":"","site-post-title":"","ast-breadcrumbs-content":"","ast-featured-img":"","footer-sml-layout":"","ast-disable-related-posts":"","theme-transparent-header-meta":"default","adv-header-id-meta":"","stick-header-meta":"","header-above-stick-meta":"","header-main-stick-meta":"","header-below-stick-meta":"","astra-migrate-meta-layouts":"set","ast-page-background-enabled":"default","ast-page-background-meta":{"desktop":{"background-color":"","background-image":"","background-repeat":"repeat","background-position":"center center","background-size":"auto","background-attachment":"scroll","background-type":"","background-media":"","overlay-type":"","overlay-color":"","overlay-opacity":"","overlay-gradient":""},"tablet":{"background-color":"","background-image":"","background-repeat":"repeat","background-position":"center center","background-size":"auto","background-attachment":"scroll","background-type":"","background-media":"","overlay-type":"","overlay-color":"","overlay-opacity":"","overlay-gradient":""},"mobile":{"background-color":"","background-image":"","background-repeat":"repeat","background-position":"center center","background-size":"auto","background-attachment":"scroll","background-type":"","background-media":"","overlay-type":"","overlay-color":"","overlay-opacity":"","overlay-gradient":""}},"ast-content-background-meta":{"desktop":{"background-color":"var(--ast-global-color-4)","background-image":"","background-repeat":"repeat","background-position":"center center","background-size":"auto","background-attachment":"scroll","background-type":"","background-media":"","overlay-type":"","overlay-color":"","overlay-opacity":"","overlay-gradient":""},"tablet":{"background-color":"var(--ast-global-color-4)","background-image":"","background-repeat":"repeat","background-position":"center center","background-size":"auto","background-attachment":"scroll","background-type":"","background-media":"","overlay-type":"","overlay-color":"","overlay-opacity":"","overlay-gradient":""},"mobile":{"background-color":"var(--ast-global-color-4)","background-image":"","background-repeat":"repeat","background-position":"center center","background-size":"auto","background-attachment":"scroll","background-type":"","background-media":"","overlay-type":"","overlay-color":"","overlay-opacity":"","overlay-gradient":""}}},"product_brand":[],"product_cat":[359,427,378],"product_tag":[],"class_list":{"0":"post-9023","1":"product","2":"type-product","3":"status-publish","4":"has-post-thumbnail","6":"product_cat-repuestos-linea-blanca","7":"product_cat-repuestos-para-campanas-extractoras","8":"product_cat-teka","9":"desktop-align-left","10":"tablet-align-left","11":"mobile-align-left","13":"first","14":"instock","15":"taxable","16":"shipping-taxable","17":"purchasable","18":"product-type-simple"},"aioseo_notices":[],"uagb_featured_image_src":{"full":["https:\/\/grupoaaa.es\/wp-content\/uploads\/2026\/03\/fc57.jpg",1200,1200,false],"thumbnail":["https:\/\/grupoaaa.es\/wp-content\/uploads\/2026\/03\/fc57-150x150.jpg",150,150,true],"medium":["https:\/\/grupoaaa.es\/wp-content\/uploads\/2026\/03\/fc57-300x300.jpg",300,300,true],"medium_large":["https:\/\/grupoaaa.es\/wp-content\/uploads\/2026\/03\/fc57-768x768.jpg",768,768,true],"large":["https:\/\/grupoaaa.es\/wp-content\/uploads\/2026\/03\/fc57-1024x1024.jpg",1024,1024,true],"1536x1536":["https:\/\/grupoaaa.es\/wp-content\/uploads\/2026\/03\/fc57.jpg",1200,1200,false],"2048x2048":["https:\/\/grupoaaa.es\/wp-content\/uploads\/2026\/03\/fc57.jpg",1200,1200,false],"woocommerce_thumbnail":["https:\/\/grupoaaa.es\/wp-content\/uploads\/2026\/03\/fc57-300x300.jpg",300,300,true],"woocommerce_single":["https:\/\/grupoaaa.es\/wp-content\/uploads\/2026\/03\/fc57-600x600.jpg",600,600,true],"woocommerce_gallery_thumbnail":["https:\/\/grupoaaa.es\/wp-content\/uploads\/2026\/03\/fc57-100x100.jpg",100,100,true]},"uagb_author_info":{"display_name":"Abid Ali Abid","author_link":"https:\/\/grupoaaa.es\/es\/author\/"},"uagb_comment_info":0,"uagb_excerpt":"FCC0057TK FILTRI CARBON CAMPANA TEKA-61801238 Caracteristicas: Carb\u00f3n. 80 \u00d7 200 \u00d7 25mm. 1 unidad. Calidad CE. Codigo original: 61801238","_links":{"self":[{"href":"https:\/\/grupoaaa.es\/es\/wp-json\/wp\/v2\/product\/9023","targetHints":{"allow":["GET"]}}],"collection":[{"href":"https:\/\/grupoaaa.es\/es\/wp-json\/wp\/v2\/product"}],"about":[{"href":"https:\/\/grupoaaa.es\/es\/wp-json\/wp\/v2\/types\/product"}],"replies":[{"embeddable":true,"href":"https:\/\/grupoaaa.es\/es\/wp-json\/wp\/v2\/comments?post=9023"}],"wp:featuredmedia":[{"embeddable":true,"href":"https:\/\/grupoaaa.es\/es\/wp-json\/wp\/v2\/media\/9024"}],"wp:attachment":[{"href":"https:\/\/grupoaaa.es\/es\/wp-json\/wp\/v2\/media?parent=9023"}],"wp:term":[{"taxonomy":"product_brand","embeddable":true,"href":"https:\/\/grupoaaa.es\/es\/wp-json\/wp\/v2\/product_brand?post=9023"},{"taxonomy":"product_cat","embeddable":true,"href":"https:\/\/grupoaaa.es\/es\/wp-json\/wp\/v2\/product_cat?post=9023"},{"taxonomy":"product_tag","embeddable":true,"href":"https:\/\/grupoaaa.es\/es\/wp-json\/wp\/v2\/product_tag?post=9023"}],"curies":[{"name":"wp","href":"https:\/\/api.w.org\/{rel}","templated":true}]}}