{"id":9016,"date":"2026-03-07T15:31:09","date_gmt":"2026-03-07T15:31:09","guid":{"rendered":"https:\/\/grupoaaa.es\/?post_type=product&#038;p=9016"},"modified":"2026-03-07T15:49:27","modified_gmt":"2026-03-07T15:49:27","slug":"fcc0056tk-filtro-carbon-campana-teka-61801232","status":"publish","type":"product","link":"https:\/\/grupoaaa.es\/es\/producto\/fcc0056tk-filtro-carbon-campana-teka-61801232\/","title":{"rendered":"FCC0056TK-FILTRO CARB\u00d3N CAMPANA TEKA-61801232"},"content":{"rendered":"<p>FCC0056TK<br \/>\nFILTRO CARB\u00d3N CAMPANA TEKA-61801232<br \/>\nCaracteristicas: Carb\u00f3n. \u00d8:178 \u00d7 43 mm. 1 unidad. Calidad CE.<br \/>\nCodigo original: 61801232<br \/>\nModelo:<br \/>\nTEKA:<br \/>\n1-2002 40446202GF2 C601 C601BLANCO C601INOX C602 C602INOX C620 C761 C901 C901INOX CE60 CNL-1000 CNL1 CNL1-1001 CNL1-2002 CNL1000 CNL1001 CNL11001BLANCA CNL11001INOX CNL11001NEGRA CNL12002 CNL12002BLANCA CNL12002INOX CNL12002NEGRA CNL2000 CNL2000-3 CNL20003 CNL2002 CNL21001INOX CNL22002BLANCO CNL22002INOX CNL22002NEGRO CNL3-2002 CNL3-2002COLORBLANCA CNL31001SINOX CNL31001WBLANCA CNL32002BNEGRA CNL32002SINOX CNL32002WBLANCA CNL6400 CNL6400BKNEGRA CNL6400INOX CNL6400WHBLANCA CNL900INOX GF-2 GF1BLANCO GF1INOX GF1MARRON GF1NEGRA GF2 GF240446202 GF2BLANCO GF2INOX GF2MARRON GF2NEGRA GF2NEGRO LB1000E LB6441E NR-XT89 NR89 NR891 NRXT89 TL-62 TL2000 TL2000BLANCA TL2000GRIS TL2000INOX TL6420INOX TL6420WHBLANCA TL740 TL7420INOX TUB60 TUB60BLANCA TUB60GRISPLATA TUB60INOX TUB62 XT1891BLANCA XT1892BLANCA XT89<br \/>\nTHOR:<br \/>\nTC60 TC62 TCT64BLANCA TCT64INOX<\/p>\n","protected":false},"excerpt":{"rendered":"<p>FCC0056TK<br \/>\nFILTRO CARB\u00d3N CAMPANA TEKA-61801232<br \/>\nCaracteristicas: Carb\u00f3n. \u00d8:178 \u00d7 43 mm. 1 unidad. Calidad CE.<br \/>\nCodigo original: 61801232<\/p>\n","protected":false},"featured_media":9019,"comment_status":"open","ping_status":"closed","template":"","meta":{"_uag_custom_page_level_css":"","site-sidebar-layout":"default","site-content-layout":"","ast-site-content-layout":"default","site-content-style":"default","site-sidebar-style":"default","ast-global-header-display":"","ast-banner-title-visibility":"","ast-main-header-display":"","ast-hfb-above-header-display":"","ast-hfb-below-header-display":"","ast-hfb-mobile-header-display":"","site-post-title":"","ast-breadcrumbs-content":"","ast-featured-img":"","footer-sml-layout":"","ast-disable-related-posts":"","theme-transparent-header-meta":"default","adv-header-id-meta":"","stick-header-meta":"","header-above-stick-meta":"","header-main-stick-meta":"","header-below-stick-meta":"","astra-migrate-meta-layouts":"set","ast-page-background-enabled":"default","ast-page-background-meta":{"desktop":{"background-color":"","background-image":"","background-repeat":"repeat","background-position":"center center","background-size":"auto","background-attachment":"scroll","background-type":"","background-media":"","overlay-type":"","overlay-color":"","overlay-opacity":"","overlay-gradient":""},"tablet":{"background-color":"","background-image":"","background-repeat":"repeat","background-position":"center center","background-size":"auto","background-attachment":"scroll","background-type":"","background-media":"","overlay-type":"","overlay-color":"","overlay-opacity":"","overlay-gradient":""},"mobile":{"background-color":"","background-image":"","background-repeat":"repeat","background-position":"center center","background-size":"auto","background-attachment":"scroll","background-type":"","background-media":"","overlay-type":"","overlay-color":"","overlay-opacity":"","overlay-gradient":""}},"ast-content-background-meta":{"desktop":{"background-color":"var(--ast-global-color-4)","background-image":"","background-repeat":"repeat","background-position":"center center","background-size":"auto","background-attachment":"scroll","background-type":"","background-media":"","overlay-type":"","overlay-color":"","overlay-opacity":"","overlay-gradient":""},"tablet":{"background-color":"var(--ast-global-color-4)","background-image":"","background-repeat":"repeat","background-position":"center center","background-size":"auto","background-attachment":"scroll","background-type":"","background-media":"","overlay-type":"","overlay-color":"","overlay-opacity":"","overlay-gradient":""},"mobile":{"background-color":"var(--ast-global-color-4)","background-image":"","background-repeat":"repeat","background-position":"center center","background-size":"auto","background-attachment":"scroll","background-type":"","background-media":"","overlay-type":"","overlay-color":"","overlay-opacity":"","overlay-gradient":""}}},"product_brand":[],"product_cat":[359,427,378,508],"product_tag":[],"class_list":{"0":"post-9016","1":"product","2":"type-product","3":"status-publish","4":"has-post-thumbnail","6":"product_cat-repuestos-linea-blanca","7":"product_cat-repuestos-para-campanas-extractoras","8":"product_cat-teka","9":"product_cat-thor","10":"desktop-align-left","11":"tablet-align-left","12":"mobile-align-left","14":"first","15":"instock","16":"taxable","17":"shipping-taxable","18":"purchasable","19":"product-type-simple"},"aioseo_notices":[],"uagb_featured_image_src":{"full":["https:\/\/grupoaaa.es\/wp-content\/uploads\/2026\/03\/fcc0056.webp",500,500,false],"thumbnail":["https:\/\/grupoaaa.es\/wp-content\/uploads\/2026\/03\/fcc0056-150x150.webp",150,150,true],"medium":["https:\/\/grupoaaa.es\/wp-content\/uploads\/2026\/03\/fcc0056-300x300.webp",300,300,true],"medium_large":["https:\/\/grupoaaa.es\/wp-content\/uploads\/2026\/03\/fcc0056.webp",500,500,false],"large":["https:\/\/grupoaaa.es\/wp-content\/uploads\/2026\/03\/fcc0056.webp",500,500,false],"1536x1536":["https:\/\/grupoaaa.es\/wp-content\/uploads\/2026\/03\/fcc0056.webp",500,500,false],"2048x2048":["https:\/\/grupoaaa.es\/wp-content\/uploads\/2026\/03\/fcc0056.webp",500,500,false],"woocommerce_thumbnail":["https:\/\/grupoaaa.es\/wp-content\/uploads\/2026\/03\/fcc0056-300x300.webp",300,300,true],"woocommerce_single":["https:\/\/grupoaaa.es\/wp-content\/uploads\/2026\/03\/fcc0056.webp",500,500,false],"woocommerce_gallery_thumbnail":["https:\/\/grupoaaa.es\/wp-content\/uploads\/2026\/03\/fcc0056-100x100.webp",100,100,true]},"uagb_author_info":{"display_name":"Abid Ali Abid","author_link":"https:\/\/grupoaaa.es\/es\/author\/"},"uagb_comment_info":0,"uagb_excerpt":"FCC0056TK FILTRO CARB\u00d3N CAMPANA TEKA-61801232 Caracteristicas: Carb\u00f3n. \u00d8:178 \u00d7 43 mm. 1 unidad. Calidad CE. Codigo original: 61801232","_links":{"self":[{"href":"https:\/\/grupoaaa.es\/es\/wp-json\/wp\/v2\/product\/9016","targetHints":{"allow":["GET"]}}],"collection":[{"href":"https:\/\/grupoaaa.es\/es\/wp-json\/wp\/v2\/product"}],"about":[{"href":"https:\/\/grupoaaa.es\/es\/wp-json\/wp\/v2\/types\/product"}],"replies":[{"embeddable":true,"href":"https:\/\/grupoaaa.es\/es\/wp-json\/wp\/v2\/comments?post=9016"}],"wp:featuredmedia":[{"embeddable":true,"href":"https:\/\/grupoaaa.es\/es\/wp-json\/wp\/v2\/media\/9019"}],"wp:attachment":[{"href":"https:\/\/grupoaaa.es\/es\/wp-json\/wp\/v2\/media?parent=9016"}],"wp:term":[{"taxonomy":"product_brand","embeddable":true,"href":"https:\/\/grupoaaa.es\/es\/wp-json\/wp\/v2\/product_brand?post=9016"},{"taxonomy":"product_cat","embeddable":true,"href":"https:\/\/grupoaaa.es\/es\/wp-json\/wp\/v2\/product_cat?post=9016"},{"taxonomy":"product_tag","embeddable":true,"href":"https:\/\/grupoaaa.es\/es\/wp-json\/wp\/v2\/product_tag?post=9016"}],"curies":[{"name":"wp","href":"https:\/\/api.w.org\/{rel}","templated":true}]}}