{"id":8920,"date":"2026-03-05T09:09:31","date_gmt":"2026-03-05T09:09:31","guid":{"rendered":"https:\/\/grupoaaa.es\/?post_type=product&#038;p=8920"},"modified":"2026-03-05T09:09:32","modified_gmt":"2026-03-05T09:09:32","slug":"fc0034tk-filtro-campana-teka-81460190","status":"publish","type":"product","link":"https:\/\/grupoaaa.es\/es\/producto\/fc0034tk-filtro-campana-teka-81460190\/","title":{"rendered":"FC0034TK-FILTRO CAMPANA TEKA-81460190"},"content":{"rendered":"<p>FC0034TK<br \/>\nFILTRO CAMPANA TEKA-81460190<br \/>\nCaracter\u00edsticas: Met\u00e1lico. 283.5 \u00d7 344.5 mm. 1 unidad. 1 maneta. Campanas de 90 cm. Con patr\u00f3n rejilla rectangular. Lado opuesto: 85 \/ 95 mm. Enganche 10 mm. Lado cierre: 110 \/ 45 mm. Enganche: 7 mm. Calidad CE.<br \/>\nc\u00f3digo original: 81460190<br \/>\nModelo:<br \/>\nTEKA:<br \/>\nDBP 90 INOX PRO (EEC-EU) DBP 90 PRO INOX DBP-90 PRO DBP-90 PRO INOX DBP-90PROINOX-VR02-40460529 DBP90 DBP90 INOX DBP90PROINOX DBP90PROINOX-40460520 DBP90PROINOXEECEU DVP-190 PRO<\/p>\n","protected":false},"excerpt":{"rendered":"<p>FC0034TK<br \/>\nFILTRO CAMPANA TEKA-81460190<br \/>\nCaracter\u00edsticas: Met\u00e1lico. 283.5 \u00d7 344.5 mm. 1 unidad. 1 maneta. Campanas de 90 cm. Con patr\u00f3n rejilla rectangular. Lado opuesto: 85 \/ 95 mm. Enganche 10 mm. Lado cierre: 110 \/ 45 mm. Enganche: 7 mm. Calidad CE.<br \/>\nc\u00f3digo original: 81460190<\/p>\n","protected":false},"featured_media":8921,"comment_status":"open","ping_status":"closed","template":"","meta":{"_uag_custom_page_level_css":"","site-sidebar-layout":"default","site-content-layout":"","ast-site-content-layout":"default","site-content-style":"default","site-sidebar-style":"default","ast-global-header-display":"","ast-banner-title-visibility":"","ast-main-header-display":"","ast-hfb-above-header-display":"","ast-hfb-below-header-display":"","ast-hfb-mobile-header-display":"","site-post-title":"","ast-breadcrumbs-content":"","ast-featured-img":"","footer-sml-layout":"","ast-disable-related-posts":"","theme-transparent-header-meta":"default","adv-header-id-meta":"","stick-header-meta":"","header-above-stick-meta":"","header-main-stick-meta":"","header-below-stick-meta":"","astra-migrate-meta-layouts":"set","ast-page-background-enabled":"default","ast-page-background-meta":{"desktop":{"background-color":"","background-image":"","background-repeat":"repeat","background-position":"center center","background-size":"auto","background-attachment":"scroll","background-type":"","background-media":"","overlay-type":"","overlay-color":"","overlay-opacity":"","overlay-gradient":""},"tablet":{"background-color":"","background-image":"","background-repeat":"repeat","background-position":"center center","background-size":"auto","background-attachment":"scroll","background-type":"","background-media":"","overlay-type":"","overlay-color":"","overlay-opacity":"","overlay-gradient":""},"mobile":{"background-color":"","background-image":"","background-repeat":"repeat","background-position":"center center","background-size":"auto","background-attachment":"scroll","background-type":"","background-media":"","overlay-type":"","overlay-color":"","overlay-opacity":"","overlay-gradient":""}},"ast-content-background-meta":{"desktop":{"background-color":"var(--ast-global-color-4)","background-image":"","background-repeat":"repeat","background-position":"center center","background-size":"auto","background-attachment":"scroll","background-type":"","background-media":"","overlay-type":"","overlay-color":"","overlay-opacity":"","overlay-gradient":""},"tablet":{"background-color":"var(--ast-global-color-4)","background-image":"","background-repeat":"repeat","background-position":"center center","background-size":"auto","background-attachment":"scroll","background-type":"","background-media":"","overlay-type":"","overlay-color":"","overlay-opacity":"","overlay-gradient":""},"mobile":{"background-color":"var(--ast-global-color-4)","background-image":"","background-repeat":"repeat","background-position":"center center","background-size":"auto","background-attachment":"scroll","background-type":"","background-media":"","overlay-type":"","overlay-color":"","overlay-opacity":"","overlay-gradient":""}}},"product_brand":[],"product_cat":[359,427,378],"product_tag":[],"class_list":{"0":"post-8920","1":"product","2":"type-product","3":"status-publish","4":"has-post-thumbnail","6":"product_cat-repuestos-linea-blanca","7":"product_cat-repuestos-para-campanas-extractoras","8":"product_cat-teka","9":"desktop-align-left","10":"tablet-align-left","11":"mobile-align-left","13":"first","14":"instock","15":"taxable","16":"shipping-taxable","17":"purchasable","18":"product-type-simple"},"aioseo_notices":[],"uagb_featured_image_src":{"full":["https:\/\/grupoaaa.es\/wp-content\/uploads\/2026\/03\/fc0034.webp",1470,1469,false],"thumbnail":["https:\/\/grupoaaa.es\/wp-content\/uploads\/2026\/03\/fc0034-150x150.webp",150,150,true],"medium":["https:\/\/grupoaaa.es\/wp-content\/uploads\/2026\/03\/fc0034-300x300.webp",300,300,true],"medium_large":["https:\/\/grupoaaa.es\/wp-content\/uploads\/2026\/03\/fc0034-768x767.webp",768,767,true],"large":["https:\/\/grupoaaa.es\/wp-content\/uploads\/2026\/03\/fc0034-1024x1024.webp",1024,1024,true],"1536x1536":["https:\/\/grupoaaa.es\/wp-content\/uploads\/2026\/03\/fc0034.webp",1470,1469,false],"2048x2048":["https:\/\/grupoaaa.es\/wp-content\/uploads\/2026\/03\/fc0034.webp",1470,1469,false],"woocommerce_thumbnail":["https:\/\/grupoaaa.es\/wp-content\/uploads\/2026\/03\/fc0034-300x300.webp",300,300,true],"woocommerce_single":["https:\/\/grupoaaa.es\/wp-content\/uploads\/2026\/03\/fc0034-600x600.webp",600,600,true],"woocommerce_gallery_thumbnail":["https:\/\/grupoaaa.es\/wp-content\/uploads\/2026\/03\/fc0034-100x100.webp",100,100,true]},"uagb_author_info":{"display_name":"Abid Ali Abid","author_link":"https:\/\/grupoaaa.es\/es\/author\/"},"uagb_comment_info":0,"uagb_excerpt":"FC0034TK FILTRO CAMPANA TEKA-81460190 Caracter\u00edsticas: Met\u00e1lico. 283.5 \u00d7 344.5 mm. 1 unidad. 1 maneta. Campanas de 90 cm. Con patr\u00f3n rejilla rectangular. Lado opuesto: 85 \/ 95 mm. Enganche 10 mm. Lado cierre: 110 \/ 45 mm. Enganche: 7 mm. Calidad CE. c\u00f3digo original: 81460190","_links":{"self":[{"href":"https:\/\/grupoaaa.es\/es\/wp-json\/wp\/v2\/product\/8920","targetHints":{"allow":["GET"]}}],"collection":[{"href":"https:\/\/grupoaaa.es\/es\/wp-json\/wp\/v2\/product"}],"about":[{"href":"https:\/\/grupoaaa.es\/es\/wp-json\/wp\/v2\/types\/product"}],"replies":[{"embeddable":true,"href":"https:\/\/grupoaaa.es\/es\/wp-json\/wp\/v2\/comments?post=8920"}],"wp:featuredmedia":[{"embeddable":true,"href":"https:\/\/grupoaaa.es\/es\/wp-json\/wp\/v2\/media\/8921"}],"wp:attachment":[{"href":"https:\/\/grupoaaa.es\/es\/wp-json\/wp\/v2\/media?parent=8920"}],"wp:term":[{"taxonomy":"product_brand","embeddable":true,"href":"https:\/\/grupoaaa.es\/es\/wp-json\/wp\/v2\/product_brand?post=8920"},{"taxonomy":"product_cat","embeddable":true,"href":"https:\/\/grupoaaa.es\/es\/wp-json\/wp\/v2\/product_cat?post=8920"},{"taxonomy":"product_tag","embeddable":true,"href":"https:\/\/grupoaaa.es\/es\/wp-json\/wp\/v2\/product_tag?post=8920"}],"curies":[{"name":"wp","href":"https:\/\/api.w.org\/{rel}","templated":true}]}}