{"id":8907,"date":"2026-03-04T17:17:14","date_gmt":"2026-03-04T17:17:14","guid":{"rendered":"https:\/\/grupoaaa.es\/?post_type=product&#038;p=8907"},"modified":"2026-03-05T08:33:02","modified_gmt":"2026-03-05T08:33:02","slug":"fc0032tk-filtro-campana-teka-81484011","status":"publish","type":"product","link":"https:\/\/grupoaaa.es\/es\/producto\/fc0032tk-filtro-campana-teka-81484011\/","title":{"rendered":"FC0032TK-FILTRO CAMPANA TEKA-81484011"},"content":{"rendered":"<p>FC0032TK<br \/>\nFILTRO CAMPANA TEKA-81484011<br \/>\nCaracter\u00edsticas: Met\u00e1lico. 324 \u00d7 340 mm. 1 maneta. Lado opuesto: 105 \/ 95 mm. Enganche: 10 mm. lado cierre: 133 \/ 45 mm. Enganche: 7 mm.<br \/>\nCodigo originales:  81484011,81484040<br \/>\nModelo:<br \/>\nTEKA:<br \/>\nCMH1 70 INOX CMH1-70 INOX CMH1-70 INOXIDABLE-ENVIO ETIQUETA CMH1-70-40487770 CMH170INOX CMH70 DH-7859 DH2 717 INOX VR02-40487915 DH2-70 DH2-70 INOX DH2-70 INOXIDABLE DH2-70 VR.01 INOX DH270INOX DH270INOX110V60HZ DH270INOX110V60HZVR01 DH270INOXVR01 DH270VR01INOX DH270VR02INOX DH2717INOX DH2717INOXVR01 DH271INOX DH271INOXVR01 DH271INOXVR02-40487790 DH279INOX DH70 DH70 INOXIDABLE DH70GER DH785 DH7851 DH785INOX DHB70INOX DHX70P DHX70PINOX110V60HZ DJE70INOX DJH70INOX DSB70 DSB70VR01 DY70 DY70-2 UNIDAD NFE1 420<\/p>\n","protected":false},"excerpt":{"rendered":"<p>FC0032TK<br \/>\nFILTRO CAMPANA TEKA-81484011<br \/>\nCaracter\u00edsticas: Met\u00e1lico. 324 \u00d7 340 mm. 1 maneta. Lado opuesto: 105 \/ 95 mm. Enganche: 10 mm. lado cierre: 133 \/ 45 mm. Enganche: 7 mm.<br \/>\nCodigo originales:  81484011,81484040<\/p>\n","protected":false},"featured_media":8908,"comment_status":"open","ping_status":"closed","template":"","meta":{"_uag_custom_page_level_css":"","site-sidebar-layout":"default","site-content-layout":"","ast-site-content-layout":"default","site-content-style":"default","site-sidebar-style":"default","ast-global-header-display":"","ast-banner-title-visibility":"","ast-main-header-display":"","ast-hfb-above-header-display":"","ast-hfb-below-header-display":"","ast-hfb-mobile-header-display":"","site-post-title":"","ast-breadcrumbs-content":"","ast-featured-img":"","footer-sml-layout":"","ast-disable-related-posts":"","theme-transparent-header-meta":"default","adv-header-id-meta":"","stick-header-meta":"","header-above-stick-meta":"","header-main-stick-meta":"","header-below-stick-meta":"","astra-migrate-meta-layouts":"set","ast-page-background-enabled":"default","ast-page-background-meta":{"desktop":{"background-color":"","background-image":"","background-repeat":"repeat","background-position":"center center","background-size":"auto","background-attachment":"scroll","background-type":"","background-media":"","overlay-type":"","overlay-color":"","overlay-opacity":"","overlay-gradient":""},"tablet":{"background-color":"","background-image":"","background-repeat":"repeat","background-position":"center center","background-size":"auto","background-attachment":"scroll","background-type":"","background-media":"","overlay-type":"","overlay-color":"","overlay-opacity":"","overlay-gradient":""},"mobile":{"background-color":"","background-image":"","background-repeat":"repeat","background-position":"center center","background-size":"auto","background-attachment":"scroll","background-type":"","background-media":"","overlay-type":"","overlay-color":"","overlay-opacity":"","overlay-gradient":""}},"ast-content-background-meta":{"desktop":{"background-color":"var(--ast-global-color-4)","background-image":"","background-repeat":"repeat","background-position":"center center","background-size":"auto","background-attachment":"scroll","background-type":"","background-media":"","overlay-type":"","overlay-color":"","overlay-opacity":"","overlay-gradient":""},"tablet":{"background-color":"var(--ast-global-color-4)","background-image":"","background-repeat":"repeat","background-position":"center center","background-size":"auto","background-attachment":"scroll","background-type":"","background-media":"","overlay-type":"","overlay-color":"","overlay-opacity":"","overlay-gradient":""},"mobile":{"background-color":"var(--ast-global-color-4)","background-image":"","background-repeat":"repeat","background-position":"center center","background-size":"auto","background-attachment":"scroll","background-type":"","background-media":"","overlay-type":"","overlay-color":"","overlay-opacity":"","overlay-gradient":""}}},"product_brand":[],"product_cat":[359,427,378,508],"product_tag":[],"class_list":{"0":"post-8907","1":"product","2":"type-product","3":"status-publish","4":"has-post-thumbnail","6":"product_cat-repuestos-linea-blanca","7":"product_cat-repuestos-para-campanas-extractoras","8":"product_cat-teka","9":"product_cat-thor","10":"desktop-align-left","11":"tablet-align-left","12":"mobile-align-left","14":"first","15":"instock","16":"taxable","17":"shipping-taxable","18":"purchasable","19":"product-type-simple"},"aioseo_notices":[],"uagb_featured_image_src":{"full":["https:\/\/grupoaaa.es\/wp-content\/uploads\/2026\/03\/fc0032--e1772699507981.webp",479,500,false],"thumbnail":["https:\/\/grupoaaa.es\/wp-content\/uploads\/2026\/03\/fc0032--e1772699507981-150x150.webp",150,150,true],"medium":["https:\/\/grupoaaa.es\/wp-content\/uploads\/2026\/03\/fc0032--e1772699507981-287x300.webp",287,300,true],"medium_large":["https:\/\/grupoaaa.es\/wp-content\/uploads\/2026\/03\/fc0032--e1772699507981.webp",479,500,false],"large":["https:\/\/grupoaaa.es\/wp-content\/uploads\/2026\/03\/fc0032--e1772699507981.webp",479,500,false],"1536x1536":["https:\/\/grupoaaa.es\/wp-content\/uploads\/2026\/03\/fc0032--e1772699507981.webp",479,500,false],"2048x2048":["https:\/\/grupoaaa.es\/wp-content\/uploads\/2026\/03\/fc0032--e1772699507981.webp",479,500,false],"woocommerce_thumbnail":["https:\/\/grupoaaa.es\/wp-content\/uploads\/2026\/03\/fc0032--e1772699507981-300x300.webp",300,300,true],"woocommerce_single":["https:\/\/grupoaaa.es\/wp-content\/uploads\/2026\/03\/fc0032--e1772699507981.webp",479,500,false],"woocommerce_gallery_thumbnail":["https:\/\/grupoaaa.es\/wp-content\/uploads\/2026\/03\/fc0032--e1772699507981-100x100.webp",100,100,true]},"uagb_author_info":{"display_name":"Abid Ali Abid","author_link":"https:\/\/grupoaaa.es\/es\/author\/"},"uagb_comment_info":0,"uagb_excerpt":"FC0032TK FILTRO CAMPANA TEKA-81484011 Caracter\u00edsticas: Met\u00e1lico. 324 \u00d7 340 mm. 1 maneta. Lado opuesto: 105 \/ 95 mm. Enganche: 10 mm. lado cierre: 133 \/ 45 mm. Enganche: 7 mm. Codigo originales: 81484011,81484040","_links":{"self":[{"href":"https:\/\/grupoaaa.es\/es\/wp-json\/wp\/v2\/product\/8907","targetHints":{"allow":["GET"]}}],"collection":[{"href":"https:\/\/grupoaaa.es\/es\/wp-json\/wp\/v2\/product"}],"about":[{"href":"https:\/\/grupoaaa.es\/es\/wp-json\/wp\/v2\/types\/product"}],"replies":[{"embeddable":true,"href":"https:\/\/grupoaaa.es\/es\/wp-json\/wp\/v2\/comments?post=8907"}],"wp:featuredmedia":[{"embeddable":true,"href":"https:\/\/grupoaaa.es\/es\/wp-json\/wp\/v2\/media\/8908"}],"wp:attachment":[{"href":"https:\/\/grupoaaa.es\/es\/wp-json\/wp\/v2\/media?parent=8907"}],"wp:term":[{"taxonomy":"product_brand","embeddable":true,"href":"https:\/\/grupoaaa.es\/es\/wp-json\/wp\/v2\/product_brand?post=8907"},{"taxonomy":"product_cat","embeddable":true,"href":"https:\/\/grupoaaa.es\/es\/wp-json\/wp\/v2\/product_cat?post=8907"},{"taxonomy":"product_tag","embeddable":true,"href":"https:\/\/grupoaaa.es\/es\/wp-json\/wp\/v2\/product_tag?post=8907"}],"curies":[{"name":"wp","href":"https:\/\/api.w.org\/{rel}","templated":true}]}}