{"id":8891,"date":"2026-03-04T12:39:14","date_gmt":"2026-03-04T12:39:14","guid":{"rendered":"https:\/\/grupoaaa.es\/?post_type=product&#038;p=8891"},"modified":"2026-03-04T12:39:32","modified_gmt":"2026-03-04T12:39:32","slug":"fc0029el-filtro-campana-elica-ke0063700","status":"publish","type":"product","link":"https:\/\/grupoaaa.es\/es\/producto\/fc0029el-filtro-campana-elica-ke0063700\/","title":{"rendered":"FC0029EL-FILTRO CAMPANA ELICA-KE0063700"},"content":{"rendered":"<p>FC0029EL<br \/>\nFILTRO CAMPANA ELICA-KE0063700<br \/>\nCaracter\u00edsticas: Met\u00e1lico. 284 \u00d7 380 mm. 1 unidad. 1 maneta. Lado opuesto: 90 \/ 75 mm. Enganche: 14 mm. lado cierre: 112 \/ 45 mm. Enganche: 7mm. Campanas de 60 cm. Original<br \/>\nC\u00f3digo originales: KE0063700 422872 00422872 4055107017 GF03QB<br \/>\n                   C00321464 480122102174 50273708003<br \/>\nModelos:<br \/>\nEDESA:<br \/>\n1C130B932271159 1C130N932271168 1C130X932271177 1C230B932271186 1C230N932271248 1C230X932271257 ROMAN C230X ROMANC230B932271765 ROMANC230N932271756 ROMANC230X932271747<br \/>\nFAGOR:<br \/>\n1CC-130B-932110136 1CC-130N-932110207 1CC-130X-932110216 1CC130B932110136 1CC130N932110207 1CC130X932110216 932011742AF3607B AF3-607 X AF3-607-B-932011742 AF3-607B AF3-607B-932011742 AF3-607N AF3-607N-932011751 AF3-607X AF3-607X-932011760 AF3607B AF3607B932011742 AF3607N932011751 AF3607X AF3607X-932011760 AF3607X932011760 IC 230 X<br \/>\nMABE:<br \/>\nMWH3607B932470684 MWH3607N932470675 MWH3607X932470666<\/p>\n<p>Otra Marcas: ELECTROLUX ELICA FAGOR EDESA INDESIT WHIRLPOOL AEG<\/p>\n","protected":false},"excerpt":{"rendered":"<p>FC0029EL<br \/>\nFILTRO CAMPANA ELICA-KE0063700<br \/>\nCaracter\u00edsticas: Met\u00e1lico. 284 \u00d7 380 mm. 1 unidad. 1 maneta. Lado opuesto: 90 \/ 75 mm. Enganche: 14 mm. lado cierre: 112 \/ 45 mm. Enganche: 7mm. Campanas de 60 cm. Original<br \/>\nC\u00f3digo originales: KE0063700 422872 00422872 4055107017 GF03QB<br \/>\n                   C00321464 480122102174 50273708003<\/p>\n","protected":false},"featured_media":8892,"comment_status":"open","ping_status":"closed","template":"","meta":{"_uag_custom_page_level_css":"","site-sidebar-layout":"default","site-content-layout":"","ast-site-content-layout":"default","site-content-style":"default","site-sidebar-style":"default","ast-global-header-display":"","ast-banner-title-visibility":"","ast-main-header-display":"","ast-hfb-above-header-display":"","ast-hfb-below-header-display":"","ast-hfb-mobile-header-display":"","site-post-title":"","ast-breadcrumbs-content":"","ast-featured-img":"","footer-sml-layout":"","ast-disable-related-posts":"","theme-transparent-header-meta":"default","adv-header-id-meta":"","stick-header-meta":"","header-above-stick-meta":"","header-main-stick-meta":"","header-below-stick-meta":"","astra-migrate-meta-layouts":"set","ast-page-background-enabled":"default","ast-page-background-meta":{"desktop":{"background-color":"","background-image":"","background-repeat":"repeat","background-position":"center center","background-size":"auto","background-attachment":"scroll","background-type":"","background-media":"","overlay-type":"","overlay-color":"","overlay-opacity":"","overlay-gradient":""},"tablet":{"background-color":"","background-image":"","background-repeat":"repeat","background-position":"center center","background-size":"auto","background-attachment":"scroll","background-type":"","background-media":"","overlay-type":"","overlay-color":"","overlay-opacity":"","overlay-gradient":""},"mobile":{"background-color":"","background-image":"","background-repeat":"repeat","background-position":"center center","background-size":"auto","background-attachment":"scroll","background-type":"","background-media":"","overlay-type":"","overlay-color":"","overlay-opacity":"","overlay-gradient":""}},"ast-content-background-meta":{"desktop":{"background-color":"var(--ast-global-color-4)","background-image":"","background-repeat":"repeat","background-position":"center center","background-size":"auto","background-attachment":"scroll","background-type":"","background-media":"","overlay-type":"","overlay-color":"","overlay-opacity":"","overlay-gradient":""},"tablet":{"background-color":"var(--ast-global-color-4)","background-image":"","background-repeat":"repeat","background-position":"center center","background-size":"auto","background-attachment":"scroll","background-type":"","background-media":"","overlay-type":"","overlay-color":"","overlay-opacity":"","overlay-gradient":""},"mobile":{"background-color":"var(--ast-global-color-4)","background-image":"","background-repeat":"repeat","background-position":"center center","background-size":"auto","background-attachment":"scroll","background-type":"","background-media":"","overlay-type":"","overlay-color":"","overlay-opacity":"","overlay-gradient":""}}},"product_brand":[],"product_cat":[375,358,460,361,388,365,366,364,359,427,377,371,363],"product_tag":[],"class_list":{"0":"post-8891","1":"product","2":"type-product","3":"status-publish","4":"has-post-thumbnail","6":"product_cat-aeg","7":"product_cat-balay-es","8":"product_cat-bauknecht","9":"product_cat-bosch-es","10":"product_cat-edesa","11":"product_cat-electrolux-es","12":"product_cat-fagor-es","13":"product_cat-indesit-es","14":"product_cat-repuestos-linea-blanca","15":"product_cat-repuestos-para-campanas-extractoras","16":"product_cat-siemens","17":"product_cat-whirlpool-2","18":"product_cat-zanussi-es","19":"desktop-align-left","20":"tablet-align-left","21":"mobile-align-left","23":"first","24":"instock","25":"taxable","26":"shipping-taxable","27":"purchasable","28":"product-type-simple"},"aioseo_notices":[],"uagb_featured_image_src":{"full":["https:\/\/grupoaaa.es\/wp-content\/uploads\/2026\/03\/fc0029.webp",1200,1200,false],"thumbnail":["https:\/\/grupoaaa.es\/wp-content\/uploads\/2026\/03\/fc0029-150x150.webp",150,150,true],"medium":["https:\/\/grupoaaa.es\/wp-content\/uploads\/2026\/03\/fc0029-300x300.webp",300,300,true],"medium_large":["https:\/\/grupoaaa.es\/wp-content\/uploads\/2026\/03\/fc0029-768x768.webp",768,768,true],"large":["https:\/\/grupoaaa.es\/wp-content\/uploads\/2026\/03\/fc0029-1024x1024.webp",1024,1024,true],"1536x1536":["https:\/\/grupoaaa.es\/wp-content\/uploads\/2026\/03\/fc0029.webp",1200,1200,false],"2048x2048":["https:\/\/grupoaaa.es\/wp-content\/uploads\/2026\/03\/fc0029.webp",1200,1200,false],"woocommerce_thumbnail":["https:\/\/grupoaaa.es\/wp-content\/uploads\/2026\/03\/fc0029-300x300.webp",300,300,true],"woocommerce_single":["https:\/\/grupoaaa.es\/wp-content\/uploads\/2026\/03\/fc0029-600x600.webp",600,600,true],"woocommerce_gallery_thumbnail":["https:\/\/grupoaaa.es\/wp-content\/uploads\/2026\/03\/fc0029-100x100.webp",100,100,true]},"uagb_author_info":{"display_name":"Abid Ali Abid","author_link":"https:\/\/grupoaaa.es\/es\/author\/"},"uagb_comment_info":0,"uagb_excerpt":"FC0029EL FILTRO CAMPANA ELICA-KE0063700 Caracter\u00edsticas: Met\u00e1lico. 284 \u00d7 380 mm. 1 unidad. 1 maneta. Lado opuesto: 90 \/ 75 mm. Enganche: 14 mm. lado cierre: 112 \/ 45 mm. Enganche: 7mm. Campanas de 60 cm. Original C\u00f3digo originales: KE0063700 422872 00422872 4055107017 GF03QB C00321464 480122102174 50273708003","_links":{"self":[{"href":"https:\/\/grupoaaa.es\/es\/wp-json\/wp\/v2\/product\/8891","targetHints":{"allow":["GET"]}}],"collection":[{"href":"https:\/\/grupoaaa.es\/es\/wp-json\/wp\/v2\/product"}],"about":[{"href":"https:\/\/grupoaaa.es\/es\/wp-json\/wp\/v2\/types\/product"}],"replies":[{"embeddable":true,"href":"https:\/\/grupoaaa.es\/es\/wp-json\/wp\/v2\/comments?post=8891"}],"wp:featuredmedia":[{"embeddable":true,"href":"https:\/\/grupoaaa.es\/es\/wp-json\/wp\/v2\/media\/8892"}],"wp:attachment":[{"href":"https:\/\/grupoaaa.es\/es\/wp-json\/wp\/v2\/media?parent=8891"}],"wp:term":[{"taxonomy":"product_brand","embeddable":true,"href":"https:\/\/grupoaaa.es\/es\/wp-json\/wp\/v2\/product_brand?post=8891"},{"taxonomy":"product_cat","embeddable":true,"href":"https:\/\/grupoaaa.es\/es\/wp-json\/wp\/v2\/product_cat?post=8891"},{"taxonomy":"product_tag","embeddable":true,"href":"https:\/\/grupoaaa.es\/es\/wp-json\/wp\/v2\/product_tag?post=8891"}],"curies":[{"name":"wp","href":"https:\/\/api.w.org\/{rel}","templated":true}]}}