{"id":8883,"date":"2026-03-04T11:18:36","date_gmt":"2026-03-04T11:18:36","guid":{"rendered":"https:\/\/grupoaaa.es\/?post_type=product&#038;p=8883"},"modified":"2026-03-04T11:18:37","modified_gmt":"2026-03-04T11:18:37","slug":"fc0027tk-filtro-campana-teka-81460072","status":"publish","type":"product","link":"https:\/\/grupoaaa.es\/es\/producto\/fc0027tk-filtro-campana-teka-81460072\/","title":{"rendered":"FC0027TK-FILTRO CAMPANA TEKA-81460072"},"content":{"rendered":"<p>FC0027TK<br \/>\nFILTRO CAMPANA TEKA-81460072<br \/>\nCaracter\u00edsticas: Met\u00e1lico. 281 \u00d7370 mm. 1 maneta. Lado opuesto: 83 \/ 95 mm. Enganche: 10 mm. lado cierre: 110 \/ 45 mm. Enganche: 7 mm.<br \/>\nC\u00f3digo original: 81460072<br \/>\nModelo:<br \/>\nTEKA:<br \/>\nCMB90 DB1-90 VR.01 INOX DB1-90-BLANCA-40460017 DB1-90-BLANCA-VR01-40460017 DB1-90VR.1 INOX DB1-90VR01-DB1 DB190BLANCAVR01 DB190INOXVR01 DB190INOXVR01110V60HZ DB190NEGRAVR01 DB190Vr01Inoxidable DBE90 DBE90110V60HZ DBE90INOX2305060CKIT DBE90INOX800M3H DBE90INOXAUSTRALIA DBE90INOXEE DBR90BLANCA DBR90NEGRA DCJ917INOX DJ-90 INOX DJ90 DJ90INOX110V60HZ DJ90INOXISRAEL<br \/>\nTHOR:<br \/>\nTDE90 TDJ90INOX<\/p>\n","protected":false},"excerpt":{"rendered":"<p>FC0027TK<br \/>\nFILTRO CAMPANA TEKA-81460072<br \/>\nCaracter\u00edsticas: Met\u00e1lico. 281 \u00d7370 mm. 1 maneta. Lado opuesto: 83 \/ 95 mm. Enganche: 10 mm. lado cierre: 110 \/ 45 mm. Enganche: 7 mm.<br \/>\nC\u00f3digo original: 81460072 <\/p>\n","protected":false},"featured_media":8886,"comment_status":"open","ping_status":"closed","template":"","meta":{"_uag_custom_page_level_css":"","site-sidebar-layout":"default","site-content-layout":"","ast-site-content-layout":"default","site-content-style":"default","site-sidebar-style":"default","ast-global-header-display":"","ast-banner-title-visibility":"","ast-main-header-display":"","ast-hfb-above-header-display":"","ast-hfb-below-header-display":"","ast-hfb-mobile-header-display":"","site-post-title":"","ast-breadcrumbs-content":"","ast-featured-img":"","footer-sml-layout":"","ast-disable-related-posts":"","theme-transparent-header-meta":"default","adv-header-id-meta":"","stick-header-meta":"","header-above-stick-meta":"","header-main-stick-meta":"","header-below-stick-meta":"","astra-migrate-meta-layouts":"set","ast-page-background-enabled":"default","ast-page-background-meta":{"desktop":{"background-color":"","background-image":"","background-repeat":"repeat","background-position":"center center","background-size":"auto","background-attachment":"scroll","background-type":"","background-media":"","overlay-type":"","overlay-color":"","overlay-opacity":"","overlay-gradient":""},"tablet":{"background-color":"","background-image":"","background-repeat":"repeat","background-position":"center center","background-size":"auto","background-attachment":"scroll","background-type":"","background-media":"","overlay-type":"","overlay-color":"","overlay-opacity":"","overlay-gradient":""},"mobile":{"background-color":"","background-image":"","background-repeat":"repeat","background-position":"center center","background-size":"auto","background-attachment":"scroll","background-type":"","background-media":"","overlay-type":"","overlay-color":"","overlay-opacity":"","overlay-gradient":""}},"ast-content-background-meta":{"desktop":{"background-color":"var(--ast-global-color-4)","background-image":"","background-repeat":"repeat","background-position":"center center","background-size":"auto","background-attachment":"scroll","background-type":"","background-media":"","overlay-type":"","overlay-color":"","overlay-opacity":"","overlay-gradient":""},"tablet":{"background-color":"var(--ast-global-color-4)","background-image":"","background-repeat":"repeat","background-position":"center center","background-size":"auto","background-attachment":"scroll","background-type":"","background-media":"","overlay-type":"","overlay-color":"","overlay-opacity":"","overlay-gradient":""},"mobile":{"background-color":"var(--ast-global-color-4)","background-image":"","background-repeat":"repeat","background-position":"center center","background-size":"auto","background-attachment":"scroll","background-type":"","background-media":"","overlay-type":"","overlay-color":"","overlay-opacity":"","overlay-gradient":""}}},"product_brand":[],"product_cat":[359,427,378,508],"product_tag":[],"class_list":{"0":"post-8883","1":"product","2":"type-product","3":"status-publish","4":"has-post-thumbnail","6":"product_cat-repuestos-linea-blanca","7":"product_cat-repuestos-para-campanas-extractoras","8":"product_cat-teka","9":"product_cat-thor","10":"desktop-align-left","11":"tablet-align-left","12":"mobile-align-left","14":"first","15":"instock","16":"taxable","17":"shipping-taxable","18":"purchasable","19":"product-type-simple"},"aioseo_notices":[],"uagb_featured_image_src":{"full":["https:\/\/grupoaaa.es\/wp-content\/uploads\/2026\/03\/FC0027.webp",1200,1202,false],"thumbnail":["https:\/\/grupoaaa.es\/wp-content\/uploads\/2026\/03\/FC0027-150x150.webp",150,150,true],"medium":["https:\/\/grupoaaa.es\/wp-content\/uploads\/2026\/03\/FC0027-300x300.webp",300,300,true],"medium_large":["https:\/\/grupoaaa.es\/wp-content\/uploads\/2026\/03\/FC0027-768x769.webp",768,769,true],"large":["https:\/\/grupoaaa.es\/wp-content\/uploads\/2026\/03\/FC0027-1022x1024.webp",1022,1024,true],"1536x1536":["https:\/\/grupoaaa.es\/wp-content\/uploads\/2026\/03\/FC0027.webp",1200,1202,false],"2048x2048":["https:\/\/grupoaaa.es\/wp-content\/uploads\/2026\/03\/FC0027.webp",1200,1202,false],"woocommerce_thumbnail":["https:\/\/grupoaaa.es\/wp-content\/uploads\/2026\/03\/FC0027-300x300.webp",300,300,true],"woocommerce_single":["https:\/\/grupoaaa.es\/wp-content\/uploads\/2026\/03\/FC0027-600x601.webp",600,601,true],"woocommerce_gallery_thumbnail":["https:\/\/grupoaaa.es\/wp-content\/uploads\/2026\/03\/FC0027-100x100.webp",100,100,true]},"uagb_author_info":{"display_name":"Abid Ali Abid","author_link":"https:\/\/grupoaaa.es\/es\/author\/"},"uagb_comment_info":0,"uagb_excerpt":"FC0027TK FILTRO CAMPANA TEKA-81460072 Caracter\u00edsticas: Met\u00e1lico. 281 \u00d7370 mm. 1 maneta. Lado opuesto: 83 \/ 95 mm. Enganche: 10 mm. lado cierre: 110 \/ 45 mm. Enganche: 7 mm. C\u00f3digo original: 81460072","_links":{"self":[{"href":"https:\/\/grupoaaa.es\/es\/wp-json\/wp\/v2\/product\/8883","targetHints":{"allow":["GET"]}}],"collection":[{"href":"https:\/\/grupoaaa.es\/es\/wp-json\/wp\/v2\/product"}],"about":[{"href":"https:\/\/grupoaaa.es\/es\/wp-json\/wp\/v2\/types\/product"}],"replies":[{"embeddable":true,"href":"https:\/\/grupoaaa.es\/es\/wp-json\/wp\/v2\/comments?post=8883"}],"wp:featuredmedia":[{"embeddable":true,"href":"https:\/\/grupoaaa.es\/es\/wp-json\/wp\/v2\/media\/8886"}],"wp:attachment":[{"href":"https:\/\/grupoaaa.es\/es\/wp-json\/wp\/v2\/media?parent=8883"}],"wp:term":[{"taxonomy":"product_brand","embeddable":true,"href":"https:\/\/grupoaaa.es\/es\/wp-json\/wp\/v2\/product_brand?post=8883"},{"taxonomy":"product_cat","embeddable":true,"href":"https:\/\/grupoaaa.es\/es\/wp-json\/wp\/v2\/product_cat?post=8883"},{"taxonomy":"product_tag","embeddable":true,"href":"https:\/\/grupoaaa.es\/es\/wp-json\/wp\/v2\/product_tag?post=8883"}],"curies":[{"name":"wp","href":"https:\/\/api.w.org\/{rel}","templated":true}]}}