{"id":8825,"date":"2026-03-03T17:15:38","date_gmt":"2026-03-03T17:15:38","guid":{"rendered":"https:\/\/grupoaaa.es\/?post_type=product&#038;p=8825"},"modified":"2026-03-03T19:03:49","modified_gmt":"2026-03-03T19:03:49","slug":"fc0021tk-filtro-campana-teka-81484013","status":"publish","type":"product","link":"https:\/\/grupoaaa.es\/es\/producto\/fc0021tk-filtro-campana-teka-81484013\/","title":{"rendered":"FC0021TK-FILTRO CAMPANA TEKA-81484013"},"content":{"rendered":"<p>FC0021TK<br \/>\nFILTRO CAMPANA TEKA-81484013<br \/>\nCaracter\u00edsticas: met\u00e1lico. 273 \u00d7 339 mm. 1 unidad. 1 maneta. lado opuesto: 79.5 \/ 95 mm. Enganche: 10mm. Lado cierre: 107.5 \/ 45 mm. Enganche: 7 mm. Calidad CE<br \/>\nC\u00f3digo original: 81484013<br \/>\nModelo:<br \/>\nTEKA:<br \/>\nDH2 60 VR01 DH2-60 INOX DH2-60 INOXIDABLE-10011281 E111010327KMDH2 DH2-60INOX DH2-60VR01 DH260 DH260INOX DH60 DHB60INOX DHX60P DJE60INOX PDJE60<\/p>\n","protected":false},"excerpt":{"rendered":"<p>FC0021TK<br \/>\nFILTRO CAMPANA TEKA-81484013<br \/>\nCaracter\u00edsticas: met\u00e1lico. 273 \u00d7 339 mm. 1 unidad. 1 maneta. lado opuesto: 79.5 \/ 95 mm. Enganche: 10mm. Lado cierre: 107.5 \/ 45 mm. Enganche: 7 mm. Calidad CE<br \/>\nC\u00f3digo original: 81484013<\/p>\n","protected":false},"featured_media":8843,"comment_status":"open","ping_status":"closed","template":"","meta":{"_uag_custom_page_level_css":"","site-sidebar-layout":"default","site-content-layout":"","ast-site-content-layout":"default","site-content-style":"default","site-sidebar-style":"default","ast-global-header-display":"","ast-banner-title-visibility":"","ast-main-header-display":"","ast-hfb-above-header-display":"","ast-hfb-below-header-display":"","ast-hfb-mobile-header-display":"","site-post-title":"","ast-breadcrumbs-content":"","ast-featured-img":"","footer-sml-layout":"","ast-disable-related-posts":"","theme-transparent-header-meta":"default","adv-header-id-meta":"","stick-header-meta":"","header-above-stick-meta":"","header-main-stick-meta":"","header-below-stick-meta":"","astra-migrate-meta-layouts":"set","ast-page-background-enabled":"default","ast-page-background-meta":{"desktop":{"background-color":"","background-image":"","background-repeat":"repeat","background-position":"center center","background-size":"auto","background-attachment":"scroll","background-type":"","background-media":"","overlay-type":"","overlay-color":"","overlay-opacity":"","overlay-gradient":""},"tablet":{"background-color":"","background-image":"","background-repeat":"repeat","background-position":"center center","background-size":"auto","background-attachment":"scroll","background-type":"","background-media":"","overlay-type":"","overlay-color":"","overlay-opacity":"","overlay-gradient":""},"mobile":{"background-color":"","background-image":"","background-repeat":"repeat","background-position":"center center","background-size":"auto","background-attachment":"scroll","background-type":"","background-media":"","overlay-type":"","overlay-color":"","overlay-opacity":"","overlay-gradient":""}},"ast-content-background-meta":{"desktop":{"background-color":"var(--ast-global-color-4)","background-image":"","background-repeat":"repeat","background-position":"center center","background-size":"auto","background-attachment":"scroll","background-type":"","background-media":"","overlay-type":"","overlay-color":"","overlay-opacity":"","overlay-gradient":""},"tablet":{"background-color":"var(--ast-global-color-4)","background-image":"","background-repeat":"repeat","background-position":"center center","background-size":"auto","background-attachment":"scroll","background-type":"","background-media":"","overlay-type":"","overlay-color":"","overlay-opacity":"","overlay-gradient":""},"mobile":{"background-color":"var(--ast-global-color-4)","background-image":"","background-repeat":"repeat","background-position":"center center","background-size":"auto","background-attachment":"scroll","background-type":"","background-media":"","overlay-type":"","overlay-color":"","overlay-opacity":"","overlay-gradient":""}}},"product_brand":[],"product_cat":[359,427,378],"product_tag":[],"class_list":{"0":"post-8825","1":"product","2":"type-product","3":"status-publish","4":"has-post-thumbnail","6":"product_cat-repuestos-linea-blanca","7":"product_cat-repuestos-para-campanas-extractoras","8":"product_cat-teka","9":"desktop-align-left","10":"tablet-align-left","11":"mobile-align-left","13":"first","14":"instock","15":"taxable","16":"shipping-taxable","17":"purchasable","18":"product-type-simple"},"aioseo_notices":[],"uagb_featured_image_src":{"full":["https:\/\/grupoaaa.es\/wp-content\/uploads\/2026\/03\/Remove-background-project-2026-03-03T200255.298.png",1341,1600,false],"thumbnail":["https:\/\/grupoaaa.es\/wp-content\/uploads\/2026\/03\/Remove-background-project-2026-03-03T200255.298-150x150.png",150,150,true],"medium":["https:\/\/grupoaaa.es\/wp-content\/uploads\/2026\/03\/Remove-background-project-2026-03-03T200255.298-251x300.png",251,300,true],"medium_large":["https:\/\/grupoaaa.es\/wp-content\/uploads\/2026\/03\/Remove-background-project-2026-03-03T200255.298-768x916.png",768,916,true],"large":["https:\/\/grupoaaa.es\/wp-content\/uploads\/2026\/03\/Remove-background-project-2026-03-03T200255.298-858x1024.png",858,1024,true],"1536x1536":["https:\/\/grupoaaa.es\/wp-content\/uploads\/2026\/03\/Remove-background-project-2026-03-03T200255.298-1287x1536.png",1287,1536,true],"2048x2048":["https:\/\/grupoaaa.es\/wp-content\/uploads\/2026\/03\/Remove-background-project-2026-03-03T200255.298.png",1341,1600,false],"woocommerce_thumbnail":["https:\/\/grupoaaa.es\/wp-content\/uploads\/2026\/03\/Remove-background-project-2026-03-03T200255.298-300x300.png",300,300,true],"woocommerce_single":["https:\/\/grupoaaa.es\/wp-content\/uploads\/2026\/03\/Remove-background-project-2026-03-03T200255.298-600x716.png",600,716,true],"woocommerce_gallery_thumbnail":["https:\/\/grupoaaa.es\/wp-content\/uploads\/2026\/03\/Remove-background-project-2026-03-03T200255.298-100x100.png",100,100,true]},"uagb_author_info":{"display_name":"Abid Ali Abid","author_link":"https:\/\/grupoaaa.es\/es\/author\/"},"uagb_comment_info":0,"uagb_excerpt":"FC0021TK FILTRO CAMPANA TEKA-81484013 Caracter\u00edsticas: met\u00e1lico. 273 \u00d7 339 mm. 1 unidad. 1 maneta. lado opuesto: 79.5 \/ 95 mm. Enganche: 10mm. Lado cierre: 107.5 \/ 45 mm. Enganche: 7 mm. Calidad CE C\u00f3digo original: 81484013","_links":{"self":[{"href":"https:\/\/grupoaaa.es\/es\/wp-json\/wp\/v2\/product\/8825","targetHints":{"allow":["GET"]}}],"collection":[{"href":"https:\/\/grupoaaa.es\/es\/wp-json\/wp\/v2\/product"}],"about":[{"href":"https:\/\/grupoaaa.es\/es\/wp-json\/wp\/v2\/types\/product"}],"replies":[{"embeddable":true,"href":"https:\/\/grupoaaa.es\/es\/wp-json\/wp\/v2\/comments?post=8825"}],"wp:featuredmedia":[{"embeddable":true,"href":"https:\/\/grupoaaa.es\/es\/wp-json\/wp\/v2\/media\/8843"}],"wp:attachment":[{"href":"https:\/\/grupoaaa.es\/es\/wp-json\/wp\/v2\/media?parent=8825"}],"wp:term":[{"taxonomy":"product_brand","embeddable":true,"href":"https:\/\/grupoaaa.es\/es\/wp-json\/wp\/v2\/product_brand?post=8825"},{"taxonomy":"product_cat","embeddable":true,"href":"https:\/\/grupoaaa.es\/es\/wp-json\/wp\/v2\/product_cat?post=8825"},{"taxonomy":"product_tag","embeddable":true,"href":"https:\/\/grupoaaa.es\/es\/wp-json\/wp\/v2\/product_tag?post=8825"}],"curies":[{"name":"wp","href":"https:\/\/api.w.org\/{rel}","templated":true}]}}