{"id":8818,"date":"2026-03-03T16:25:11","date_gmt":"2026-03-03T16:25:11","guid":{"rendered":"https:\/\/grupoaaa.es\/?post_type=product&#038;p=8818"},"modified":"2026-03-03T19:07:59","modified_gmt":"2026-03-03T19:07:59","slug":"fc0020tk-filtro-campana-teka-81460024","status":"publish","type":"product","link":"https:\/\/grupoaaa.es\/es\/producto\/fc0020tk-filtro-campana-teka-81460024\/","title":{"rendered":"FC0020TK-FILTRO CAMPANA TEKA-81460024"},"content":{"rendered":"<p>FC0020TK<br \/>\nFILTRO CAMPANA TEKA-81460024<br \/>\nCaracter\u00edsticas: Met\u00e1lico. 280 \u00d7 350 mm. 1 unidad. Lado opuesto: 82\/96 mm. Enganche: 10 mm. lado cierre: 110\/46 mm. Enganche: 7 mm. Calidad CE<br \/>\nC\u00f3digo original: 81460024<br \/>\nModelo:<br \/>\nTEKA:<br \/>\nDB1-90 DB1-90-INOXIDABLE-40460016 DB160 DB160INOX DB190-40460016 DB190INOX<br \/>\nTHOR:<br \/>\nTDB60<\/p>\n","protected":false},"excerpt":{"rendered":"<p>FC0020TK<br \/>\nFILTRO CAMPANA TEKA-81460024<br \/>\nCaracter\u00edsticas: Met\u00e1lico. 280 \u00d7 350 mm. 1 unidad. Lado opuesto: 82\/96 mm. Enganche: 10 mm. lado cierre: 110\/46 mm. Enganche: 7 mm. Calidad CE<br \/>\nC\u00f3digo original: 81460024<\/p>\n","protected":false},"featured_media":8845,"comment_status":"open","ping_status":"closed","template":"","meta":{"_uag_custom_page_level_css":"","site-sidebar-layout":"default","site-content-layout":"","ast-site-content-layout":"default","site-content-style":"default","site-sidebar-style":"default","ast-global-header-display":"","ast-banner-title-visibility":"","ast-main-header-display":"","ast-hfb-above-header-display":"","ast-hfb-below-header-display":"","ast-hfb-mobile-header-display":"","site-post-title":"","ast-breadcrumbs-content":"","ast-featured-img":"","footer-sml-layout":"","ast-disable-related-posts":"","theme-transparent-header-meta":"default","adv-header-id-meta":"","stick-header-meta":"","header-above-stick-meta":"","header-main-stick-meta":"","header-below-stick-meta":"","astra-migrate-meta-layouts":"set","ast-page-background-enabled":"default","ast-page-background-meta":{"desktop":{"background-color":"","background-image":"","background-repeat":"repeat","background-position":"center center","background-size":"auto","background-attachment":"scroll","background-type":"","background-media":"","overlay-type":"","overlay-color":"","overlay-opacity":"","overlay-gradient":""},"tablet":{"background-color":"","background-image":"","background-repeat":"repeat","background-position":"center center","background-size":"auto","background-attachment":"scroll","background-type":"","background-media":"","overlay-type":"","overlay-color":"","overlay-opacity":"","overlay-gradient":""},"mobile":{"background-color":"","background-image":"","background-repeat":"repeat","background-position":"center center","background-size":"auto","background-attachment":"scroll","background-type":"","background-media":"","overlay-type":"","overlay-color":"","overlay-opacity":"","overlay-gradient":""}},"ast-content-background-meta":{"desktop":{"background-color":"var(--ast-global-color-4)","background-image":"","background-repeat":"repeat","background-position":"center center","background-size":"auto","background-attachment":"scroll","background-type":"","background-media":"","overlay-type":"","overlay-color":"","overlay-opacity":"","overlay-gradient":""},"tablet":{"background-color":"var(--ast-global-color-4)","background-image":"","background-repeat":"repeat","background-position":"center center","background-size":"auto","background-attachment":"scroll","background-type":"","background-media":"","overlay-type":"","overlay-color":"","overlay-opacity":"","overlay-gradient":""},"mobile":{"background-color":"var(--ast-global-color-4)","background-image":"","background-repeat":"repeat","background-position":"center center","background-size":"auto","background-attachment":"scroll","background-type":"","background-media":"","overlay-type":"","overlay-color":"","overlay-opacity":"","overlay-gradient":""}}},"product_brand":[],"product_cat":[359,427,378,508],"product_tag":[],"class_list":{"0":"post-8818","1":"product","2":"type-product","3":"status-publish","4":"has-post-thumbnail","6":"product_cat-repuestos-linea-blanca","7":"product_cat-repuestos-para-campanas-extractoras","8":"product_cat-teka","9":"product_cat-thor","10":"desktop-align-left","11":"tablet-align-left","12":"mobile-align-left","14":"first","15":"instock","16":"taxable","17":"shipping-taxable","18":"purchasable","19":"product-type-simple"},"aioseo_notices":[],"uagb_featured_image_src":{"full":["https:\/\/grupoaaa.es\/wp-content\/uploads\/2026\/03\/Remove-background-project-2026-03-03T200659.710.png",1341,1600,false],"thumbnail":["https:\/\/grupoaaa.es\/wp-content\/uploads\/2026\/03\/Remove-background-project-2026-03-03T200659.710-150x150.png",150,150,true],"medium":["https:\/\/grupoaaa.es\/wp-content\/uploads\/2026\/03\/Remove-background-project-2026-03-03T200659.710-251x300.png",251,300,true],"medium_large":["https:\/\/grupoaaa.es\/wp-content\/uploads\/2026\/03\/Remove-background-project-2026-03-03T200659.710-768x916.png",768,916,true],"large":["https:\/\/grupoaaa.es\/wp-content\/uploads\/2026\/03\/Remove-background-project-2026-03-03T200659.710-858x1024.png",858,1024,true],"1536x1536":["https:\/\/grupoaaa.es\/wp-content\/uploads\/2026\/03\/Remove-background-project-2026-03-03T200659.710-1287x1536.png",1287,1536,true],"2048x2048":["https:\/\/grupoaaa.es\/wp-content\/uploads\/2026\/03\/Remove-background-project-2026-03-03T200659.710.png",1341,1600,false],"woocommerce_thumbnail":["https:\/\/grupoaaa.es\/wp-content\/uploads\/2026\/03\/Remove-background-project-2026-03-03T200659.710-300x300.png",300,300,true],"woocommerce_single":["https:\/\/grupoaaa.es\/wp-content\/uploads\/2026\/03\/Remove-background-project-2026-03-03T200659.710-600x716.png",600,716,true],"woocommerce_gallery_thumbnail":["https:\/\/grupoaaa.es\/wp-content\/uploads\/2026\/03\/Remove-background-project-2026-03-03T200659.710-100x100.png",100,100,true]},"uagb_author_info":{"display_name":"Abid Ali Abid","author_link":"https:\/\/grupoaaa.es\/es\/author\/"},"uagb_comment_info":0,"uagb_excerpt":"FC0020TK FILTRO CAMPANA TEKA-81460024 Caracter\u00edsticas: Met\u00e1lico. 280 \u00d7 350 mm. 1 unidad. Lado opuesto: 82\/96 mm. Enganche: 10 mm. lado cierre: 110\/46 mm. Enganche: 7 mm. Calidad CE C\u00f3digo original: 81460024","_links":{"self":[{"href":"https:\/\/grupoaaa.es\/es\/wp-json\/wp\/v2\/product\/8818","targetHints":{"allow":["GET"]}}],"collection":[{"href":"https:\/\/grupoaaa.es\/es\/wp-json\/wp\/v2\/product"}],"about":[{"href":"https:\/\/grupoaaa.es\/es\/wp-json\/wp\/v2\/types\/product"}],"replies":[{"embeddable":true,"href":"https:\/\/grupoaaa.es\/es\/wp-json\/wp\/v2\/comments?post=8818"}],"wp:featuredmedia":[{"embeddable":true,"href":"https:\/\/grupoaaa.es\/es\/wp-json\/wp\/v2\/media\/8845"}],"wp:attachment":[{"href":"https:\/\/grupoaaa.es\/es\/wp-json\/wp\/v2\/media?parent=8818"}],"wp:term":[{"taxonomy":"product_brand","embeddable":true,"href":"https:\/\/grupoaaa.es\/es\/wp-json\/wp\/v2\/product_brand?post=8818"},{"taxonomy":"product_cat","embeddable":true,"href":"https:\/\/grupoaaa.es\/es\/wp-json\/wp\/v2\/product_cat?post=8818"},{"taxonomy":"product_tag","embeddable":true,"href":"https:\/\/grupoaaa.es\/es\/wp-json\/wp\/v2\/product_tag?post=8818"}],"curies":[{"name":"wp","href":"https:\/\/api.w.org\/{rel}","templated":true}]}}