{"id":8809,"date":"2026-03-03T15:12:39","date_gmt":"2026-03-03T15:12:39","guid":{"rendered":"https:\/\/grupoaaa.es\/?post_type=product&#038;p=8809"},"modified":"2026-03-03T19:16:42","modified_gmt":"2026-03-03T19:16:42","slug":"fc0018fb-filtro-campana-faber-11004992","status":"publish","type":"product","link":"https:\/\/grupoaaa.es\/es\/producto\/fc0018fb-filtro-campana-faber-11004992\/","title":{"rendered":"FC0018FB-FILTRO CAMPANA FABER-11004992"},"content":{"rendered":"<p>FC0018FB<br \/>\nFILTRO CAMPANA FABER-11004992<br \/>\nCaracter\u00edsticas: Met\u00e1lico. 456 \u00d7 160 mm. lado opuesto: 48,5\/341 mm. Enganche: 9 mm. lado cierre: 198,5\/45 mm. Enganche: 7 mm. 1 unidad. 1 maneta. Calidad CE.<br \/>\nc\u00f3digo originales: 11004992, 1330304806<br \/>\nmodelos:<br \/>\nAEG:<br \/>\nDGE5660HM-94249295000 DGE5660HM-94249295001 DGE5660HM-94249296400 X86264MG1-94249284100 X86264MG1-94249284101 X86264MG1-94249284102 X86264MG1-94249284103 X86264MG1-94249284104 X86264MG1-94249284105 X86264MG1-94249284106<br \/>\nBOSCH:<br \/>\nDHL585B-01<br \/>\nELECTROLUX:<br \/>\nEFG60563OX-94249286600 EFG60563OX-94249286601 EFG60563OX-94249286602 EFG60563OX-94249286603 EFG60563OX-94249286604 EFG60563OX-94249286605 EFG60563OX-94249286606 EFG60563OX-94249286607<br \/>\nMEPAMSA:<br \/>\nIRUN 52 BLANCA-4082441 IRUN 52 INOX -603-1M 4080 ESB IRUN52NEGRA<br \/>\nNEFF:<br \/>\nD55MH56N0-03<br \/>\nSIEMENS:<br \/>\nLB59584-02 LB59584-03 LB59584M-01<\/p>\n","protected":false},"excerpt":{"rendered":"<p>FC0018FB<br \/>\nFILTRO CAMPANA FABER-11004992<br \/>\nCaracter\u00edsticas: Met\u00e1lico. 456 \u00d7 160 mm. lado opuesto: 48,5\/341 mm. Enganche: 9 mm. lado cierre: 198,5\/45 mm. Enganche: 7 mm. 1 unidad. 1 maneta. Calidad CE.<br \/>\nc\u00f3digo originales: 11004992, 1330304806<\/p>\n","protected":false},"featured_media":8850,"comment_status":"open","ping_status":"closed","template":"","meta":{"_uag_custom_page_level_css":"","site-sidebar-layout":"default","site-content-layout":"","ast-site-content-layout":"default","site-content-style":"default","site-sidebar-style":"default","ast-global-header-display":"","ast-banner-title-visibility":"","ast-main-header-display":"","ast-hfb-above-header-display":"","ast-hfb-below-header-display":"","ast-hfb-mobile-header-display":"","site-post-title":"","ast-breadcrumbs-content":"","ast-featured-img":"","footer-sml-layout":"","ast-disable-related-posts":"","theme-transparent-header-meta":"default","adv-header-id-meta":"","stick-header-meta":"","header-above-stick-meta":"","header-main-stick-meta":"","header-below-stick-meta":"","astra-migrate-meta-layouts":"set","ast-page-background-enabled":"default","ast-page-background-meta":{"desktop":{"background-color":"","background-image":"","background-repeat":"repeat","background-position":"center center","background-size":"auto","background-attachment":"scroll","background-type":"","background-media":"","overlay-type":"","overlay-color":"","overlay-opacity":"","overlay-gradient":""},"tablet":{"background-color":"","background-image":"","background-repeat":"repeat","background-position":"center center","background-size":"auto","background-attachment":"scroll","background-type":"","background-media":"","overlay-type":"","overlay-color":"","overlay-opacity":"","overlay-gradient":""},"mobile":{"background-color":"","background-image":"","background-repeat":"repeat","background-position":"center center","background-size":"auto","background-attachment":"scroll","background-type":"","background-media":"","overlay-type":"","overlay-color":"","overlay-opacity":"","overlay-gradient":""}},"ast-content-background-meta":{"desktop":{"background-color":"var(--ast-global-color-4)","background-image":"","background-repeat":"repeat","background-position":"center center","background-size":"auto","background-attachment":"scroll","background-type":"","background-media":"","overlay-type":"","overlay-color":"","overlay-opacity":"","overlay-gradient":""},"tablet":{"background-color":"var(--ast-global-color-4)","background-image":"","background-repeat":"repeat","background-position":"center center","background-size":"auto","background-attachment":"scroll","background-type":"","background-media":"","overlay-type":"","overlay-color":"","overlay-opacity":"","overlay-gradient":""},"mobile":{"background-color":"var(--ast-global-color-4)","background-image":"","background-repeat":"repeat","background-position":"center center","background-size":"auto","background-attachment":"scroll","background-type":"","background-media":"","overlay-type":"","overlay-color":"","overlay-opacity":"","overlay-gradient":""}}},"product_brand":[],"product_cat":[375,361,365,509,359,427,377],"product_tag":[],"class_list":{"0":"post-8809","1":"product","2":"type-product","3":"status-publish","4":"has-post-thumbnail","6":"product_cat-aeg","7":"product_cat-bosch-es","8":"product_cat-electrolux-es","9":"product_cat-mapemsa","10":"product_cat-repuestos-linea-blanca","11":"product_cat-repuestos-para-campanas-extractoras","12":"product_cat-siemens","13":"desktop-align-left","14":"tablet-align-left","15":"mobile-align-left","17":"first","18":"instock","19":"taxable","20":"shipping-taxable","21":"purchasable","22":"product-type-simple"},"aioseo_notices":[],"uagb_featured_image_src":{"full":["https:\/\/grupoaaa.es\/wp-content\/uploads\/2026\/03\/Remove-background-project-2026-03-03T201501.908.png",1341,1600,false],"thumbnail":["https:\/\/grupoaaa.es\/wp-content\/uploads\/2026\/03\/Remove-background-project-2026-03-03T201501.908-150x150.png",150,150,true],"medium":["https:\/\/grupoaaa.es\/wp-content\/uploads\/2026\/03\/Remove-background-project-2026-03-03T201501.908-251x300.png",251,300,true],"medium_large":["https:\/\/grupoaaa.es\/wp-content\/uploads\/2026\/03\/Remove-background-project-2026-03-03T201501.908-768x916.png",768,916,true],"large":["https:\/\/grupoaaa.es\/wp-content\/uploads\/2026\/03\/Remove-background-project-2026-03-03T201501.908-858x1024.png",858,1024,true],"1536x1536":["https:\/\/grupoaaa.es\/wp-content\/uploads\/2026\/03\/Remove-background-project-2026-03-03T201501.908-1287x1536.png",1287,1536,true],"2048x2048":["https:\/\/grupoaaa.es\/wp-content\/uploads\/2026\/03\/Remove-background-project-2026-03-03T201501.908.png",1341,1600,false],"woocommerce_thumbnail":["https:\/\/grupoaaa.es\/wp-content\/uploads\/2026\/03\/Remove-background-project-2026-03-03T201501.908-300x300.png",300,300,true],"woocommerce_single":["https:\/\/grupoaaa.es\/wp-content\/uploads\/2026\/03\/Remove-background-project-2026-03-03T201501.908-600x716.png",600,716,true],"woocommerce_gallery_thumbnail":["https:\/\/grupoaaa.es\/wp-content\/uploads\/2026\/03\/Remove-background-project-2026-03-03T201501.908-100x100.png",100,100,true]},"uagb_author_info":{"display_name":"Abid Ali Abid","author_link":"https:\/\/grupoaaa.es\/es\/author\/"},"uagb_comment_info":0,"uagb_excerpt":"FC0018FB FILTRO CAMPANA FABER-11004992 Caracter\u00edsticas: Met\u00e1lico. 456 \u00d7 160 mm. lado opuesto: 48,5\/341 mm. Enganche: 9 mm. lado cierre: 198,5\/45 mm. Enganche: 7 mm. 1 unidad. 1 maneta. Calidad CE. c\u00f3digo originales: 11004992, 1330304806","_links":{"self":[{"href":"https:\/\/grupoaaa.es\/es\/wp-json\/wp\/v2\/product\/8809","targetHints":{"allow":["GET"]}}],"collection":[{"href":"https:\/\/grupoaaa.es\/es\/wp-json\/wp\/v2\/product"}],"about":[{"href":"https:\/\/grupoaaa.es\/es\/wp-json\/wp\/v2\/types\/product"}],"replies":[{"embeddable":true,"href":"https:\/\/grupoaaa.es\/es\/wp-json\/wp\/v2\/comments?post=8809"}],"wp:featuredmedia":[{"embeddable":true,"href":"https:\/\/grupoaaa.es\/es\/wp-json\/wp\/v2\/media\/8850"}],"wp:attachment":[{"href":"https:\/\/grupoaaa.es\/es\/wp-json\/wp\/v2\/media?parent=8809"}],"wp:term":[{"taxonomy":"product_brand","embeddable":true,"href":"https:\/\/grupoaaa.es\/es\/wp-json\/wp\/v2\/product_brand?post=8809"},{"taxonomy":"product_cat","embeddable":true,"href":"https:\/\/grupoaaa.es\/es\/wp-json\/wp\/v2\/product_cat?post=8809"},{"taxonomy":"product_tag","embeddable":true,"href":"https:\/\/grupoaaa.es\/es\/wp-json\/wp\/v2\/product_tag?post=8809"}],"curies":[{"name":"wp","href":"https:\/\/api.w.org\/{rel}","templated":true}]}}