{"id":8796,"date":"2026-03-02T17:34:08","date_gmt":"2026-03-02T17:34:08","guid":{"rendered":"https:\/\/grupoaaa.es\/?post_type=product&#038;p=8796"},"modified":"2026-03-03T19:31:24","modified_gmt":"2026-03-03T19:31:24","slug":"fc0015bs-filtro-campana-bosch-352813","status":"publish","type":"product","link":"https:\/\/grupoaaa.es\/es\/producto\/fc0015bs-filtro-campana-bosch-352813\/","title":{"rendered":"FC0015BS-FILTRO CAMPANA BOSCH-352813"},"content":{"rendered":"<p>FC0015BS<br \/>\nFILTRO CAMPANA BOSCH-352813<br \/>\nCaracter\u00edsticas: Met\u00e1lico. 175 \u00d7 446 mm. 1 unidad. 1 Maneta. Calidad alternativa. Lado opuesto: 35\/77 mm. Enganche: 15 mm. lado cierre: 57\/45 mm. Enganche: 7 mm. campanas de 60 cm.<br \/>\nC\u00f3digo originales: 00352813  352813<br \/>\nMarcas: BALAY, BOSCH, CONSTRUCTA, CORCHO, LYNX, NEFF, PITOS, JUNKERS, THERMADOR<br \/>\nModelos:<br \/>\nBALAY:<br \/>\n3BT-737B-04 3BT737B 3BT737B-01 3BT737B-06 3BT737N-01 3BT737X-01 4BT715B<br \/>\nBOSCH:<br \/>\nDHI645H DHI645H-06 DHI645HX DHI645HX-01<br \/>\nLYNX:<br \/>\n4BT637B<br \/>\nSUPERSER:<br \/>\n5BT153B-04<\/p>\n","protected":false},"excerpt":{"rendered":"<p>FC0015BS<br \/>\nFILTRO CAMPANA BOSCH-352813<br \/>\nCaracter\u00edsticas: Met\u00e1lico. 175 \u00d7 446 mm. 1 unidad. 1 Maneta. Calidad alternativa. Lado opuesto: 35\/77 mm. Enganche: 15 mm. lado cierre: 57\/45 mm. Enganche: 7 mm. campanas de 60 cm.<br \/>\nC\u00f3digo originales: 00352813  352813<\/p>\n","protected":false},"featured_media":8856,"comment_status":"open","ping_status":"closed","template":"","meta":{"_uag_custom_page_level_css":"","site-sidebar-layout":"default","site-content-layout":"","ast-site-content-layout":"default","site-content-style":"default","site-sidebar-style":"default","ast-global-header-display":"","ast-banner-title-visibility":"","ast-main-header-display":"","ast-hfb-above-header-display":"","ast-hfb-below-header-display":"","ast-hfb-mobile-header-display":"","site-post-title":"","ast-breadcrumbs-content":"","ast-featured-img":"","footer-sml-layout":"","ast-disable-related-posts":"","theme-transparent-header-meta":"default","adv-header-id-meta":"","stick-header-meta":"","header-above-stick-meta":"","header-main-stick-meta":"","header-below-stick-meta":"","astra-migrate-meta-layouts":"set","ast-page-background-enabled":"default","ast-page-background-meta":{"desktop":{"background-color":"","background-image":"","background-repeat":"repeat","background-position":"center center","background-size":"auto","background-attachment":"scroll","background-type":"","background-media":"","overlay-type":"","overlay-color":"","overlay-opacity":"","overlay-gradient":""},"tablet":{"background-color":"","background-image":"","background-repeat":"repeat","background-position":"center center","background-size":"auto","background-attachment":"scroll","background-type":"","background-media":"","overlay-type":"","overlay-color":"","overlay-opacity":"","overlay-gradient":""},"mobile":{"background-color":"","background-image":"","background-repeat":"repeat","background-position":"center center","background-size":"auto","background-attachment":"scroll","background-type":"","background-media":"","overlay-type":"","overlay-color":"","overlay-opacity":"","overlay-gradient":""}},"ast-content-background-meta":{"desktop":{"background-color":"var(--ast-global-color-4)","background-image":"","background-repeat":"repeat","background-position":"center center","background-size":"auto","background-attachment":"scroll","background-type":"","background-media":"","overlay-type":"","overlay-color":"","overlay-opacity":"","overlay-gradient":""},"tablet":{"background-color":"var(--ast-global-color-4)","background-image":"","background-repeat":"repeat","background-position":"center center","background-size":"auto","background-attachment":"scroll","background-type":"","background-media":"","overlay-type":"","overlay-color":"","overlay-opacity":"","overlay-gradient":""},"mobile":{"background-color":"var(--ast-global-color-4)","background-image":"","background-repeat":"repeat","background-position":"center center","background-size":"auto","background-attachment":"scroll","background-type":"","background-media":"","overlay-type":"","overlay-color":"","overlay-opacity":"","overlay-gradient":""}}},"product_brand":[],"product_cat":[358,361,504,359,427],"product_tag":[],"class_list":{"0":"post-8796","1":"product","2":"type-product","3":"status-publish","4":"has-post-thumbnail","6":"product_cat-balay-es","7":"product_cat-bosch-es","8":"product_cat-lynx","9":"product_cat-repuestos-linea-blanca","10":"product_cat-repuestos-para-campanas-extractoras","11":"desktop-align-left","12":"tablet-align-left","13":"mobile-align-left","15":"first","16":"instock","17":"taxable","18":"shipping-taxable","19":"purchasable","20":"product-type-simple"},"aioseo_notices":[],"uagb_featured_image_src":{"full":["https:\/\/grupoaaa.es\/wp-content\/uploads\/2026\/03\/Remove-background-project-2026-03-03T203024.301.png",1341,1600,false],"thumbnail":["https:\/\/grupoaaa.es\/wp-content\/uploads\/2026\/03\/Remove-background-project-2026-03-03T203024.301-150x150.png",150,150,true],"medium":["https:\/\/grupoaaa.es\/wp-content\/uploads\/2026\/03\/Remove-background-project-2026-03-03T203024.301-251x300.png",251,300,true],"medium_large":["https:\/\/grupoaaa.es\/wp-content\/uploads\/2026\/03\/Remove-background-project-2026-03-03T203024.301-768x916.png",768,916,true],"large":["https:\/\/grupoaaa.es\/wp-content\/uploads\/2026\/03\/Remove-background-project-2026-03-03T203024.301-858x1024.png",858,1024,true],"1536x1536":["https:\/\/grupoaaa.es\/wp-content\/uploads\/2026\/03\/Remove-background-project-2026-03-03T203024.301-1287x1536.png",1287,1536,true],"2048x2048":["https:\/\/grupoaaa.es\/wp-content\/uploads\/2026\/03\/Remove-background-project-2026-03-03T203024.301.png",1341,1600,false],"woocommerce_thumbnail":["https:\/\/grupoaaa.es\/wp-content\/uploads\/2026\/03\/Remove-background-project-2026-03-03T203024.301-300x300.png",300,300,true],"woocommerce_single":["https:\/\/grupoaaa.es\/wp-content\/uploads\/2026\/03\/Remove-background-project-2026-03-03T203024.301-600x716.png",600,716,true],"woocommerce_gallery_thumbnail":["https:\/\/grupoaaa.es\/wp-content\/uploads\/2026\/03\/Remove-background-project-2026-03-03T203024.301-100x100.png",100,100,true]},"uagb_author_info":{"display_name":"Abid Ali Abid","author_link":"https:\/\/grupoaaa.es\/es\/author\/"},"uagb_comment_info":0,"uagb_excerpt":"FC0015BS FILTRO CAMPANA BOSCH-352813 Caracter\u00edsticas: Met\u00e1lico. 175 \u00d7 446 mm. 1 unidad. 1 Maneta. Calidad alternativa. Lado opuesto: 35\/77 mm. Enganche: 15 mm. lado cierre: 57\/45 mm. Enganche: 7 mm. campanas de 60 cm. C\u00f3digo originales: 00352813 352813","_links":{"self":[{"href":"https:\/\/grupoaaa.es\/es\/wp-json\/wp\/v2\/product\/8796","targetHints":{"allow":["GET"]}}],"collection":[{"href":"https:\/\/grupoaaa.es\/es\/wp-json\/wp\/v2\/product"}],"about":[{"href":"https:\/\/grupoaaa.es\/es\/wp-json\/wp\/v2\/types\/product"}],"replies":[{"embeddable":true,"href":"https:\/\/grupoaaa.es\/es\/wp-json\/wp\/v2\/comments?post=8796"}],"wp:featuredmedia":[{"embeddable":true,"href":"https:\/\/grupoaaa.es\/es\/wp-json\/wp\/v2\/media\/8856"}],"wp:attachment":[{"href":"https:\/\/grupoaaa.es\/es\/wp-json\/wp\/v2\/media?parent=8796"}],"wp:term":[{"taxonomy":"product_brand","embeddable":true,"href":"https:\/\/grupoaaa.es\/es\/wp-json\/wp\/v2\/product_brand?post=8796"},{"taxonomy":"product_cat","embeddable":true,"href":"https:\/\/grupoaaa.es\/es\/wp-json\/wp\/v2\/product_cat?post=8796"},{"taxonomy":"product_tag","embeddable":true,"href":"https:\/\/grupoaaa.es\/es\/wp-json\/wp\/v2\/product_tag?post=8796"}],"curies":[{"name":"wp","href":"https:\/\/api.w.org\/{rel}","templated":true}]}}