{"id":8793,"date":"2026-03-02T17:10:34","date_gmt":"2026-03-02T17:10:34","guid":{"rendered":"https:\/\/grupoaaa.es\/?post_type=product&#038;p=8793"},"modified":"2026-03-03T19:36:45","modified_gmt":"2026-03-03T19:36:45","slug":"fc0014tk-filtro-campana-teka-89230625","status":"publish","type":"product","link":"https:\/\/grupoaaa.es\/es\/producto\/fc0014tk-filtro-campana-teka-89230625\/","title":{"rendered":"FC0014TK-FILTRO CAMPANA TEKA-89230625"},"content":{"rendered":"<p>FC0014TK<br \/>\nFILTRO CAMPANA TEKA-89230625<br \/>\nCaracter\u00edsticas: Met\u00e1lico. 184 \u00d7 511mm. 1 Unidad. 2 Manetas. Calidad CE. Lado opuesto: 115\/260 mm. Enganche: 10 mm. lado cierre: 22\/450 mm. Enganche: 9 mm<br \/>\nC\u00f3digo original: 65200290<br \/>\nModelo:<br \/>\nTEKA:<br \/>\nCNL 6400 BK VR01-40436802 CNL 6400 BK VR02-40436802 CNL 6400 BK VR03-40436802 CNL 6400 BK-40436802 CNL 6400 INOX VR01-40436800 CNL 6400 INOX VR02-40436800 CNL 6400 INOX VR03-40436800 CNL 6400 INOX-40436800 CNL 6400 WH VR01-40436801 CNL 6400 WH VR02-40436801 CNL 6400 WH VR03-40436801 CNL 6400 WH-40436801 CNL 6415 BK VR01-40436812 CNL 6415 BK VR02-40436812 CNL 6415 BK VR03-40436812 CNL 6415 BK-40436812 CNL 6415 INOX VR01-40436810 CNL 6415 INOX VR02-40436810 CNL 6415 INOX VR03-40436810 CNL 6415 INOX-40436810 CNL 6415 WH VR01-40436811 CNL 6415 WH VR02-40436811 CNL 6415 WH VR03-40436811 CNL 6415 WH-40436811 CNL-6400-WH-VR03-40436801 CNL-6415 -40436810 CNL2 2002 CNL2-2002 CNL21001BLANCO CNL21001BLANCO-40436601 CNL21001INOX CNL21001INOX-40436600 CNL22002 CNL22002BLANCO CNL22002BLANCO-40436701 CNL22002INOX CNL22002INOX-40436700 CNL22002NEGRO CNL22002NEGRO-40436702 CNL3 2002 CNL3 2002 INOX CNL3-2002 CNL31001SINOX CNL31001WBLANCA CNL32002BNEGRA CNL32002SINOX CNL32002WBLANCA CNL6400 CNL6400.2WH-VR00-113070007 CNL6400B CNL6400BKNEGRA CNL6400INOX CNL6400WHBLANCA CNL6415 VR02-040436812 CNL6415-40436810 CNL6415BKNEGRA CNL6415INOX CNL6415VR03-40436810 CNL6415WHBLANCA<\/p>\n","protected":false},"excerpt":{"rendered":"<p>FC0014TK<br \/>\nFILTRO CAMPANA TEKA-89230625<br \/>\nCaracter\u00edsticas: Met\u00e1lico. 184 \u00d7 511mm. 1 maneta. 2 Manetas. Calidad CE. Lado opuesto: 115\/260 mm. Enganche: 10 mm. lado cierre: 22\/450 mm. Enganche: 9 mm<br \/>\nC\u00f3digo original: 65200290<\/p>\n","protected":false},"featured_media":8859,"comment_status":"open","ping_status":"closed","template":"","meta":{"_uag_custom_page_level_css":"","site-sidebar-layout":"default","site-content-layout":"","ast-site-content-layout":"default","site-content-style":"default","site-sidebar-style":"default","ast-global-header-display":"","ast-banner-title-visibility":"","ast-main-header-display":"","ast-hfb-above-header-display":"","ast-hfb-below-header-display":"","ast-hfb-mobile-header-display":"","site-post-title":"","ast-breadcrumbs-content":"","ast-featured-img":"","footer-sml-layout":"","ast-disable-related-posts":"","theme-transparent-header-meta":"default","adv-header-id-meta":"","stick-header-meta":"","header-above-stick-meta":"","header-main-stick-meta":"","header-below-stick-meta":"","astra-migrate-meta-layouts":"set","ast-page-background-enabled":"default","ast-page-background-meta":{"desktop":{"background-color":"","background-image":"","background-repeat":"repeat","background-position":"center center","background-size":"auto","background-attachment":"scroll","background-type":"","background-media":"","overlay-type":"","overlay-color":"","overlay-opacity":"","overlay-gradient":""},"tablet":{"background-color":"","background-image":"","background-repeat":"repeat","background-position":"center center","background-size":"auto","background-attachment":"scroll","background-type":"","background-media":"","overlay-type":"","overlay-color":"","overlay-opacity":"","overlay-gradient":""},"mobile":{"background-color":"","background-image":"","background-repeat":"repeat","background-position":"center center","background-size":"auto","background-attachment":"scroll","background-type":"","background-media":"","overlay-type":"","overlay-color":"","overlay-opacity":"","overlay-gradient":""}},"ast-content-background-meta":{"desktop":{"background-color":"var(--ast-global-color-4)","background-image":"","background-repeat":"repeat","background-position":"center center","background-size":"auto","background-attachment":"scroll","background-type":"","background-media":"","overlay-type":"","overlay-color":"","overlay-opacity":"","overlay-gradient":""},"tablet":{"background-color":"var(--ast-global-color-4)","background-image":"","background-repeat":"repeat","background-position":"center center","background-size":"auto","background-attachment":"scroll","background-type":"","background-media":"","overlay-type":"","overlay-color":"","overlay-opacity":"","overlay-gradient":""},"mobile":{"background-color":"var(--ast-global-color-4)","background-image":"","background-repeat":"repeat","background-position":"center center","background-size":"auto","background-attachment":"scroll","background-type":"","background-media":"","overlay-type":"","overlay-color":"","overlay-opacity":"","overlay-gradient":""}}},"product_brand":[],"product_cat":[359,427,378],"product_tag":[],"class_list":{"0":"post-8793","1":"product","2":"type-product","3":"status-publish","4":"has-post-thumbnail","6":"product_cat-repuestos-linea-blanca","7":"product_cat-repuestos-para-campanas-extractoras","8":"product_cat-teka","9":"desktop-align-left","10":"tablet-align-left","11":"mobile-align-left","13":"first","14":"instock","15":"taxable","16":"shipping-taxable","17":"purchasable","18":"product-type-simple"},"aioseo_notices":[],"uagb_featured_image_src":{"full":["https:\/\/grupoaaa.es\/wp-content\/uploads\/2026\/03\/Remove-background-project-2026-03-03T203434.262.png",1341,1600,false],"thumbnail":["https:\/\/grupoaaa.es\/wp-content\/uploads\/2026\/03\/Remove-background-project-2026-03-03T203434.262-150x150.png",150,150,true],"medium":["https:\/\/grupoaaa.es\/wp-content\/uploads\/2026\/03\/Remove-background-project-2026-03-03T203434.262-251x300.png",251,300,true],"medium_large":["https:\/\/grupoaaa.es\/wp-content\/uploads\/2026\/03\/Remove-background-project-2026-03-03T203434.262-768x916.png",768,916,true],"large":["https:\/\/grupoaaa.es\/wp-content\/uploads\/2026\/03\/Remove-background-project-2026-03-03T203434.262-858x1024.png",858,1024,true],"1536x1536":["https:\/\/grupoaaa.es\/wp-content\/uploads\/2026\/03\/Remove-background-project-2026-03-03T203434.262-1287x1536.png",1287,1536,true],"2048x2048":["https:\/\/grupoaaa.es\/wp-content\/uploads\/2026\/03\/Remove-background-project-2026-03-03T203434.262.png",1341,1600,false],"woocommerce_thumbnail":["https:\/\/grupoaaa.es\/wp-content\/uploads\/2026\/03\/Remove-background-project-2026-03-03T203434.262-300x300.png",300,300,true],"woocommerce_single":["https:\/\/grupoaaa.es\/wp-content\/uploads\/2026\/03\/Remove-background-project-2026-03-03T203434.262-600x716.png",600,716,true],"woocommerce_gallery_thumbnail":["https:\/\/grupoaaa.es\/wp-content\/uploads\/2026\/03\/Remove-background-project-2026-03-03T203434.262-100x100.png",100,100,true]},"uagb_author_info":{"display_name":"Abid Ali Abid","author_link":"https:\/\/grupoaaa.es\/es\/author\/"},"uagb_comment_info":0,"uagb_excerpt":"FC0014TK FILTRO CAMPANA TEKA-89230625 Caracter\u00edsticas: Met\u00e1lico. 184 \u00d7 511mm. 1 maneta. 2 Manetas. Calidad CE. Lado opuesto: 115\/260 mm. Enganche: 10 mm. lado cierre: 22\/450 mm. Enganche: 9 mm C\u00f3digo original: 65200290","_links":{"self":[{"href":"https:\/\/grupoaaa.es\/es\/wp-json\/wp\/v2\/product\/8793","targetHints":{"allow":["GET"]}}],"collection":[{"href":"https:\/\/grupoaaa.es\/es\/wp-json\/wp\/v2\/product"}],"about":[{"href":"https:\/\/grupoaaa.es\/es\/wp-json\/wp\/v2\/types\/product"}],"replies":[{"embeddable":true,"href":"https:\/\/grupoaaa.es\/es\/wp-json\/wp\/v2\/comments?post=8793"}],"wp:featuredmedia":[{"embeddable":true,"href":"https:\/\/grupoaaa.es\/es\/wp-json\/wp\/v2\/media\/8859"}],"wp:attachment":[{"href":"https:\/\/grupoaaa.es\/es\/wp-json\/wp\/v2\/media?parent=8793"}],"wp:term":[{"taxonomy":"product_brand","embeddable":true,"href":"https:\/\/grupoaaa.es\/es\/wp-json\/wp\/v2\/product_brand?post=8793"},{"taxonomy":"product_cat","embeddable":true,"href":"https:\/\/grupoaaa.es\/es\/wp-json\/wp\/v2\/product_cat?post=8793"},{"taxonomy":"product_tag","embeddable":true,"href":"https:\/\/grupoaaa.es\/es\/wp-json\/wp\/v2\/product_tag?post=8793"}],"curies":[{"name":"wp","href":"https:\/\/api.w.org\/{rel}","templated":true}]}}