{"id":8787,"date":"2026-03-02T09:20:14","date_gmt":"2026-03-02T09:20:14","guid":{"rendered":"https:\/\/grupoaaa.es\/?post_type=product&#038;p=8787"},"modified":"2026-03-02T09:43:19","modified_gmt":"2026-03-02T09:43:19","slug":"fc0012tk-filtro-campana-teka-61874022","status":"publish","type":"product","link":"https:\/\/grupoaaa.es\/es\/producto\/fc0012tk-filtro-campana-teka-61874022\/","title":{"rendered":"FC0012TK-FILTRO CAMPANA TEKA-61874022"},"content":{"rendered":"<p>FC0012TK<br \/>\nFILTRO CAMPANA TEKA-61874022<br \/>\nCaracter\u00edsticas: Met\u00e1lico. 137\u00d7500 mm. 1 unidad. 1 maneta. Calidad CE. Lado opuesto: 11\/95 mm. Enganche: 10mm. lado cierre: 39\/45 mm. Enganche: 7mm. Cierre trapezoidal.<br \/>\nc\u00f3digo original: CANDY: 49009920, TEKA: 61874022<br \/>\nMarcas: CANDY, KUPPERSBUSH, OTSEIN,SMEG,THOR<br \/>\nModelos:<br \/>\nSMEG:<br \/>\nKSET61X<br \/>\nTEKA:<br \/>\nCNL 900 CNL 900-40474009 CNL900INOX ET620BLANCA MT620BLANCA MT620BLANCA-40474245 TCT62 TL-6310-INOX-VR03-40474250 TL1-62 TL1-62 VR01 TL162 TL162BLANCA TL162GRISPLATA TL162INOX TL162MARRON TL162NEGRA TL2000BLANCA TL2000INOX TL62 TL6310 W TL6310-40474251 TL6310-INOX-40474250 TL6310BK TL6310INOX TL6310WH TL6420 INOX TL6420INOX TL6420WH TLB162INOX TLZ62INOX<br \/>\nTHOR:<br \/>\nTCT62 TCT620511 TCT62BLANCO TCT62INOX TCT62INOX0511 TCT64BLANCA TCT64INOX<\/p>\n","protected":false},"excerpt":{"rendered":"<p>FC0012TK<br \/>\nFILTRO CAMPANA TEKA-61874022<br \/>\nCaracter\u00edsticas: Met\u00e1lico. 137\u00d7500 mm. 1 unidad. 1 maneta. Calidad CE. Lado opuesto: 11\/95 mm. Enganche: 10mm. lado cierre: 39\/45 mm. Enganche: 7mm. Cierre trapezoidal.<br \/>\nc\u00f3digo original: CANDY: 49009920, TEKA: 61874022<\/p>\n","protected":false},"featured_media":8788,"comment_status":"open","ping_status":"closed","template":"","meta":{"_uag_custom_page_level_css":"","site-sidebar-layout":"default","site-content-layout":"","ast-site-content-layout":"default","site-content-style":"default","site-sidebar-style":"default","ast-global-header-display":"","ast-banner-title-visibility":"","ast-main-header-display":"","ast-hfb-above-header-display":"","ast-hfb-below-header-display":"","ast-hfb-mobile-header-display":"","site-post-title":"","ast-breadcrumbs-content":"","ast-featured-img":"","footer-sml-layout":"","ast-disable-related-posts":"","theme-transparent-header-meta":"default","adv-header-id-meta":"","stick-header-meta":"","header-above-stick-meta":"","header-main-stick-meta":"","header-below-stick-meta":"","astra-migrate-meta-layouts":"set","ast-page-background-enabled":"default","ast-page-background-meta":{"desktop":{"background-color":"","background-image":"","background-repeat":"repeat","background-position":"center center","background-size":"auto","background-attachment":"scroll","background-type":"","background-media":"","overlay-type":"","overlay-color":"","overlay-opacity":"","overlay-gradient":""},"tablet":{"background-color":"","background-image":"","background-repeat":"repeat","background-position":"center center","background-size":"auto","background-attachment":"scroll","background-type":"","background-media":"","overlay-type":"","overlay-color":"","overlay-opacity":"","overlay-gradient":""},"mobile":{"background-color":"","background-image":"","background-repeat":"repeat","background-position":"center center","background-size":"auto","background-attachment":"scroll","background-type":"","background-media":"","overlay-type":"","overlay-color":"","overlay-opacity":"","overlay-gradient":""}},"ast-content-background-meta":{"desktop":{"background-color":"var(--ast-global-color-4)","background-image":"","background-repeat":"repeat","background-position":"center center","background-size":"auto","background-attachment":"scroll","background-type":"","background-media":"","overlay-type":"","overlay-color":"","overlay-opacity":"","overlay-gradient":""},"tablet":{"background-color":"var(--ast-global-color-4)","background-image":"","background-repeat":"repeat","background-position":"center center","background-size":"auto","background-attachment":"scroll","background-type":"","background-media":"","overlay-type":"","overlay-color":"","overlay-opacity":"","overlay-gradient":""},"mobile":{"background-color":"var(--ast-global-color-4)","background-image":"","background-repeat":"repeat","background-position":"center center","background-size":"auto","background-attachment":"scroll","background-type":"","background-media":"","overlay-type":"","overlay-color":"","overlay-opacity":"","overlay-gradient":""}}},"product_brand":[],"product_cat":[359,427,384,378,508],"product_tag":[],"class_list":{"0":"post-8787","1":"product","2":"type-product","3":"status-publish","4":"has-post-thumbnail","6":"product_cat-repuestos-linea-blanca","7":"product_cat-repuestos-para-campanas-extractoras","8":"product_cat-smeg-es","9":"product_cat-teka","10":"product_cat-thor","11":"desktop-align-left","12":"tablet-align-left","13":"mobile-align-left","15":"first","16":"instock","17":"taxable","18":"shipping-taxable","19":"purchasable","20":"product-type-simple"},"aioseo_notices":[],"uagb_featured_image_src":{"full":["https:\/\/grupoaaa.es\/wp-content\/uploads\/2026\/03\/FC0012.jpg",500,400,false],"thumbnail":["https:\/\/grupoaaa.es\/wp-content\/uploads\/2026\/03\/FC0012-150x150.jpg",150,150,true],"medium":["https:\/\/grupoaaa.es\/wp-content\/uploads\/2026\/03\/FC0012-300x240.jpg",300,240,true],"medium_large":["https:\/\/grupoaaa.es\/wp-content\/uploads\/2026\/03\/FC0012.jpg",500,400,false],"large":["https:\/\/grupoaaa.es\/wp-content\/uploads\/2026\/03\/FC0012.jpg",500,400,false],"1536x1536":["https:\/\/grupoaaa.es\/wp-content\/uploads\/2026\/03\/FC0012.jpg",500,400,false],"2048x2048":["https:\/\/grupoaaa.es\/wp-content\/uploads\/2026\/03\/FC0012.jpg",500,400,false],"woocommerce_thumbnail":["https:\/\/grupoaaa.es\/wp-content\/uploads\/2026\/03\/FC0012-300x300.jpg",300,300,true],"woocommerce_single":["https:\/\/grupoaaa.es\/wp-content\/uploads\/2026\/03\/FC0012.jpg",500,400,false],"woocommerce_gallery_thumbnail":["https:\/\/grupoaaa.es\/wp-content\/uploads\/2026\/03\/FC0012-100x100.jpg",100,100,true]},"uagb_author_info":{"display_name":"Abid Ali Abid","author_link":"https:\/\/grupoaaa.es\/es\/author\/"},"uagb_comment_info":0,"uagb_excerpt":"FC0012TK FILTRO CAMPANA TEKA-61874022 Caracter\u00edsticas: Met\u00e1lico. 137\u00d7500 mm. 1 unidad. 1 maneta. Calidad CE. Lado opuesto: 11\/95 mm. Enganche: 10mm. lado cierre: 39\/45 mm. Enganche: 7mm. Cierre trapezoidal. c\u00f3digo original: CANDY: 49009920, TEKA: 61874022","_links":{"self":[{"href":"https:\/\/grupoaaa.es\/es\/wp-json\/wp\/v2\/product\/8787","targetHints":{"allow":["GET"]}}],"collection":[{"href":"https:\/\/grupoaaa.es\/es\/wp-json\/wp\/v2\/product"}],"about":[{"href":"https:\/\/grupoaaa.es\/es\/wp-json\/wp\/v2\/types\/product"}],"replies":[{"embeddable":true,"href":"https:\/\/grupoaaa.es\/es\/wp-json\/wp\/v2\/comments?post=8787"}],"wp:featuredmedia":[{"embeddable":true,"href":"https:\/\/grupoaaa.es\/es\/wp-json\/wp\/v2\/media\/8788"}],"wp:attachment":[{"href":"https:\/\/grupoaaa.es\/es\/wp-json\/wp\/v2\/media?parent=8787"}],"wp:term":[{"taxonomy":"product_brand","embeddable":true,"href":"https:\/\/grupoaaa.es\/es\/wp-json\/wp\/v2\/product_brand?post=8787"},{"taxonomy":"product_cat","embeddable":true,"href":"https:\/\/grupoaaa.es\/es\/wp-json\/wp\/v2\/product_cat?post=8787"},{"taxonomy":"product_tag","embeddable":true,"href":"https:\/\/grupoaaa.es\/es\/wp-json\/wp\/v2\/product_tag?post=8787"}],"curies":[{"name":"wp","href":"https:\/\/api.w.org\/{rel}","templated":true}]}}