{"id":8784,"date":"2026-03-02T08:42:12","date_gmt":"2026-03-02T08:42:12","guid":{"rendered":"https:\/\/grupoaaa.es\/?post_type=product&#038;p=8784"},"modified":"2026-03-02T08:42:13","modified_gmt":"2026-03-02T08:42:13","slug":"fc0011tk-filtro-campana-teka-61836020","status":"publish","type":"product","link":"https:\/\/grupoaaa.es\/es\/producto\/fc0011tk-filtro-campana-teka-61836020\/","title":{"rendered":"FC0011TK-FILTRO CAMPANA TEKA-61836020"},"content":{"rendered":"<p>FC0011TK<br \/>\nFILTRO CAMPANA TEKA-61836020<br \/>\nCaracter\u00edsticas: Met\u00e1lico. 209\u00d7547 mm. 1 unidad. 2 manetas. inoxidable. calidad CE. Lado opuesto: 133\/260 mm. Enganche: 10mm. lado cierre: 23\/286 mm. Enganche: 9mm<br \/>\nc\u00f3digo originales: 61836020 565825 547438<br \/>\nModelo:<br \/>\nTeka:<br \/>\nCML-2002VR01 CNL 6610 INOX CNL 6610 INOX VR01-40436830 CNL 6610 INOX VR02-40436830 CNL 6610 INOX VR03-40436830 CNL 6610 INOX VR04-40436830 CNL 6610 INOX-40436830 CNL1 2002 CNL1-1001 CNL1-2002 CNL1001 CNL11001I CNL2002 CNL2002 VR01-34273279 CNL2002 VR02 CNL2002-34-557559 CNL2002-CNL2002VR01 CNL2002INOX CNL2002VR01 CNL3000<\/p>\n","protected":false},"excerpt":{"rendered":"<p>FC0011TK<br \/>\nFILTRO CAMPANA TEKA-61836020<br \/>\nCaracter\u00edsticas: Met\u00e1lico. 209\u00d7547 mm. 1 unidad. 2 manetas. inoxidable. calidad CE. Lado opuesto: 133\/260 mm. Enganche: 10mm. lado cierre: 23\/286 mm. Enganche: 9mm<br \/>\nc\u00f3digo originales: 61836020 565825 547438<\/p>\n","protected":false},"featured_media":8785,"comment_status":"open","ping_status":"closed","template":"","meta":{"_uag_custom_page_level_css":"","site-sidebar-layout":"default","site-content-layout":"","ast-site-content-layout":"default","site-content-style":"default","site-sidebar-style":"default","ast-global-header-display":"","ast-banner-title-visibility":"","ast-main-header-display":"","ast-hfb-above-header-display":"","ast-hfb-below-header-display":"","ast-hfb-mobile-header-display":"","site-post-title":"","ast-breadcrumbs-content":"","ast-featured-img":"","footer-sml-layout":"","ast-disable-related-posts":"","theme-transparent-header-meta":"default","adv-header-id-meta":"","stick-header-meta":"","header-above-stick-meta":"","header-main-stick-meta":"","header-below-stick-meta":"","astra-migrate-meta-layouts":"set","ast-page-background-enabled":"default","ast-page-background-meta":{"desktop":{"background-color":"","background-image":"","background-repeat":"repeat","background-position":"center center","background-size":"auto","background-attachment":"scroll","background-type":"","background-media":"","overlay-type":"","overlay-color":"","overlay-opacity":"","overlay-gradient":""},"tablet":{"background-color":"","background-image":"","background-repeat":"repeat","background-position":"center center","background-size":"auto","background-attachment":"scroll","background-type":"","background-media":"","overlay-type":"","overlay-color":"","overlay-opacity":"","overlay-gradient":""},"mobile":{"background-color":"","background-image":"","background-repeat":"repeat","background-position":"center center","background-size":"auto","background-attachment":"scroll","background-type":"","background-media":"","overlay-type":"","overlay-color":"","overlay-opacity":"","overlay-gradient":""}},"ast-content-background-meta":{"desktop":{"background-color":"var(--ast-global-color-4)","background-image":"","background-repeat":"repeat","background-position":"center center","background-size":"auto","background-attachment":"scroll","background-type":"","background-media":"","overlay-type":"","overlay-color":"","overlay-opacity":"","overlay-gradient":""},"tablet":{"background-color":"var(--ast-global-color-4)","background-image":"","background-repeat":"repeat","background-position":"center center","background-size":"auto","background-attachment":"scroll","background-type":"","background-media":"","overlay-type":"","overlay-color":"","overlay-opacity":"","overlay-gradient":""},"mobile":{"background-color":"var(--ast-global-color-4)","background-image":"","background-repeat":"repeat","background-position":"center center","background-size":"auto","background-attachment":"scroll","background-type":"","background-media":"","overlay-type":"","overlay-color":"","overlay-opacity":"","overlay-gradient":""}}},"product_brand":[],"product_cat":[359,427,378],"product_tag":[],"class_list":{"0":"post-8784","1":"product","2":"type-product","3":"status-publish","4":"has-post-thumbnail","6":"product_cat-repuestos-linea-blanca","7":"product_cat-repuestos-para-campanas-extractoras","8":"product_cat-teka","9":"desktop-align-left","10":"tablet-align-left","11":"mobile-align-left","13":"first","14":"instock","15":"taxable","16":"shipping-taxable","17":"purchasable","18":"product-type-simple"},"aioseo_notices":[],"uagb_featured_image_src":{"full":["https:\/\/grupoaaa.es\/wp-content\/uploads\/2026\/03\/fc0011.jpg",1200,1200,false],"thumbnail":["https:\/\/grupoaaa.es\/wp-content\/uploads\/2026\/03\/fc0011-150x150.jpg",150,150,true],"medium":["https:\/\/grupoaaa.es\/wp-content\/uploads\/2026\/03\/fc0011-300x300.jpg",300,300,true],"medium_large":["https:\/\/grupoaaa.es\/wp-content\/uploads\/2026\/03\/fc0011-768x768.jpg",768,768,true],"large":["https:\/\/grupoaaa.es\/wp-content\/uploads\/2026\/03\/fc0011-1024x1024.jpg",1024,1024,true],"1536x1536":["https:\/\/grupoaaa.es\/wp-content\/uploads\/2026\/03\/fc0011.jpg",1200,1200,false],"2048x2048":["https:\/\/grupoaaa.es\/wp-content\/uploads\/2026\/03\/fc0011.jpg",1200,1200,false],"woocommerce_thumbnail":["https:\/\/grupoaaa.es\/wp-content\/uploads\/2026\/03\/fc0011-300x300.jpg",300,300,true],"woocommerce_single":["https:\/\/grupoaaa.es\/wp-content\/uploads\/2026\/03\/fc0011-600x600.jpg",600,600,true],"woocommerce_gallery_thumbnail":["https:\/\/grupoaaa.es\/wp-content\/uploads\/2026\/03\/fc0011-100x100.jpg",100,100,true]},"uagb_author_info":{"display_name":"Abid Ali Abid","author_link":"https:\/\/grupoaaa.es\/es\/author\/"},"uagb_comment_info":0,"uagb_excerpt":"FC0011TK FILTRO CAMPANA TEKA-61836020 Caracter\u00edsticas: Met\u00e1lico. 209\u00d7547 mm. 1 unidad. 2 manetas. inoxidable. calidad CE. Lado opuesto: 133\/260 mm. Enganche: 10mm. lado cierre: 23\/286 mm. Enganche: 9mm c\u00f3digo originales: 61836020 565825 547438","_links":{"self":[{"href":"https:\/\/grupoaaa.es\/es\/wp-json\/wp\/v2\/product\/8784","targetHints":{"allow":["GET"]}}],"collection":[{"href":"https:\/\/grupoaaa.es\/es\/wp-json\/wp\/v2\/product"}],"about":[{"href":"https:\/\/grupoaaa.es\/es\/wp-json\/wp\/v2\/types\/product"}],"replies":[{"embeddable":true,"href":"https:\/\/grupoaaa.es\/es\/wp-json\/wp\/v2\/comments?post=8784"}],"wp:featuredmedia":[{"embeddable":true,"href":"https:\/\/grupoaaa.es\/es\/wp-json\/wp\/v2\/media\/8785"}],"wp:attachment":[{"href":"https:\/\/grupoaaa.es\/es\/wp-json\/wp\/v2\/media?parent=8784"}],"wp:term":[{"taxonomy":"product_brand","embeddable":true,"href":"https:\/\/grupoaaa.es\/es\/wp-json\/wp\/v2\/product_brand?post=8784"},{"taxonomy":"product_cat","embeddable":true,"href":"https:\/\/grupoaaa.es\/es\/wp-json\/wp\/v2\/product_cat?post=8784"},{"taxonomy":"product_tag","embeddable":true,"href":"https:\/\/grupoaaa.es\/es\/wp-json\/wp\/v2\/product_tag?post=8784"}],"curies":[{"name":"wp","href":"https:\/\/api.w.org\/{rel}","templated":true}]}}