{"id":8780,"date":"2026-02-28T18:50:44","date_gmt":"2026-02-28T18:50:44","guid":{"rendered":"https:\/\/grupoaaa.es\/?post_type=product&#038;p=8780"},"modified":"2026-03-04T08:17:08","modified_gmt":"2026-03-04T08:17:08","slug":"fc0010bl-filtro-compana-balay-746994","status":"publish","type":"product","link":"https:\/\/grupoaaa.es\/es\/producto\/fc0010bl-filtro-compana-balay-746994\/","title":{"rendered":"FC0010BL-FILTRO COMPANA BALAY-746994"},"content":{"rendered":"<p>FC0010BL<br \/>\nFILTRO COMPANA BALAY-746994<br \/>\nCaracter\u00edsticas: Met\u00e1lico. 184\u00d7457 mm. Lado opuesto: 63\/45 mm Enganche: 7 mm. Lado cierre: 63\/45 mm. Enganche: 7mm. 1 unidad. 1 maneta. calidad alternativa.<br \/>\nc\u00f3digo original: B\/S\/H: 746994, Indesit: C00333929,C00302770, Whirlpool: 482000009755,482000032240<br \/>\nMarca: ARISTON, BALAY,BAUKNECHT, BOSCH, ELICA, GAGGENAU, HOTPOINT, IGIS, INDEIT, WHIRLPOOL, PITSOS,SCHOLTES,SIEMENS, IKEA, PRIVILING<\/p>\n","protected":false},"excerpt":{"rendered":"<p>FC0010BL<br \/>\nFILTRO COMPANA BALAY-746994<br \/>\nCaracter\u00edsticas: Met\u00e1lico. 184\u00d7457 mm. Lado opuesto: 63\/45 mm Enganche: 7 mm. Lado cierre:63\/45 mm. Enganche: 7mm. 1 unidad. 1 maneta. calidad alternativa.<br \/>\nc\u00f3digo original: B\/S\/H: 746994, Indesit: C00333929,C00302770, Whirlpool: 482000009755,482000032240<\/p>\n","protected":false},"featured_media":8781,"comment_status":"open","ping_status":"closed","template":"","meta":{"_uag_custom_page_level_css":"","site-sidebar-layout":"default","site-content-layout":"","ast-site-content-layout":"default","site-content-style":"default","site-sidebar-style":"default","ast-global-header-display":"","ast-banner-title-visibility":"","ast-main-header-display":"","ast-hfb-above-header-display":"","ast-hfb-below-header-display":"","ast-hfb-mobile-header-display":"","site-post-title":"","ast-breadcrumbs-content":"","ast-featured-img":"","footer-sml-layout":"","theme-transparent-header-meta":"default","adv-header-id-meta":"","stick-header-meta":"","header-above-stick-meta":"","header-main-stick-meta":"","header-below-stick-meta":"","astra-migrate-meta-layouts":"set","ast-page-background-enabled":"default","ast-page-background-meta":{"desktop":{"background-color":"","background-image":"","background-repeat":"repeat","background-position":"center center","background-size":"auto","background-attachment":"scroll","background-type":"","background-media":"","overlay-type":"","overlay-color":"","overlay-opacity":"","overlay-gradient":""},"tablet":{"background-color":"","background-image":"","background-repeat":"repeat","background-position":"center center","background-size":"auto","background-attachment":"scroll","background-type":"","background-media":"","overlay-type":"","overlay-color":"","overlay-opacity":"","overlay-gradient":""},"mobile":{"background-color":"","background-image":"","background-repeat":"repeat","background-position":"center center","background-size":"auto","background-attachment":"scroll","background-type":"","background-media":"","overlay-type":"","overlay-color":"","overlay-opacity":"","overlay-gradient":""}},"ast-content-background-meta":{"desktop":{"background-color":"var(--ast-global-color-5)","background-image":"","background-repeat":"repeat","background-position":"center center","background-size":"auto","background-attachment":"scroll","background-type":"","background-media":"","overlay-type":"","overlay-color":"","overlay-opacity":"","overlay-gradient":""},"tablet":{"background-color":"var(--ast-global-color-5)","background-image":"","background-repeat":"repeat","background-position":"center center","background-size":"auto","background-attachment":"scroll","background-type":"","background-media":"","overlay-type":"","overlay-color":"","overlay-opacity":"","overlay-gradient":""},"mobile":{"background-color":"var(--ast-global-color-5)","background-image":"","background-repeat":"repeat","background-position":"center center","background-size":"auto","background-attachment":"scroll","background-type":"","background-media":"","overlay-type":"","overlay-color":"","overlay-opacity":"","overlay-gradient":""}}},"product_brand":[],"product_cat":[373,358,460,361,471,461,364,359,427,377,371],"product_tag":[],"class_list":{"0":"post-8780","1":"product","2":"type-product","3":"status-publish","4":"has-post-thumbnail","6":"product_cat-ariston","7":"product_cat-balay-es","8":"product_cat-bauknecht","9":"product_cat-bosch-es","10":"product_cat-hotpoint","11":"product_cat-ignis","12":"product_cat-indesit-es","13":"product_cat-repuestos-linea-blanca","14":"product_cat-repuestos-para-campanas-extractoras","15":"product_cat-siemens","16":"product_cat-whirlpool-2","17":"desktop-align-left","18":"tablet-align-left","19":"mobile-align-left","21":"first","22":"instock","23":"taxable","24":"shipping-taxable","25":"purchasable","26":"product-type-simple"},"aioseo_notices":[],"uagb_featured_image_src":{"full":["https:\/\/grupoaaa.es\/wp-content\/uploads\/2026\/02\/FC0010.jpg",500,400,false],"thumbnail":["https:\/\/grupoaaa.es\/wp-content\/uploads\/2026\/02\/FC0010-150x150.jpg",150,150,true],"medium":["https:\/\/grupoaaa.es\/wp-content\/uploads\/2026\/02\/FC0010-300x240.jpg",300,240,true],"medium_large":["https:\/\/grupoaaa.es\/wp-content\/uploads\/2026\/02\/FC0010.jpg",500,400,false],"large":["https:\/\/grupoaaa.es\/wp-content\/uploads\/2026\/02\/FC0010.jpg",500,400,false],"1536x1536":["https:\/\/grupoaaa.es\/wp-content\/uploads\/2026\/02\/FC0010.jpg",500,400,false],"2048x2048":["https:\/\/grupoaaa.es\/wp-content\/uploads\/2026\/02\/FC0010.jpg",500,400,false],"woocommerce_thumbnail":["https:\/\/grupoaaa.es\/wp-content\/uploads\/2026\/02\/FC0010-300x300.jpg",300,300,true],"woocommerce_single":["https:\/\/grupoaaa.es\/wp-content\/uploads\/2026\/02\/FC0010.jpg",500,400,false],"woocommerce_gallery_thumbnail":["https:\/\/grupoaaa.es\/wp-content\/uploads\/2026\/02\/FC0010-100x100.jpg",100,100,true]},"uagb_author_info":{"display_name":"Abid Ali Abid","author_link":"https:\/\/grupoaaa.es\/es\/author\/"},"uagb_comment_info":0,"uagb_excerpt":"FC0010BL FILTRO COMPANA BALAY-746994 Caracter\u00edsticas: Met\u00e1lico. 184\u00d7457 mm. Lado opuesto: 63\/45 mm Enganche: 7 mm. Lado cierre:63\/45 mm. Enganche: 7mm. 1 unidad. 1 maneta. calidad alternativa. c\u00f3digo original: B\/S\/H: 746994, Indesit: C00333929,C00302770, Whirlpool: 482000009755,482000032240","_links":{"self":[{"href":"https:\/\/grupoaaa.es\/es\/wp-json\/wp\/v2\/product\/8780","targetHints":{"allow":["GET"]}}],"collection":[{"href":"https:\/\/grupoaaa.es\/es\/wp-json\/wp\/v2\/product"}],"about":[{"href":"https:\/\/grupoaaa.es\/es\/wp-json\/wp\/v2\/types\/product"}],"replies":[{"embeddable":true,"href":"https:\/\/grupoaaa.es\/es\/wp-json\/wp\/v2\/comments?post=8780"}],"wp:featuredmedia":[{"embeddable":true,"href":"https:\/\/grupoaaa.es\/es\/wp-json\/wp\/v2\/media\/8781"}],"wp:attachment":[{"href":"https:\/\/grupoaaa.es\/es\/wp-json\/wp\/v2\/media?parent=8780"}],"wp:term":[{"taxonomy":"product_brand","embeddable":true,"href":"https:\/\/grupoaaa.es\/es\/wp-json\/wp\/v2\/product_brand?post=8780"},{"taxonomy":"product_cat","embeddable":true,"href":"https:\/\/grupoaaa.es\/es\/wp-json\/wp\/v2\/product_cat?post=8780"},{"taxonomy":"product_tag","embeddable":true,"href":"https:\/\/grupoaaa.es\/es\/wp-json\/wp\/v2\/product_tag?post=8780"}],"curies":[{"name":"wp","href":"https:\/\/api.w.org\/{rel}","templated":true}]}}