{"id":8777,"date":"2026-02-28T17:21:52","date_gmt":"2026-02-28T17:21:52","guid":{"rendered":"https:\/\/grupoaaa.es\/?post_type=product&#038;p=8777"},"modified":"2026-02-28T17:23:42","modified_gmt":"2026-02-28T17:23:42","slug":"fcc009-filtro-campana-cata-02825272","status":"publish","type":"product","link":"https:\/\/grupoaaa.es\/es\/producto\/fcc009-filtro-campana-cata-02825272\/","title":{"rendered":"FC009CT-FILTRO CAMPANA CATA-02825272"},"content":{"rendered":"<p>FCC009<br \/>\nFILTRO CAMPANA CATA-02825272<br \/>\nCaracter\u00edsticas: met\u00e1lico. 210\u00d7525 mm. 2 unidades. 2 manetas. original.<br \/>\nC\u00f3digo original: 02825272 P02825272<br \/>\nmodelos:<br \/>\nCATA:<br \/>\n02825272 TF-2003 TF-2003 60 DURALUM TF-2003-DURALUM-700-D-02089305-02 TF-6600 DURALUM A-02010202 TF2003 60 TF2003 60 DURALUM TF2003 DURALUM600 TF2003-60 TF2003-60BLANCA-A-02017000 TF2003DURALUM600D-02017305<br \/>\nEDESA:<br \/>\nECT-6411X<br \/>\nNODOR:<br \/>\nEXTENDER 1740 EXTENDER 22 60 EXTENDER 22 60 EXTENDER 22 60 INOX\/B-1700 EXTENDER 22 60 INOX\/B-REF: 1700 N\u00c2\u00ba 1515 EXTENDER 22 BLANCA 60 EXTENDER 22 INOX 60\/A-??? NO SE LO QUE SIGNIFICA EXTENDER 22-103215 EXTENDER 2260-N\/S 0904 EXTENDER WHITE GLASS 60 EXTENDER22-60INOX-B-1700 EXTENDER22INOX60-A-1740<\/p>\n","protected":false},"excerpt":{"rendered":"<p>FCC009<br \/>\nFILTRO CAMPANA CATA-02825272<br \/>\nCaracter\u00edsticas: met\u00e1lico. 210\u00d7525 mm. 2 unidades. 2 manetas. original.<br \/>\nC\u00f3digo original: 02825272 P02825272<\/p>\n","protected":false},"featured_media":8778,"comment_status":"open","ping_status":"closed","template":"","meta":{"_uag_custom_page_level_css":"","site-sidebar-layout":"default","site-content-layout":"","ast-site-content-layout":"default","site-content-style":"default","site-sidebar-style":"default","ast-global-header-display":"","ast-banner-title-visibility":"","ast-main-header-display":"","ast-hfb-above-header-display":"","ast-hfb-below-header-display":"","ast-hfb-mobile-header-display":"","site-post-title":"","ast-breadcrumbs-content":"","ast-featured-img":"","footer-sml-layout":"","theme-transparent-header-meta":"default","adv-header-id-meta":"","stick-header-meta":"","header-above-stick-meta":"","header-main-stick-meta":"","header-below-stick-meta":"","astra-migrate-meta-layouts":"set","ast-page-background-enabled":"default","ast-page-background-meta":{"desktop":{"background-color":"","background-image":"","background-repeat":"repeat","background-position":"center center","background-size":"auto","background-attachment":"scroll","background-type":"","background-media":"","overlay-type":"","overlay-color":"","overlay-opacity":"","overlay-gradient":""},"tablet":{"background-color":"","background-image":"","background-repeat":"repeat","background-position":"center center","background-size":"auto","background-attachment":"scroll","background-type":"","background-media":"","overlay-type":"","overlay-color":"","overlay-opacity":"","overlay-gradient":""},"mobile":{"background-color":"","background-image":"","background-repeat":"repeat","background-position":"center center","background-size":"auto","background-attachment":"scroll","background-type":"","background-media":"","overlay-type":"","overlay-color":"","overlay-opacity":"","overlay-gradient":""}},"ast-content-background-meta":{"desktop":{"background-color":"var(--ast-global-color-5)","background-image":"","background-repeat":"repeat","background-position":"center center","background-size":"auto","background-attachment":"scroll","background-type":"","background-media":"","overlay-type":"","overlay-color":"","overlay-opacity":"","overlay-gradient":""},"tablet":{"background-color":"var(--ast-global-color-5)","background-image":"","background-repeat":"repeat","background-position":"center center","background-size":"auto","background-attachment":"scroll","background-type":"","background-media":"","overlay-type":"","overlay-color":"","overlay-opacity":"","overlay-gradient":""},"mobile":{"background-color":"var(--ast-global-color-5)","background-image":"","background-repeat":"repeat","background-position":"center center","background-size":"auto","background-attachment":"scroll","background-type":"","background-media":"","overlay-type":"","overlay-color":"","overlay-opacity":"","overlay-gradient":""}}},"product_brand":[],"product_cat":[505,388,507,427],"product_tag":[],"class_list":{"0":"post-8777","1":"product","2":"type-product","3":"status-publish","4":"has-post-thumbnail","6":"product_cat-cata","7":"product_cat-edesa","8":"product_cat-nodor","9":"product_cat-repuestos-para-campanas-extractoras","10":"desktop-align-left","11":"tablet-align-left","12":"mobile-align-left","14":"first","15":"instock","16":"taxable","17":"shipping-taxable","18":"purchasable","19":"product-type-simple"},"aioseo_notices":[],"uagb_featured_image_src":{"full":["https:\/\/grupoaaa.es\/wp-content\/uploads\/2026\/02\/fc009.webp",700,700,false],"thumbnail":["https:\/\/grupoaaa.es\/wp-content\/uploads\/2026\/02\/fc009-150x150.webp",150,150,true],"medium":["https:\/\/grupoaaa.es\/wp-content\/uploads\/2026\/02\/fc009-300x300.webp",300,300,true],"medium_large":["https:\/\/grupoaaa.es\/wp-content\/uploads\/2026\/02\/fc009.webp",700,700,false],"large":["https:\/\/grupoaaa.es\/wp-content\/uploads\/2026\/02\/fc009.webp",700,700,false],"1536x1536":["https:\/\/grupoaaa.es\/wp-content\/uploads\/2026\/02\/fc009.webp",700,700,false],"2048x2048":["https:\/\/grupoaaa.es\/wp-content\/uploads\/2026\/02\/fc009.webp",700,700,false],"woocommerce_thumbnail":["https:\/\/grupoaaa.es\/wp-content\/uploads\/2026\/02\/fc009-300x300.webp",300,300,true],"woocommerce_single":["https:\/\/grupoaaa.es\/wp-content\/uploads\/2026\/02\/fc009-600x600.webp",600,600,true],"woocommerce_gallery_thumbnail":["https:\/\/grupoaaa.es\/wp-content\/uploads\/2026\/02\/fc009-100x100.webp",100,100,true]},"uagb_author_info":{"display_name":"Abid Ali Abid","author_link":"https:\/\/grupoaaa.es\/es\/author\/"},"uagb_comment_info":0,"uagb_excerpt":"FCC009 FILTRO CAMPANA CATA-02825272 Caracter\u00edsticas: met\u00e1lico. 210\u00d7525 mm. 2 unidades. 2 manetas. original. C\u00f3digo original: 02825272 P02825272","_links":{"self":[{"href":"https:\/\/grupoaaa.es\/es\/wp-json\/wp\/v2\/product\/8777","targetHints":{"allow":["GET"]}}],"collection":[{"href":"https:\/\/grupoaaa.es\/es\/wp-json\/wp\/v2\/product"}],"about":[{"href":"https:\/\/grupoaaa.es\/es\/wp-json\/wp\/v2\/types\/product"}],"replies":[{"embeddable":true,"href":"https:\/\/grupoaaa.es\/es\/wp-json\/wp\/v2\/comments?post=8777"}],"wp:featuredmedia":[{"embeddable":true,"href":"https:\/\/grupoaaa.es\/es\/wp-json\/wp\/v2\/media\/8778"}],"wp:attachment":[{"href":"https:\/\/grupoaaa.es\/es\/wp-json\/wp\/v2\/media?parent=8777"}],"wp:term":[{"taxonomy":"product_brand","embeddable":true,"href":"https:\/\/grupoaaa.es\/es\/wp-json\/wp\/v2\/product_brand?post=8777"},{"taxonomy":"product_cat","embeddable":true,"href":"https:\/\/grupoaaa.es\/es\/wp-json\/wp\/v2\/product_cat?post=8777"},{"taxonomy":"product_tag","embeddable":true,"href":"https:\/\/grupoaaa.es\/es\/wp-json\/wp\/v2\/product_tag?post=8777"}],"curies":[{"name":"wp","href":"https:\/\/api.w.org\/{rel}","templated":true}]}}