{"id":8774,"date":"2026-02-28T16:51:20","date_gmt":"2026-02-28T16:51:20","guid":{"rendered":"https:\/\/grupoaaa.es\/?post_type=product&#038;p=8774"},"modified":"2026-03-04T08:14:42","modified_gmt":"2026-03-04T08:14:42","slug":"fc008tk-filtro-campana-teka-61874021","status":"publish","type":"product","link":"https:\/\/grupoaaa.es\/es\/producto\/fc008tk-filtro-campana-teka-61874021\/","title":{"rendered":"FC008TK-FILTRO CAMPANA TEKA-61874021"},"content":{"rendered":"<p>FC008TK<br \/>\nFILTRO CAMPANA TEKA-61874021<br \/>\nCaracter\u00edsticas: met\u00e1lico. 194\u00d7 500 mm. 1 unidad. 1 maneta. lado opuesto: 32\/110 mm. Enganche 9 mm. lado cierre: 68\/45 mm. Enganche: 7 mm. cierre rectangular<br \/>\nc\u00f3digo original:  61874021 Candy:49009921 <\/p>\n<p>Modelo: <\/p>\n<p>ELEGANCE:<br \/>\nET-620<\/p>\n<p>SMEG:<br \/>\nKSET61X<\/p>\n<p>TEKA:<br \/>\nCNL 900 CNL 900-40474009 CNL900INOX ET 620 BLANCAVR00-40474240 ET620BLANCA KSET61X VR00-40474229 MT620BLANCA-40474245 MT620BLNCA TCT 62 INOX VR00-80402000 TCT 62 VR00-80402001 TCT 64 BLANCA VR01-80402016 TCT 64 BLANCAVR00-80402016 TCT 64 INOX VR01VR01-80402015 TCT 64 INOXVR00-80402015 TCT62 TL 2000 BLANCA VR00-40474005 TL 2000 BLANCAVR00-40474007 TL 2000 GRISVR00-40474006 TL 2000 INOX VR00-40474004 TL 2000 INOXVR00-40474008 TL-6310-INOX-VR03-40474250 TL1 62 BLANCAVR00-40474212 TL1-62 TL1-62 VR01 TL162 TL162BLANCA TL162GRIS TL162INOX TL162MARRON TL162NEGRA TL2000BLANCA TL2000GRIS TL2000INOX TL62 TL6310 W TL6310-40474251 TL6310-INOX-40474250 TL6310BK TL6310NEGRA TL6310WHBLANCA TL6420 INOX TL6420-40474260 TL6420INOX TL6420WHBLANCA TLB162INOX TLZ62INOX<\/p>\n<p>THOR:<br \/>\nTCT62 TCT62BLANCO TCT62INOX TCT63INOX TCT64BLANCA<\/p>\n","protected":false},"excerpt":{"rendered":"<p>FC008TK<br \/>\nFILTRO CAMPANA TEKA-61874021<br \/>\nCaracter\u00edsticas: met\u00e1lico. 194\u00d7 500 mm. 1 unidad. 1 maneta. lado opuesto: 32\/110 mm. Enganche mm. lado cierre:68\/45 mm. Enganche: 7 mm. cierre rectangular<br \/>\nc\u00f3digo original:  61874021 Candy:49009921 <\/p>\n","protected":false},"featured_media":8775,"comment_status":"open","ping_status":"closed","template":"","meta":{"_uag_custom_page_level_css":"","site-sidebar-layout":"default","site-content-layout":"","ast-site-content-layout":"default","site-content-style":"default","site-sidebar-style":"default","ast-global-header-display":"","ast-banner-title-visibility":"","ast-main-header-display":"","ast-hfb-above-header-display":"","ast-hfb-below-header-display":"","ast-hfb-mobile-header-display":"","site-post-title":"","ast-breadcrumbs-content":"","ast-featured-img":"","footer-sml-layout":"","theme-transparent-header-meta":"default","adv-header-id-meta":"","stick-header-meta":"","header-above-stick-meta":"","header-main-stick-meta":"","header-below-stick-meta":"","astra-migrate-meta-layouts":"set","ast-page-background-enabled":"default","ast-page-background-meta":{"desktop":{"background-color":"","background-image":"","background-repeat":"repeat","background-position":"center center","background-size":"auto","background-attachment":"scroll","background-type":"","background-media":"","overlay-type":"","overlay-color":"","overlay-opacity":"","overlay-gradient":""},"tablet":{"background-color":"","background-image":"","background-repeat":"repeat","background-position":"center center","background-size":"auto","background-attachment":"scroll","background-type":"","background-media":"","overlay-type":"","overlay-color":"","overlay-opacity":"","overlay-gradient":""},"mobile":{"background-color":"","background-image":"","background-repeat":"repeat","background-position":"center center","background-size":"auto","background-attachment":"scroll","background-type":"","background-media":"","overlay-type":"","overlay-color":"","overlay-opacity":"","overlay-gradient":""}},"ast-content-background-meta":{"desktop":{"background-color":"var(--ast-global-color-5)","background-image":"","background-repeat":"repeat","background-position":"center center","background-size":"auto","background-attachment":"scroll","background-type":"","background-media":"","overlay-type":"","overlay-color":"","overlay-opacity":"","overlay-gradient":""},"tablet":{"background-color":"var(--ast-global-color-5)","background-image":"","background-repeat":"repeat","background-position":"center center","background-size":"auto","background-attachment":"scroll","background-type":"","background-media":"","overlay-type":"","overlay-color":"","overlay-opacity":"","overlay-gradient":""},"mobile":{"background-color":"var(--ast-global-color-5)","background-image":"","background-repeat":"repeat","background-position":"center center","background-size":"auto","background-attachment":"scroll","background-type":"","background-media":"","overlay-type":"","overlay-color":"","overlay-opacity":"","overlay-gradient":""}}},"product_brand":[],"product_cat":[359,427,378],"product_tag":[],"class_list":{"0":"post-8774","1":"product","2":"type-product","3":"status-publish","4":"has-post-thumbnail","6":"product_cat-repuestos-linea-blanca","7":"product_cat-repuestos-para-campanas-extractoras","8":"product_cat-teka","9":"desktop-align-left","10":"tablet-align-left","11":"mobile-align-left","13":"first","14":"instock","15":"taxable","16":"shipping-taxable","17":"purchasable","18":"product-type-simple"},"aioseo_notices":[],"uagb_featured_image_src":{"full":["https:\/\/grupoaaa.es\/wp-content\/uploads\/2026\/02\/fc008.webp",500,400,false],"thumbnail":["https:\/\/grupoaaa.es\/wp-content\/uploads\/2026\/02\/fc008-150x150.webp",150,150,true],"medium":["https:\/\/grupoaaa.es\/wp-content\/uploads\/2026\/02\/fc008-300x240.webp",300,240,true],"medium_large":["https:\/\/grupoaaa.es\/wp-content\/uploads\/2026\/02\/fc008.webp",500,400,false],"large":["https:\/\/grupoaaa.es\/wp-content\/uploads\/2026\/02\/fc008.webp",500,400,false],"1536x1536":["https:\/\/grupoaaa.es\/wp-content\/uploads\/2026\/02\/fc008.webp",500,400,false],"2048x2048":["https:\/\/grupoaaa.es\/wp-content\/uploads\/2026\/02\/fc008.webp",500,400,false],"woocommerce_thumbnail":["https:\/\/grupoaaa.es\/wp-content\/uploads\/2026\/02\/fc008-300x300.webp",300,300,true],"woocommerce_single":["https:\/\/grupoaaa.es\/wp-content\/uploads\/2026\/02\/fc008.webp",500,400,false],"woocommerce_gallery_thumbnail":["https:\/\/grupoaaa.es\/wp-content\/uploads\/2026\/02\/fc008-100x100.webp",100,100,true]},"uagb_author_info":{"display_name":"Abid Ali Abid","author_link":"https:\/\/grupoaaa.es\/es\/author\/"},"uagb_comment_info":0,"uagb_excerpt":"FC008TK FILTRO CAMPANA TEKA-61874021 Caracter\u00edsticas: met\u00e1lico. 194\u00d7 500 mm. 1 unidad. 1 maneta. lado opuesto: 32\/110 mm. Enganche mm. lado cierre:68\/45 mm. Enganche: 7 mm. cierre rectangular c\u00f3digo original: 61874021 Candy:49009921","_links":{"self":[{"href":"https:\/\/grupoaaa.es\/es\/wp-json\/wp\/v2\/product\/8774","targetHints":{"allow":["GET"]}}],"collection":[{"href":"https:\/\/grupoaaa.es\/es\/wp-json\/wp\/v2\/product"}],"about":[{"href":"https:\/\/grupoaaa.es\/es\/wp-json\/wp\/v2\/types\/product"}],"replies":[{"embeddable":true,"href":"https:\/\/grupoaaa.es\/es\/wp-json\/wp\/v2\/comments?post=8774"}],"wp:featuredmedia":[{"embeddable":true,"href":"https:\/\/grupoaaa.es\/es\/wp-json\/wp\/v2\/media\/8775"}],"wp:attachment":[{"href":"https:\/\/grupoaaa.es\/es\/wp-json\/wp\/v2\/media?parent=8774"}],"wp:term":[{"taxonomy":"product_brand","embeddable":true,"href":"https:\/\/grupoaaa.es\/es\/wp-json\/wp\/v2\/product_brand?post=8774"},{"taxonomy":"product_cat","embeddable":true,"href":"https:\/\/grupoaaa.es\/es\/wp-json\/wp\/v2\/product_cat?post=8774"},{"taxonomy":"product_tag","embeddable":true,"href":"https:\/\/grupoaaa.es\/es\/wp-json\/wp\/v2\/product_tag?post=8774"}],"curies":[{"name":"wp","href":"https:\/\/api.w.org\/{rel}","templated":true}]}}