{"id":8771,"date":"2026-02-28T16:26:20","date_gmt":"2026-02-28T16:26:20","guid":{"rendered":"https:\/\/grupoaaa.es\/?post_type=product&#038;p=8771"},"modified":"2026-02-28T16:47:41","modified_gmt":"2026-02-28T16:47:41","slug":"fc007tk-filtro-campana-teka-89230624","status":"publish","type":"product","link":"https:\/\/grupoaaa.es\/es\/producto\/fc007tk-filtro-campana-teka-89230624\/","title":{"rendered":"FC007TK-FILTRO CAMPANA TEKA-89230624"},"content":{"rendered":"<p>FC007TK<br \/>\nFILTRO CAMPANA TEKA-89230624<br \/>\nCaracter\u00edsticas: Met\u00e1lico.547\u00d7209 mm. Lado opuesto: 133\/260 mm. Enganche:10 mm. lado cierre: 244\/45 mm. Enganche: 7 mm. 1 unidad. 1 manita. original<br \/>\nFiltro met\u00e1lico fijo campana extractora TEKA<br \/>\nC\u00f3digo original: 89230624<\/p>\n<p>Modelo: <\/p>\n<p>TEKA:<br \/>\nCNL 6400 BK VR01-40436802 CNL 6400 BK VR02-40436802 CNL 6400 BK VR03-40436802 CNL 6400 BK-40436802 CNL 6400 INOX VR01-40436800 CNL 6400 INOX VR02-40436800 CNL 6400 INOX VR03-40436800 CNL 6400 INOX-40436800 CNL 6400 WH VR01-40436801 CNL 6400 WH VR02-40436801 CNL 6400 WH VR03-40436801 CNL 6400 WH-40436801 CNL 6415 CNL 6415 BK VR01-40436812 CNL 6415 BK VR02-40436812 CNL 6415 BK VR03-40436812 CNL 6415 BK-40436812 CNL 6415 INOX VR01-40436810 CNL 6415 INOX VR02-40436810 CNL 6415 INOX VR03-40436810 CNL 6415 INOX-40436810 CNL 6415 WH VR01-40436811 CNL 6415 WH VR02-40436811 CNL 6415 WH VR03-40436811 CNL 6415 WH-40436811 CNL-6400-WH-VR03-40436801 CNL-6415 -40436810 CNL-6415-INOX-VR03-40436810 CNL2-2002 CNL21001BLANCO CNL21001BLANCO-40436601 CNL21001INOX CNL21001INOX-40436600 CNL22002 CNL22002BLANCO CNL22002BLANCO-40436701 CNL22002INOX CNL22002INOX-40436700 CNL22002NEGRO CNL22002NEGRO-40436702 CNL3 2002 CNL3 2002 INOX CNL3-2002 CNL31001SINOX CNL31001WBLANCA CNL32002BNEGRA CNL32002SINOX CNL32002WBLANCA CNL6400.2WH-VR00-113070007 CNL6400B CNL6400BKNEGRA CNL6400INOX CNL6400WHBLANCA CNL6415 -40436810 CNL6415 VR02-040436812 CNL6415-40436810 CNL6415BKNEGRA CNL6415INOX CNL6415VR03-40436810 CNL6415WHBLANCA CNL6415WHVR03-40436811<\/p>\n","protected":false},"excerpt":{"rendered":"<p>FC007TK<br \/>\nFILTRO CAMPANA TEKA-89230624<br \/>\nCaracter\u00edsticas: Met\u00e1lico.547\u00d7209 mm. Lado opuesto: 133\/260 mm. Enganche:10 mm. lado cierre: 244\/45 mm. Enganche: 7 mm. 1 unidad. 1 manita. original<br \/>\nFiltro met\u00e1lico fijo campana extractora TEKA<br \/>\nC\u00f3digo original: 89230624<\/p>\n","protected":false},"featured_media":8772,"comment_status":"open","ping_status":"closed","template":"","meta":{"_uag_custom_page_level_css":"","site-sidebar-layout":"default","site-content-layout":"","ast-site-content-layout":"default","site-content-style":"default","site-sidebar-style":"default","ast-global-header-display":"","ast-banner-title-visibility":"","ast-main-header-display":"","ast-hfb-above-header-display":"","ast-hfb-below-header-display":"","ast-hfb-mobile-header-display":"","site-post-title":"","ast-breadcrumbs-content":"","ast-featured-img":"","footer-sml-layout":"","theme-transparent-header-meta":"default","adv-header-id-meta":"","stick-header-meta":"","header-above-stick-meta":"","header-main-stick-meta":"","header-below-stick-meta":"","astra-migrate-meta-layouts":"set","ast-page-background-enabled":"default","ast-page-background-meta":{"desktop":{"background-color":"","background-image":"","background-repeat":"repeat","background-position":"center center","background-size":"auto","background-attachment":"scroll","background-type":"","background-media":"","overlay-type":"","overlay-color":"","overlay-opacity":"","overlay-gradient":""},"tablet":{"background-color":"","background-image":"","background-repeat":"repeat","background-position":"center center","background-size":"auto","background-attachment":"scroll","background-type":"","background-media":"","overlay-type":"","overlay-color":"","overlay-opacity":"","overlay-gradient":""},"mobile":{"background-color":"","background-image":"","background-repeat":"repeat","background-position":"center center","background-size":"auto","background-attachment":"scroll","background-type":"","background-media":"","overlay-type":"","overlay-color":"","overlay-opacity":"","overlay-gradient":""}},"ast-content-background-meta":{"desktop":{"background-color":"var(--ast-global-color-5)","background-image":"","background-repeat":"repeat","background-position":"center center","background-size":"auto","background-attachment":"scroll","background-type":"","background-media":"","overlay-type":"","overlay-color":"","overlay-opacity":"","overlay-gradient":""},"tablet":{"background-color":"var(--ast-global-color-5)","background-image":"","background-repeat":"repeat","background-position":"center center","background-size":"auto","background-attachment":"scroll","background-type":"","background-media":"","overlay-type":"","overlay-color":"","overlay-opacity":"","overlay-gradient":""},"mobile":{"background-color":"var(--ast-global-color-5)","background-image":"","background-repeat":"repeat","background-position":"center center","background-size":"auto","background-attachment":"scroll","background-type":"","background-media":"","overlay-type":"","overlay-color":"","overlay-opacity":"","overlay-gradient":""}}},"product_brand":[],"product_cat":[359,427,378],"product_tag":[],"class_list":{"0":"post-8771","1":"product","2":"type-product","3":"status-publish","4":"has-post-thumbnail","6":"product_cat-repuestos-linea-blanca","7":"product_cat-repuestos-para-campanas-extractoras","8":"product_cat-teka","9":"desktop-align-left","10":"tablet-align-left","11":"mobile-align-left","13":"first","14":"instock","15":"taxable","16":"shipping-taxable","17":"purchasable","18":"product-type-simple"},"aioseo_notices":[],"uagb_featured_image_src":{"full":["https:\/\/grupoaaa.es\/wp-content\/uploads\/2026\/02\/fc007.webp",1200,1200,false],"thumbnail":["https:\/\/grupoaaa.es\/wp-content\/uploads\/2026\/02\/fc007-150x150.webp",150,150,true],"medium":["https:\/\/grupoaaa.es\/wp-content\/uploads\/2026\/02\/fc007-300x300.webp",300,300,true],"medium_large":["https:\/\/grupoaaa.es\/wp-content\/uploads\/2026\/02\/fc007-768x768.webp",768,768,true],"large":["https:\/\/grupoaaa.es\/wp-content\/uploads\/2026\/02\/fc007-1024x1024.webp",1024,1024,true],"1536x1536":["https:\/\/grupoaaa.es\/wp-content\/uploads\/2026\/02\/fc007.webp",1200,1200,false],"2048x2048":["https:\/\/grupoaaa.es\/wp-content\/uploads\/2026\/02\/fc007.webp",1200,1200,false],"woocommerce_thumbnail":["https:\/\/grupoaaa.es\/wp-content\/uploads\/2026\/02\/fc007-300x300.webp",300,300,true],"woocommerce_single":["https:\/\/grupoaaa.es\/wp-content\/uploads\/2026\/02\/fc007-600x600.webp",600,600,true],"woocommerce_gallery_thumbnail":["https:\/\/grupoaaa.es\/wp-content\/uploads\/2026\/02\/fc007-100x100.webp",100,100,true]},"uagb_author_info":{"display_name":"Abid Ali Abid","author_link":"https:\/\/grupoaaa.es\/es\/author\/"},"uagb_comment_info":0,"uagb_excerpt":"FC007TK FILTRO CAMPANA TEKA-89230624 Caracter\u00edsticas: Met\u00e1lico.547\u00d7209 mm. Lado opuesto: 133\/260 mm. Enganche:10 mm. lado cierre: 244\/45 mm. Enganche: 7 mm. 1 unidad. 1 manita. original Filtro met\u00e1lico fijo campana extractora TEKA C\u00f3digo original: 89230624","_links":{"self":[{"href":"https:\/\/grupoaaa.es\/es\/wp-json\/wp\/v2\/product\/8771","targetHints":{"allow":["GET"]}}],"collection":[{"href":"https:\/\/grupoaaa.es\/es\/wp-json\/wp\/v2\/product"}],"about":[{"href":"https:\/\/grupoaaa.es\/es\/wp-json\/wp\/v2\/types\/product"}],"replies":[{"embeddable":true,"href":"https:\/\/grupoaaa.es\/es\/wp-json\/wp\/v2\/comments?post=8771"}],"wp:featuredmedia":[{"embeddable":true,"href":"https:\/\/grupoaaa.es\/es\/wp-json\/wp\/v2\/media\/8772"}],"wp:attachment":[{"href":"https:\/\/grupoaaa.es\/es\/wp-json\/wp\/v2\/media?parent=8771"}],"wp:term":[{"taxonomy":"product_brand","embeddable":true,"href":"https:\/\/grupoaaa.es\/es\/wp-json\/wp\/v2\/product_brand?post=8771"},{"taxonomy":"product_cat","embeddable":true,"href":"https:\/\/grupoaaa.es\/es\/wp-json\/wp\/v2\/product_cat?post=8771"},{"taxonomy":"product_tag","embeddable":true,"href":"https:\/\/grupoaaa.es\/es\/wp-json\/wp\/v2\/product_tag?post=8771"}],"curies":[{"name":"wp","href":"https:\/\/api.w.org\/{rel}","templated":true}]}}