{"id":8519,"date":"2026-02-21T18:38:29","date_gmt":"2026-02-21T18:38:29","guid":{"rendered":"https:\/\/grupoaaa.es\/?post_type=product&#038;p=8519"},"modified":"2026-02-21T18:39:58","modified_gmt":"2026-02-21T18:39:58","slug":"tds029bs-tubo-desague-o-22x1900-mm-boca-recta-19-mm-bosch","status":"publish","type":"product","link":"https:\/\/grupoaaa.es\/es\/producto\/tds029bs-tubo-desague-o-22x1900-mm-boca-recta-19-mm-bosch\/","title":{"rendered":"TDS029BS-Tubo desag\u00fce \u00d8 22&#215;1900 mm, boca recta, 19 mm-BOSCH"},"content":{"rendered":"<p>TDS029BS<br \/>\nTubo desag\u00fce \u00d8 22&#215;1900 mm, boca recta, 19 mm<br \/>\nCaracter\u00edsticas: No extensible. \u00d8 tubo: 22 x 1900 mm. Recta &#8211; Recta. \u00d8 bocas: 19 mm<br \/>\nB\/S\/H: 00298564,00280795,00284310,00490616<br \/>\nModelos:<br \/>\nBOSCH: 3VZ360BD01 PRACTIKA SGS46M62EU-01 SGS53A52EP01<\/p>\n<p>BALAY:<br \/>\n3VF910NA-01 3VN240BD32 3VS555ID-01<\/p>\n<p>Marca: BALAY, BOSCH, CONSTRUCTA, GAGGENAU, NEFF, PITSOS, PROFILO, SIEMENS, SUPERSER<\/p>\n","protected":false},"excerpt":{"rendered":"<p>TDS029BS<br \/>\nTubo desag\u00fce \u00d8 22&#215;1900 mm, boca recta, 19 mm<br \/>\nCaracter\u00edsticas: No extensible. \u00d8 tubo: 22 x 1900 mm. Recta &#8211; Recta. \u00d8 bocas: 19 mm<br \/>\nB\/S\/H: 298564,280795,284310,490616<\/p>\n","protected":false},"featured_media":8521,"comment_status":"open","ping_status":"closed","template":"","meta":{"_uag_custom_page_level_css":"","site-sidebar-layout":"default","site-content-layout":"","ast-site-content-layout":"default","site-content-style":"default","site-sidebar-style":"default","ast-global-header-display":"","ast-banner-title-visibility":"","ast-main-header-display":"","ast-hfb-above-header-display":"","ast-hfb-below-header-display":"","ast-hfb-mobile-header-display":"","site-post-title":"","ast-breadcrumbs-content":"","ast-featured-img":"","footer-sml-layout":"","theme-transparent-header-meta":"default","adv-header-id-meta":"","stick-header-meta":"","header-above-stick-meta":"","header-main-stick-meta":"","header-below-stick-meta":"","astra-migrate-meta-layouts":"set","ast-page-background-enabled":"default","ast-page-background-meta":{"desktop":{"background-color":"","background-image":"","background-repeat":"repeat","background-position":"center center","background-size":"auto","background-attachment":"scroll","background-type":"","background-media":"","overlay-type":"","overlay-color":"","overlay-opacity":"","overlay-gradient":""},"tablet":{"background-color":"","background-image":"","background-repeat":"repeat","background-position":"center center","background-size":"auto","background-attachment":"scroll","background-type":"","background-media":"","overlay-type":"","overlay-color":"","overlay-opacity":"","overlay-gradient":""},"mobile":{"background-color":"","background-image":"","background-repeat":"repeat","background-position":"center center","background-size":"auto","background-attachment":"scroll","background-type":"","background-media":"","overlay-type":"","overlay-color":"","overlay-opacity":"","overlay-gradient":""}},"ast-content-background-meta":{"desktop":{"background-color":"var(--ast-global-color-5)","background-image":"","background-repeat":"repeat","background-position":"center center","background-size":"auto","background-attachment":"scroll","background-type":"","background-media":"","overlay-type":"","overlay-color":"","overlay-opacity":"","overlay-gradient":""},"tablet":{"background-color":"var(--ast-global-color-5)","background-image":"","background-repeat":"repeat","background-position":"center center","background-size":"auto","background-attachment":"scroll","background-type":"","background-media":"","overlay-type":"","overlay-color":"","overlay-opacity":"","overlay-gradient":""},"mobile":{"background-color":"var(--ast-global-color-5)","background-image":"","background-repeat":"repeat","background-position":"center center","background-size":"auto","background-attachment":"scroll","background-type":"","background-media":"","overlay-type":"","overlay-color":"","overlay-opacity":"","overlay-gradient":""}}},"product_brand":[],"product_cat":[358,361,426,359],"product_tag":[],"class_list":{"0":"post-8519","1":"product","2":"type-product","3":"status-publish","4":"has-post-thumbnail","6":"product_cat-balay-es","7":"product_cat-bosch-es","8":"product_cat-piezas-de-repuesto-para-lavavajillas","9":"product_cat-repuestos-linea-blanca","10":"desktop-align-left","11":"tablet-align-left","12":"mobile-align-left","14":"first","15":"instock","16":"taxable","17":"shipping-taxable","18":"purchasable","19":"product-type-simple"},"aioseo_notices":[],"uagb_featured_image_src":{"full":["https:\/\/grupoaaa.es\/wp-content\/uploads\/2026\/02\/Remove-background-project-2026-02-21T193732.886.png",1341,1600,false],"thumbnail":["https:\/\/grupoaaa.es\/wp-content\/uploads\/2026\/02\/Remove-background-project-2026-02-21T193732.886-150x150.png",150,150,true],"medium":["https:\/\/grupoaaa.es\/wp-content\/uploads\/2026\/02\/Remove-background-project-2026-02-21T193732.886-251x300.png",251,300,true],"medium_large":["https:\/\/grupoaaa.es\/wp-content\/uploads\/2026\/02\/Remove-background-project-2026-02-21T193732.886-768x916.png",768,916,true],"large":["https:\/\/grupoaaa.es\/wp-content\/uploads\/2026\/02\/Remove-background-project-2026-02-21T193732.886-858x1024.png",858,1024,true],"1536x1536":["https:\/\/grupoaaa.es\/wp-content\/uploads\/2026\/02\/Remove-background-project-2026-02-21T193732.886-1287x1536.png",1287,1536,true],"2048x2048":["https:\/\/grupoaaa.es\/wp-content\/uploads\/2026\/02\/Remove-background-project-2026-02-21T193732.886.png",1341,1600,false],"woocommerce_thumbnail":["https:\/\/grupoaaa.es\/wp-content\/uploads\/2026\/02\/Remove-background-project-2026-02-21T193732.886-300x300.png",300,300,true],"woocommerce_single":["https:\/\/grupoaaa.es\/wp-content\/uploads\/2026\/02\/Remove-background-project-2026-02-21T193732.886-600x716.png",600,716,true],"woocommerce_gallery_thumbnail":["https:\/\/grupoaaa.es\/wp-content\/uploads\/2026\/02\/Remove-background-project-2026-02-21T193732.886-100x100.png",100,100,true]},"uagb_author_info":{"display_name":"Abid Ali Abid","author_link":"https:\/\/grupoaaa.es\/es\/author\/"},"uagb_comment_info":0,"uagb_excerpt":"TDS029BS Tubo desag\u00fce \u00d8 22x1900 mm, boca recta, 19 mm Caracter\u00edsticas: No extensible. \u00d8 tubo: 22 x 1900 mm. Recta - Recta. \u00d8 bocas: 19 mm B\/S\/H: 298564,280795,284310,490616","_links":{"self":[{"href":"https:\/\/grupoaaa.es\/es\/wp-json\/wp\/v2\/product\/8519","targetHints":{"allow":["GET"]}}],"collection":[{"href":"https:\/\/grupoaaa.es\/es\/wp-json\/wp\/v2\/product"}],"about":[{"href":"https:\/\/grupoaaa.es\/es\/wp-json\/wp\/v2\/types\/product"}],"replies":[{"embeddable":true,"href":"https:\/\/grupoaaa.es\/es\/wp-json\/wp\/v2\/comments?post=8519"}],"wp:featuredmedia":[{"embeddable":true,"href":"https:\/\/grupoaaa.es\/es\/wp-json\/wp\/v2\/media\/8521"}],"wp:attachment":[{"href":"https:\/\/grupoaaa.es\/es\/wp-json\/wp\/v2\/media?parent=8519"}],"wp:term":[{"taxonomy":"product_brand","embeddable":true,"href":"https:\/\/grupoaaa.es\/es\/wp-json\/wp\/v2\/product_brand?post=8519"},{"taxonomy":"product_cat","embeddable":true,"href":"https:\/\/grupoaaa.es\/es\/wp-json\/wp\/v2\/product_cat?post=8519"},{"taxonomy":"product_tag","embeddable":true,"href":"https:\/\/grupoaaa.es\/es\/wp-json\/wp\/v2\/product_tag?post=8519"}],"curies":[{"name":"wp","href":"https:\/\/api.w.org\/{rel}","templated":true}]}}