{"id":8497,"date":"2026-02-21T12:59:06","date_gmt":"2026-02-21T12:59:06","guid":{"rendered":"https:\/\/grupoaaa.es\/?post_type=product&#038;p=8497"},"modified":"2026-02-21T12:59:06","modified_gmt":"2026-02-21T12:59:06","slug":"tds025un-tubo-de-desague-0-23x1800-bocas-o-20-y-19-mm","status":"publish","type":"product","link":"https:\/\/grupoaaa.es\/es\/producto\/tds025un-tubo-de-desague-0-23x1800-bocas-o-20-y-19-mm\/","title":{"rendered":"TDS025UN-Tubo de desag\u00fce 0 23&#215;1800, bocas \u00d8 20 y 19 mm."},"content":{"rendered":"<p>TDS025UN<br \/>\nTubo de desag\u00fce 0 23&#215;1800, bocas \u00d8 20 y 19 mm.<br \/>\nCaracter\u00edsticas: 0 23&#215;1800, bocas \u00d8 20 y 19 mm.<br \/>\nB\/S\/H: 283319,284673,278466,298803,284673,298803, Midea: 672030090053, Candy:<br \/>\n49017725,7010473,49006839,49011757,49025891<br \/>\nModelos: NEW-POL: serie 3000<br \/>\nOtras marcas: AGNI, BALAY, BOSCH, CANDY, CORCHO, CROLLS, HOOVER, LYNX, MIDEA, OTSEIN,<br \/>\nWHIRLPOOL, PITSOS, ROMMER, ROSIERES, SIEMENS, SUPERSER, ZEROWATT<\/p>\n","protected":false},"excerpt":{"rendered":"<p>TDS025UN<br \/>\nTubo de desag\u00fce 0 23&#215;1800, bocas \u00d8 20 y 19 mm.<br \/>\nCaracter\u00edsticas: 0 23&#215;1800, bocas \u00d8 20 y 19 mm.<br \/>\nB\/S\/H: 283319,284673,278466,298803,284673,298803, Midea: 672030090053, Candy:<br \/>\n49017725,7010473,49006839,49011757,49025891<\/p>\n","protected":false},"featured_media":8498,"comment_status":"open","ping_status":"closed","template":"","meta":{"_uag_custom_page_level_css":"","site-sidebar-layout":"default","site-content-layout":"","ast-site-content-layout":"default","site-content-style":"default","site-sidebar-style":"default","ast-global-header-display":"","ast-banner-title-visibility":"","ast-main-header-display":"","ast-hfb-above-header-display":"","ast-hfb-below-header-display":"","ast-hfb-mobile-header-display":"","site-post-title":"","ast-breadcrumbs-content":"","ast-featured-img":"","footer-sml-layout":"","theme-transparent-header-meta":"default","adv-header-id-meta":"","stick-header-meta":"","header-above-stick-meta":"","header-main-stick-meta":"","header-below-stick-meta":"","astra-migrate-meta-layouts":"set","ast-page-background-enabled":"default","ast-page-background-meta":{"desktop":{"background-color":"","background-image":"","background-repeat":"repeat","background-position":"center center","background-size":"auto","background-attachment":"scroll","background-type":"","background-media":"","overlay-type":"","overlay-color":"","overlay-opacity":"","overlay-gradient":""},"tablet":{"background-color":"","background-image":"","background-repeat":"repeat","background-position":"center center","background-size":"auto","background-attachment":"scroll","background-type":"","background-media":"","overlay-type":"","overlay-color":"","overlay-opacity":"","overlay-gradient":""},"mobile":{"background-color":"","background-image":"","background-repeat":"repeat","background-position":"center center","background-size":"auto","background-attachment":"scroll","background-type":"","background-media":"","overlay-type":"","overlay-color":"","overlay-opacity":"","overlay-gradient":""}},"ast-content-background-meta":{"desktop":{"background-color":"var(--ast-global-color-5)","background-image":"","background-repeat":"repeat","background-position":"center center","background-size":"auto","background-attachment":"scroll","background-type":"","background-media":"","overlay-type":"","overlay-color":"","overlay-opacity":"","overlay-gradient":""},"tablet":{"background-color":"var(--ast-global-color-5)","background-image":"","background-repeat":"repeat","background-position":"center center","background-size":"auto","background-attachment":"scroll","background-type":"","background-media":"","overlay-type":"","overlay-color":"","overlay-opacity":"","overlay-gradient":""},"mobile":{"background-color":"var(--ast-global-color-5)","background-image":"","background-repeat":"repeat","background-position":"center center","background-size":"auto","background-attachment":"scroll","background-type":"","background-media":"","overlay-type":"","overlay-color":"","overlay-opacity":"","overlay-gradient":""}}},"product_brand":[],"product_cat":[359,385,374],"product_tag":[],"class_list":{"0":"post-8497","1":"product","2":"type-product","3":"status-publish","4":"has-post-thumbnail","6":"product_cat-repuestos-linea-blanca","7":"product_cat-repuestos-para-lavadoras","8":"product_cat-universal","9":"desktop-align-left","10":"tablet-align-left","11":"mobile-align-left","13":"first","14":"instock","15":"taxable","16":"shipping-taxable","17":"purchasable","18":"product-type-simple"},"aioseo_notices":[],"uagb_featured_image_src":{"full":["https:\/\/grupoaaa.es\/wp-content\/uploads\/2026\/02\/Remove-background-project-99-1.png",1341,1600,false],"thumbnail":["https:\/\/grupoaaa.es\/wp-content\/uploads\/2026\/02\/Remove-background-project-99-1-150x150.png",150,150,true],"medium":["https:\/\/grupoaaa.es\/wp-content\/uploads\/2026\/02\/Remove-background-project-99-1-251x300.png",251,300,true],"medium_large":["https:\/\/grupoaaa.es\/wp-content\/uploads\/2026\/02\/Remove-background-project-99-1-768x916.png",768,916,true],"large":["https:\/\/grupoaaa.es\/wp-content\/uploads\/2026\/02\/Remove-background-project-99-1-858x1024.png",858,1024,true],"1536x1536":["https:\/\/grupoaaa.es\/wp-content\/uploads\/2026\/02\/Remove-background-project-99-1-1287x1536.png",1287,1536,true],"2048x2048":["https:\/\/grupoaaa.es\/wp-content\/uploads\/2026\/02\/Remove-background-project-99-1.png",1341,1600,false],"woocommerce_thumbnail":["https:\/\/grupoaaa.es\/wp-content\/uploads\/2026\/02\/Remove-background-project-99-1-300x300.png",300,300,true],"woocommerce_single":["https:\/\/grupoaaa.es\/wp-content\/uploads\/2026\/02\/Remove-background-project-99-1-600x716.png",600,716,true],"woocommerce_gallery_thumbnail":["https:\/\/grupoaaa.es\/wp-content\/uploads\/2026\/02\/Remove-background-project-99-1-100x100.png",100,100,true]},"uagb_author_info":{"display_name":"Abid Ali Abid","author_link":"https:\/\/grupoaaa.es\/es\/author\/"},"uagb_comment_info":0,"uagb_excerpt":"TDS025UN Tubo de desag\u00fce 0 23x1800, bocas \u00d8 20 y 19 mm. Caracter\u00edsticas: 0 23x1800, bocas \u00d8 20 y 19 mm. B\/S\/H: 283319,284673,278466,298803,284673,298803, Midea: 672030090053, Candy: 49017725,7010473,49006839,49011757,49025891","_links":{"self":[{"href":"https:\/\/grupoaaa.es\/es\/wp-json\/wp\/v2\/product\/8497","targetHints":{"allow":["GET"]}}],"collection":[{"href":"https:\/\/grupoaaa.es\/es\/wp-json\/wp\/v2\/product"}],"about":[{"href":"https:\/\/grupoaaa.es\/es\/wp-json\/wp\/v2\/types\/product"}],"replies":[{"embeddable":true,"href":"https:\/\/grupoaaa.es\/es\/wp-json\/wp\/v2\/comments?post=8497"}],"wp:featuredmedia":[{"embeddable":true,"href":"https:\/\/grupoaaa.es\/es\/wp-json\/wp\/v2\/media\/8498"}],"wp:attachment":[{"href":"https:\/\/grupoaaa.es\/es\/wp-json\/wp\/v2\/media?parent=8497"}],"wp:term":[{"taxonomy":"product_brand","embeddable":true,"href":"https:\/\/grupoaaa.es\/es\/wp-json\/wp\/v2\/product_brand?post=8497"},{"taxonomy":"product_cat","embeddable":true,"href":"https:\/\/grupoaaa.es\/es\/wp-json\/wp\/v2\/product_cat?post=8497"},{"taxonomy":"product_tag","embeddable":true,"href":"https:\/\/grupoaaa.es\/es\/wp-json\/wp\/v2\/product_tag?post=8497"}],"curies":[{"name":"wp","href":"https:\/\/api.w.org\/{rel}","templated":true}]}}