{"id":8486,"date":"2026-02-21T12:19:22","date_gmt":"2026-02-21T12:19:22","guid":{"rendered":"https:\/\/grupoaaa.es\/?post_type=product&#038;p=8486"},"modified":"2026-02-21T12:19:23","modified_gmt":"2026-02-21T12:19:23","slug":"tds024un-tubo-de-desague-recto-o19-22mm-250cm","status":"publish","type":"product","link":"https:\/\/grupoaaa.es\/es\/producto\/tds024un-tubo-de-desague-recto-o19-22mm-250cm\/","title":{"rendered":"TDS024UN-Tubo de desag\u00fce RECTO \u00d819-22mm-250cm"},"content":{"rendered":"<p>TDS024UN<br \/>\nTubo de desag\u00fce RECTO \u00d819-22mm-250cm<br \/>\nCaracter\u00edsticas: Manguera de desag\u00fce recta. \u00d819-22 mm.<br \/>\nLongitud: 250 cm.<br \/>\nMarca: UNIVERSAL <\/p>\n","protected":false},"excerpt":{"rendered":"<p>TDS024UN<br \/>\nTubo de desag\u00fce RECTO \u00d819-22mm-250cm<br \/>\nCaracter\u00edsticas: Manguera de desag\u00fce recta. \u00d819-22 mm. <\/p>\n","protected":false},"featured_media":8492,"comment_status":"open","ping_status":"closed","template":"","meta":{"_uag_custom_page_level_css":"","site-sidebar-layout":"default","site-content-layout":"","ast-site-content-layout":"default","site-content-style":"default","site-sidebar-style":"default","ast-global-header-display":"","ast-banner-title-visibility":"","ast-main-header-display":"","ast-hfb-above-header-display":"","ast-hfb-below-header-display":"","ast-hfb-mobile-header-display":"","site-post-title":"","ast-breadcrumbs-content":"","ast-featured-img":"","footer-sml-layout":"","theme-transparent-header-meta":"default","adv-header-id-meta":"","stick-header-meta":"","header-above-stick-meta":"","header-main-stick-meta":"","header-below-stick-meta":"","astra-migrate-meta-layouts":"set","ast-page-background-enabled":"default","ast-page-background-meta":{"desktop":{"background-color":"","background-image":"","background-repeat":"repeat","background-position":"center center","background-size":"auto","background-attachment":"scroll","background-type":"","background-media":"","overlay-type":"","overlay-color":"","overlay-opacity":"","overlay-gradient":""},"tablet":{"background-color":"","background-image":"","background-repeat":"repeat","background-position":"center center","background-size":"auto","background-attachment":"scroll","background-type":"","background-media":"","overlay-type":"","overlay-color":"","overlay-opacity":"","overlay-gradient":""},"mobile":{"background-color":"","background-image":"","background-repeat":"repeat","background-position":"center center","background-size":"auto","background-attachment":"scroll","background-type":"","background-media":"","overlay-type":"","overlay-color":"","overlay-opacity":"","overlay-gradient":""}},"ast-content-background-meta":{"desktop":{"background-color":"var(--ast-global-color-5)","background-image":"","background-repeat":"repeat","background-position":"center center","background-size":"auto","background-attachment":"scroll","background-type":"","background-media":"","overlay-type":"","overlay-color":"","overlay-opacity":"","overlay-gradient":""},"tablet":{"background-color":"var(--ast-global-color-5)","background-image":"","background-repeat":"repeat","background-position":"center center","background-size":"auto","background-attachment":"scroll","background-type":"","background-media":"","overlay-type":"","overlay-color":"","overlay-opacity":"","overlay-gradient":""},"mobile":{"background-color":"var(--ast-global-color-5)","background-image":"","background-repeat":"repeat","background-position":"center center","background-size":"auto","background-attachment":"scroll","background-type":"","background-media":"","overlay-type":"","overlay-color":"","overlay-opacity":"","overlay-gradient":""}}},"product_brand":[],"product_cat":[412,359,385,374],"product_tag":[],"class_list":{"0":"post-8486","1":"product","2":"type-product","3":"status-publish","4":"has-post-thumbnail","6":"product_cat-recambios-lavadoras","7":"product_cat-repuestos-linea-blanca","8":"product_cat-repuestos-para-lavadoras","9":"product_cat-universal","10":"desktop-align-left","11":"tablet-align-left","12":"mobile-align-left","14":"first","15":"instock","16":"taxable","17":"shipping-taxable","18":"purchasable","19":"product-type-simple"},"aioseo_notices":[],"uagb_featured_image_src":{"full":["https:\/\/grupoaaa.es\/wp-content\/uploads\/2026\/02\/Remove-background-project-98-1.png",1341,1600,false],"thumbnail":["https:\/\/grupoaaa.es\/wp-content\/uploads\/2026\/02\/Remove-background-project-98-1-150x150.png",150,150,true],"medium":["https:\/\/grupoaaa.es\/wp-content\/uploads\/2026\/02\/Remove-background-project-98-1-251x300.png",251,300,true],"medium_large":["https:\/\/grupoaaa.es\/wp-content\/uploads\/2026\/02\/Remove-background-project-98-1-768x916.png",768,916,true],"large":["https:\/\/grupoaaa.es\/wp-content\/uploads\/2026\/02\/Remove-background-project-98-1-858x1024.png",858,1024,true],"1536x1536":["https:\/\/grupoaaa.es\/wp-content\/uploads\/2026\/02\/Remove-background-project-98-1-1287x1536.png",1287,1536,true],"2048x2048":["https:\/\/grupoaaa.es\/wp-content\/uploads\/2026\/02\/Remove-background-project-98-1.png",1341,1600,false],"woocommerce_thumbnail":["https:\/\/grupoaaa.es\/wp-content\/uploads\/2026\/02\/Remove-background-project-98-1-300x300.png",300,300,true],"woocommerce_single":["https:\/\/grupoaaa.es\/wp-content\/uploads\/2026\/02\/Remove-background-project-98-1-600x716.png",600,716,true],"woocommerce_gallery_thumbnail":["https:\/\/grupoaaa.es\/wp-content\/uploads\/2026\/02\/Remove-background-project-98-1-100x100.png",100,100,true]},"uagb_author_info":{"display_name":"Abid Ali Abid","author_link":"https:\/\/grupoaaa.es\/es\/author\/"},"uagb_comment_info":0,"uagb_excerpt":"TDS024UN Tubo de desag\u00fce RECTO \u00d819-22mm-250cm Caracter\u00edsticas: Manguera de desag\u00fce recta. \u00d819-22 mm.","_links":{"self":[{"href":"https:\/\/grupoaaa.es\/es\/wp-json\/wp\/v2\/product\/8486","targetHints":{"allow":["GET"]}}],"collection":[{"href":"https:\/\/grupoaaa.es\/es\/wp-json\/wp\/v2\/product"}],"about":[{"href":"https:\/\/grupoaaa.es\/es\/wp-json\/wp\/v2\/types\/product"}],"replies":[{"embeddable":true,"href":"https:\/\/grupoaaa.es\/es\/wp-json\/wp\/v2\/comments?post=8486"}],"wp:featuredmedia":[{"embeddable":true,"href":"https:\/\/grupoaaa.es\/es\/wp-json\/wp\/v2\/media\/8492"}],"wp:attachment":[{"href":"https:\/\/grupoaaa.es\/es\/wp-json\/wp\/v2\/media?parent=8486"}],"wp:term":[{"taxonomy":"product_brand","embeddable":true,"href":"https:\/\/grupoaaa.es\/es\/wp-json\/wp\/v2\/product_brand?post=8486"},{"taxonomy":"product_cat","embeddable":true,"href":"https:\/\/grupoaaa.es\/es\/wp-json\/wp\/v2\/product_cat?post=8486"},{"taxonomy":"product_tag","embeddable":true,"href":"https:\/\/grupoaaa.es\/es\/wp-json\/wp\/v2\/product_tag?post=8486"}],"curies":[{"name":"wp","href":"https:\/\/api.w.org\/{rel}","templated":true}]}}