{"id":8352,"date":"2026-02-17T21:16:21","date_gmt":"2026-02-17T21:16:21","guid":{"rendered":"https:\/\/grupoaaa.es\/?post_type=product&#038;p=8352"},"modified":"2026-02-17T21:18:57","modified_gmt":"2026-02-17T21:18:57","slug":"tds023un-tubo-desague-o-26x1900-mm-bocas-90o-o-30-180o-o-21","status":"publish","type":"product","link":"https:\/\/grupoaaa.es\/es\/producto\/tds023un-tubo-desague-o-26x1900-mm-bocas-90o-o-30-180o-o-21\/","title":{"rendered":"TDS023UN-Tubo desag\u00fce \u00d8  26&#215;1900 mm bocas 90\u00ba  \u00d8  30, 180\u00ba \u00d8 21"},"content":{"rendered":"<p>TDS023UN<br \/>\nTubo desag\u00fce \u00d8 26&#215;1900 mm bocas 90\u00ba \u00d8 30, 180\u00ba \u00d8 21<br \/>\nCaracter\u00edsticas: \u00d8 26&#215;1900, bocas \u00d8 21 y 30 mm.<br \/>\nCodigos ORIGINALES: Fagor: AS0031822,L42008945,BL52X1836, Haier: 12G2140061, Indesit: C00054869, Candy:<br \/>\n49014261,7012915, Whirlpool: 482000022642, Teka: 81731054,81885087, Brandt: 52X1836,<br \/>\nElectrolux: 1173680305,1526492010,1173680206<br \/>\nModelos: AEG: F44410IM,F65410IM, ELECTROLUX: ESF45030W,ESF47005W,ESF46710W, INDESIT:<br \/>\nLVS2000,IDL600SEU.2, ZANKER: ZDS2010,ZDS2010S,, ZANUSSI: ZDS3010,ZDS2010, ZOPPAS: PDS231<br \/>\nOtras marcas: ARISTON, ASPES, BRANDT, CREDA, EDESA, FAGOR, HAIER, HOTPOINT, OCEAN, SCHOLTES,<br \/>\nTEKA, THOR. VESTEL<\/p>\n","protected":false},"excerpt":{"rendered":"<p>DS023UN<br \/>\nTubo desag\u00fce \u00d8 26&#215;1900 mm bocas 90\u00ba \u00d8 30, 180\u00ba \u00d8 21<br \/>\nCaracter\u00edsticas: \u00d8 26&#215;1900, bocas \u00d8 21 y 30 mm.<br \/>\nCodigos ORIGINALES: Fagor: AS0031822,L42008945,BL52X1836, <\/p>\n","protected":false},"featured_media":8353,"comment_status":"open","ping_status":"closed","template":"","meta":{"_uag_custom_page_level_css":"","site-sidebar-layout":"default","site-content-layout":"","ast-site-content-layout":"default","site-content-style":"default","site-sidebar-style":"default","ast-global-header-display":"","ast-banner-title-visibility":"","ast-main-header-display":"","ast-hfb-above-header-display":"","ast-hfb-below-header-display":"","ast-hfb-mobile-header-display":"","site-post-title":"","ast-breadcrumbs-content":"","ast-featured-img":"","footer-sml-layout":"","theme-transparent-header-meta":"default","adv-header-id-meta":"","stick-header-meta":"","header-above-stick-meta":"","header-main-stick-meta":"","header-below-stick-meta":"","astra-migrate-meta-layouts":"set","ast-page-background-enabled":"default","ast-page-background-meta":{"desktop":{"background-color":"","background-image":"","background-repeat":"repeat","background-position":"center center","background-size":"auto","background-attachment":"scroll","background-type":"","background-media":"","overlay-type":"","overlay-color":"","overlay-opacity":"","overlay-gradient":""},"tablet":{"background-color":"","background-image":"","background-repeat":"repeat","background-position":"center center","background-size":"auto","background-attachment":"scroll","background-type":"","background-media":"","overlay-type":"","overlay-color":"","overlay-opacity":"","overlay-gradient":""},"mobile":{"background-color":"","background-image":"","background-repeat":"repeat","background-position":"center center","background-size":"auto","background-attachment":"scroll","background-type":"","background-media":"","overlay-type":"","overlay-color":"","overlay-opacity":"","overlay-gradient":""}},"ast-content-background-meta":{"desktop":{"background-color":"var(--ast-global-color-5)","background-image":"","background-repeat":"repeat","background-position":"center center","background-size":"auto","background-attachment":"scroll","background-type":"","background-media":"","overlay-type":"","overlay-color":"","overlay-opacity":"","overlay-gradient":""},"tablet":{"background-color":"var(--ast-global-color-5)","background-image":"","background-repeat":"repeat","background-position":"center center","background-size":"auto","background-attachment":"scroll","background-type":"","background-media":"","overlay-type":"","overlay-color":"","overlay-opacity":"","overlay-gradient":""},"mobile":{"background-color":"var(--ast-global-color-5)","background-image":"","background-repeat":"repeat","background-position":"center center","background-size":"auto","background-attachment":"scroll","background-type":"","background-media":"","overlay-type":"","overlay-color":"","overlay-opacity":"","overlay-gradient":""}}},"product_brand":[],"product_cat":[370,388,366,380,364,359,385,378,371],"product_tag":[],"class_list":{"0":"post-8352","1":"product","2":"type-product","3":"status-publish","4":"has-post-thumbnail","6":"product_cat-candy","7":"product_cat-edesa","8":"product_cat-fagor-es","9":"product_cat-haier","10":"product_cat-indesit-es","11":"product_cat-repuestos-linea-blanca","12":"product_cat-repuestos-para-lavadoras","13":"product_cat-teka","14":"product_cat-whirlpool-2","15":"desktop-align-left","16":"tablet-align-left","17":"mobile-align-left","19":"first","20":"instock","21":"taxable","22":"shipping-taxable","23":"purchasable","24":"product-type-simple"},"aioseo_notices":[],"uagb_featured_image_src":{"full":["https:\/\/grupoaaa.es\/wp-content\/uploads\/2026\/02\/Remove-background-project-84-1.png",1341,1600,false],"thumbnail":["https:\/\/grupoaaa.es\/wp-content\/uploads\/2026\/02\/Remove-background-project-84-1-150x150.png",150,150,true],"medium":["https:\/\/grupoaaa.es\/wp-content\/uploads\/2026\/02\/Remove-background-project-84-1-251x300.png",251,300,true],"medium_large":["https:\/\/grupoaaa.es\/wp-content\/uploads\/2026\/02\/Remove-background-project-84-1-768x916.png",768,916,true],"large":["https:\/\/grupoaaa.es\/wp-content\/uploads\/2026\/02\/Remove-background-project-84-1-858x1024.png",858,1024,true],"1536x1536":["https:\/\/grupoaaa.es\/wp-content\/uploads\/2026\/02\/Remove-background-project-84-1-1287x1536.png",1287,1536,true],"2048x2048":["https:\/\/grupoaaa.es\/wp-content\/uploads\/2026\/02\/Remove-background-project-84-1.png",1341,1600,false],"woocommerce_thumbnail":["https:\/\/grupoaaa.es\/wp-content\/uploads\/2026\/02\/Remove-background-project-84-1-300x300.png",300,300,true],"woocommerce_single":["https:\/\/grupoaaa.es\/wp-content\/uploads\/2026\/02\/Remove-background-project-84-1-600x716.png",600,716,true],"woocommerce_gallery_thumbnail":["https:\/\/grupoaaa.es\/wp-content\/uploads\/2026\/02\/Remove-background-project-84-1-100x100.png",100,100,true]},"uagb_author_info":{"display_name":"Abid Ali Abid","author_link":"https:\/\/grupoaaa.es\/es\/author\/"},"uagb_comment_info":0,"uagb_excerpt":"DS023UN Tubo desag\u00fce \u00d8 26x1900 mm bocas 90\u00ba \u00d8 30, 180\u00ba \u00d8 21 Caracter\u00edsticas: \u00d8 26x1900, bocas \u00d8 21 y 30 mm. Codigos ORIGINALES: Fagor: AS0031822,L42008945,BL52X1836,","_links":{"self":[{"href":"https:\/\/grupoaaa.es\/es\/wp-json\/wp\/v2\/product\/8352","targetHints":{"allow":["GET"]}}],"collection":[{"href":"https:\/\/grupoaaa.es\/es\/wp-json\/wp\/v2\/product"}],"about":[{"href":"https:\/\/grupoaaa.es\/es\/wp-json\/wp\/v2\/types\/product"}],"replies":[{"embeddable":true,"href":"https:\/\/grupoaaa.es\/es\/wp-json\/wp\/v2\/comments?post=8352"}],"wp:featuredmedia":[{"embeddable":true,"href":"https:\/\/grupoaaa.es\/es\/wp-json\/wp\/v2\/media\/8353"}],"wp:attachment":[{"href":"https:\/\/grupoaaa.es\/es\/wp-json\/wp\/v2\/media?parent=8352"}],"wp:term":[{"taxonomy":"product_brand","embeddable":true,"href":"https:\/\/grupoaaa.es\/es\/wp-json\/wp\/v2\/product_brand?post=8352"},{"taxonomy":"product_cat","embeddable":true,"href":"https:\/\/grupoaaa.es\/es\/wp-json\/wp\/v2\/product_cat?post=8352"},{"taxonomy":"product_tag","embeddable":true,"href":"https:\/\/grupoaaa.es\/es\/wp-json\/wp\/v2\/product_tag?post=8352"}],"curies":[{"name":"wp","href":"https:\/\/api.w.org\/{rel}","templated":true}]}}