{"id":8175,"date":"2026-02-14T10:52:46","date_gmt":"2026-02-14T10:52:46","guid":{"rendered":"https:\/\/grupoaaa.es\/?post_type=product&#038;p=8175"},"modified":"2026-02-14T11:06:35","modified_gmt":"2026-02-14T11:06:35","slug":"tbf006bs-tapa-basculante-congelador-frigorifico-bosch-448338","status":"publish","type":"product","link":"https:\/\/grupoaaa.es\/es\/producto\/tbf006bs-tapa-basculante-congelador-frigorifico-bosch-448338\/","title":{"rendered":"TBF006BS-TAPA BASCULANTE CONGELADOR FRIGOR\u00cdFICO BOSCH 448338"},"content":{"rendered":"<p>TBF006BS<br \/>\nTAPA BASCULANTE FRIGOR\u00cdFICO BOSCH<br \/>\nCODIGO ORIGINAL:  448338<br \/>\nBANDEJAS EVAPORACI\u00d3N BANCADA<br \/>\nTapa basculante congelador frigor\u00edfico<br \/>\nAncho: 430 mm<br \/>\nLargo: 0 mm<br \/>\nAlto: 140 mm<\/p>\n<p>MODELO: <\/p>\n<p>BOSCH,BALAY,<br \/>\nLYNX:<br \/>\n4GV14B10-03 4GV1520A-02 4GV16B10 4GV16B10-01 4GV16B10-03 4GV16B1001 4GV16L50-01 4GV1720A-02 4GV1820A-02<\/p>\n","protected":false},"excerpt":{"rendered":"<p>TBF006BS<br \/>\nTAPA BASCULANTE FRIGOR\u00cdFICO BOSCH<br \/>\nCODIGO ORIGINAL:  448338<br \/>\nBANDEJAS EVAPORACI\u00d3N BANCADA<br \/>\nTapa basculante congelador frigor\u00edfico<br \/>\nAncho: 430 mm<br \/>\nLargo: 0 mm<br \/>\nAlto: 140 mm<\/p>\n","protected":false},"featured_media":8176,"comment_status":"open","ping_status":"closed","template":"","meta":{"_uag_custom_page_level_css":"","site-sidebar-layout":"default","site-content-layout":"","ast-site-content-layout":"default","site-content-style":"default","site-sidebar-style":"default","ast-global-header-display":"","ast-banner-title-visibility":"","ast-main-header-display":"","ast-hfb-above-header-display":"","ast-hfb-below-header-display":"","ast-hfb-mobile-header-display":"","site-post-title":"","ast-breadcrumbs-content":"","ast-featured-img":"","footer-sml-layout":"","theme-transparent-header-meta":"default","adv-header-id-meta":"","stick-header-meta":"","header-above-stick-meta":"","header-main-stick-meta":"","header-below-stick-meta":"","astra-migrate-meta-layouts":"set","ast-page-background-enabled":"default","ast-page-background-meta":{"desktop":{"background-color":"","background-image":"","background-repeat":"repeat","background-position":"center center","background-size":"auto","background-attachment":"scroll","background-type":"","background-media":"","overlay-type":"","overlay-color":"","overlay-opacity":"","overlay-gradient":""},"tablet":{"background-color":"","background-image":"","background-repeat":"repeat","background-position":"center center","background-size":"auto","background-attachment":"scroll","background-type":"","background-media":"","overlay-type":"","overlay-color":"","overlay-opacity":"","overlay-gradient":""},"mobile":{"background-color":"","background-image":"","background-repeat":"repeat","background-position":"center center","background-size":"auto","background-attachment":"scroll","background-type":"","background-media":"","overlay-type":"","overlay-color":"","overlay-opacity":"","overlay-gradient":""}},"ast-content-background-meta":{"desktop":{"background-color":"var(--ast-global-color-5)","background-image":"","background-repeat":"repeat","background-position":"center center","background-size":"auto","background-attachment":"scroll","background-type":"","background-media":"","overlay-type":"","overlay-color":"","overlay-opacity":"","overlay-gradient":""},"tablet":{"background-color":"var(--ast-global-color-5)","background-image":"","background-repeat":"repeat","background-position":"center center","background-size":"auto","background-attachment":"scroll","background-type":"","background-media":"","overlay-type":"","overlay-color":"","overlay-opacity":"","overlay-gradient":""},"mobile":{"background-color":"var(--ast-global-color-5)","background-image":"","background-repeat":"repeat","background-position":"center center","background-size":"auto","background-attachment":"scroll","background-type":"","background-media":"","overlay-type":"","overlay-color":"","overlay-opacity":"","overlay-gradient":""}}},"product_brand":[],"product_cat":[358,361,431,359,377],"product_tag":[],"class_list":{"0":"post-8175","1":"product","2":"type-product","3":"status-publish","4":"has-post-thumbnail","6":"product_cat-balay-es","7":"product_cat-bosch-es","8":"product_cat-refrigerador","9":"product_cat-repuestos-linea-blanca","10":"product_cat-siemens","11":"desktop-align-left","12":"tablet-align-left","13":"mobile-align-left","15":"first","16":"instock","17":"taxable","18":"shipping-taxable","19":"purchasable","20":"product-type-simple"},"aioseo_notices":[],"uagb_featured_image_src":{"full":["https:\/\/grupoaaa.es\/wp-content\/uploads\/2026\/02\/TB006.jpg",1200,1200,false],"thumbnail":["https:\/\/grupoaaa.es\/wp-content\/uploads\/2026\/02\/TB006-150x150.jpg",150,150,true],"medium":["https:\/\/grupoaaa.es\/wp-content\/uploads\/2026\/02\/TB006-300x300.jpg",300,300,true],"medium_large":["https:\/\/grupoaaa.es\/wp-content\/uploads\/2026\/02\/TB006-768x768.jpg",768,768,true],"large":["https:\/\/grupoaaa.es\/wp-content\/uploads\/2026\/02\/TB006-1024x1024.jpg",1024,1024,true],"1536x1536":["https:\/\/grupoaaa.es\/wp-content\/uploads\/2026\/02\/TB006.jpg",1200,1200,false],"2048x2048":["https:\/\/grupoaaa.es\/wp-content\/uploads\/2026\/02\/TB006.jpg",1200,1200,false],"woocommerce_thumbnail":["https:\/\/grupoaaa.es\/wp-content\/uploads\/2026\/02\/TB006-300x300.jpg",300,300,true],"woocommerce_single":["https:\/\/grupoaaa.es\/wp-content\/uploads\/2026\/02\/TB006-600x600.jpg",600,600,true],"woocommerce_gallery_thumbnail":["https:\/\/grupoaaa.es\/wp-content\/uploads\/2026\/02\/TB006-100x100.jpg",100,100,true]},"uagb_author_info":{"display_name":"Abid Ali Abid","author_link":"https:\/\/grupoaaa.es\/es\/author\/"},"uagb_comment_info":0,"uagb_excerpt":"TBF006BS TAPA BASCULANTE FRIGOR\u00cdFICO BOSCH CODIGO ORIGINAL: 448338 BANDEJAS EVAPORACI\u00d3N BANCADA Tapa basculante congelador frigor\u00edfico Ancho: 430 mm Largo: 0 mm Alto: 140 mm","_links":{"self":[{"href":"https:\/\/grupoaaa.es\/es\/wp-json\/wp\/v2\/product\/8175","targetHints":{"allow":["GET"]}}],"collection":[{"href":"https:\/\/grupoaaa.es\/es\/wp-json\/wp\/v2\/product"}],"about":[{"href":"https:\/\/grupoaaa.es\/es\/wp-json\/wp\/v2\/types\/product"}],"replies":[{"embeddable":true,"href":"https:\/\/grupoaaa.es\/es\/wp-json\/wp\/v2\/comments?post=8175"}],"wp:featuredmedia":[{"embeddable":true,"href":"https:\/\/grupoaaa.es\/es\/wp-json\/wp\/v2\/media\/8176"}],"wp:attachment":[{"href":"https:\/\/grupoaaa.es\/es\/wp-json\/wp\/v2\/media?parent=8175"}],"wp:term":[{"taxonomy":"product_brand","embeddable":true,"href":"https:\/\/grupoaaa.es\/es\/wp-json\/wp\/v2\/product_brand?post=8175"},{"taxonomy":"product_cat","embeddable":true,"href":"https:\/\/grupoaaa.es\/es\/wp-json\/wp\/v2\/product_cat?post=8175"},{"taxonomy":"product_tag","embeddable":true,"href":"https:\/\/grupoaaa.es\/es\/wp-json\/wp\/v2\/product_tag?post=8175"}],"curies":[{"name":"wp","href":"https:\/\/api.w.org\/{rel}","templated":true}]}}