{"id":8151,"date":"2026-02-14T09:27:48","date_gmt":"2026-02-14T09:27:48","guid":{"rendered":"https:\/\/grupoaaa.es\/?post_type=product&#038;p=8151"},"modified":"2026-02-16T08:35:16","modified_gmt":"2026-02-16T08:35:16","slug":"esf002bs-estante-superior-frigorifico-bosch-00709635","status":"publish","type":"product","link":"https:\/\/grupoaaa.es\/es\/producto\/esf002bs-estante-superior-frigorifico-bosch-00709635\/","title":{"rendered":"ESF002BS-ESTANTE SUPERIOR FRIGOR\u00cdFICO BOSCH 00709635"},"content":{"rendered":"<p>ESF002BS<br \/>\nESTANTE SUPERIOR FRIGOR\u00cdFICO BOSCH<br \/>\nC\u00f3digo original: 00709635 11027969 11023871 00704750<br \/>\nDimensiones: 442 mm x 124,8 mm x 55 mm<br \/>\nBandeja huevera frigor\u00edfico BOSCH<br \/>\nAncho: 125 mm<br \/>\nLargo: 470 mm<br \/>\nAlto: 50 mm<br \/>\nColor: Transparente<br \/>\nMODELO: <\/p>\n<p>BALAY:<br \/>\nKSV36BI30<\/p>\n<p>BOSCH:<br \/>\nKE KGN NF 12-KGN39XW41\/25 KGN36AI3P-01 KGN36AI3P-03 KGN36AI3P-05 KGN36AI3P-06 KGN36AI3P-08 KGN36AI3P-16 KGN36AI3P-22 KGN36AI3P-23 KGN36AI4P-01 KGN36AI4P-03 KGN36AI4P-05 KGN36AI4P-06 KGN36AI4P-07 KGN36AI4P-08 KGN36AI4P-09 KGN36AI4P-11 KGN36AI4P-16 KGN36AI4P-18 KGN36AI4P-22 KGN36AI4P-29 KGN36AI4P-36 KGN36AI4P-38 KGN36AI4P-43 KGN36AW3P-01 KGN36AW3P-03 KGN36AW3P-05 KGN36AW3P-06 KGN36AW3P-08 KGN36AW3P-16 KGN36AW3P-22 KGN36AW3P-23 KGN36XI32\/05 KGN39AI3P-01 KGN39AI3P-03 KGN39AI3P-05 KGN39AI3P-06 KGN39AI3P-08 KGN39AI3P-16 KGN39AI3P-22 KGN39AI3P-23 KGN39AI3P-36 KGN39AI3P-38 KGN39AI3P-43 KGN39AI4A-01 KGN39AI4A-05 KGN39AI4A-06 KGN39AI4A-07 KGN39AI4A-08 KGN39AI4A-09 KGN39AI4P-01 KGN39AI4P-06 KGN39AI4P-07 KGN39AI4P-08 KGN39AI4P-09 KGN39AI4P-11 KGN39AI4P-16 KGN39AI4P-18 KGN39AI4P-22 KGN39AI4P-25 KGN39AI4P-29 KGN39AI4P-36 KGN39AI4P-38 KGN39AI4P-43 KGN39AI4Q-01 KGN39AI4Q-03 KGN39AI4Q-05 KGN39AI4Q-06 KGN39AI4Q-07 KGN39AI4Q-08 KGN39AI4Q-09 KGN39AI4Q-11 KGN39AI4Q-16 KGN39AI4Q-18 KGN39AI4Q-22 KGN39AI4Q-25 KGN39AI4Q-29 KGN39AI4Q-36 KGN39AI4Q-38 KGN39AI4Q-43 KGN39AIDP-01 KGN39AIDP-02 KGN39AIDP-03 KGN39AIDP-05 KGN39AIDP-08 KGN39AIDP-09 KGN39AIDP-19 KGN39AIDP-20 KGN39AIDP-24 KGN39AIDP-31 KGN39AIDP-36 KGN39AIEP-01 KGN39AIEP-02 KGN39AIEP-03 KGN39AIEP-05 KGN39AIEP-15 KGN39AIEP-19 KGN39AIEP-24 KGN39AIEP-31 KGN39AIEP-36 KGN39AIEP-38 KGN39AIEP-47 KGN39AW3P-01 KGN39AW3P-03 KGN39AW3P-05 KGN39AW3P-06 KGN39AW3P-08 KGN39AW3P-16 KGN39AW3P-22 KGN39AW3P-23 KGN39AW3P-36 KGN39AW3P-38 KGN39AW3P-43 KGN39AWEP-01 KGN39AWEP-02 KGN39AWEP-05 KGN39AWEP-15 KGN39AWEP-19 KGN39AWEP-24 KGN39AWEP-31 KGN39AWEP-36 KGN39HIEP-01 KGN39HIEP-41 KGN39HIEP-43 KGN39HIEP-44 KGN39HIEP-45 KGN39HIEP-50 KGN39HIEP-54 KGN39HIEP-57 KGN39HIEP-58 KGN39HIEP-60 KGN39HIEP-65 KGN39HIEP-68 KGN39HIEP-70 KGN39LB3A-01 KGN39LB3A-03 KGN39LB3A-05 KGN39LB3A-06 KGN39LB3A-08 KGN39LB3A-10 KGN39LB3A-16 KGN39LB3A-22 KGN39LB3A-23 KGN39LB3A-36 KGN39LB3A-38 KGN39LB3A-43 KGN39XI3Q-04 KGN39XI3Q-05 KGN39XI3Q-06 KGN39XI3Q-08 KGN39XI3Q-16 KGN39XI3Q-21 KGN39XI3Q-23 KGN39XI3Q-36 KGN39XI3Q-38 KGN39XI3Q-43 KGN39XW41-25 KSF36PI3P-01 KSF36PI3P-03 KSF36PI3P-13 KSF36PI3P-25 KSF36PI3P-26 KSF36PI3P-28 KSF36PIDP-01 KSF36PIDP-02 KSF36PIDP-10 KSF36PIDP-24 KSF36PIDP-29 KSF36PIDP-32 KSF36PW3P-01 KSF36PW3P-03 KSF36PW3P-13 KSF36PW3P-25 KSF36PW3P-26 KSF36PW3P-28 KSV36AI3116 KSV36AI3P-01 KSV36AI3P-03 KSV36AI3P-13 KSV36AI3P-16 KSV36AI3P-26 KSV36AI3P-28 KSV36AI4118 KSV36AI4P-01 KSV36AI4P-03 KSV36AI4P-13 KSV36AI4P-16 KSV36AI4P-26 KSV36AI4P-28 KSV36AI4P-37 KSV36AIDP-01 KSV36AIDP-10 KSV36AIDP-24 KSV36AIDP-29 KSV36AIDP-32 KSV36AIEP-01 KSV36AIEP-10 KSV36AIEP-24 KSV36AIEP-29 KSV36AIEP-32 KSV36AW3116 KSV36AW3P-01 KSV36AW3P-03 KSV36AW3P-13 KSV36AW3P-16 KSV36AW3P-26 KSV36AW3P-28 KSV36AW3PG-01 KSV36AW3PG-03 KSV36AW3PG-13 KSV36AW3PG-16 KSV36AW3PG-26 KSV36AW3PG-28 KSV36AW4118 KSV36AW4P-01 KSV36AW4P-03 KSV36AW4P-13 KSV36AW4P-16 KSV36AW4P-26 KSV36AW4P-28 KSV36AW4P-34 KSV36AW4PG-01 KSV36AW4PG-03 KSV36AW4PG-13 KSV36AW4PG-16 KSV36AW4PG-26 KSV36AW4PG-28 KSV36BI30-10 KSV36BI3010 KSV36BI3012 KSV36BI3014 KSV36BI3016 KSV36BI30401 KSV36BI30412 KSV36BI30414 KSV36BI30416 KSV36BI3P-01 KSV36BI3P-03 KSV36BI3P-13 KSV36BI3P-16 KSV36BI3P-26 KSV36BI3P-28 KSV36BIEP-01 KSV36BIEP-10 KSV36BIEP-24 KSV36BIEP-29 KSV36BIEP-32 KSV36BW3010 KSV36BW3012 KSV36BW3014 KSV36BW3016 KSV36BW3017 KSV36BW3P-01 KSV36BW3P-03 KSV36BW3P-13 KSV36BW3P-16 KSV36BW3P-26 KSV36BW3P-28 KSW36AI30-01 KSW36AI304-01 KSW36AI304-03 KSW36AI304-13 KSW36AI304-16 KSW36AI304-26 KSW36AI3P-01 KSW36AI3P-03 KSW36AI3P-13 KSW36AI3P-16<\/p>\n","protected":false},"excerpt":{"rendered":"<p>ESF002BS<br \/>\nESTANTE SUPERIOR FRIGOR\u00cdFICO BOSCH<br \/>\nC\u00f3digo original: 00709635 11027969 11023871 00704750<br \/>\nDimensiones: 442 mm x 124,8 mm x 55 mm<br \/>\nBandeja huevera frigor\u00edfico BOSCH<br \/>\nAncho: 125 mm<br \/>\nLargo: 470 mm<br \/>\nAlto: 50 mm<br \/>\nColor: Transparente<\/p>\n","protected":false},"featured_media":8152,"comment_status":"open","ping_status":"closed","template":"","meta":{"_uag_custom_page_level_css":"","site-sidebar-layout":"default","site-content-layout":"","ast-site-content-layout":"default","site-content-style":"default","site-sidebar-style":"default","ast-global-header-display":"","ast-banner-title-visibility":"","ast-main-header-display":"","ast-hfb-above-header-display":"","ast-hfb-below-header-display":"","ast-hfb-mobile-header-display":"","site-post-title":"","ast-breadcrumbs-content":"","ast-featured-img":"","footer-sml-layout":"","theme-transparent-header-meta":"default","adv-header-id-meta":"","stick-header-meta":"","header-above-stick-meta":"","header-main-stick-meta":"","header-below-stick-meta":"","astra-migrate-meta-layouts":"set","ast-page-background-enabled":"default","ast-page-background-meta":{"desktop":{"background-color":"","background-image":"","background-repeat":"repeat","background-position":"center center","background-size":"auto","background-attachment":"scroll","background-type":"","background-media":"","overlay-type":"","overlay-color":"","overlay-opacity":"","overlay-gradient":""},"tablet":{"background-color":"","background-image":"","background-repeat":"repeat","background-position":"center center","background-size":"auto","background-attachment":"scroll","background-type":"","background-media":"","overlay-type":"","overlay-color":"","overlay-opacity":"","overlay-gradient":""},"mobile":{"background-color":"","background-image":"","background-repeat":"repeat","background-position":"center center","background-size":"auto","background-attachment":"scroll","background-type":"","background-media":"","overlay-type":"","overlay-color":"","overlay-opacity":"","overlay-gradient":""}},"ast-content-background-meta":{"desktop":{"background-color":"var(--ast-global-color-5)","background-image":"","background-repeat":"repeat","background-position":"center center","background-size":"auto","background-attachment":"scroll","background-type":"","background-media":"","overlay-type":"","overlay-color":"","overlay-opacity":"","overlay-gradient":""},"tablet":{"background-color":"var(--ast-global-color-5)","background-image":"","background-repeat":"repeat","background-position":"center center","background-size":"auto","background-attachment":"scroll","background-type":"","background-media":"","overlay-type":"","overlay-color":"","overlay-opacity":"","overlay-gradient":""},"mobile":{"background-color":"var(--ast-global-color-5)","background-image":"","background-repeat":"repeat","background-position":"center center","background-size":"auto","background-attachment":"scroll","background-type":"","background-media":"","overlay-type":"","overlay-color":"","overlay-opacity":"","overlay-gradient":""}}},"product_brand":[],"product_cat":[358,361,431,359],"product_tag":[],"class_list":{"0":"post-8151","1":"product","2":"type-product","3":"status-publish","4":"has-post-thumbnail","6":"product_cat-balay-es","7":"product_cat-bosch-es","8":"product_cat-refrigerador","9":"product_cat-repuestos-linea-blanca","10":"desktop-align-left","11":"tablet-align-left","12":"mobile-align-left","14":"first","15":"instock","16":"taxable","17":"shipping-taxable","18":"purchasable","19":"product-type-simple"},"aioseo_notices":[],"uagb_featured_image_src":{"full":["https:\/\/grupoaaa.es\/wp-content\/uploads\/2026\/02\/ESL002.webp",1600,1600,false],"thumbnail":["https:\/\/grupoaaa.es\/wp-content\/uploads\/2026\/02\/ESL002-150x150.webp",150,150,true],"medium":["https:\/\/grupoaaa.es\/wp-content\/uploads\/2026\/02\/ESL002-300x300.webp",300,300,true],"medium_large":["https:\/\/grupoaaa.es\/wp-content\/uploads\/2026\/02\/ESL002-768x768.webp",768,768,true],"large":["https:\/\/grupoaaa.es\/wp-content\/uploads\/2026\/02\/ESL002-1024x1024.webp",1024,1024,true],"1536x1536":["https:\/\/grupoaaa.es\/wp-content\/uploads\/2026\/02\/ESL002-1536x1536.webp",1536,1536,true],"2048x2048":["https:\/\/grupoaaa.es\/wp-content\/uploads\/2026\/02\/ESL002.webp",1600,1600,false],"woocommerce_thumbnail":["https:\/\/grupoaaa.es\/wp-content\/uploads\/2026\/02\/ESL002-300x300.webp",300,300,true],"woocommerce_single":["https:\/\/grupoaaa.es\/wp-content\/uploads\/2026\/02\/ESL002-600x600.webp",600,600,true],"woocommerce_gallery_thumbnail":["https:\/\/grupoaaa.es\/wp-content\/uploads\/2026\/02\/ESL002-100x100.webp",100,100,true]},"uagb_author_info":{"display_name":"Abid Ali Abid","author_link":"https:\/\/grupoaaa.es\/es\/author\/"},"uagb_comment_info":0,"uagb_excerpt":"ESF002BS ESTANTE SUPERIOR FRIGOR\u00cdFICO BOSCH C\u00f3digo original: 00709635 11027969 11023871 00704750 Dimensiones: 442 mm x 124,8 mm x 55 mm Bandeja huevera frigor\u00edfico BOSCH Ancho: 125 mm Largo: 470 mm Alto: 50 mm Color: Transparente","_links":{"self":[{"href":"https:\/\/grupoaaa.es\/es\/wp-json\/wp\/v2\/product\/8151","targetHints":{"allow":["GET"]}}],"collection":[{"href":"https:\/\/grupoaaa.es\/es\/wp-json\/wp\/v2\/product"}],"about":[{"href":"https:\/\/grupoaaa.es\/es\/wp-json\/wp\/v2\/types\/product"}],"replies":[{"embeddable":true,"href":"https:\/\/grupoaaa.es\/es\/wp-json\/wp\/v2\/comments?post=8151"}],"wp:featuredmedia":[{"embeddable":true,"href":"https:\/\/grupoaaa.es\/es\/wp-json\/wp\/v2\/media\/8152"}],"wp:attachment":[{"href":"https:\/\/grupoaaa.es\/es\/wp-json\/wp\/v2\/media?parent=8151"}],"wp:term":[{"taxonomy":"product_brand","embeddable":true,"href":"https:\/\/grupoaaa.es\/es\/wp-json\/wp\/v2\/product_brand?post=8151"},{"taxonomy":"product_cat","embeddable":true,"href":"https:\/\/grupoaaa.es\/es\/wp-json\/wp\/v2\/product_cat?post=8151"},{"taxonomy":"product_tag","embeddable":true,"href":"https:\/\/grupoaaa.es\/es\/wp-json\/wp\/v2\/product_tag?post=8151"}],"curies":[{"name":"wp","href":"https:\/\/api.w.org\/{rel}","templated":true}]}}