{"id":7827,"date":"2026-02-07T18:30:50","date_gmt":"2026-02-07T18:30:50","guid":{"rendered":"https:\/\/grupoaaa.es\/?post_type=product&#038;p=7827"},"modified":"2026-02-07T18:31:54","modified_gmt":"2026-02-07T18:31:54","slug":"svc0012jk-servovalvula-calentador-junkers-8708501249","status":"publish","type":"product","link":"https:\/\/grupoaaa.es\/es\/producto\/svc0012jk-servovalvula-calentador-junkers-8708501249\/","title":{"rendered":"SVC0012JK-SERVOV\u00c1LVULA CALENTADOR JUNKERS 8708501249"},"content":{"rendered":"<p>SVC0012JK<br \/>\nSERVOV\u00c1LVULA CALENTADOR JUNKERS<br \/>\nV\u00e1lvula seguridad calentador JUNKERS<br \/>\nC\u00f3digo original: 87085012490<br \/>\nMicro en color naranja roja<br \/>\nAncho: 49 mm<br \/>\nLargo: 31 mm<br \/>\nAlto: 38 mm<br \/>\nColor: Gris<\/p>\n<p>MODELOS:<br \/>\n JUNKERS:HYDROPOWER MINIMAXX WR11 SERIES THERM WR275 WR350 WR400 WR440<\/p>\n","protected":false},"excerpt":{"rendered":"<p>SVC0012JK<br \/>\nSERVOV\u00c1LVULA CALENTADOR JUNKERS<br \/>\nV\u00e1lvula seguridad calentador JUNKERS<br \/>\nC\u00f3digo original: 87085012490<br \/>\nMicro en color naranja roja<br \/>\nAncho: 49 mm<br \/>\nLargo: 31 mm<br \/>\nAlto: 38 mm<br \/>\nColor: Gris<\/p>\n","protected":false},"featured_media":7828,"comment_status":"open","ping_status":"closed","template":"","meta":{"_uag_custom_page_level_css":"","site-sidebar-layout":"default","site-content-layout":"","ast-site-content-layout":"default","site-content-style":"default","site-sidebar-style":"default","ast-global-header-display":"","ast-banner-title-visibility":"","ast-main-header-display":"","ast-hfb-above-header-display":"","ast-hfb-below-header-display":"","ast-hfb-mobile-header-display":"","site-post-title":"","ast-breadcrumbs-content":"","ast-featured-img":"","footer-sml-layout":"","theme-transparent-header-meta":"default","adv-header-id-meta":"","stick-header-meta":"","header-above-stick-meta":"","header-main-stick-meta":"","header-below-stick-meta":"","astra-migrate-meta-layouts":"set","ast-page-background-enabled":"default","ast-page-background-meta":{"desktop":{"background-color":"","background-image":"","background-repeat":"repeat","background-position":"center center","background-size":"auto","background-attachment":"scroll","background-type":"","background-media":"","overlay-type":"","overlay-color":"","overlay-opacity":"","overlay-gradient":""},"tablet":{"background-color":"","background-image":"","background-repeat":"repeat","background-position":"center center","background-size":"auto","background-attachment":"scroll","background-type":"","background-media":"","overlay-type":"","overlay-color":"","overlay-opacity":"","overlay-gradient":""},"mobile":{"background-color":"","background-image":"","background-repeat":"repeat","background-position":"center center","background-size":"auto","background-attachment":"scroll","background-type":"","background-media":"","overlay-type":"","overlay-color":"","overlay-opacity":"","overlay-gradient":""}},"ast-content-background-meta":{"desktop":{"background-color":"var(--ast-global-color-5)","background-image":"","background-repeat":"repeat","background-position":"center center","background-size":"auto","background-attachment":"scroll","background-type":"","background-media":"","overlay-type":"","overlay-color":"","overlay-opacity":"","overlay-gradient":""},"tablet":{"background-color":"var(--ast-global-color-5)","background-image":"","background-repeat":"repeat","background-position":"center center","background-size":"auto","background-attachment":"scroll","background-type":"","background-media":"","overlay-type":"","overlay-color":"","overlay-opacity":"","overlay-gradient":""},"mobile":{"background-color":"var(--ast-global-color-5)","background-image":"","background-repeat":"repeat","background-position":"center center","background-size":"auto","background-attachment":"scroll","background-type":"","background-media":"","overlay-type":"","overlay-color":"","overlay-opacity":"","overlay-gradient":""}}},"product_brand":[],"product_cat":[434,415,359],"product_tag":[],"class_list":{"0":"post-7827","1":"product","2":"type-product","3":"status-publish","4":"has-post-thumbnail","6":"product_cat-calderas-termos-y-calentadores","7":"product_cat-junker","8":"product_cat-repuestos-linea-blanca","9":"desktop-align-left","10":"tablet-align-left","11":"mobile-align-left","13":"first","14":"instock","15":"taxable","16":"shipping-taxable","17":"purchasable","18":"product-type-simple"},"aioseo_notices":[],"uagb_featured_image_src":{"full":["https:\/\/grupoaaa.es\/wp-content\/uploads\/2026\/02\/SVC0012.webp",1500,1139,false],"thumbnail":["https:\/\/grupoaaa.es\/wp-content\/uploads\/2026\/02\/SVC0012-150x150.webp",150,150,true],"medium":["https:\/\/grupoaaa.es\/wp-content\/uploads\/2026\/02\/SVC0012-300x228.webp",300,228,true],"medium_large":["https:\/\/grupoaaa.es\/wp-content\/uploads\/2026\/02\/SVC0012-768x583.webp",768,583,true],"large":["https:\/\/grupoaaa.es\/wp-content\/uploads\/2026\/02\/SVC0012-1024x778.webp",1024,778,true],"1536x1536":["https:\/\/grupoaaa.es\/wp-content\/uploads\/2026\/02\/SVC0012.webp",1500,1139,false],"2048x2048":["https:\/\/grupoaaa.es\/wp-content\/uploads\/2026\/02\/SVC0012.webp",1500,1139,false],"woocommerce_thumbnail":["https:\/\/grupoaaa.es\/wp-content\/uploads\/2026\/02\/SVC0012-300x300.webp",300,300,true],"woocommerce_single":["https:\/\/grupoaaa.es\/wp-content\/uploads\/2026\/02\/SVC0012-600x456.webp",600,456,true],"woocommerce_gallery_thumbnail":["https:\/\/grupoaaa.es\/wp-content\/uploads\/2026\/02\/SVC0012-100x100.webp",100,100,true]},"uagb_author_info":{"display_name":"Abid Ali Abid","author_link":"https:\/\/grupoaaa.es\/es\/author\/"},"uagb_comment_info":0,"uagb_excerpt":"SVC0012JK SERVOV\u00c1LVULA CALENTADOR JUNKERS V\u00e1lvula seguridad calentador JUNKERS C\u00f3digo original: 87085012490 Micro en color naranja roja Ancho: 49 mm Largo: 31 mm Alto: 38 mm Color: Gris","_links":{"self":[{"href":"https:\/\/grupoaaa.es\/es\/wp-json\/wp\/v2\/product\/7827","targetHints":{"allow":["GET"]}}],"collection":[{"href":"https:\/\/grupoaaa.es\/es\/wp-json\/wp\/v2\/product"}],"about":[{"href":"https:\/\/grupoaaa.es\/es\/wp-json\/wp\/v2\/types\/product"}],"replies":[{"embeddable":true,"href":"https:\/\/grupoaaa.es\/es\/wp-json\/wp\/v2\/comments?post=7827"}],"wp:featuredmedia":[{"embeddable":true,"href":"https:\/\/grupoaaa.es\/es\/wp-json\/wp\/v2\/media\/7828"}],"wp:attachment":[{"href":"https:\/\/grupoaaa.es\/es\/wp-json\/wp\/v2\/media?parent=7827"}],"wp:term":[{"taxonomy":"product_brand","embeddable":true,"href":"https:\/\/grupoaaa.es\/es\/wp-json\/wp\/v2\/product_brand?post=7827"},{"taxonomy":"product_cat","embeddable":true,"href":"https:\/\/grupoaaa.es\/es\/wp-json\/wp\/v2\/product_cat?post=7827"},{"taxonomy":"product_tag","embeddable":true,"href":"https:\/\/grupoaaa.es\/es\/wp-json\/wp\/v2\/product_tag?post=7827"}],"curies":[{"name":"wp","href":"https:\/\/api.w.org\/{rel}","templated":true}]}}