{"id":7819,"date":"2026-02-07T18:22:53","date_gmt":"2026-02-07T18:22:53","guid":{"rendered":"https:\/\/grupoaaa.es\/?post_type=product&#038;p=7819"},"modified":"2026-02-07T18:22:54","modified_gmt":"2026-02-07T18:22:54","slug":"vsc0011jk-valvula-seguridad-caldera-junkers-87160102470","status":"publish","type":"product","link":"https:\/\/grupoaaa.es\/es\/producto\/vsc0011jk-valvula-seguridad-caldera-junkers-87160102470\/","title":{"rendered":"VSC0011JK-V\u00c1LVULA SEGURIDAD CALDERA JUNKERS 87160102470"},"content":{"rendered":"<p>VSC0011JK<br \/>\nV\u00c1LVULA SEGURIDAD CALDERA JUNKERS<br \/>\nC\u00f3digos original: 87160102470<br \/>\nPresi\u00f3n: 3 Bares<br \/>\nAncho: 22 mm<br \/>\nLargo: 300 mm<br \/>\nAlto: 0 mm<br \/>\nColor: Gris<\/p>\n<p>Modelo:<br \/>\n ZWA24-1A\/K<br \/>\n JUNKERS:<br \/>\n CERACLASS CERAPUR CERASTAR EUROSMART<\/p>\n","protected":false},"excerpt":{"rendered":"<p>VSC0011JK<br \/>\nV\u00c1LVULA SEGURIDAD CALDERA JUNKERS<br \/>\nC\u00f3digos original: 87160102470<br \/>\nPresi\u00f3n: 3 Bares<br \/>\nAncho: 22 mm<br \/>\nLargo: 300 mm<br \/>\nAlto: 0 mm<br \/>\nColor: Gris<\/p>\n","protected":false},"featured_media":7824,"comment_status":"open","ping_status":"closed","template":"","meta":{"_uag_custom_page_level_css":"","site-sidebar-layout":"default","site-content-layout":"","ast-site-content-layout":"default","site-content-style":"default","site-sidebar-style":"default","ast-global-header-display":"","ast-banner-title-visibility":"","ast-main-header-display":"","ast-hfb-above-header-display":"","ast-hfb-below-header-display":"","ast-hfb-mobile-header-display":"","site-post-title":"","ast-breadcrumbs-content":"","ast-featured-img":"","footer-sml-layout":"","theme-transparent-header-meta":"default","adv-header-id-meta":"","stick-header-meta":"","header-above-stick-meta":"","header-main-stick-meta":"","header-below-stick-meta":"","astra-migrate-meta-layouts":"set","ast-page-background-enabled":"default","ast-page-background-meta":{"desktop":{"background-color":"","background-image":"","background-repeat":"repeat","background-position":"center center","background-size":"auto","background-attachment":"scroll","background-type":"","background-media":"","overlay-type":"","overlay-color":"","overlay-opacity":"","overlay-gradient":""},"tablet":{"background-color":"","background-image":"","background-repeat":"repeat","background-position":"center center","background-size":"auto","background-attachment":"scroll","background-type":"","background-media":"","overlay-type":"","overlay-color":"","overlay-opacity":"","overlay-gradient":""},"mobile":{"background-color":"","background-image":"","background-repeat":"repeat","background-position":"center center","background-size":"auto","background-attachment":"scroll","background-type":"","background-media":"","overlay-type":"","overlay-color":"","overlay-opacity":"","overlay-gradient":""}},"ast-content-background-meta":{"desktop":{"background-color":"var(--ast-global-color-5)","background-image":"","background-repeat":"repeat","background-position":"center center","background-size":"auto","background-attachment":"scroll","background-type":"","background-media":"","overlay-type":"","overlay-color":"","overlay-opacity":"","overlay-gradient":""},"tablet":{"background-color":"var(--ast-global-color-5)","background-image":"","background-repeat":"repeat","background-position":"center center","background-size":"auto","background-attachment":"scroll","background-type":"","background-media":"","overlay-type":"","overlay-color":"","overlay-opacity":"","overlay-gradient":""},"mobile":{"background-color":"var(--ast-global-color-5)","background-image":"","background-repeat":"repeat","background-position":"center center","background-size":"auto","background-attachment":"scroll","background-type":"","background-media":"","overlay-type":"","overlay-color":"","overlay-opacity":"","overlay-gradient":""}}},"product_brand":[],"product_cat":[434,415,359],"product_tag":[],"class_list":{"0":"post-7819","1":"product","2":"type-product","3":"status-publish","4":"has-post-thumbnail","6":"product_cat-calderas-termos-y-calentadores","7":"product_cat-junker","8":"product_cat-repuestos-linea-blanca","9":"desktop-align-left","10":"tablet-align-left","11":"mobile-align-left","13":"first","14":"instock","15":"taxable","16":"shipping-taxable","17":"purchasable","18":"product-type-simple"},"aioseo_notices":[],"uagb_featured_image_src":{"full":["https:\/\/grupoaaa.es\/wp-content\/uploads\/2026\/02\/media2.jpg",800,800,false],"thumbnail":["https:\/\/grupoaaa.es\/wp-content\/uploads\/2026\/02\/media2-150x150.jpg",150,150,true],"medium":["https:\/\/grupoaaa.es\/wp-content\/uploads\/2026\/02\/media2-300x300.jpg",300,300,true],"medium_large":["https:\/\/grupoaaa.es\/wp-content\/uploads\/2026\/02\/media2-768x768.jpg",768,768,true],"large":["https:\/\/grupoaaa.es\/wp-content\/uploads\/2026\/02\/media2.jpg",800,800,false],"1536x1536":["https:\/\/grupoaaa.es\/wp-content\/uploads\/2026\/02\/media2.jpg",800,800,false],"2048x2048":["https:\/\/grupoaaa.es\/wp-content\/uploads\/2026\/02\/media2.jpg",800,800,false],"woocommerce_thumbnail":["https:\/\/grupoaaa.es\/wp-content\/uploads\/2026\/02\/media2-300x300.jpg",300,300,true],"woocommerce_single":["https:\/\/grupoaaa.es\/wp-content\/uploads\/2026\/02\/media2-600x600.jpg",600,600,true],"woocommerce_gallery_thumbnail":["https:\/\/grupoaaa.es\/wp-content\/uploads\/2026\/02\/media2-100x100.jpg",100,100,true]},"uagb_author_info":{"display_name":"Abid Ali Abid","author_link":"https:\/\/grupoaaa.es\/es\/author\/"},"uagb_comment_info":0,"uagb_excerpt":"VSC0011JK V\u00c1LVULA SEGURIDAD CALDERA JUNKERS C\u00f3digos original: 87160102470 Presi\u00f3n: 3 Bares Ancho: 22 mm Largo: 300 mm Alto: 0 mm Color: Gris","_links":{"self":[{"href":"https:\/\/grupoaaa.es\/es\/wp-json\/wp\/v2\/product\/7819","targetHints":{"allow":["GET"]}}],"collection":[{"href":"https:\/\/grupoaaa.es\/es\/wp-json\/wp\/v2\/product"}],"about":[{"href":"https:\/\/grupoaaa.es\/es\/wp-json\/wp\/v2\/types\/product"}],"replies":[{"embeddable":true,"href":"https:\/\/grupoaaa.es\/es\/wp-json\/wp\/v2\/comments?post=7819"}],"wp:featuredmedia":[{"embeddable":true,"href":"https:\/\/grupoaaa.es\/es\/wp-json\/wp\/v2\/media\/7824"}],"wp:attachment":[{"href":"https:\/\/grupoaaa.es\/es\/wp-json\/wp\/v2\/media?parent=7819"}],"wp:term":[{"taxonomy":"product_brand","embeddable":true,"href":"https:\/\/grupoaaa.es\/es\/wp-json\/wp\/v2\/product_brand?post=7819"},{"taxonomy":"product_cat","embeddable":true,"href":"https:\/\/grupoaaa.es\/es\/wp-json\/wp\/v2\/product_cat?post=7819"},{"taxonomy":"product_tag","embeddable":true,"href":"https:\/\/grupoaaa.es\/es\/wp-json\/wp\/v2\/product_tag?post=7819"}],"curies":[{"name":"wp","href":"https:\/\/api.w.org\/{rel}","templated":true}]}}