{"id":7816,"date":"2026-02-07T17:50:09","date_gmt":"2026-02-07T17:50:09","guid":{"rendered":"https:\/\/grupoaaa.es\/?post_type=product&#038;p=7816"},"modified":"2026-02-07T18:08:49","modified_gmt":"2026-02-07T18:08:49","slug":"cpc001jk-conexion-placas-caldera-junkers-87003020040","status":"publish","type":"product","link":"https:\/\/grupoaaa.es\/es\/producto\/cpc001jk-conexion-placas-caldera-junkers-87003020040\/","title":{"rendered":"CPC001JK-CONEXI\u00d3N PLACAS CALDERA JUNKERS 87003020040"},"content":{"rendered":"<p>CPC001JK<br \/>\nCONEXI\u00d3N PLACAS CALDERA JUNKERS<br \/>\nC\u00f3digo original: 87003020040<br \/>\nConexi\u00f3n intercambiador de placas caldera JUNKERS<\/p>\n<p>MODELO:<br \/>\n JUNKERS<br \/>\n 2WAAM23 ZW20 ZW23 ZW24<\/p>\n","protected":false},"excerpt":{"rendered":"<p>CPC001JK<br \/>\nCONEXI\u00d3N PLACAS CALDERA JUNKERS<br \/>\nC\u00f3digo original: 87003020040<br \/>\nConexi\u00f3n intercambiador de placas caldera JUNKERS<\/p>\n","protected":false},"featured_media":7817,"comment_status":"open","ping_status":"closed","template":"","meta":{"_uag_custom_page_level_css":"","site-sidebar-layout":"default","site-content-layout":"","ast-site-content-layout":"default","site-content-style":"default","site-sidebar-style":"default","ast-global-header-display":"","ast-banner-title-visibility":"","ast-main-header-display":"","ast-hfb-above-header-display":"","ast-hfb-below-header-display":"","ast-hfb-mobile-header-display":"","site-post-title":"","ast-breadcrumbs-content":"","ast-featured-img":"","footer-sml-layout":"","theme-transparent-header-meta":"default","adv-header-id-meta":"","stick-header-meta":"","header-above-stick-meta":"","header-main-stick-meta":"","header-below-stick-meta":"","astra-migrate-meta-layouts":"set","ast-page-background-enabled":"default","ast-page-background-meta":{"desktop":{"background-color":"","background-image":"","background-repeat":"repeat","background-position":"center center","background-size":"auto","background-attachment":"scroll","background-type":"","background-media":"","overlay-type":"","overlay-color":"","overlay-opacity":"","overlay-gradient":""},"tablet":{"background-color":"","background-image":"","background-repeat":"repeat","background-position":"center center","background-size":"auto","background-attachment":"scroll","background-type":"","background-media":"","overlay-type":"","overlay-color":"","overlay-opacity":"","overlay-gradient":""},"mobile":{"background-color":"","background-image":"","background-repeat":"repeat","background-position":"center center","background-size":"auto","background-attachment":"scroll","background-type":"","background-media":"","overlay-type":"","overlay-color":"","overlay-opacity":"","overlay-gradient":""}},"ast-content-background-meta":{"desktop":{"background-color":"var(--ast-global-color-5)","background-image":"","background-repeat":"repeat","background-position":"center center","background-size":"auto","background-attachment":"scroll","background-type":"","background-media":"","overlay-type":"","overlay-color":"","overlay-opacity":"","overlay-gradient":""},"tablet":{"background-color":"var(--ast-global-color-5)","background-image":"","background-repeat":"repeat","background-position":"center center","background-size":"auto","background-attachment":"scroll","background-type":"","background-media":"","overlay-type":"","overlay-color":"","overlay-opacity":"","overlay-gradient":""},"mobile":{"background-color":"var(--ast-global-color-5)","background-image":"","background-repeat":"repeat","background-position":"center center","background-size":"auto","background-attachment":"scroll","background-type":"","background-media":"","overlay-type":"","overlay-color":"","overlay-opacity":"","overlay-gradient":""}}},"product_brand":[],"product_cat":[434,415,359],"product_tag":[],"class_list":{"0":"post-7816","1":"product","2":"type-product","3":"status-publish","4":"has-post-thumbnail","6":"product_cat-calderas-termos-y-calentadores","7":"product_cat-junker","8":"product_cat-repuestos-linea-blanca","9":"desktop-align-left","10":"tablet-align-left","11":"mobile-align-left","13":"first","14":"instock","15":"taxable","16":"shipping-taxable","17":"purchasable","18":"product-type-simple"},"aioseo_notices":[],"uagb_featured_image_src":{"full":["https:\/\/grupoaaa.es\/wp-content\/uploads\/2026\/02\/CPC001.webp",600,600,false],"thumbnail":["https:\/\/grupoaaa.es\/wp-content\/uploads\/2026\/02\/CPC001-150x150.webp",150,150,true],"medium":["https:\/\/grupoaaa.es\/wp-content\/uploads\/2026\/02\/CPC001-300x300.webp",300,300,true],"medium_large":["https:\/\/grupoaaa.es\/wp-content\/uploads\/2026\/02\/CPC001.webp",600,600,false],"large":["https:\/\/grupoaaa.es\/wp-content\/uploads\/2026\/02\/CPC001.webp",600,600,false],"1536x1536":["https:\/\/grupoaaa.es\/wp-content\/uploads\/2026\/02\/CPC001.webp",600,600,false],"2048x2048":["https:\/\/grupoaaa.es\/wp-content\/uploads\/2026\/02\/CPC001.webp",600,600,false],"woocommerce_thumbnail":["https:\/\/grupoaaa.es\/wp-content\/uploads\/2026\/02\/CPC001-300x300.webp",300,300,true],"woocommerce_single":["https:\/\/grupoaaa.es\/wp-content\/uploads\/2026\/02\/CPC001.webp",600,600,false],"woocommerce_gallery_thumbnail":["https:\/\/grupoaaa.es\/wp-content\/uploads\/2026\/02\/CPC001-100x100.webp",100,100,true]},"uagb_author_info":{"display_name":"Abid Ali Abid","author_link":"https:\/\/grupoaaa.es\/es\/author\/"},"uagb_comment_info":0,"uagb_excerpt":"CPC001JK CONEXI\u00d3N PLACAS CALDERA JUNKERS C\u00f3digo original: 87003020040 Conexi\u00f3n intercambiador de placas caldera JUNKERS","_links":{"self":[{"href":"https:\/\/grupoaaa.es\/es\/wp-json\/wp\/v2\/product\/7816","targetHints":{"allow":["GET"]}}],"collection":[{"href":"https:\/\/grupoaaa.es\/es\/wp-json\/wp\/v2\/product"}],"about":[{"href":"https:\/\/grupoaaa.es\/es\/wp-json\/wp\/v2\/types\/product"}],"replies":[{"embeddable":true,"href":"https:\/\/grupoaaa.es\/es\/wp-json\/wp\/v2\/comments?post=7816"}],"wp:featuredmedia":[{"embeddable":true,"href":"https:\/\/grupoaaa.es\/es\/wp-json\/wp\/v2\/media\/7817"}],"wp:attachment":[{"href":"https:\/\/grupoaaa.es\/es\/wp-json\/wp\/v2\/media?parent=7816"}],"wp:term":[{"taxonomy":"product_brand","embeddable":true,"href":"https:\/\/grupoaaa.es\/es\/wp-json\/wp\/v2\/product_brand?post=7816"},{"taxonomy":"product_cat","embeddable":true,"href":"https:\/\/grupoaaa.es\/es\/wp-json\/wp\/v2\/product_cat?post=7816"},{"taxonomy":"product_tag","embeddable":true,"href":"https:\/\/grupoaaa.es\/es\/wp-json\/wp\/v2\/product_tag?post=7816"}],"curies":[{"name":"wp","href":"https:\/\/api.w.org\/{rel}","templated":true}]}}