{"id":7693,"date":"2026-01-28T17:46:40","date_gmt":"2026-01-28T17:46:40","guid":{"rendered":"https:\/\/grupoaaa.es\/?post_type=product&#038;p=7693"},"modified":"2026-01-28T18:27:54","modified_gmt":"2026-01-28T18:27:54","slug":"mvc001ch-motor-valvula-3-vias-chaffoteaux-60081953","status":"publish","type":"product","link":"https:\/\/grupoaaa.es\/es\/producto\/mvc001ch-motor-valvula-3-vias-chaffoteaux-60081953\/","title":{"rendered":"MVC001CH-MOTOR V\u00c1LVULA 3 V\u00cdAS CHAFFOTEAUX 60081953"},"content":{"rendered":"<p>MVC001CH<br \/>\nMOTOR V\u00c1LVULA 3 V\u00cdAS CHAFFOTEAUX<br \/>\nCODIGO ORIGINAL:  60081953<br \/>\nV\u00c1LVULAS GAS 3 VIAS FLUSOSTATO<\/p>\n<p>Modelo:<br \/>\n CALYDRA23FFN, MCCFENESP, SIAM223EFFN, MC FF N, SIAM 3.23 E FF N<\/p>\n","protected":false},"excerpt":{"rendered":"<p>MVC001CH<br \/>\nMOTOR V\u00c1LVULA 3 V\u00cdAS CHAFFOTEAUX<br \/>\nCODIGO ORIGINAL:  60081953<br \/>\nV\u00c1LVULAS GAS 3 VIAS FLUSOSTATO<\/p>\n","protected":false},"featured_media":7696,"comment_status":"open","ping_status":"closed","template":"","meta":{"_uag_custom_page_level_css":"","site-sidebar-layout":"default","site-content-layout":"","ast-site-content-layout":"default","site-content-style":"default","site-sidebar-style":"default","ast-global-header-display":"","ast-banner-title-visibility":"","ast-main-header-display":"","ast-hfb-above-header-display":"","ast-hfb-below-header-display":"","ast-hfb-mobile-header-display":"","site-post-title":"","ast-breadcrumbs-content":"","ast-featured-img":"","footer-sml-layout":"","theme-transparent-header-meta":"default","adv-header-id-meta":"","stick-header-meta":"","header-above-stick-meta":"","header-main-stick-meta":"","header-below-stick-meta":"","astra-migrate-meta-layouts":"set","ast-page-background-enabled":"default","ast-page-background-meta":{"desktop":{"background-color":"","background-image":"","background-repeat":"repeat","background-position":"center center","background-size":"auto","background-attachment":"scroll","background-type":"","background-media":"","overlay-type":"","overlay-color":"","overlay-opacity":"","overlay-gradient":""},"tablet":{"background-color":"","background-image":"","background-repeat":"repeat","background-position":"center center","background-size":"auto","background-attachment":"scroll","background-type":"","background-media":"","overlay-type":"","overlay-color":"","overlay-opacity":"","overlay-gradient":""},"mobile":{"background-color":"","background-image":"","background-repeat":"repeat","background-position":"center center","background-size":"auto","background-attachment":"scroll","background-type":"","background-media":"","overlay-type":"","overlay-color":"","overlay-opacity":"","overlay-gradient":""}},"ast-content-background-meta":{"desktop":{"background-color":"var(--ast-global-color-5)","background-image":"","background-repeat":"repeat","background-position":"center center","background-size":"auto","background-attachment":"scroll","background-type":"","background-media":"","overlay-type":"","overlay-color":"","overlay-opacity":"","overlay-gradient":""},"tablet":{"background-color":"var(--ast-global-color-5)","background-image":"","background-repeat":"repeat","background-position":"center center","background-size":"auto","background-attachment":"scroll","background-type":"","background-media":"","overlay-type":"","overlay-color":"","overlay-opacity":"","overlay-gradient":""},"mobile":{"background-color":"var(--ast-global-color-5)","background-image":"","background-repeat":"repeat","background-position":"center center","background-size":"auto","background-attachment":"scroll","background-type":"","background-media":"","overlay-type":"","overlay-color":"","overlay-opacity":"","overlay-gradient":""}}},"product_brand":[],"product_cat":[434,490,359],"product_tag":[],"class_list":{"0":"post-7693","1":"product","2":"type-product","3":"status-publish","4":"has-post-thumbnail","6":"product_cat-calderas-termos-y-calentadores","7":"product_cat-chaffoteaux","8":"product_cat-repuestos-linea-blanca","9":"desktop-align-left","10":"tablet-align-left","11":"mobile-align-left","13":"first","14":"instock","15":"taxable","16":"shipping-taxable","17":"purchasable","18":"product-type-simple"},"aioseo_notices":[],"uagb_featured_image_src":{"full":["https:\/\/grupoaaa.es\/wp-content\/uploads\/2026\/01\/0-01.webp",640,430,false],"thumbnail":["https:\/\/grupoaaa.es\/wp-content\/uploads\/2026\/01\/0-01-150x150.webp",150,150,true],"medium":["https:\/\/grupoaaa.es\/wp-content\/uploads\/2026\/01\/0-01-300x202.webp",300,202,true],"medium_large":["https:\/\/grupoaaa.es\/wp-content\/uploads\/2026\/01\/0-01.webp",640,430,false],"large":["https:\/\/grupoaaa.es\/wp-content\/uploads\/2026\/01\/0-01.webp",640,430,false],"1536x1536":["https:\/\/grupoaaa.es\/wp-content\/uploads\/2026\/01\/0-01.webp",640,430,false],"2048x2048":["https:\/\/grupoaaa.es\/wp-content\/uploads\/2026\/01\/0-01.webp",640,430,false],"woocommerce_thumbnail":["https:\/\/grupoaaa.es\/wp-content\/uploads\/2026\/01\/0-01-300x300.webp",300,300,true],"woocommerce_single":["https:\/\/grupoaaa.es\/wp-content\/uploads\/2026\/01\/0-01-600x403.webp",600,403,true],"woocommerce_gallery_thumbnail":["https:\/\/grupoaaa.es\/wp-content\/uploads\/2026\/01\/0-01-100x100.webp",100,100,true]},"uagb_author_info":{"display_name":"Abid Ali Abid","author_link":"https:\/\/grupoaaa.es\/es\/author\/"},"uagb_comment_info":0,"uagb_excerpt":"MVC001CH MOTOR V\u00c1LVULA 3 V\u00cdAS CHAFFOTEAUX CODIGO ORIGINAL: 60081953 V\u00c1LVULAS GAS 3 VIAS FLUSOSTATO","_links":{"self":[{"href":"https:\/\/grupoaaa.es\/es\/wp-json\/wp\/v2\/product\/7693","targetHints":{"allow":["GET"]}}],"collection":[{"href":"https:\/\/grupoaaa.es\/es\/wp-json\/wp\/v2\/product"}],"about":[{"href":"https:\/\/grupoaaa.es\/es\/wp-json\/wp\/v2\/types\/product"}],"replies":[{"embeddable":true,"href":"https:\/\/grupoaaa.es\/es\/wp-json\/wp\/v2\/comments?post=7693"}],"wp:featuredmedia":[{"embeddable":true,"href":"https:\/\/grupoaaa.es\/es\/wp-json\/wp\/v2\/media\/7696"}],"wp:attachment":[{"href":"https:\/\/grupoaaa.es\/es\/wp-json\/wp\/v2\/media?parent=7693"}],"wp:term":[{"taxonomy":"product_brand","embeddable":true,"href":"https:\/\/grupoaaa.es\/es\/wp-json\/wp\/v2\/product_brand?post=7693"},{"taxonomy":"product_cat","embeddable":true,"href":"https:\/\/grupoaaa.es\/es\/wp-json\/wp\/v2\/product_cat?post=7693"},{"taxonomy":"product_tag","embeddable":true,"href":"https:\/\/grupoaaa.es\/es\/wp-json\/wp\/v2\/product_tag?post=7693"}],"curies":[{"name":"wp","href":"https:\/\/api.w.org\/{rel}","templated":true}]}}