{"id":7660,"date":"2026-01-27T18:41:33","date_gmt":"2026-01-27T18:41:33","guid":{"rendered":"https:\/\/grupoaaa.es\/?post_type=product&#038;p=7660"},"modified":"2026-04-10T17:33:16","modified_gmt":"2026-04-10T17:33:16","slug":"moc002fr-modulo-caldera-ferroli-i39801150","status":"publish","type":"product","link":"https:\/\/grupoaaa.es\/es\/producto\/moc002fr-modulo-caldera-ferroli-i39801150\/","title":{"rendered":"MOC002FR-Modulo caldera ferroli-39801150"},"content":{"rendered":"<p>MOC002FR<br \/>\nModulo caldera ferroli<br \/>\nCODIGO ORIGINAL:   I39801150<br \/>\nPIEZOEL\u00c9CTRICOS BUJ\u00cdA ELECTRODO<br \/>\nM\u00f3dulo encendido caldera.<\/p>\n<p>MODELO: NE HP CE, NE M\/HP CE, NE 127 CE.<\/p>\n","protected":false},"excerpt":{"rendered":"<p>MOC002FR<br \/>\nModulo caldera ferroli<br \/>\nCODIGO ORIGINAL:   I39801150<br \/>\nPIEZOEL\u00c9CTRICOS BUJ\u00cdA ELECTRODO<br \/>\nM\u00f3dulo encendido caldera.<\/p>\n","protected":false},"featured_media":7663,"comment_status":"open","ping_status":"closed","template":"","meta":{"_uag_custom_page_level_css":"","site-sidebar-layout":"default","site-content-layout":"","ast-site-content-layout":"default","site-content-style":"default","site-sidebar-style":"default","ast-global-header-display":"","ast-banner-title-visibility":"","ast-main-header-display":"","ast-hfb-above-header-display":"","ast-hfb-below-header-display":"","ast-hfb-mobile-header-display":"","site-post-title":"","ast-breadcrumbs-content":"","ast-featured-img":"","footer-sml-layout":"","ast-disable-related-posts":"","theme-transparent-header-meta":"default","adv-header-id-meta":"","stick-header-meta":"","header-above-stick-meta":"","header-main-stick-meta":"","header-below-stick-meta":"","astra-migrate-meta-layouts":"set","ast-page-background-enabled":"default","ast-page-background-meta":{"desktop":{"background-color":"","background-image":"","background-repeat":"repeat","background-position":"center center","background-size":"auto","background-attachment":"scroll","background-type":"","background-media":"","overlay-type":"","overlay-color":"","overlay-opacity":"","overlay-gradient":""},"tablet":{"background-color":"","background-image":"","background-repeat":"repeat","background-position":"center center","background-size":"auto","background-attachment":"scroll","background-type":"","background-media":"","overlay-type":"","overlay-color":"","overlay-opacity":"","overlay-gradient":""},"mobile":{"background-color":"","background-image":"","background-repeat":"repeat","background-position":"center center","background-size":"auto","background-attachment":"scroll","background-type":"","background-media":"","overlay-type":"","overlay-color":"","overlay-opacity":"","overlay-gradient":""}},"ast-content-background-meta":{"desktop":{"background-color":"var(--ast-global-color-4)","background-image":"","background-repeat":"repeat","background-position":"center center","background-size":"auto","background-attachment":"scroll","background-type":"","background-media":"","overlay-type":"","overlay-color":"","overlay-opacity":"","overlay-gradient":""},"tablet":{"background-color":"var(--ast-global-color-4)","background-image":"","background-repeat":"repeat","background-position":"center center","background-size":"auto","background-attachment":"scroll","background-type":"","background-media":"","overlay-type":"","overlay-color":"","overlay-opacity":"","overlay-gradient":""},"mobile":{"background-color":"var(--ast-global-color-4)","background-image":"","background-repeat":"repeat","background-position":"center center","background-size":"auto","background-attachment":"scroll","background-type":"","background-media":"","overlay-type":"","overlay-color":"","overlay-opacity":"","overlay-gradient":""}}},"product_brand":[],"product_cat":[434,492,359],"product_tag":[],"class_list":{"0":"post-7660","1":"product","2":"type-product","3":"status-publish","4":"has-post-thumbnail","6":"product_cat-calderas-termos-y-calentadores","7":"product_cat-ferroli","8":"product_cat-repuestos-linea-blanca","9":"desktop-align-left","10":"tablet-align-left","11":"mobile-align-left","13":"first","14":"instock","15":"taxable","16":"shipping-taxable","17":"purchasable","18":"product-type-simple"},"aioseo_notices":[],"uagb_featured_image_src":{"full":["https:\/\/grupoaaa.es\/wp-content\/uploads\/2026\/01\/MOD002.jpg",1600,1407,false],"thumbnail":["https:\/\/grupoaaa.es\/wp-content\/uploads\/2026\/01\/MOD002-150x150.jpg",150,150,true],"medium":["https:\/\/grupoaaa.es\/wp-content\/uploads\/2026\/01\/MOD002-300x264.jpg",300,264,true],"medium_large":["https:\/\/grupoaaa.es\/wp-content\/uploads\/2026\/01\/MOD002-768x675.jpg",768,675,true],"large":["https:\/\/grupoaaa.es\/wp-content\/uploads\/2026\/01\/MOD002-1024x900.jpg",1024,900,true],"1536x1536":["https:\/\/grupoaaa.es\/wp-content\/uploads\/2026\/01\/MOD002-1536x1351.jpg",1536,1351,true],"2048x2048":["https:\/\/grupoaaa.es\/wp-content\/uploads\/2026\/01\/MOD002.jpg",1600,1407,false],"woocommerce_thumbnail":["https:\/\/grupoaaa.es\/wp-content\/uploads\/2026\/01\/MOD002-300x300.jpg",300,300,true],"woocommerce_single":["https:\/\/grupoaaa.es\/wp-content\/uploads\/2026\/01\/MOD002-600x528.jpg",600,528,true],"woocommerce_gallery_thumbnail":["https:\/\/grupoaaa.es\/wp-content\/uploads\/2026\/01\/MOD002-100x100.jpg",100,100,true]},"uagb_author_info":{"display_name":"Abid Ali Abid","author_link":"https:\/\/grupoaaa.es\/es\/author\/"},"uagb_comment_info":0,"uagb_excerpt":"MOC002FR Modulo caldera ferroli CODIGO ORIGINAL: I39801150 PIEZOEL\u00c9CTRICOS BUJ\u00cdA ELECTRODO M\u00f3dulo encendido caldera.","_links":{"self":[{"href":"https:\/\/grupoaaa.es\/es\/wp-json\/wp\/v2\/product\/7660","targetHints":{"allow":["GET"]}}],"collection":[{"href":"https:\/\/grupoaaa.es\/es\/wp-json\/wp\/v2\/product"}],"about":[{"href":"https:\/\/grupoaaa.es\/es\/wp-json\/wp\/v2\/types\/product"}],"replies":[{"embeddable":true,"href":"https:\/\/grupoaaa.es\/es\/wp-json\/wp\/v2\/comments?post=7660"}],"wp:featuredmedia":[{"embeddable":true,"href":"https:\/\/grupoaaa.es\/es\/wp-json\/wp\/v2\/media\/7663"}],"wp:attachment":[{"href":"https:\/\/grupoaaa.es\/es\/wp-json\/wp\/v2\/media?parent=7660"}],"wp:term":[{"taxonomy":"product_brand","embeddable":true,"href":"https:\/\/grupoaaa.es\/es\/wp-json\/wp\/v2\/product_brand?post=7660"},{"taxonomy":"product_cat","embeddable":true,"href":"https:\/\/grupoaaa.es\/es\/wp-json\/wp\/v2\/product_cat?post=7660"},{"taxonomy":"product_tag","embeddable":true,"href":"https:\/\/grupoaaa.es\/es\/wp-json\/wp\/v2\/product_tag?post=7660"}],"curies":[{"name":"wp","href":"https:\/\/api.w.org\/{rel}","templated":true}]}}