{"id":7477,"date":"2026-01-23T16:29:45","date_gmt":"2026-01-23T16:29:45","guid":{"rendered":"https:\/\/grupoaaa.es\/?post_type=product&#038;p=7477"},"modified":"2026-01-23T16:29:46","modified_gmt":"2026-01-23T16:29:46","slug":"fve001rc-flexo-vaso-expansion-roca-122093060","status":"publish","type":"product","link":"https:\/\/grupoaaa.es\/es\/producto\/fve001rc-flexo-vaso-expansion-roca-122093060\/","title":{"rendered":"FVE001RC-FLEXO VASO EXPANSI\u00d3N ROCA 122093060"},"content":{"rendered":"<p>FVE001RC<br \/>\nFLEXO VASO EXPANSI\u00d3N ROCA<br \/>\nCODIGO ORIGINAL: 122093060<br \/>\nTUBOS ENTRADA DE AGUA<br \/>\nTubo conexi\u00f3n dep\u00f3sito expansi\u00f3n caldera.<\/p>\n<p>Mod. SARA,NOVA,BAXI,ROCA.<\/p>\n","protected":false},"excerpt":{"rendered":"<p>FVE001RC<br \/>\nFLEXO VASO EXPANSI\u00d3N ROCA<br \/>\nCODIGO ORIGINAL: 122093060<br \/>\nTUBOS ENTRADA DE AGUA<br \/>\nTubo conexi\u00f3n dep\u00f3sito expansi\u00f3n caldera.<\/p>\n","protected":false},"featured_media":7478,"comment_status":"open","ping_status":"closed","template":"","meta":{"_uag_custom_page_level_css":"","site-sidebar-layout":"default","site-content-layout":"","ast-site-content-layout":"default","site-content-style":"default","site-sidebar-style":"default","ast-global-header-display":"","ast-banner-title-visibility":"","ast-main-header-display":"","ast-hfb-above-header-display":"","ast-hfb-below-header-display":"","ast-hfb-mobile-header-display":"","site-post-title":"","ast-breadcrumbs-content":"","ast-featured-img":"","footer-sml-layout":"","theme-transparent-header-meta":"default","adv-header-id-meta":"","stick-header-meta":"","header-above-stick-meta":"","header-main-stick-meta":"","header-below-stick-meta":"","astra-migrate-meta-layouts":"set","ast-page-background-enabled":"default","ast-page-background-meta":{"desktop":{"background-color":"","background-image":"","background-repeat":"repeat","background-position":"center center","background-size":"auto","background-attachment":"scroll","background-type":"","background-media":"","overlay-type":"","overlay-color":"","overlay-opacity":"","overlay-gradient":""},"tablet":{"background-color":"","background-image":"","background-repeat":"repeat","background-position":"center center","background-size":"auto","background-attachment":"scroll","background-type":"","background-media":"","overlay-type":"","overlay-color":"","overlay-opacity":"","overlay-gradient":""},"mobile":{"background-color":"","background-image":"","background-repeat":"repeat","background-position":"center center","background-size":"auto","background-attachment":"scroll","background-type":"","background-media":"","overlay-type":"","overlay-color":"","overlay-opacity":"","overlay-gradient":""}},"ast-content-background-meta":{"desktop":{"background-color":"var(--ast-global-color-5)","background-image":"","background-repeat":"repeat","background-position":"center center","background-size":"auto","background-attachment":"scroll","background-type":"","background-media":"","overlay-type":"","overlay-color":"","overlay-opacity":"","overlay-gradient":""},"tablet":{"background-color":"var(--ast-global-color-5)","background-image":"","background-repeat":"repeat","background-position":"center center","background-size":"auto","background-attachment":"scroll","background-type":"","background-media":"","overlay-type":"","overlay-color":"","overlay-opacity":"","overlay-gradient":""},"mobile":{"background-color":"var(--ast-global-color-5)","background-image":"","background-repeat":"repeat","background-position":"center center","background-size":"auto","background-attachment":"scroll","background-type":"","background-media":"","overlay-type":"","overlay-color":"","overlay-opacity":"","overlay-gradient":""}}},"product_brand":[],"product_cat":[485,434,359,486],"product_tag":[],"class_list":{"0":"post-7477","1":"product","2":"type-product","3":"status-publish","4":"has-post-thumbnail","6":"product_cat-baxi","7":"product_cat-calderas-termos-y-calentadores","8":"product_cat-repuestos-linea-blanca","9":"product_cat-roca","10":"desktop-align-left","11":"tablet-align-left","12":"mobile-align-left","14":"first","15":"instock","16":"taxable","17":"shipping-taxable","18":"product-type-simple"},"aioseo_notices":[],"uagb_featured_image_src":{"full":["https:\/\/grupoaaa.es\/wp-content\/uploads\/2026\/01\/fvc001-e1769185772154.jpg",950,704,false],"thumbnail":["https:\/\/grupoaaa.es\/wp-content\/uploads\/2026\/01\/fvc001-e1769185772154-150x150.jpg",150,150,true],"medium":["https:\/\/grupoaaa.es\/wp-content\/uploads\/2026\/01\/fvc001-e1769185772154-300x222.jpg",300,222,true],"medium_large":["https:\/\/grupoaaa.es\/wp-content\/uploads\/2026\/01\/fvc001-e1769185772154-768x569.jpg",768,569,true],"large":["https:\/\/grupoaaa.es\/wp-content\/uploads\/2026\/01\/fvc001-792x1024.jpg",792,1024,true],"1536x1536":["https:\/\/grupoaaa.es\/wp-content\/uploads\/2026\/01\/fvc001-e1769185772154.jpg",950,704,false],"2048x2048":["https:\/\/grupoaaa.es\/wp-content\/uploads\/2026\/01\/fvc001-e1769185772154.jpg",950,704,false],"woocommerce_thumbnail":["https:\/\/grupoaaa.es\/wp-content\/uploads\/2026\/01\/fvc001-e1769185772154-300x300.jpg",300,300,true],"woocommerce_single":["https:\/\/grupoaaa.es\/wp-content\/uploads\/2026\/01\/fvc001-e1769185772154-600x445.jpg",600,445,true],"woocommerce_gallery_thumbnail":["https:\/\/grupoaaa.es\/wp-content\/uploads\/2026\/01\/fvc001-e1769185772154-100x100.jpg",100,100,true]},"uagb_author_info":{"display_name":"Abid Ali Abid","author_link":"https:\/\/grupoaaa.es\/es\/author\/"},"uagb_comment_info":0,"uagb_excerpt":"FVE001RC FLEXO VASO EXPANSI\u00d3N ROCA CODIGO ORIGINAL: 122093060 TUBOS ENTRADA DE AGUA Tubo conexi\u00f3n dep\u00f3sito expansi\u00f3n caldera.","_links":{"self":[{"href":"https:\/\/grupoaaa.es\/es\/wp-json\/wp\/v2\/product\/7477","targetHints":{"allow":["GET"]}}],"collection":[{"href":"https:\/\/grupoaaa.es\/es\/wp-json\/wp\/v2\/product"}],"about":[{"href":"https:\/\/grupoaaa.es\/es\/wp-json\/wp\/v2\/types\/product"}],"replies":[{"embeddable":true,"href":"https:\/\/grupoaaa.es\/es\/wp-json\/wp\/v2\/comments?post=7477"}],"wp:featuredmedia":[{"embeddable":true,"href":"https:\/\/grupoaaa.es\/es\/wp-json\/wp\/v2\/media\/7478"}],"wp:attachment":[{"href":"https:\/\/grupoaaa.es\/es\/wp-json\/wp\/v2\/media?parent=7477"}],"wp:term":[{"taxonomy":"product_brand","embeddable":true,"href":"https:\/\/grupoaaa.es\/es\/wp-json\/wp\/v2\/product_brand?post=7477"},{"taxonomy":"product_cat","embeddable":true,"href":"https:\/\/grupoaaa.es\/es\/wp-json\/wp\/v2\/product_cat?post=7477"},{"taxonomy":"product_tag","embeddable":true,"href":"https:\/\/grupoaaa.es\/es\/wp-json\/wp\/v2\/product_tag?post=7477"}],"curies":[{"name":"wp","href":"https:\/\/api.w.org\/{rel}","templated":true}]}}