{"id":6812,"date":"2026-01-02T08:37:36","date_gmt":"2026-01-02T08:37:36","guid":{"rendered":"https:\/\/grupoaaa.es\/?post_type=product&#038;p=6812"},"modified":"2026-01-02T10:43:05","modified_gmt":"2026-01-02T10:43:05","slug":"rpl007fg-reten-para-lavadora-32x52x7mm-fagor","status":"publish","type":"product","link":"https:\/\/grupoaaa.es\/es\/producto\/rpl007fg-reten-para-lavadora-32x52x7mm-fagor\/","title":{"rendered":"RPL007FG-RETEN PARA LAVADORA 32\u00d752\u00d77mm FAGOR"},"content":{"rendered":"<p>RPL007FG<br \/>\nRETEN PARA LAVADORA 32\u00d752\u00d77mm FAGOR<br \/>\nc\u00f3digo original: Siltal : 29171690<br \/>\nModelos:<br \/>\nFagor: Porta-rodamientos de aluminio<br \/>\nOtras markas: ASPES-SILTAL<\/p>\n","protected":false},"excerpt":{"rendered":"<p>RPL007FG<br \/>\nRETEN PARA LAVADORA 32\u00d752\u00d77mm FAGOR<br \/>\nC\u00f3digo original: Siltal : 29171690<\/p>\n","protected":false},"featured_media":6823,"comment_status":"open","ping_status":"closed","template":"","meta":{"_uag_custom_page_level_css":"","site-sidebar-layout":"default","site-content-layout":"","ast-site-content-layout":"default","site-content-style":"default","site-sidebar-style":"default","ast-global-header-display":"","ast-banner-title-visibility":"","ast-main-header-display":"","ast-hfb-above-header-display":"","ast-hfb-below-header-display":"","ast-hfb-mobile-header-display":"","site-post-title":"","ast-breadcrumbs-content":"","ast-featured-img":"","footer-sml-layout":"","theme-transparent-header-meta":"default","adv-header-id-meta":"","stick-header-meta":"","header-above-stick-meta":"","header-main-stick-meta":"","header-below-stick-meta":"","astra-migrate-meta-layouts":"set","ast-page-background-enabled":"default","ast-page-background-meta":{"desktop":{"background-color":"","background-image":"","background-repeat":"repeat","background-position":"center center","background-size":"auto","background-attachment":"scroll","background-type":"","background-media":"","overlay-type":"","overlay-color":"","overlay-opacity":"","overlay-gradient":""},"tablet":{"background-color":"","background-image":"","background-repeat":"repeat","background-position":"center center","background-size":"auto","background-attachment":"scroll","background-type":"","background-media":"","overlay-type":"","overlay-color":"","overlay-opacity":"","overlay-gradient":""},"mobile":{"background-color":"","background-image":"","background-repeat":"repeat","background-position":"center center","background-size":"auto","background-attachment":"scroll","background-type":"","background-media":"","overlay-type":"","overlay-color":"","overlay-opacity":"","overlay-gradient":""}},"ast-content-background-meta":{"desktop":{"background-color":"var(--ast-global-color-5)","background-image":"","background-repeat":"repeat","background-position":"center center","background-size":"auto","background-attachment":"scroll","background-type":"","background-media":"","overlay-type":"","overlay-color":"","overlay-opacity":"","overlay-gradient":""},"tablet":{"background-color":"var(--ast-global-color-5)","background-image":"","background-repeat":"repeat","background-position":"center center","background-size":"auto","background-attachment":"scroll","background-type":"","background-media":"","overlay-type":"","overlay-color":"","overlay-opacity":"","overlay-gradient":""},"mobile":{"background-color":"var(--ast-global-color-5)","background-image":"","background-repeat":"repeat","background-position":"center center","background-size":"auto","background-attachment":"scroll","background-type":"","background-media":"","overlay-type":"","overlay-color":"","overlay-opacity":"","overlay-gradient":""}}},"product_brand":[],"product_cat":[359,385],"product_tag":[],"class_list":{"0":"post-6812","1":"product","2":"type-product","3":"status-publish","4":"has-post-thumbnail","6":"product_cat-repuestos-linea-blanca","7":"product_cat-repuestos-para-lavadoras","8":"desktop-align-left","9":"tablet-align-left","10":"mobile-align-left","12":"first","13":"instock","14":"taxable","15":"shipping-taxable","16":"purchasable","17":"product-type-simple"},"aioseo_notices":[],"uagb_featured_image_src":{"full":["https:\/\/grupoaaa.es\/wp-content\/uploads\/2026\/01\/Remove-background-project-2026-01-02T113951.422.png",1463,1600,false],"thumbnail":["https:\/\/grupoaaa.es\/wp-content\/uploads\/2026\/01\/Remove-background-project-2026-01-02T113951.422-150x150.png",150,150,true],"medium":["https:\/\/grupoaaa.es\/wp-content\/uploads\/2026\/01\/Remove-background-project-2026-01-02T113951.422-274x300.png",274,300,true],"medium_large":["https:\/\/grupoaaa.es\/wp-content\/uploads\/2026\/01\/Remove-background-project-2026-01-02T113951.422-768x840.png",768,840,true],"large":["https:\/\/grupoaaa.es\/wp-content\/uploads\/2026\/01\/Remove-background-project-2026-01-02T113951.422-936x1024.png",936,1024,true],"1536x1536":["https:\/\/grupoaaa.es\/wp-content\/uploads\/2026\/01\/Remove-background-project-2026-01-02T113951.422-1404x1536.png",1404,1536,true],"2048x2048":["https:\/\/grupoaaa.es\/wp-content\/uploads\/2026\/01\/Remove-background-project-2026-01-02T113951.422.png",1463,1600,false],"woocommerce_thumbnail":["https:\/\/grupoaaa.es\/wp-content\/uploads\/2026\/01\/Remove-background-project-2026-01-02T113951.422-300x300.png",300,300,true],"woocommerce_single":["https:\/\/grupoaaa.es\/wp-content\/uploads\/2026\/01\/Remove-background-project-2026-01-02T113951.422-600x656.png",600,656,true],"woocommerce_gallery_thumbnail":["https:\/\/grupoaaa.es\/wp-content\/uploads\/2026\/01\/Remove-background-project-2026-01-02T113951.422-100x100.png",100,100,true]},"uagb_author_info":{"display_name":"Abid Ali Abid","author_link":"https:\/\/grupoaaa.es\/es\/author\/"},"uagb_comment_info":0,"uagb_excerpt":"RPL007FG RETEN PARA LAVADORA 32\u00d752\u00d77mm FAGOR C\u00f3digo original: Siltal : 29171690","_links":{"self":[{"href":"https:\/\/grupoaaa.es\/es\/wp-json\/wp\/v2\/product\/6812","targetHints":{"allow":["GET"]}}],"collection":[{"href":"https:\/\/grupoaaa.es\/es\/wp-json\/wp\/v2\/product"}],"about":[{"href":"https:\/\/grupoaaa.es\/es\/wp-json\/wp\/v2\/types\/product"}],"replies":[{"embeddable":true,"href":"https:\/\/grupoaaa.es\/es\/wp-json\/wp\/v2\/comments?post=6812"}],"wp:featuredmedia":[{"embeddable":true,"href":"https:\/\/grupoaaa.es\/es\/wp-json\/wp\/v2\/media\/6823"}],"wp:attachment":[{"href":"https:\/\/grupoaaa.es\/es\/wp-json\/wp\/v2\/media?parent=6812"}],"wp:term":[{"taxonomy":"product_brand","embeddable":true,"href":"https:\/\/grupoaaa.es\/es\/wp-json\/wp\/v2\/product_brand?post=6812"},{"taxonomy":"product_cat","embeddable":true,"href":"https:\/\/grupoaaa.es\/es\/wp-json\/wp\/v2\/product_cat?post=6812"},{"taxonomy":"product_tag","embeddable":true,"href":"https:\/\/grupoaaa.es\/es\/wp-json\/wp\/v2\/product_tag?post=6812"}],"curies":[{"name":"wp","href":"https:\/\/api.w.org\/{rel}","templated":true}]}}