{"id":6518,"date":"2025-12-23T09:25:50","date_gmt":"2025-12-23T09:25:50","guid":{"rendered":"https:\/\/grupoaaa.es\/?post_type=product&#038;p=6518"},"modified":"2025-12-23T09:29:19","modified_gmt":"2025-12-23T09:29:19","slug":"rdl0016un-rodamiento-smeg-6001-2rs","status":"publish","type":"product","link":"https:\/\/grupoaaa.es\/es\/producto\/rdl0016un-rodamiento-smeg-6001-2rs\/","title":{"rendered":"RDL0016UN-RODAMIENTO SMEG 6001 2RS"},"content":{"rendered":"<p>RDL0016UN<br \/>\nRODAMIENTO SMEG 6001 2RS<\/p>\n<p>DI\u00c1METRO INTERIOR: 12MM<br \/>\nDI\u00c1METRO EXTERIOR: 28MM<br \/>\nESPESOR: 8MM<\/p>\n<p>El Rodamiento De Bolas, conocido como 6001-2RS Gen\u00e9rico, tiene un di\u00e1metro interior de 12 mm, un di\u00e1metro exterior de 28 mm y un espesor dE 8MM <\/p>\n","protected":false},"excerpt":{"rendered":"<p>RDL0016UN<br \/>\nRODAMIENTO SMEG 6001 2RS<\/p>\n","protected":false},"featured_media":6521,"comment_status":"open","ping_status":"closed","template":"","meta":{"_uag_custom_page_level_css":"","site-sidebar-layout":"default","site-content-layout":"","ast-site-content-layout":"default","site-content-style":"default","site-sidebar-style":"default","ast-global-header-display":"","ast-banner-title-visibility":"","ast-main-header-display":"","ast-hfb-above-header-display":"","ast-hfb-below-header-display":"","ast-hfb-mobile-header-display":"","site-post-title":"","ast-breadcrumbs-content":"","ast-featured-img":"","footer-sml-layout":"","theme-transparent-header-meta":"default","adv-header-id-meta":"","stick-header-meta":"","header-above-stick-meta":"","header-main-stick-meta":"","header-below-stick-meta":"","astra-migrate-meta-layouts":"set","ast-page-background-enabled":"default","ast-page-background-meta":{"desktop":{"background-color":"","background-image":"","background-repeat":"repeat","background-position":"center center","background-size":"auto","background-attachment":"scroll","background-type":"","background-media":"","overlay-type":"","overlay-color":"","overlay-opacity":"","overlay-gradient":""},"tablet":{"background-color":"","background-image":"","background-repeat":"repeat","background-position":"center center","background-size":"auto","background-attachment":"scroll","background-type":"","background-media":"","overlay-type":"","overlay-color":"","overlay-opacity":"","overlay-gradient":""},"mobile":{"background-color":"","background-image":"","background-repeat":"repeat","background-position":"center center","background-size":"auto","background-attachment":"scroll","background-type":"","background-media":"","overlay-type":"","overlay-color":"","overlay-opacity":"","overlay-gradient":""}},"ast-content-background-meta":{"desktop":{"background-color":"var(--ast-global-color-5)","background-image":"","background-repeat":"repeat","background-position":"center center","background-size":"auto","background-attachment":"scroll","background-type":"","background-media":"","overlay-type":"","overlay-color":"","overlay-opacity":"","overlay-gradient":""},"tablet":{"background-color":"var(--ast-global-color-5)","background-image":"","background-repeat":"repeat","background-position":"center center","background-size":"auto","background-attachment":"scroll","background-type":"","background-media":"","overlay-type":"","overlay-color":"","overlay-opacity":"","overlay-gradient":""},"mobile":{"background-color":"var(--ast-global-color-5)","background-image":"","background-repeat":"repeat","background-position":"center center","background-size":"auto","background-attachment":"scroll","background-type":"","background-media":"","overlay-type":"","overlay-color":"","overlay-opacity":"","overlay-gradient":""}}},"product_brand":[],"product_cat":[412,359,385,374],"product_tag":[],"class_list":{"0":"post-6518","1":"product","2":"type-product","3":"status-publish","4":"has-post-thumbnail","6":"product_cat-recambios-lavadoras","7":"product_cat-repuestos-linea-blanca","8":"product_cat-repuestos-para-lavadoras","9":"product_cat-universal","10":"desktop-align-left","11":"tablet-align-left","12":"mobile-align-left","14":"first","15":"instock","16":"taxable","17":"shipping-taxable","18":"purchasable","19":"product-type-simple"},"aioseo_notices":[],"uagb_featured_image_src":{"full":["https:\/\/grupoaaa.es\/wp-content\/uploads\/2025\/12\/6001-2RS-111.webp",446,450,false],"thumbnail":["https:\/\/grupoaaa.es\/wp-content\/uploads\/2025\/12\/6001-2RS-111-150x150.webp",150,150,true],"medium":["https:\/\/grupoaaa.es\/wp-content\/uploads\/2025\/12\/6001-2RS-111-297x300.webp",297,300,true],"medium_large":["https:\/\/grupoaaa.es\/wp-content\/uploads\/2025\/12\/6001-2RS-111.webp",446,450,false],"large":["https:\/\/grupoaaa.es\/wp-content\/uploads\/2025\/12\/6001-2RS-111.webp",446,450,false],"1536x1536":["https:\/\/grupoaaa.es\/wp-content\/uploads\/2025\/12\/6001-2RS-111.webp",446,450,false],"2048x2048":["https:\/\/grupoaaa.es\/wp-content\/uploads\/2025\/12\/6001-2RS-111.webp",446,450,false],"woocommerce_thumbnail":["https:\/\/grupoaaa.es\/wp-content\/uploads\/2025\/12\/6001-2RS-111-300x300.webp",300,300,true],"woocommerce_single":["https:\/\/grupoaaa.es\/wp-content\/uploads\/2025\/12\/6001-2RS-111.webp",446,450,false],"woocommerce_gallery_thumbnail":["https:\/\/grupoaaa.es\/wp-content\/uploads\/2025\/12\/6001-2RS-111-100x100.webp",100,100,true]},"uagb_author_info":{"display_name":"Abid Ali Abid","author_link":"https:\/\/grupoaaa.es\/es\/author\/"},"uagb_comment_info":0,"uagb_excerpt":"RDL0016UN RODAMIENTO SMEG 6001 2RS","_links":{"self":[{"href":"https:\/\/grupoaaa.es\/es\/wp-json\/wp\/v2\/product\/6518","targetHints":{"allow":["GET"]}}],"collection":[{"href":"https:\/\/grupoaaa.es\/es\/wp-json\/wp\/v2\/product"}],"about":[{"href":"https:\/\/grupoaaa.es\/es\/wp-json\/wp\/v2\/types\/product"}],"replies":[{"embeddable":true,"href":"https:\/\/grupoaaa.es\/es\/wp-json\/wp\/v2\/comments?post=6518"}],"wp:featuredmedia":[{"embeddable":true,"href":"https:\/\/grupoaaa.es\/es\/wp-json\/wp\/v2\/media\/6521"}],"wp:attachment":[{"href":"https:\/\/grupoaaa.es\/es\/wp-json\/wp\/v2\/media?parent=6518"}],"wp:term":[{"taxonomy":"product_brand","embeddable":true,"href":"https:\/\/grupoaaa.es\/es\/wp-json\/wp\/v2\/product_brand?post=6518"},{"taxonomy":"product_cat","embeddable":true,"href":"https:\/\/grupoaaa.es\/es\/wp-json\/wp\/v2\/product_cat?post=6518"},{"taxonomy":"product_tag","embeddable":true,"href":"https:\/\/grupoaaa.es\/es\/wp-json\/wp\/v2\/product_tag?post=6518"}],"curies":[{"name":"wp","href":"https:\/\/api.w.org\/{rel}","templated":true}]}}