{"id":6074,"date":"2025-12-01T09:58:20","date_gmt":"2025-12-01T09:58:20","guid":{"rendered":"https:\/\/grupoaaa.es\/?post_type=product&#038;p=6074"},"modified":"2025-12-01T09:58:21","modified_gmt":"2025-12-01T09:58:21","slug":"cra0087-correa-1105-j-whirlpoolbosch","status":"publish","type":"product","link":"https:\/\/grupoaaa.es\/es\/producto\/cra0087-correa-1105-j-whirlpoolbosch\/","title":{"rendered":"CRA0087 CORREA 1105 J Whirlpool,Bosch"},"content":{"rendered":"<p>CRA0087<br \/>\nCORREA 1105 J Whirlpool,Bosch<\/p>\n<p>Descripci\u00f3n<br \/>\nCorrea de lavadora 1105 J<\/p>\n<p>Correa de transmisi\u00f3n de 1105 mm de desarrollo, encargada de transmitir el movimiento del motor al tambor de la lavadora. Va montada en lavadoras de las marcas Bosch, Balay, Siemens, Beko, Samsung, Electrolux, Indesit, Hoover, Candy, Cecotec, Haier, Corber\u00f3, AEG, Whirlpool, Fagor, Edesa, LG, Daewoo, Teka, Vestel, Zanussi, Miele, Midea, Otsein, Hisense, Brandt, Panasonic, Infiniton, Aspes, Smeg, Newpol, Grundig, Saivod, Rommer, Asko y Evvo, entre otras muchas marcas.<br \/>\nLa correa de transmisi\u00f3n modelo 1105J4 es un componente esencial para el correcto funcionamiento de lavadoras de las marcas Whirlpool y Bosch. Con una longitud de 1105 mm, perfil ranurado tipo J de 4 canales y dise\u00f1o el\u00e1stico, esta correa transfiere eficazmente el movimiento del motor al tambor, asegurando un rendimiento \u00f3ptimo del electrodom\u00e9stico. Fabricada con materiales de alta calidad, ofrece durabilidad y resistencia al desgaste.<\/p>\n","protected":false},"excerpt":{"rendered":"<p>CRA0087<br \/>\nCORREA 1105 J Whirlpool,Bosch<\/p>\n","protected":false},"featured_media":6075,"comment_status":"open","ping_status":"closed","template":"","meta":{"_uag_custom_page_level_css":"","site-sidebar-layout":"default","site-content-layout":"","ast-site-content-layout":"default","site-content-style":"default","site-sidebar-style":"default","ast-global-header-display":"","ast-banner-title-visibility":"","ast-main-header-display":"","ast-hfb-above-header-display":"","ast-hfb-below-header-display":"","ast-hfb-mobile-header-display":"","site-post-title":"","ast-breadcrumbs-content":"","ast-featured-img":"","footer-sml-layout":"","theme-transparent-header-meta":"default","adv-header-id-meta":"","stick-header-meta":"","header-above-stick-meta":"","header-main-stick-meta":"","header-below-stick-meta":"","astra-migrate-meta-layouts":"set","ast-page-background-enabled":"default","ast-page-background-meta":{"desktop":{"background-color":"","background-image":"","background-repeat":"repeat","background-position":"center center","background-size":"auto","background-attachment":"scroll","background-type":"","background-media":"","overlay-type":"","overlay-color":"","overlay-opacity":"","overlay-gradient":""},"tablet":{"background-color":"","background-image":"","background-repeat":"repeat","background-position":"center center","background-size":"auto","background-attachment":"scroll","background-type":"","background-media":"","overlay-type":"","overlay-color":"","overlay-opacity":"","overlay-gradient":""},"mobile":{"background-color":"","background-image":"","background-repeat":"repeat","background-position":"center center","background-size":"auto","background-attachment":"scroll","background-type":"","background-media":"","overlay-type":"","overlay-color":"","overlay-opacity":"","overlay-gradient":""}},"ast-content-background-meta":{"desktop":{"background-color":"var(--ast-global-color-5)","background-image":"","background-repeat":"repeat","background-position":"center center","background-size":"auto","background-attachment":"scroll","background-type":"","background-media":"","overlay-type":"","overlay-color":"","overlay-opacity":"","overlay-gradient":""},"tablet":{"background-color":"var(--ast-global-color-5)","background-image":"","background-repeat":"repeat","background-position":"center center","background-size":"auto","background-attachment":"scroll","background-type":"","background-media":"","overlay-type":"","overlay-color":"","overlay-opacity":"","overlay-gradient":""},"mobile":{"background-color":"var(--ast-global-color-5)","background-image":"","background-repeat":"repeat","background-position":"center center","background-size":"auto","background-attachment":"scroll","background-type":"","background-media":"","overlay-type":"","overlay-color":"","overlay-opacity":"","overlay-gradient":""}}},"product_brand":[],"product_cat":[358,361,412,359,385,390,371],"product_tag":[],"class_list":{"0":"post-6074","1":"product","2":"type-product","3":"status-publish","4":"has-post-thumbnail","6":"product_cat-balay-es","7":"product_cat-bosch-es","8":"product_cat-recambios-lavadoras","9":"product_cat-repuestos-linea-blanca","10":"product_cat-repuestos-para-lavadoras","11":"product_cat-repuestos-para-secadoras","12":"product_cat-whirlpool-2","13":"desktop-align-left","14":"tablet-align-left","15":"mobile-align-left","17":"first","18":"instock","19":"taxable","20":"shipping-taxable","21":"purchasable","22":"product-type-simple"},"aioseo_notices":[],"uagb_featured_image_src":{"full":["https:\/\/grupoaaa.es\/wp-content\/uploads\/2025\/12\/1105-J1111111111111.jpg",1169,990,false],"thumbnail":["https:\/\/grupoaaa.es\/wp-content\/uploads\/2025\/12\/1105-J1111111111111-150x150.jpg",150,150,true],"medium":["https:\/\/grupoaaa.es\/wp-content\/uploads\/2025\/12\/1105-J1111111111111-300x254.jpg",300,254,true],"medium_large":["https:\/\/grupoaaa.es\/wp-content\/uploads\/2025\/12\/1105-J1111111111111-768x650.jpg",768,650,true],"large":["https:\/\/grupoaaa.es\/wp-content\/uploads\/2025\/12\/1105-J1111111111111-1024x867.jpg",1024,867,true],"1536x1536":["https:\/\/grupoaaa.es\/wp-content\/uploads\/2025\/12\/1105-J1111111111111.jpg",1169,990,false],"2048x2048":["https:\/\/grupoaaa.es\/wp-content\/uploads\/2025\/12\/1105-J1111111111111.jpg",1169,990,false],"woocommerce_thumbnail":["https:\/\/grupoaaa.es\/wp-content\/uploads\/2025\/12\/1105-J1111111111111-300x300.jpg",300,300,true],"woocommerce_single":["https:\/\/grupoaaa.es\/wp-content\/uploads\/2025\/12\/1105-J1111111111111-600x508.jpg",600,508,true],"woocommerce_gallery_thumbnail":["https:\/\/grupoaaa.es\/wp-content\/uploads\/2025\/12\/1105-J1111111111111-100x100.jpg",100,100,true]},"uagb_author_info":{"display_name":"Abid Ali Abid","author_link":"https:\/\/grupoaaa.es\/es\/author\/"},"uagb_comment_info":0,"uagb_excerpt":"CRA0087 CORREA 1105 J Whirlpool,Bosch","_links":{"self":[{"href":"https:\/\/grupoaaa.es\/es\/wp-json\/wp\/v2\/product\/6074","targetHints":{"allow":["GET"]}}],"collection":[{"href":"https:\/\/grupoaaa.es\/es\/wp-json\/wp\/v2\/product"}],"about":[{"href":"https:\/\/grupoaaa.es\/es\/wp-json\/wp\/v2\/types\/product"}],"replies":[{"embeddable":true,"href":"https:\/\/grupoaaa.es\/es\/wp-json\/wp\/v2\/comments?post=6074"}],"wp:featuredmedia":[{"embeddable":true,"href":"https:\/\/grupoaaa.es\/es\/wp-json\/wp\/v2\/media\/6075"}],"wp:attachment":[{"href":"https:\/\/grupoaaa.es\/es\/wp-json\/wp\/v2\/media?parent=6074"}],"wp:term":[{"taxonomy":"product_brand","embeddable":true,"href":"https:\/\/grupoaaa.es\/es\/wp-json\/wp\/v2\/product_brand?post=6074"},{"taxonomy":"product_cat","embeddable":true,"href":"https:\/\/grupoaaa.es\/es\/wp-json\/wp\/v2\/product_cat?post=6074"},{"taxonomy":"product_tag","embeddable":true,"href":"https:\/\/grupoaaa.es\/es\/wp-json\/wp\/v2\/product_tag?post=6074"}],"curies":[{"name":"wp","href":"https:\/\/api.w.org\/{rel}","templated":true}]}}