{"id":6030,"date":"2025-11-28T10:48:48","date_gmt":"2025-11-28T10:48:48","guid":{"rendered":"https:\/\/grupoaaa.es\/?post_type=product&#038;p=6030"},"modified":"2025-11-28T10:49:24","modified_gmt":"2025-11-28T10:49:24","slug":"cra0078-correa-1651-j-481935810056","status":"publish","type":"product","link":"https:\/\/grupoaaa.es\/es\/producto\/cra0078-correa-1651-j-481935810056\/","title":{"rendered":"CRA0080 CORREA 1651 J  481935810056"},"content":{"rendered":"<p>CRA0078<br \/>\nCORREA 1651 J  481935810056<br \/>\nCODIGO ORIGINAL:  481935810056 \/ 1228001651<\/p>\n<p>Descripci\u00f3n del producto:<\/p>\n<p>La correa 1651J4 es un repuesto de transmisi\u00f3n tipo poli-V, dise\u00f1ada para lavadoras que requieren una longitud de 1651 mm, con 4 estr\u00edas y perfil tipo J. Esta correa proporciona una conexi\u00f3n segura y eficiente entre el motor y el tambor, garantizando un ciclo de lavado fluido y silencioso.<br \/>\nCorrea de transmisi\u00f3n de 1651 mm de desarrollo, encargada de transmitir el movimiento del motor al  tambor de la secadora. Va montada en secadoras de las marcas Philco, AEG, Aspes, Corber\u00f3, Edesa, Electrolux, Fagor, Zanussi, Bauknecht, Brandt, Ignis, Whirlpool, Thomson, Vedette, entre otras muchas marcas.<\/p>\n","protected":false},"excerpt":{"rendered":"<p>CRA0078<br \/>\nCORREA 1651 J  481935810056<br \/>\nCODIGO ORIGINAL:  481935810056 \/ 1228001651<\/p>\n","protected":false},"featured_media":6031,"comment_status":"open","ping_status":"closed","template":"","meta":{"_uag_custom_page_level_css":"","site-sidebar-layout":"default","site-content-layout":"","ast-site-content-layout":"default","site-content-style":"default","site-sidebar-style":"default","ast-global-header-display":"","ast-banner-title-visibility":"","ast-main-header-display":"","ast-hfb-above-header-display":"","ast-hfb-below-header-display":"","ast-hfb-mobile-header-display":"","site-post-title":"","ast-breadcrumbs-content":"","ast-featured-img":"","footer-sml-layout":"","theme-transparent-header-meta":"default","adv-header-id-meta":"","stick-header-meta":"","header-above-stick-meta":"","header-main-stick-meta":"","header-below-stick-meta":"","astra-migrate-meta-layouts":"set","ast-page-background-enabled":"default","ast-page-background-meta":{"desktop":{"background-color":"","background-image":"","background-repeat":"repeat","background-position":"center center","background-size":"auto","background-attachment":"scroll","background-type":"","background-media":"","overlay-type":"","overlay-color":"","overlay-opacity":"","overlay-gradient":""},"tablet":{"background-color":"","background-image":"","background-repeat":"repeat","background-position":"center center","background-size":"auto","background-attachment":"scroll","background-type":"","background-media":"","overlay-type":"","overlay-color":"","overlay-opacity":"","overlay-gradient":""},"mobile":{"background-color":"","background-image":"","background-repeat":"repeat","background-position":"center center","background-size":"auto","background-attachment":"scroll","background-type":"","background-media":"","overlay-type":"","overlay-color":"","overlay-opacity":"","overlay-gradient":""}},"ast-content-background-meta":{"desktop":{"background-color":"var(--ast-global-color-5)","background-image":"","background-repeat":"repeat","background-position":"center center","background-size":"auto","background-attachment":"scroll","background-type":"","background-media":"","overlay-type":"","overlay-color":"","overlay-opacity":"","overlay-gradient":""},"tablet":{"background-color":"var(--ast-global-color-5)","background-image":"","background-repeat":"repeat","background-position":"center center","background-size":"auto","background-attachment":"scroll","background-type":"","background-media":"","overlay-type":"","overlay-color":"","overlay-opacity":"","overlay-gradient":""},"mobile":{"background-color":"var(--ast-global-color-5)","background-image":"","background-repeat":"repeat","background-position":"center center","background-size":"auto","background-attachment":"scroll","background-type":"","background-media":"","overlay-type":"","overlay-color":"","overlay-opacity":"","overlay-gradient":""}}},"product_brand":[],"product_cat":[375,387,391,376,388,365,364,412,359,385,390,374,371,363],"product_tag":[],"class_list":{"0":"post-6030","1":"product","2":"type-product","3":"status-publish","4":"has-post-thumbnail","6":"product_cat-aeg","7":"product_cat-aspes","8":"product_cat-brandt","9":"product_cat-corbero","10":"product_cat-edesa","11":"product_cat-electrolux-es","12":"product_cat-indesit-es","13":"product_cat-recambios-lavadoras","14":"product_cat-repuestos-linea-blanca","15":"product_cat-repuestos-para-lavadoras","16":"product_cat-repuestos-para-secadoras","17":"product_cat-universal","18":"product_cat-whirlpool-2","19":"product_cat-zanussi-es","20":"desktop-align-left","21":"tablet-align-left","22":"mobile-align-left","24":"first","25":"instock","26":"taxable","27":"shipping-taxable","28":"purchasable","29":"product-type-simple"},"aioseo_notices":[],"uagb_featured_image_src":{"full":["https:\/\/grupoaaa.es\/wp-content\/uploads\/2025\/11\/descarga-1651-J-11111.jpg",275,183,false],"thumbnail":["https:\/\/grupoaaa.es\/wp-content\/uploads\/2025\/11\/descarga-1651-J-11111-150x150.jpg",150,150,true],"medium":["https:\/\/grupoaaa.es\/wp-content\/uploads\/2025\/11\/descarga-1651-J-11111.jpg",275,183,false],"medium_large":["https:\/\/grupoaaa.es\/wp-content\/uploads\/2025\/11\/descarga-1651-J-11111.jpg",275,183,false],"large":["https:\/\/grupoaaa.es\/wp-content\/uploads\/2025\/11\/descarga-1651-J-11111.jpg",275,183,false],"1536x1536":["https:\/\/grupoaaa.es\/wp-content\/uploads\/2025\/11\/descarga-1651-J-11111.jpg",275,183,false],"2048x2048":["https:\/\/grupoaaa.es\/wp-content\/uploads\/2025\/11\/descarga-1651-J-11111.jpg",275,183,false],"woocommerce_thumbnail":["https:\/\/grupoaaa.es\/wp-content\/uploads\/2025\/11\/descarga-1651-J-11111.jpg",275,183,false],"woocommerce_single":["https:\/\/grupoaaa.es\/wp-content\/uploads\/2025\/11\/descarga-1651-J-11111.jpg",275,183,false],"woocommerce_gallery_thumbnail":["https:\/\/grupoaaa.es\/wp-content\/uploads\/2025\/11\/descarga-1651-J-11111-100x100.jpg",100,100,true]},"uagb_author_info":{"display_name":"Abid Ali Abid","author_link":"https:\/\/grupoaaa.es\/es\/author\/"},"uagb_comment_info":0,"uagb_excerpt":"CRA0078 CORREA 1651 J 481935810056 CODIGO ORIGINAL: 481935810056 \/ 1228001651","_links":{"self":[{"href":"https:\/\/grupoaaa.es\/es\/wp-json\/wp\/v2\/product\/6030","targetHints":{"allow":["GET"]}}],"collection":[{"href":"https:\/\/grupoaaa.es\/es\/wp-json\/wp\/v2\/product"}],"about":[{"href":"https:\/\/grupoaaa.es\/es\/wp-json\/wp\/v2\/types\/product"}],"replies":[{"embeddable":true,"href":"https:\/\/grupoaaa.es\/es\/wp-json\/wp\/v2\/comments?post=6030"}],"wp:featuredmedia":[{"embeddable":true,"href":"https:\/\/grupoaaa.es\/es\/wp-json\/wp\/v2\/media\/6031"}],"wp:attachment":[{"href":"https:\/\/grupoaaa.es\/es\/wp-json\/wp\/v2\/media?parent=6030"}],"wp:term":[{"taxonomy":"product_brand","embeddable":true,"href":"https:\/\/grupoaaa.es\/es\/wp-json\/wp\/v2\/product_brand?post=6030"},{"taxonomy":"product_cat","embeddable":true,"href":"https:\/\/grupoaaa.es\/es\/wp-json\/wp\/v2\/product_cat?post=6030"},{"taxonomy":"product_tag","embeddable":true,"href":"https:\/\/grupoaaa.es\/es\/wp-json\/wp\/v2\/product_tag?post=6030"}],"curies":[{"name":"wp","href":"https:\/\/api.w.org\/{rel}","templated":true}]}}