{"id":4994,"date":"2025-11-03T12:19:26","date_gmt":"2025-11-03T12:19:26","guid":{"rendered":"https:\/\/grupoaaa.es\/?post_type=product&#038;p=4994"},"modified":"2025-11-04T17:07:35","modified_gmt":"2025-11-04T17:07:35","slug":"evl005bs-electrovalvula-para-lavadora-balay-2-vias-428210-171261","status":"publish","type":"product","link":"https:\/\/grupoaaa.es\/es\/producto\/evl005bs-electrovalvula-para-lavadora-balay-2-vias-428210-171261\/","title":{"rendered":"EVL005BS- Electrov\u00e1lvula lavadora Balay, 2 v\u00edas 428210 171261"},"content":{"rendered":"<p>EVL005BS<br \/>\nElectrov\u00e1lvula lavadora Balay, 2 v\u00edas 428210 171261<br \/>\nC\u00f3digo original: 10031360 00171261 00428210<br \/>\nMODELOS:<br \/>\nBALAY:<br \/>\n3TI60100A-15 3TS60100T-01 3TS60100W 3TS60100W-01 3TS60100W13 3TS60101A-15 3TS60101A15 3TS60106A-09 3TS60106W-03 3TS645C-01 3TS650A01 3TS653A-01 3TS655YA-01 3TS655YA01 3TS660X16 3TS70102A-01 3TS70105T-03 3TS70120A-01 3TS72100A-01 3TS72100W-01 3TS72100Y-01 3TS72101A01 3TS745B-01 3TS750Y-01 3TS754YA-10 3TS755VA-01 3TS824BE-01 3TS851A-02 3TS853-3TS853-05 3TS853BE-06 3TS863XA01 3TS863XA79 3TS863XA93 3TS863XAA6 3TS863XAA9 3TS864A-06 3TS873-19 3TS873B-27 3TS873BC01 3TS873BC79 3TS873BC93 3TS873BCA6 3TS873BCA9 3TS873XA01 3TS873XA79 3TS873XA93 3TS873XAA6 3TS873XAA9 3TS873XAB3 3TS882BE-03 3TS882BE\/03 3TS939A 3TS940B-01 3TS955A-01 3TS959A-01 3TS976BA01 3TS976BA05 3TS976BA11 3TS976BA14 3TS976BA22 3TS976BA24 3TS980W-01 3TS984Y FD 8405 00054 WAE20162EP08 WAE24062EE-12<\/p>\n<p>BOSCH:<br \/>\n3TS72100Y01 WAA20110EE-04 WAB20060EE-18 WAE 20161 EP-08 WAE20060EE-08 WAE20060EE01 WAE20060EE04 WAE20062EE-01 WAE20062EE\/16 WAE20067EE-27 WAE20160EP WAE20165EP-03 WAE20170EP-08 WAE20170EP-10 WAE20460EP\/01 WAE20462EE-01 WAE20464EP-02 WAE24360EE-54-FD9210600367 WAE2446XEP-08 WAE24472EP01 WFH2460EU-01 WFL 2060EE-01 WFL-167SIE-09 WFL1300EE-06 WFL1600EE-01 WFL1600EE-02 WFL1600EE-06 WFL160CEE-06 WFL1662EE-13 WFL1860EE-06 WFL2060EE-01 WFL2061EE16 WFL2063EE-10 WFL2070EE-05 WFL2080EE05 WFL2083EE-15 WFL244F-10 WFO 2082 WFO1662EE-01 WFO1872EE-01 WFO2063EE-01 wfo2063ee05 WFO2092EE-05 WFO2463EE-01 WFO246XEE-16 WFO246XEE09 WFO247PEE-15 WFO247PEE15 WFO270PEE-08<\/p>\n<p>LG:<br \/>\n3TS853A-06 3TS864A-06 WH53660EE-06 WW54460EE-13 WXL129FEE-09<\/p>\n<p>SIEMENS:<br \/>\nM14E465EP16 WH53660EE-06 WM10E021EE-01 WM10E021EE01 WM10E120EP\/01 WM10E321EP22 WM10E420EP-08 WM12E420EE-01 WM12E470EP-12 WM12N260ES-14 WM14E460EP-01 WM54460EE-05 WW54460EE-13 WXL1062EE-01 WXL1062EE01 WXL127FEE-01 WXL129FEE-09 WXLM972EE-16 WXLM972EE16 WXLM973EE-07<\/p>\n<p>LYNX:<br \/>\n4TS642A-01 4TS70100A-01 4TS719E-01 4TS750A-03 4TS750A-08 4TS757A-10 4TS851A-01<\/p>\n","protected":false},"excerpt":{"rendered":"<p>EVL005BS<br \/>\nElectrov\u00e1lvula lavadora Balay, 2 v\u00edas 428210 171261<br \/>\nC\u00f3digo original: 10031360 00171261 00428210<\/p>\n","protected":false},"featured_media":5053,"comment_status":"open","ping_status":"closed","template":"","meta":{"_uag_custom_page_level_css":"","site-sidebar-layout":"default","site-content-layout":"","ast-site-content-layout":"default","site-content-style":"default","site-sidebar-style":"default","ast-global-header-display":"","ast-banner-title-visibility":"","ast-main-header-display":"","ast-hfb-above-header-display":"","ast-hfb-below-header-display":"","ast-hfb-mobile-header-display":"","site-post-title":"","ast-breadcrumbs-content":"","ast-featured-img":"","footer-sml-layout":"","ast-disable-related-posts":"","theme-transparent-header-meta":"default","adv-header-id-meta":"","stick-header-meta":"","header-above-stick-meta":"","header-main-stick-meta":"","header-below-stick-meta":"","astra-migrate-meta-layouts":"set","ast-page-background-enabled":"default","ast-page-background-meta":{"desktop":{"background-color":"","background-image":"","background-repeat":"repeat","background-position":"center center","background-size":"auto","background-attachment":"scroll","background-type":"","background-media":"","overlay-type":"","overlay-color":"","overlay-opacity":"","overlay-gradient":""},"tablet":{"background-color":"","background-image":"","background-repeat":"repeat","background-position":"center center","background-size":"auto","background-attachment":"scroll","background-type":"","background-media":"","overlay-type":"","overlay-color":"","overlay-opacity":"","overlay-gradient":""},"mobile":{"background-color":"","background-image":"","background-repeat":"repeat","background-position":"center center","background-size":"auto","background-attachment":"scroll","background-type":"","background-media":"","overlay-type":"","overlay-color":"","overlay-opacity":"","overlay-gradient":""}},"ast-content-background-meta":{"desktop":{"background-color":"var(--ast-global-color-4)","background-image":"","background-repeat":"repeat","background-position":"center center","background-size":"auto","background-attachment":"scroll","background-type":"","background-media":"","overlay-type":"","overlay-color":"","overlay-opacity":"","overlay-gradient":""},"tablet":{"background-color":"var(--ast-global-color-4)","background-image":"","background-repeat":"repeat","background-position":"center center","background-size":"auto","background-attachment":"scroll","background-type":"","background-media":"","overlay-type":"","overlay-color":"","overlay-opacity":"","overlay-gradient":""},"mobile":{"background-color":"var(--ast-global-color-4)","background-image":"","background-repeat":"repeat","background-position":"center center","background-size":"auto","background-attachment":"scroll","background-type":"","background-media":"","overlay-type":"","overlay-color":"","overlay-opacity":"","overlay-gradient":""}}},"product_brand":[],"product_cat":[358,361,459,359,385,377],"product_tag":[],"class_list":{"0":"post-4994","1":"product","2":"type-product","3":"status-publish","4":"has-post-thumbnail","6":"product_cat-balay-es","7":"product_cat-bosch-es","8":"product_cat-lg","9":"product_cat-repuestos-linea-blanca","10":"product_cat-repuestos-para-lavadoras","11":"product_cat-siemens","12":"desktop-align-left","13":"tablet-align-left","14":"mobile-align-left","16":"first","17":"instock","18":"taxable","19":"shipping-taxable","20":"purchasable","21":"product-type-simple"},"aioseo_notices":[],"uagb_featured_image_src":{"full":["https:\/\/grupoaaa.es\/wp-content\/uploads\/2025\/11\/Remove-background-project-5.png",1600,1294,false],"thumbnail":["https:\/\/grupoaaa.es\/wp-content\/uploads\/2025\/11\/Remove-background-project-5-150x150.png",150,150,true],"medium":["https:\/\/grupoaaa.es\/wp-content\/uploads\/2025\/11\/Remove-background-project-5-300x243.png",300,243,true],"medium_large":["https:\/\/grupoaaa.es\/wp-content\/uploads\/2025\/11\/Remove-background-project-5-768x621.png",768,621,true],"large":["https:\/\/grupoaaa.es\/wp-content\/uploads\/2025\/11\/Remove-background-project-5-1024x828.png",1024,828,true],"1536x1536":["https:\/\/grupoaaa.es\/wp-content\/uploads\/2025\/11\/Remove-background-project-5-1536x1242.png",1536,1242,true],"2048x2048":["https:\/\/grupoaaa.es\/wp-content\/uploads\/2025\/11\/Remove-background-project-5.png",1600,1294,false],"woocommerce_thumbnail":["https:\/\/grupoaaa.es\/wp-content\/uploads\/2025\/11\/Remove-background-project-5-300x300.png",300,300,true],"woocommerce_single":["https:\/\/grupoaaa.es\/wp-content\/uploads\/2025\/11\/Remove-background-project-5-600x485.png",600,485,true],"woocommerce_gallery_thumbnail":["https:\/\/grupoaaa.es\/wp-content\/uploads\/2025\/11\/Remove-background-project-5-100x100.png",100,100,true]},"uagb_author_info":{"display_name":"Abid Ali Abid","author_link":"https:\/\/grupoaaa.es\/es\/author\/"},"uagb_comment_info":0,"uagb_excerpt":"EVL005BS Electrov\u00e1lvula lavadora Balay, 2 v\u00edas 428210 171261 C\u00f3digo original: 10031360 00171261 00428210","_links":{"self":[{"href":"https:\/\/grupoaaa.es\/es\/wp-json\/wp\/v2\/product\/4994","targetHints":{"allow":["GET"]}}],"collection":[{"href":"https:\/\/grupoaaa.es\/es\/wp-json\/wp\/v2\/product"}],"about":[{"href":"https:\/\/grupoaaa.es\/es\/wp-json\/wp\/v2\/types\/product"}],"replies":[{"embeddable":true,"href":"https:\/\/grupoaaa.es\/es\/wp-json\/wp\/v2\/comments?post=4994"}],"wp:featuredmedia":[{"embeddable":true,"href":"https:\/\/grupoaaa.es\/es\/wp-json\/wp\/v2\/media\/5053"}],"wp:attachment":[{"href":"https:\/\/grupoaaa.es\/es\/wp-json\/wp\/v2\/media?parent=4994"}],"wp:term":[{"taxonomy":"product_brand","embeddable":true,"href":"https:\/\/grupoaaa.es\/es\/wp-json\/wp\/v2\/product_brand?post=4994"},{"taxonomy":"product_cat","embeddable":true,"href":"https:\/\/grupoaaa.es\/es\/wp-json\/wp\/v2\/product_cat?post=4994"},{"taxonomy":"product_tag","embeddable":true,"href":"https:\/\/grupoaaa.es\/es\/wp-json\/wp\/v2\/product_tag?post=4994"}],"curies":[{"name":"wp","href":"https:\/\/api.w.org\/{rel}","templated":true}]}}