{"id":4801,"date":"2025-04-21T11:44:33","date_gmt":"2025-04-21T11:44:33","guid":{"rendered":"https:\/\/grupoaaa.es\/?post_type=product&#038;p=4801"},"modified":"2025-04-21T11:44:34","modified_gmt":"2025-04-21T11:44:34","slug":"bpl017zn-blocapuerta-lavadora-zanussi-3792030425","status":"publish","type":"product","link":"https:\/\/grupoaaa.es\/es\/producto\/bpl017zn-blocapuerta-lavadora-zanussi-3792030425\/","title":{"rendered":"BPL017ZN-Blocapuerta lavadora ZANUSSI 3792030425"},"content":{"rendered":"<p>BPL017ZN<br \/>\nBlocapuerta lavadora ZANUSSI 3792030425<br \/>\nCaracter\u00edsticas: 4 terminales. Paso 5. Dimensiones: 72 x 105 mm.<br \/>\nFijaci\u00f3n simple. Dist. entre fijaciones: 43 mm. Pestillo: 9 x 7 mm.<br \/>\nTensi\u00f3n conmutaci\u00f3n: 250 V. Corriente cierre: 16(6) A. DL-S1 T85 124967514 402<br \/>\nFagor: YY52X0449,DL52X0449, Brandt: 52X0449, Electrolux: 3792030425,1249675131,1249675107<br \/>\nModelos: ELECTROLUX: 91400309500EWF1289 EWF1289 EWF128991400309500 EWW127470W-91460433300 EWW127470W-91460433301 EWW127470W-91460433500 EWW127470W-91460433501 <\/p>\n<p>ZANUSSI<br \/>\n91451352800FL1089 91460300101WD1009 91460420900ZTA2535 FL1089 FL108991451352800 WD1009 WD100991460300101 ZTA2535 ZTA253591460420900<\/p>\n<p>AEG<br \/>\n914526308L74900 L70810 L74900 L74900914526308<\/p>\n<p>Otras marcas: AEG, Arthur Martin, BRANDT, CORBERO, DE DIETRICH, FAGOR, FRANKE, FAURE, KUPPERSBUCH, WHITE WESTINGHOUSE, ZANKER, ZOPPAS, DOMEOS, ELEKTRO HELIOS, ESSENTIEL B, FORS, FUST, HUSQVARNA, JOHN LEWIS, JUNO, LLOYDS, LUX, MARINEN, MATURA, NORDLAND, NOVAMATIC, PRIMA, PRIVILEG, REX, ROSENLEW, SIMPSON, TRICITY BENDIX, WYSS<\/p>\n","protected":false},"excerpt":{"rendered":"<p>BPL017ZN<br \/>\nBlocapuerta lavadora ZANUSSI 3792030425<br \/>\nCaracter\u00edsticas: 4 terminales. Paso 5. Dimensiones: 72 x 105 mm.<br \/>\nFijaci\u00f3n simple. Dist. entre fijaciones: 43 mm. Pestillo: 9 x 7 mm.<br \/>\nTensi\u00f3n conmutaci\u00f3n: 250 V. Corriente cierre: 16(6) A. DL-S1 T85 124967514 402<br \/>\nFagor: YY52X0449,DL52X0449, Brandt: 52X0449, Electrolux: 3792030425,1249675131,1249675107<\/p>\n","protected":false},"featured_media":4802,"comment_status":"open","ping_status":"closed","template":"","meta":{"_uag_custom_page_level_css":"","site-sidebar-layout":"default","site-content-layout":"","ast-site-content-layout":"default","site-content-style":"default","site-sidebar-style":"default","ast-global-header-display":"","ast-banner-title-visibility":"","ast-main-header-display":"","ast-hfb-above-header-display":"","ast-hfb-below-header-display":"","ast-hfb-mobile-header-display":"","site-post-title":"","ast-breadcrumbs-content":"","ast-featured-img":"","footer-sml-layout":"","ast-disable-related-posts":"","theme-transparent-header-meta":"default","adv-header-id-meta":"","stick-header-meta":"","header-above-stick-meta":"","header-main-stick-meta":"","header-below-stick-meta":"","astra-migrate-meta-layouts":"set","ast-page-background-enabled":"default","ast-page-background-meta":{"desktop":{"background-color":"","background-image":"","background-repeat":"repeat","background-position":"center center","background-size":"auto","background-attachment":"scroll","background-type":"","background-media":"","overlay-type":"","overlay-color":"","overlay-opacity":"","overlay-gradient":""},"tablet":{"background-color":"","background-image":"","background-repeat":"repeat","background-position":"center center","background-size":"auto","background-attachment":"scroll","background-type":"","background-media":"","overlay-type":"","overlay-color":"","overlay-opacity":"","overlay-gradient":""},"mobile":{"background-color":"","background-image":"","background-repeat":"repeat","background-position":"center center","background-size":"auto","background-attachment":"scroll","background-type":"","background-media":"","overlay-type":"","overlay-color":"","overlay-opacity":"","overlay-gradient":""}},"ast-content-background-meta":{"desktop":{"background-color":"var(--ast-global-color-4)","background-image":"","background-repeat":"repeat","background-position":"center center","background-size":"auto","background-attachment":"scroll","background-type":"","background-media":"","overlay-type":"","overlay-color":"","overlay-opacity":"","overlay-gradient":""},"tablet":{"background-color":"var(--ast-global-color-4)","background-image":"","background-repeat":"repeat","background-position":"center center","background-size":"auto","background-attachment":"scroll","background-type":"","background-media":"","overlay-type":"","overlay-color":"","overlay-opacity":"","overlay-gradient":""},"mobile":{"background-color":"var(--ast-global-color-4)","background-image":"","background-repeat":"repeat","background-position":"center center","background-size":"auto","background-attachment":"scroll","background-type":"","background-media":"","overlay-type":"","overlay-color":"","overlay-opacity":"","overlay-gradient":""}}},"product_brand":[],"product_cat":[375,365,359,385,363],"product_tag":[],"class_list":{"0":"post-4801","1":"product","2":"type-product","3":"status-publish","4":"has-post-thumbnail","6":"product_cat-aeg","7":"product_cat-electrolux-es","8":"product_cat-repuestos-linea-blanca","9":"product_cat-repuestos-para-lavadoras","10":"product_cat-zanussi-es","11":"desktop-align-left","12":"tablet-align-left","13":"mobile-align-left","15":"first","16":"instock","17":"taxable","18":"shipping-taxable","19":"purchasable","20":"product-type-simple"},"aioseo_notices":[],"uagb_featured_image_src":{"full":["https:\/\/grupoaaa.es\/wp-content\/uploads\/2025\/04\/Untitled-28.png",1080,1080,false],"thumbnail":["https:\/\/grupoaaa.es\/wp-content\/uploads\/2025\/04\/Untitled-28-150x150.png",150,150,true],"medium":["https:\/\/grupoaaa.es\/wp-content\/uploads\/2025\/04\/Untitled-28-300x300.png",300,300,true],"medium_large":["https:\/\/grupoaaa.es\/wp-content\/uploads\/2025\/04\/Untitled-28-768x768.png",768,768,true],"large":["https:\/\/grupoaaa.es\/wp-content\/uploads\/2025\/04\/Untitled-28-1024x1024.png",1024,1024,true],"1536x1536":["https:\/\/grupoaaa.es\/wp-content\/uploads\/2025\/04\/Untitled-28.png",1080,1080,false],"2048x2048":["https:\/\/grupoaaa.es\/wp-content\/uploads\/2025\/04\/Untitled-28.png",1080,1080,false],"woocommerce_thumbnail":["https:\/\/grupoaaa.es\/wp-content\/uploads\/2025\/04\/Untitled-28-300x300.png",300,300,true],"woocommerce_single":["https:\/\/grupoaaa.es\/wp-content\/uploads\/2025\/04\/Untitled-28-600x600.png",600,600,true],"woocommerce_gallery_thumbnail":["https:\/\/grupoaaa.es\/wp-content\/uploads\/2025\/04\/Untitled-28-100x100.png",100,100,true]},"uagb_author_info":{"display_name":"Abid Ali Abid","author_link":"https:\/\/grupoaaa.es\/es\/author\/"},"uagb_comment_info":0,"uagb_excerpt":"BPL017ZN Blocapuerta lavadora ZANUSSI 3792030425 Caracter\u00edsticas: 4 terminales. Paso 5. Dimensiones: 72 x 105 mm. Fijaci\u00f3n simple. Dist. entre fijaciones: 43 mm. Pestillo: 9 x 7 mm. Tensi\u00f3n conmutaci\u00f3n: 250 V. Corriente cierre: 16(6) A. DL-S1 T85 124967514 402 Fagor: YY52X0449,DL52X0449, Brandt: 52X0449, Electrolux: 3792030425,1249675131,1249675107","_links":{"self":[{"href":"https:\/\/grupoaaa.es\/es\/wp-json\/wp\/v2\/product\/4801","targetHints":{"allow":["GET"]}}],"collection":[{"href":"https:\/\/grupoaaa.es\/es\/wp-json\/wp\/v2\/product"}],"about":[{"href":"https:\/\/grupoaaa.es\/es\/wp-json\/wp\/v2\/types\/product"}],"replies":[{"embeddable":true,"href":"https:\/\/grupoaaa.es\/es\/wp-json\/wp\/v2\/comments?post=4801"}],"wp:featuredmedia":[{"embeddable":true,"href":"https:\/\/grupoaaa.es\/es\/wp-json\/wp\/v2\/media\/4802"}],"wp:attachment":[{"href":"https:\/\/grupoaaa.es\/es\/wp-json\/wp\/v2\/media?parent=4801"}],"wp:term":[{"taxonomy":"product_brand","embeddable":true,"href":"https:\/\/grupoaaa.es\/es\/wp-json\/wp\/v2\/product_brand?post=4801"},{"taxonomy":"product_cat","embeddable":true,"href":"https:\/\/grupoaaa.es\/es\/wp-json\/wp\/v2\/product_cat?post=4801"},{"taxonomy":"product_tag","embeddable":true,"href":"https:\/\/grupoaaa.es\/es\/wp-json\/wp\/v2\/product_tag?post=4801"}],"curies":[{"name":"wp","href":"https:\/\/api.w.org\/{rel}","templated":true}]}}