{"id":4793,"date":"2025-04-19T12:48:50","date_gmt":"2025-04-19T12:48:50","guid":{"rendered":"https:\/\/grupoaaa.es\/?post_type=product&#038;p=4793"},"modified":"2025-04-19T12:48:50","modified_gmt":"2025-04-19T12:48:50","slug":"bpl016zn-blocapuerta-lavadora-zanussi-dks10578","status":"publish","type":"product","link":"https:\/\/grupoaaa.es\/es\/producto\/bpl016zn-blocapuerta-lavadora-zanussi-dks10578\/","title":{"rendered":"BPL016ZN-Blocapuerta lavadora ZANUSSI DKS10578"},"content":{"rendered":"<p>BPL016ZN<br \/>\nBlocapuerta lavadora ZANUSSI DKS10578<br \/>\nCaracter\u00edsticas: 3 terminales. Paso 5. Dimensiones: 67 x 77 mm.<br \/>\nPestillo: 7 x 13 mm. Tensi\u00f3n conmutaci\u00f3n: 250 V.<br \/>\nCorriente cierre: 16(6) A. DKS10A 84028 194 521 808455308. Calidad CE.<br \/>\nElectrolux: 8084553018 8084553083 8084553034 8084553067<br \/>\nModelos: ZANUSSI: ZANUSSI<br \/>\nZWF01483W-91491030103 ZWF01483W-91491030104 ZWF01483W-91491030105 ZWF01483W-91491030106 ZWF01483W-91491030107 ZWF01483W-91491032701 ZWF01483W-91491032702 ZWF01483W-91491032703 ZWF01483W-91491032704 ZWF01483WH-91491030503 ZWF01483WH-91491030504 ZWF01483WH-91491030505 ZWF01483WH-91491030506 ZWF01483WH-91491030602 ZWF01483WH-91491030603 ZWF01483WH-91491031602 ZWF01483WH-91491031603 ZWF01483WH-91491033101 ZWF01483WH-91491033102 ZWF01483WR-91491030403 ZWF01483WR-91491030404 ZWF01483WR-91491030405 ZWF01483WR-91491030406 ZWF01483WR-91491030407 ZWF01483WR-91491032002 ZWF01483WR-91491032003 ZWF01486ZS-91491060203 ZWF81263W-91491130502 ZWF81263W-91491181401 ZWF81263W-91491181901 ZWF81263WH-91491137302 ZWF91283W-91491041403 ZWF91283W-91491041404 ZWF91283W-91491041405 ZWF91283W-91491041406 ZWF91283W-91491044601 ZWF91283W-91491044602 ZWF91283W-91491045200 ZWF91283W-91491045201 ZWF91283W-91491045202<\/p>\n<p>ELECTROLUX<br \/>\nEWF1274BA-91491141807 EWF1274BMW-91491146702 EWF1274BW-91491141402 EWF1274BW-91491146502 EWF1274BW-91491146802 EWF1280ED-91491137804 EWF1284BC-91491180601 EWF1284BMW-91491138102 EWF1284BR-91491136402 EWF1284BR-91491136702 EWF1284BR-91491137502 EWF1284BR-91491181601 EWF1284BW-91491132602 EWF1284BW-91491139202 EWF1294BR-91491045001 EWF1294BR-91491045002 EWF1404RC-91491031202 EWF1404RR-914910328-00 EWF1404RR-91491032801 EWF1472BS-91491141302 EWF1484BA-91491132501 EWF1484BW-91491132801 EWF1484BW-91491138501 EWF1484BW-91491181201 EWF1484IR-91491181501 EWF1484RR-91491138201 EWFB1294BR-91491043802 EWFB1294BR-91491043803 RWF1274BW-91491142405 RWF1284BW-91491133408 RWF1286BW-91491181101 RWF1287BWE-91491139302 RWF1295BW-91491043602 RWF1406BR-91491032202 RWF1486BR-91491180202<\/p>\n<p>AEG<br \/>\n914911347-00 L68271FL L68280FL-914911340\/07 L68470FL-914911433 00 L68470FL-91491143601 L68480FL-91491134101 L68480FL-91491135901 L68480VFL L69480VFL-91491180402 L69480VFL-91491180403 L69482FL-914911394<\/p>\n<p>FAURE<br \/>\nFWF10120PS-91491000400 FWF10120PS-91491000401 FWF10120PS-91491000402 FWF10120PS-91491000403 FWF10120PS-91491000500<\/p>\n<p>Marca: AEG, ELECTROLUX, FAURE, FRIGIDAIRE, ZANKER, ZANUSSI, ELEKTRO HELIOS, HUSQVARNA, JOHN LEWIS, NOVAMATIC, REX, ROSENLEW<\/p>\n","protected":false},"excerpt":{"rendered":"<p>BPL016ZN<br \/>\nBlocapuerta lavadora ZANUSSI DKS10578<br \/>\nCaracter\u00edsticas: 3 terminales. Paso 5. Dimensiones: 67 x 77 mm.<br \/>\nPestillo: 7 x 13 mm. Tensi\u00f3n conmutaci\u00f3n: 250 V.<br \/>\nCorriente cierre: 16(6) A. DKS10A 84028 194 521 808455308. Calidad CE.<br \/>\nElectrolux: 8084553083,8084553018<\/p>\n","protected":false},"featured_media":4794,"comment_status":"open","ping_status":"closed","template":"","meta":{"_uag_custom_page_level_css":"","site-sidebar-layout":"default","site-content-layout":"","ast-site-content-layout":"default","site-content-style":"default","site-sidebar-style":"default","ast-global-header-display":"","ast-banner-title-visibility":"","ast-main-header-display":"","ast-hfb-above-header-display":"","ast-hfb-below-header-display":"","ast-hfb-mobile-header-display":"","site-post-title":"","ast-breadcrumbs-content":"","ast-featured-img":"","footer-sml-layout":"","ast-disable-related-posts":"","theme-transparent-header-meta":"default","adv-header-id-meta":"","stick-header-meta":"","header-above-stick-meta":"","header-main-stick-meta":"","header-below-stick-meta":"","astra-migrate-meta-layouts":"set","ast-page-background-enabled":"default","ast-page-background-meta":{"desktop":{"background-color":"","background-image":"","background-repeat":"repeat","background-position":"center center","background-size":"auto","background-attachment":"scroll","background-type":"","background-media":"","overlay-type":"","overlay-color":"","overlay-opacity":"","overlay-gradient":""},"tablet":{"background-color":"","background-image":"","background-repeat":"repeat","background-position":"center center","background-size":"auto","background-attachment":"scroll","background-type":"","background-media":"","overlay-type":"","overlay-color":"","overlay-opacity":"","overlay-gradient":""},"mobile":{"background-color":"","background-image":"","background-repeat":"repeat","background-position":"center center","background-size":"auto","background-attachment":"scroll","background-type":"","background-media":"","overlay-type":"","overlay-color":"","overlay-opacity":"","overlay-gradient":""}},"ast-content-background-meta":{"desktop":{"background-color":"var(--ast-global-color-4)","background-image":"","background-repeat":"repeat","background-position":"center center","background-size":"auto","background-attachment":"scroll","background-type":"","background-media":"","overlay-type":"","overlay-color":"","overlay-opacity":"","overlay-gradient":""},"tablet":{"background-color":"var(--ast-global-color-4)","background-image":"","background-repeat":"repeat","background-position":"center center","background-size":"auto","background-attachment":"scroll","background-type":"","background-media":"","overlay-type":"","overlay-color":"","overlay-opacity":"","overlay-gradient":""},"mobile":{"background-color":"var(--ast-global-color-4)","background-image":"","background-repeat":"repeat","background-position":"center center","background-size":"auto","background-attachment":"scroll","background-type":"","background-media":"","overlay-type":"","overlay-color":"","overlay-opacity":"","overlay-gradient":""}}},"product_brand":[],"product_cat":[375,365,359,385,363],"product_tag":[],"class_list":{"0":"post-4793","1":"product","2":"type-product","3":"status-publish","4":"has-post-thumbnail","6":"product_cat-aeg","7":"product_cat-electrolux-es","8":"product_cat-repuestos-linea-blanca","9":"product_cat-repuestos-para-lavadoras","10":"product_cat-zanussi-es","11":"desktop-align-left","12":"tablet-align-left","13":"mobile-align-left","15":"first","16":"instock","17":"taxable","18":"shipping-taxable","19":"purchasable","20":"product-type-simple"},"aioseo_notices":[],"uagb_featured_image_src":{"full":["https:\/\/grupoaaa.es\/wp-content\/uploads\/2025\/04\/Untitled-25.png",1080,1080,false],"thumbnail":["https:\/\/grupoaaa.es\/wp-content\/uploads\/2025\/04\/Untitled-25-150x150.png",150,150,true],"medium":["https:\/\/grupoaaa.es\/wp-content\/uploads\/2025\/04\/Untitled-25-300x300.png",300,300,true],"medium_large":["https:\/\/grupoaaa.es\/wp-content\/uploads\/2025\/04\/Untitled-25-768x768.png",768,768,true],"large":["https:\/\/grupoaaa.es\/wp-content\/uploads\/2025\/04\/Untitled-25-1024x1024.png",1024,1024,true],"1536x1536":["https:\/\/grupoaaa.es\/wp-content\/uploads\/2025\/04\/Untitled-25.png",1080,1080,false],"2048x2048":["https:\/\/grupoaaa.es\/wp-content\/uploads\/2025\/04\/Untitled-25.png",1080,1080,false],"woocommerce_thumbnail":["https:\/\/grupoaaa.es\/wp-content\/uploads\/2025\/04\/Untitled-25-300x300.png",300,300,true],"woocommerce_single":["https:\/\/grupoaaa.es\/wp-content\/uploads\/2025\/04\/Untitled-25-600x600.png",600,600,true],"woocommerce_gallery_thumbnail":["https:\/\/grupoaaa.es\/wp-content\/uploads\/2025\/04\/Untitled-25-100x100.png",100,100,true]},"uagb_author_info":{"display_name":"Abid Ali Abid","author_link":"https:\/\/grupoaaa.es\/es\/author\/"},"uagb_comment_info":0,"uagb_excerpt":"BPL016ZN Blocapuerta lavadora ZANUSSI DKS10578 Caracter\u00edsticas: 3 terminales. Paso 5. Dimensiones: 67 x 77 mm. Pestillo: 7 x 13 mm. Tensi\u00f3n conmutaci\u00f3n: 250 V. Corriente cierre: 16(6) A. DKS10A 84028 194 521 808455308. Calidad CE. Electrolux: 8084553083,8084553018","_links":{"self":[{"href":"https:\/\/grupoaaa.es\/es\/wp-json\/wp\/v2\/product\/4793","targetHints":{"allow":["GET"]}}],"collection":[{"href":"https:\/\/grupoaaa.es\/es\/wp-json\/wp\/v2\/product"}],"about":[{"href":"https:\/\/grupoaaa.es\/es\/wp-json\/wp\/v2\/types\/product"}],"replies":[{"embeddable":true,"href":"https:\/\/grupoaaa.es\/es\/wp-json\/wp\/v2\/comments?post=4793"}],"wp:featuredmedia":[{"embeddable":true,"href":"https:\/\/grupoaaa.es\/es\/wp-json\/wp\/v2\/media\/4794"}],"wp:attachment":[{"href":"https:\/\/grupoaaa.es\/es\/wp-json\/wp\/v2\/media?parent=4793"}],"wp:term":[{"taxonomy":"product_brand","embeddable":true,"href":"https:\/\/grupoaaa.es\/es\/wp-json\/wp\/v2\/product_brand?post=4793"},{"taxonomy":"product_cat","embeddable":true,"href":"https:\/\/grupoaaa.es\/es\/wp-json\/wp\/v2\/product_cat?post=4793"},{"taxonomy":"product_tag","embeddable":true,"href":"https:\/\/grupoaaa.es\/es\/wp-json\/wp\/v2\/product_tag?post=4793"}],"curies":[{"name":"wp","href":"https:\/\/api.w.org\/{rel}","templated":true}]}}