{"id":4659,"date":"2025-03-04T15:12:49","date_gmt":"2025-03-04T15:12:49","guid":{"rendered":"https:\/\/grupoaaa.es\/?post_type=product&#038;p=4659"},"modified":"2025-03-04T15:12:49","modified_gmt":"2025-03-04T15:12:49","slug":"bdl001bs-bomba-de-desague-lavadora-bosch-00145897","status":"publish","type":"product","link":"https:\/\/grupoaaa.es\/es\/producto\/bdl001bs-bomba-de-desague-lavadora-bosch-00145897\/","title":{"rendered":"BDL001BS-Bomba de desag\u00fce lavadora Bosch 00145897"},"content":{"rendered":"<p>BDL001BS<br \/>\nBomba de desag\u00fce lavadora Bosch 00145897<br \/>\nCaracter\u00edsticas: Antiblocante, s\u00edncrona. Paso 5 lado hidr\u00e1ulica.<br \/>\nBayoneta 4 puntos. Autolimpiante. Sin vaciado<br \/>\nB\/S\/H: 00145897 00145906 00145809 00145776 00146083 12037161<br \/>\nBOSCH: WAE20067ESA6 WAE20067ESA9 WAE20067ESB3 WAE20067ESB5 WAE2007XESA6 WAE2007XESA9 WAE2007XESB3 WAE2007XESB5 WAE24260II-A7 WAE24260II-B1 WAE24260II-B3 WAE24260II-B6 WAJ20060ES01 WAJ20060ES02 WAN24068IT-14 WAN24068IT-17 WAN24068IT-19 WAN24068IT-22 WAN24068IT-24 WAN24068IT-28 WAN24263ES31 WAN24263ES37 WAN24264ES37 WAN24265ES37 WAN2426XES-14 WAN2426XES-19 WAN2426XES-22 WAN2426XES-24 WAN2426XES-25 WAN2426XES-28 WAN2426XES-30 WAN2426XES-31 WAN2426XES-32 WAN2426XES-34 WAN2427XES31 WAN2427XES37 WAN2826XES-14<\/p>\n<p>BALAY: 3TS3104BD01 3TS3104BD12 3TS3104BD13 3TS3104BD14 3TS3104BD18 3TS3104BD19 3TS3104BD20 3TS770B01 3TS770B03 3TS770B05 3TS771BE01 3TS771BE02 3TS772BE01 3TS775BE-01 3TS775BE-B3 3TS776BE<br \/>\n3TS776BE-01 3TS776BE-B3 3TS776BE-B5 3TS776BE01 3TS776BEB3 3TS776BEB5 3TS863XAA6 3TS863XAA9 3TS863XAB3 3TS873BC-A6 3TS873BC-A9 3TS873BC-B3 3TS873BC-B5 3TS873BCA6 3TS873BCA9 3TS873BCB3 3TS873BCB5 3TS873BEA6 3TS873XAA6 3TS873XAA9 3TS873XAB3 3TS873XAB5 3TS880BE01 3TS880BE05 3TS882BE01 3TS882BE03 3TS884BE03 3TS884BE07 3TS971BE31 3TS971BE37 3TS972B31 3TS972B37 3TS972BE01 3TS972BE31 3TS972X31 3TS972X37 3TS973BE31 3TS973BE37 3TS976BA-14 3TS976BA14 3TS976BA22 3TS976BA24 3TS976BA25 3TS976BA30 3TS976BA31 3TS976BA33 3TS976BA34 3TS976XA14 3TS976XA22 3TS976XA24 3TS976XA25 3TS976XA30 3TS976XA31 3TS976XA34 3TS983XE37<\/p>\n<p>SIEMENS: WM12E060ES-01 WM12E060ES-B1 WM12E060ES-B3 WM12E060ES-B6 WM12N262ES31 WM12N269ES-31 WM12N269ES-37 WM12N269ES31 WM12N269ES37 WM14E267ESA7 WM14E267ESB2 WM14E267ESB3 WM14N26XES-14 WM14N26XES-23 WM14N26XES-24<br \/>\nMarca: BALAY, BOSCH, CONSTRUCTA, GAGGENAU, NEFF, PITSOS, PROFILO, SIEMENS, VIVA<\/p>\n","protected":false},"excerpt":{"rendered":"<p>BDL001BS<br \/>\nBomba de desag\u00fce lavadora Bosch 00145897<br \/>\nCaracter\u00edsticas: Antiblocante, s\u00edncrona. Paso 5 lado hidr\u00e1ulica.<br \/>\nBayoneta 4 puntos. Autolimpiante. Sin vaciado<br \/>\nB\/S\/H: 00145897 00145906 00145809 00145776 00146083 12037161<\/p>\n","protected":false},"featured_media":4660,"comment_status":"open","ping_status":"closed","template":"","meta":{"_uag_custom_page_level_css":"","site-sidebar-layout":"default","site-content-layout":"","ast-site-content-layout":"default","site-content-style":"default","site-sidebar-style":"default","ast-global-header-display":"","ast-banner-title-visibility":"","ast-main-header-display":"","ast-hfb-above-header-display":"","ast-hfb-below-header-display":"","ast-hfb-mobile-header-display":"","site-post-title":"","ast-breadcrumbs-content":"","ast-featured-img":"","footer-sml-layout":"","theme-transparent-header-meta":"default","adv-header-id-meta":"","stick-header-meta":"","header-above-stick-meta":"","header-main-stick-meta":"","header-below-stick-meta":"","astra-migrate-meta-layouts":"set","ast-page-background-enabled":"default","ast-page-background-meta":{"desktop":{"background-color":"","background-image":"","background-repeat":"repeat","background-position":"center center","background-size":"auto","background-attachment":"scroll","background-type":"","background-media":"","overlay-type":"","overlay-color":"","overlay-opacity":"","overlay-gradient":""},"tablet":{"background-color":"","background-image":"","background-repeat":"repeat","background-position":"center center","background-size":"auto","background-attachment":"scroll","background-type":"","background-media":"","overlay-type":"","overlay-color":"","overlay-opacity":"","overlay-gradient":""},"mobile":{"background-color":"","background-image":"","background-repeat":"repeat","background-position":"center center","background-size":"auto","background-attachment":"scroll","background-type":"","background-media":"","overlay-type":"","overlay-color":"","overlay-opacity":"","overlay-gradient":""}},"ast-content-background-meta":{"desktop":{"background-color":"var(--ast-global-color-5)","background-image":"","background-repeat":"repeat","background-position":"center center","background-size":"auto","background-attachment":"scroll","background-type":"","background-media":"","overlay-type":"","overlay-color":"","overlay-opacity":"","overlay-gradient":""},"tablet":{"background-color":"var(--ast-global-color-5)","background-image":"","background-repeat":"repeat","background-position":"center center","background-size":"auto","background-attachment":"scroll","background-type":"","background-media":"","overlay-type":"","overlay-color":"","overlay-opacity":"","overlay-gradient":""},"mobile":{"background-color":"var(--ast-global-color-5)","background-image":"","background-repeat":"repeat","background-position":"center center","background-size":"auto","background-attachment":"scroll","background-type":"","background-media":"","overlay-type":"","overlay-color":"","overlay-opacity":"","overlay-gradient":""}}},"product_brand":[],"product_cat":[358,361,359,385,377],"product_tag":[],"class_list":{"0":"post-4659","1":"product","2":"type-product","3":"status-publish","4":"has-post-thumbnail","6":"product_cat-balay-es","7":"product_cat-bosch-es","8":"product_cat-repuestos-linea-blanca","9":"product_cat-repuestos-para-lavadoras","10":"product_cat-siemens","11":"desktop-align-left","12":"tablet-align-left","13":"mobile-align-left","15":"first","16":"instock","17":"taxable","18":"shipping-taxable","19":"purchasable","20":"product-type-simple"},"aioseo_notices":[],"uagb_featured_image_src":{"full":["https:\/\/grupoaaa.es\/wp-content\/uploads\/2025\/03\/Remove-background-project-2025-03-04T153322.665.png",1200,1600,false],"thumbnail":["https:\/\/grupoaaa.es\/wp-content\/uploads\/2025\/03\/Remove-background-project-2025-03-04T153322.665-150x150.png",150,150,true],"medium":["https:\/\/grupoaaa.es\/wp-content\/uploads\/2025\/03\/Remove-background-project-2025-03-04T153322.665-225x300.png",225,300,true],"medium_large":["https:\/\/grupoaaa.es\/wp-content\/uploads\/2025\/03\/Remove-background-project-2025-03-04T153322.665-768x1024.png",768,1024,true],"large":["https:\/\/grupoaaa.es\/wp-content\/uploads\/2025\/03\/Remove-background-project-2025-03-04T153322.665-768x1024.png",768,1024,true],"1536x1536":["https:\/\/grupoaaa.es\/wp-content\/uploads\/2025\/03\/Remove-background-project-2025-03-04T153322.665-1152x1536.png",1152,1536,true],"2048x2048":["https:\/\/grupoaaa.es\/wp-content\/uploads\/2025\/03\/Remove-background-project-2025-03-04T153322.665.png",1200,1600,false],"woocommerce_thumbnail":["https:\/\/grupoaaa.es\/wp-content\/uploads\/2025\/03\/Remove-background-project-2025-03-04T153322.665-300x300.png",300,300,true],"woocommerce_single":["https:\/\/grupoaaa.es\/wp-content\/uploads\/2025\/03\/Remove-background-project-2025-03-04T153322.665-600x800.png",600,800,true],"woocommerce_gallery_thumbnail":["https:\/\/grupoaaa.es\/wp-content\/uploads\/2025\/03\/Remove-background-project-2025-03-04T153322.665-100x100.png",100,100,true]},"uagb_author_info":{"display_name":"Abid Ali Abid","author_link":"https:\/\/grupoaaa.es\/es\/author\/"},"uagb_comment_info":0,"uagb_excerpt":"BDL001BS Bomba de desag\u00fce lavadora Bosch 00145897 Caracter\u00edsticas: Antiblocante, s\u00edncrona. Paso 5 lado hidr\u00e1ulica. Bayoneta 4 puntos. Autolimpiante. Sin vaciado B\/S\/H: 00145897 00145906 00145809 00145776 00146083 12037161","_links":{"self":[{"href":"https:\/\/grupoaaa.es\/es\/wp-json\/wp\/v2\/product\/4659","targetHints":{"allow":["GET"]}}],"collection":[{"href":"https:\/\/grupoaaa.es\/es\/wp-json\/wp\/v2\/product"}],"about":[{"href":"https:\/\/grupoaaa.es\/es\/wp-json\/wp\/v2\/types\/product"}],"replies":[{"embeddable":true,"href":"https:\/\/grupoaaa.es\/es\/wp-json\/wp\/v2\/comments?post=4659"}],"wp:featuredmedia":[{"embeddable":true,"href":"https:\/\/grupoaaa.es\/es\/wp-json\/wp\/v2\/media\/4660"}],"wp:attachment":[{"href":"https:\/\/grupoaaa.es\/es\/wp-json\/wp\/v2\/media?parent=4659"}],"wp:term":[{"taxonomy":"product_brand","embeddable":true,"href":"https:\/\/grupoaaa.es\/es\/wp-json\/wp\/v2\/product_brand?post=4659"},{"taxonomy":"product_cat","embeddable":true,"href":"https:\/\/grupoaaa.es\/es\/wp-json\/wp\/v2\/product_cat?post=4659"},{"taxonomy":"product_tag","embeddable":true,"href":"https:\/\/grupoaaa.es\/es\/wp-json\/wp\/v2\/product_tag?post=4659"}],"curies":[{"name":"wp","href":"https:\/\/api.w.org\/{rel}","templated":true}]}}