{"id":4621,"date":"2025-01-11T10:23:15","date_gmt":"2025-01-11T10:23:15","guid":{"rendered":"https:\/\/grupoaaa.es\/?post_type=product&#038;p=4621"},"modified":"2025-01-11T10:23:15","modified_gmt":"2025-01-11T10:23:15","slug":"psl001zn-presostato-analogico-zanussi","status":"publish","type":"product","link":"https:\/\/grupoaaa.es\/es\/producto\/psl001zn-presostato-analogico-zanussi\/","title":{"rendered":"PSL001ZN-Presostato anal\u00f3gico ZANUSSI"},"content":{"rendered":"<p>PSL001ZN<br \/>\nPresostato anal\u00f3gico ZANUSSI<br \/>\nCaracter\u00edsticas: Anal\u00f3gico. De 0 a 300 mm. Disposici\u00f3n central. 3 terminallas.<br \/>\nRast. 2.5. 1: 5V. 2: GND. 3: OUT. 37640514 132516205.<br \/>\nOrientaci\u00f3n anclaje vs term. 1800. Ta 85\u00b0C.<br \/>\nElectrolux: 3792216040,1268832746,1325162020<br \/>\nModelo: ZANUSSI: 914212107ZWF5100 91421710200ZWH3125 91428210800ZWF580 91428211601ZWF682 91452362300ZWN6100 AWM6120 ZWF1201914521461 ZWF5100 ZWF5100914212107 ZWF580 ZWF58091428210800 ZWF6115-914212113-01 ZWF682 ZWF68291428211601 ZWF71050W-914912104 ZWF71240W-914912102 ZWF71240W-914912105 ZWF71240W-914912106 ZWF71243W-914912405 ZWF71243W-914912407 ZWF71243W-914912410 ZWF71243W-914912427 ZWF71243W-914912443 ZWF71243W-914912449 ZWF7230WWE-914909143 ZWF81040W-914912002 ZWF81240W-914912000 ZWF81240W-914912003 ZWF81240W-914912004 ZWF81243W-914912303 ZWF81243W-914912304 ZWF81243W-914912308 ZWF81243W-914912325 ZWG 3120 ZWG1100P91457983800<br \/>\nZWG3100 ZWG3120 ZWG6100 ZWG6100K ZWG6102 ZWG6105 ZWG6120 ZWG7105X9145218561 ZWG7105X9145218601 ZWH3105 ZWH3125 ZWH312591421710200 ZWH612591421710303 ZWH7125X9145228421 ZWI11059145280035 ZWI11259145280105 ZWI18559145280075 ZWI71000WA9145280160 ZWI71000WA9145280170 ZWI71201WA9145281230 ZWI71201WA9145281240 ZWI71401WA9145281260 ZWN5105 ZWN6100<br \/>\nZWN610091452362300 ZWN6105 ZWN6120 ZWQ61225WI-913105501 ZWQ61225WI-913105504 ZWQ61225WI-913105519 ZWQ61235CI-913115506 ZWQ61235CI-913115528 ZWQ61235CI-913115529 ZWQ61235CI-913115534 ZWQ61235WI-913105506 ZWQ61235WI-913105528 ZWQ61235WI-913105529 ZWQ61235WI-913105534 ZWT71201WA9146060270 ZWT71401WA9146060220 ZWT71401WA9146060230 ZWT71401WA9146060240<\/p>\n<p>AEG: 72850 7285091452561000 9145256100072850 91452661300L72950 EWF12480W F65000MOP L148409146050043 L148509146053123 L548709145244311 L568409145244254 L568709145244301 L61270BI9145281160 L61270BI9145281170 L61270WDBI9146060140 L61271BI9145281270 L61271WDBI9146060260 L61470BI9145281200 L61470WDBI9146060130 L61470WDBI9146060160 L61470WDBI9146060170 L61470WDBI9146060180 L61470WDBI9146060190 L61470WDBI9146060200 L62260TL-913103602 L62260TL-913103604 L62260TL-913217546 L62260TL-913217548 L62280FL-91453057701 L68280FL-914911340-02 L6FBG144-914915007 L6FBG824-914913023 L6FBG844-914913002 L6FBG944-914915008 L6FBI821-914913431 L6FBI821-914913437 L6FBI821U-914913434 L6FBI824U-914913435 L6FBI841-914913432 L6FBI841-914913483 L6TBG721-913123617 L6TBG721-913123623 L6TBG721-913123636 L6TBG721-913143605 L6TBK621-913123507 L6TBK621-913143502 L70850M L72640 L72850M9145256453 L72850M9145256463 L72950 L7295091452661300 L72950A L74950A L74950A3914526697 L75280FL L7FEE841-914550038 L7FEE841BI-914580207 L7FEE842S-914550056 L7FEE842S-914550123 L7FEE941-914550419 L7WEE861-914605124 L7WEE861-914605132 L82470BI9145282360 L82470BI9145282370 L82470BI9145282380 L8FEE842-914550815 L8FEE842-914550851 LAV4621091321249102<br \/>\nLP2252F9145245264<\/p>\n<p>CORBERO: 91421210800LC1095E LC1095E LC1095E91421210800<\/p>\n<p>ELECTROL: WE170P-914535304-00<\/p>\n<p>ELECTROLUX: 91421610101EWF12260W EW2F4722AB-914912484 EW2F4722AB-914912495 EW2F4822AB-914912363 EW2F4822AB-914912384 EW6F4123EB-914916406 EW6F4823BB-914917415 EW6F4923EB-914916407 EW6F4923EB-914916419 EWF10160W EWF10591W EWF106510W9145218640 EWF12260W EWF12260W91421610101 EWF12480W EWF1274EOW-914912421 EWF1274EOW-914912442 EWF1281EOW-914912319 EWF1284EOW-914912318 EWF1284EOW-914912327 EWF147410W9145228001 EWF148310W9145228780 EWF148317W9145228810 EWF148420W-91452351800 EWF148420W-91452351801 EWF148421W-91452352900 EWG127410W9145281300 EWG127410W9145281320 EWG147410W9145281330 EWG147540W9145282390 EWG147540W9145282400 EWG147540W9145282410 EWG147540W9145282420 EWN12791W EWT1264IKW-913104423 EWT1274ELW-913102430 EWT1274ELW-913102431 EWX127410W-914606029-02 EWX127410W9146060280 EWX127410W9146060300 EWX147410W9146060310 EWX147410W9146060320 EWX147410W9146060340 ZWH6125 ZWN7120L91490484602<\/p>\n<p>IKEA: RENLIGFWM9146043460 RENLIGFWM9146043470 RENLIGFWM9146043480<br \/>\nMarca: AEG, Arthur Martin, CORBERO, ELECTROLUX, FAURE, FRIGIDAIRE, PROGRESS, VESTEL, ZANKER,<br \/>\nZANUSSI, ZOPPAS<\/p>\n","protected":false},"excerpt":{"rendered":"<p>PSL001ZN<br \/>\nPresostato anal\u00f3gico ZANUSSI<br \/>\nCaracter\u00edsticas: Anal\u00f3gico. De 0 a 300 mm. Disposici\u00f3n central. 3 terminallas.<br \/>\nRast. 2.5. 1: 5V. 2: GND. 3: OUT. 37640514 132516205.<br \/>\nOrientaci\u00f3n anclaje vs term. 1800. Ta 85\u00b0C.<br \/>\nElectrolux: 3792216040,1268832746,1325162020<\/p>\n","protected":false},"featured_media":4622,"comment_status":"open","ping_status":"closed","template":"","meta":{"_uag_custom_page_level_css":"","site-sidebar-layout":"default","site-content-layout":"","ast-site-content-layout":"default","site-content-style":"default","site-sidebar-style":"default","ast-global-header-display":"","ast-banner-title-visibility":"","ast-main-header-display":"","ast-hfb-above-header-display":"","ast-hfb-below-header-display":"","ast-hfb-mobile-header-display":"","site-post-title":"","ast-breadcrumbs-content":"","ast-featured-img":"","footer-sml-layout":"","ast-disable-related-posts":"","theme-transparent-header-meta":"default","adv-header-id-meta":"","stick-header-meta":"","header-above-stick-meta":"","header-main-stick-meta":"","header-below-stick-meta":"","astra-migrate-meta-layouts":"set","ast-page-background-enabled":"default","ast-page-background-meta":{"desktop":{"background-color":"","background-image":"","background-repeat":"repeat","background-position":"center center","background-size":"auto","background-attachment":"scroll","background-type":"","background-media":"","overlay-type":"","overlay-color":"","overlay-opacity":"","overlay-gradient":""},"tablet":{"background-color":"","background-image":"","background-repeat":"repeat","background-position":"center center","background-size":"auto","background-attachment":"scroll","background-type":"","background-media":"","overlay-type":"","overlay-color":"","overlay-opacity":"","overlay-gradient":""},"mobile":{"background-color":"","background-image":"","background-repeat":"repeat","background-position":"center center","background-size":"auto","background-attachment":"scroll","background-type":"","background-media":"","overlay-type":"","overlay-color":"","overlay-opacity":"","overlay-gradient":""}},"ast-content-background-meta":{"desktop":{"background-color":"var(--ast-global-color-4)","background-image":"","background-repeat":"repeat","background-position":"center center","background-size":"auto","background-attachment":"scroll","background-type":"","background-media":"","overlay-type":"","overlay-color":"","overlay-opacity":"","overlay-gradient":""},"tablet":{"background-color":"var(--ast-global-color-4)","background-image":"","background-repeat":"repeat","background-position":"center center","background-size":"auto","background-attachment":"scroll","background-type":"","background-media":"","overlay-type":"","overlay-color":"","overlay-opacity":"","overlay-gradient":""},"mobile":{"background-color":"var(--ast-global-color-4)","background-image":"","background-repeat":"repeat","background-position":"center center","background-size":"auto","background-attachment":"scroll","background-type":"","background-media":"","overlay-type":"","overlay-color":"","overlay-opacity":"","overlay-gradient":""}}},"product_brand":[],"product_cat":[375,376,426,359,385,363],"product_tag":[],"class_list":{"0":"post-4621","1":"product","2":"type-product","3":"status-publish","4":"has-post-thumbnail","6":"product_cat-aeg","7":"product_cat-corbero","8":"product_cat-piezas-de-repuesto-para-lavavajillas","9":"product_cat-repuestos-linea-blanca","10":"product_cat-repuestos-para-lavadoras","11":"product_cat-zanussi-es","12":"desktop-align-left","13":"tablet-align-left","14":"mobile-align-left","16":"first","17":"instock","18":"taxable","19":"shipping-taxable","20":"purchasable","21":"product-type-simple"},"aioseo_notices":[],"uagb_featured_image_src":{"full":["https:\/\/grupoaaa.es\/wp-content\/uploads\/2025\/01\/Remove-background-project-2025-01-11T112041.235.png",1200,1600,false],"thumbnail":["https:\/\/grupoaaa.es\/wp-content\/uploads\/2025\/01\/Remove-background-project-2025-01-11T112041.235-150x150.png",150,150,true],"medium":["https:\/\/grupoaaa.es\/wp-content\/uploads\/2025\/01\/Remove-background-project-2025-01-11T112041.235-225x300.png",225,300,true],"medium_large":["https:\/\/grupoaaa.es\/wp-content\/uploads\/2025\/01\/Remove-background-project-2025-01-11T112041.235-768x1024.png",768,1024,true],"large":["https:\/\/grupoaaa.es\/wp-content\/uploads\/2025\/01\/Remove-background-project-2025-01-11T112041.235-768x1024.png",768,1024,true],"1536x1536":["https:\/\/grupoaaa.es\/wp-content\/uploads\/2025\/01\/Remove-background-project-2025-01-11T112041.235-1152x1536.png",1152,1536,true],"2048x2048":["https:\/\/grupoaaa.es\/wp-content\/uploads\/2025\/01\/Remove-background-project-2025-01-11T112041.235.png",1200,1600,false],"woocommerce_thumbnail":["https:\/\/grupoaaa.es\/wp-content\/uploads\/2025\/01\/Remove-background-project-2025-01-11T112041.235-300x300.png",300,300,true],"woocommerce_single":["https:\/\/grupoaaa.es\/wp-content\/uploads\/2025\/01\/Remove-background-project-2025-01-11T112041.235-600x800.png",600,800,true],"woocommerce_gallery_thumbnail":["https:\/\/grupoaaa.es\/wp-content\/uploads\/2025\/01\/Remove-background-project-2025-01-11T112041.235-100x100.png",100,100,true]},"uagb_author_info":{"display_name":"Abid Ali Abid","author_link":"https:\/\/grupoaaa.es\/es\/author\/"},"uagb_comment_info":0,"uagb_excerpt":"PSL001ZN Presostato anal\u00f3gico ZANUSSI Caracter\u00edsticas: Anal\u00f3gico. De 0 a 300 mm. Disposici\u00f3n central. 3 terminallas. Rast. 2.5. 1: 5V. 2: GND. 3: OUT. 37640514 132516205. Orientaci\u00f3n anclaje vs term. 1800. Ta 85\u00b0C. Electrolux: 3792216040,1268832746,1325162020","_links":{"self":[{"href":"https:\/\/grupoaaa.es\/es\/wp-json\/wp\/v2\/product\/4621","targetHints":{"allow":["GET"]}}],"collection":[{"href":"https:\/\/grupoaaa.es\/es\/wp-json\/wp\/v2\/product"}],"about":[{"href":"https:\/\/grupoaaa.es\/es\/wp-json\/wp\/v2\/types\/product"}],"replies":[{"embeddable":true,"href":"https:\/\/grupoaaa.es\/es\/wp-json\/wp\/v2\/comments?post=4621"}],"wp:featuredmedia":[{"embeddable":true,"href":"https:\/\/grupoaaa.es\/es\/wp-json\/wp\/v2\/media\/4622"}],"wp:attachment":[{"href":"https:\/\/grupoaaa.es\/es\/wp-json\/wp\/v2\/media?parent=4621"}],"wp:term":[{"taxonomy":"product_brand","embeddable":true,"href":"https:\/\/grupoaaa.es\/es\/wp-json\/wp\/v2\/product_brand?post=4621"},{"taxonomy":"product_cat","embeddable":true,"href":"https:\/\/grupoaaa.es\/es\/wp-json\/wp\/v2\/product_cat?post=4621"},{"taxonomy":"product_tag","embeddable":true,"href":"https:\/\/grupoaaa.es\/es\/wp-json\/wp\/v2\/product_tag?post=4621"}],"curies":[{"name":"wp","href":"https:\/\/api.w.org\/{rel}","templated":true}]}}