{"id":4618,"date":"2025-01-10T18:42:17","date_gmt":"2025-01-10T18:42:17","guid":{"rendered":"https:\/\/grupoaaa.es\/?post_type=product&#038;p=4618"},"modified":"2025-01-10T18:42:17","modified_gmt":"2025-01-10T18:42:17","slug":"crl0016un-correa-9phe-1967-mael-secadora-beko","status":"publish","type":"product","link":"https:\/\/grupoaaa.es\/es\/producto\/crl0016un-correa-9phe-1967-mael-secadora-beko\/","title":{"rendered":"CRL0016UN- Correa 9PHE-1967 MAEL, secadora BEKO"},"content":{"rendered":"<p>CRL0016UN<br \/>\nCorrea 9PHE-1967 MAEL, secadora BEKO<br \/>\nCaracter\u00edsticas: Ranurada. El\u00e1stica. Perfil H9. Desarrollo: 1967<br \/>\nAr\u00e7elik: 2953240200,2953240100,2953240300, Fagor: SAR000110,YY57X2710, Smeg: 751610119,<br \/>\nBrandt: 57X2710<br \/>\nModelo: BEKO: DC1570-718531100 DC1570-7185381100 DCU 7670 DV 7110 DV1570-7185281100 DV7110 DV7110-7186381300 DV7120-7185281200<\/p>\n<p>APELL: APS62CS-7183281700<\/p>\n<p>ANSONIC: PDV1160-SA6-7182881400 SA7 SA7C<\/p>\n<p>BRU: ES1560C-7133181500<\/p>\n<p>TEKA: TKS-650-40851100 TKS650 TKS700C-40852001 TS1600E<br \/>\nMarca: AR\u00c7ELIK, ASPES, BEKO, BLOMBERG, BRANDT, EDESA, FAGOR, SMEG, THOMSON<\/p>\n","protected":false},"excerpt":{"rendered":"<p>CRL0016UN<br \/>\nCorrea 9PHE-1967 MAEL, secadora BEKO<br \/>\nCaracter\u00edsticas: Ranurada. El\u00e1stica. Perfil H9. Desarrollo: 1967<br \/>\nAr\u00e7elik: 2953240200,2953240100,2953240300, Fagor: SAR000110,YY57X2710, Smeg: 751610119,<br \/>\nBrandt: 57X2710<\/p>\n","protected":false},"featured_media":4619,"comment_status":"open","ping_status":"closed","template":"","meta":{"_uag_custom_page_level_css":"","site-sidebar-layout":"default","site-content-layout":"","ast-site-content-layout":"default","site-content-style":"default","site-sidebar-style":"default","ast-global-header-display":"","ast-banner-title-visibility":"","ast-main-header-display":"","ast-hfb-above-header-display":"","ast-hfb-below-header-display":"","ast-hfb-mobile-header-display":"","site-post-title":"","ast-breadcrumbs-content":"","ast-featured-img":"","footer-sml-layout":"","ast-disable-related-posts":"","theme-transparent-header-meta":"default","adv-header-id-meta":"","stick-header-meta":"","header-above-stick-meta":"","header-main-stick-meta":"","header-below-stick-meta":"","astra-migrate-meta-layouts":"set","ast-page-background-enabled":"default","ast-page-background-meta":{"desktop":{"background-color":"","background-image":"","background-repeat":"repeat","background-position":"center center","background-size":"auto","background-attachment":"scroll","background-type":"","background-media":"","overlay-type":"","overlay-color":"","overlay-opacity":"","overlay-gradient":""},"tablet":{"background-color":"","background-image":"","background-repeat":"repeat","background-position":"center center","background-size":"auto","background-attachment":"scroll","background-type":"","background-media":"","overlay-type":"","overlay-color":"","overlay-opacity":"","overlay-gradient":""},"mobile":{"background-color":"","background-image":"","background-repeat":"repeat","background-position":"center center","background-size":"auto","background-attachment":"scroll","background-type":"","background-media":"","overlay-type":"","overlay-color":"","overlay-opacity":"","overlay-gradient":""}},"ast-content-background-meta":{"desktop":{"background-color":"var(--ast-global-color-4)","background-image":"","background-repeat":"repeat","background-position":"center center","background-size":"auto","background-attachment":"scroll","background-type":"","background-media":"","overlay-type":"","overlay-color":"","overlay-opacity":"","overlay-gradient":""},"tablet":{"background-color":"var(--ast-global-color-4)","background-image":"","background-repeat":"repeat","background-position":"center center","background-size":"auto","background-attachment":"scroll","background-type":"","background-media":"","overlay-type":"","overlay-color":"","overlay-opacity":"","overlay-gradient":""},"mobile":{"background-color":"var(--ast-global-color-4)","background-image":"","background-repeat":"repeat","background-position":"center center","background-size":"auto","background-attachment":"scroll","background-type":"","background-media":"","overlay-type":"","overlay-color":"","overlay-opacity":"","overlay-gradient":""}}},"product_brand":[],"product_cat":[360,359,385,390,378],"product_tag":[],"class_list":{"0":"post-4618","1":"product","2":"type-product","3":"status-publish","4":"has-post-thumbnail","6":"product_cat-beko-es","7":"product_cat-repuestos-linea-blanca","8":"product_cat-repuestos-para-lavadoras","9":"product_cat-repuestos-para-secadoras","10":"product_cat-teka","11":"desktop-align-left","12":"tablet-align-left","13":"mobile-align-left","15":"first","16":"instock","17":"taxable","18":"shipping-taxable","19":"purchasable","20":"product-type-simple"},"aioseo_notices":[],"uagb_featured_image_src":{"full":["https:\/\/grupoaaa.es\/wp-content\/uploads\/2025\/01\/Remove-background-project-2025-01-10T194132.026.png",1200,1600,false],"thumbnail":["https:\/\/grupoaaa.es\/wp-content\/uploads\/2025\/01\/Remove-background-project-2025-01-10T194132.026-150x150.png",150,150,true],"medium":["https:\/\/grupoaaa.es\/wp-content\/uploads\/2025\/01\/Remove-background-project-2025-01-10T194132.026-225x300.png",225,300,true],"medium_large":["https:\/\/grupoaaa.es\/wp-content\/uploads\/2025\/01\/Remove-background-project-2025-01-10T194132.026-768x1024.png",768,1024,true],"large":["https:\/\/grupoaaa.es\/wp-content\/uploads\/2025\/01\/Remove-background-project-2025-01-10T194132.026-768x1024.png",768,1024,true],"1536x1536":["https:\/\/grupoaaa.es\/wp-content\/uploads\/2025\/01\/Remove-background-project-2025-01-10T194132.026-1152x1536.png",1152,1536,true],"2048x2048":["https:\/\/grupoaaa.es\/wp-content\/uploads\/2025\/01\/Remove-background-project-2025-01-10T194132.026.png",1200,1600,false],"woocommerce_thumbnail":["https:\/\/grupoaaa.es\/wp-content\/uploads\/2025\/01\/Remove-background-project-2025-01-10T194132.026-300x300.png",300,300,true],"woocommerce_single":["https:\/\/grupoaaa.es\/wp-content\/uploads\/2025\/01\/Remove-background-project-2025-01-10T194132.026-600x800.png",600,800,true],"woocommerce_gallery_thumbnail":["https:\/\/grupoaaa.es\/wp-content\/uploads\/2025\/01\/Remove-background-project-2025-01-10T194132.026-100x100.png",100,100,true]},"uagb_author_info":{"display_name":"Abid Ali Abid","author_link":"https:\/\/grupoaaa.es\/es\/author\/"},"uagb_comment_info":0,"uagb_excerpt":"CRL0016UN Correa 9PHE-1967 MAEL, secadora BEKO Caracter\u00edsticas: Ranurada. El\u00e1stica. Perfil H9. Desarrollo: 1967 Ar\u00e7elik: 2953240200,2953240100,2953240300, Fagor: SAR000110,YY57X2710, Smeg: 751610119, Brandt: 57X2710","_links":{"self":[{"href":"https:\/\/grupoaaa.es\/es\/wp-json\/wp\/v2\/product\/4618","targetHints":{"allow":["GET"]}}],"collection":[{"href":"https:\/\/grupoaaa.es\/es\/wp-json\/wp\/v2\/product"}],"about":[{"href":"https:\/\/grupoaaa.es\/es\/wp-json\/wp\/v2\/types\/product"}],"replies":[{"embeddable":true,"href":"https:\/\/grupoaaa.es\/es\/wp-json\/wp\/v2\/comments?post=4618"}],"wp:featuredmedia":[{"embeddable":true,"href":"https:\/\/grupoaaa.es\/es\/wp-json\/wp\/v2\/media\/4619"}],"wp:attachment":[{"href":"https:\/\/grupoaaa.es\/es\/wp-json\/wp\/v2\/media?parent=4618"}],"wp:term":[{"taxonomy":"product_brand","embeddable":true,"href":"https:\/\/grupoaaa.es\/es\/wp-json\/wp\/v2\/product_brand?post=4618"},{"taxonomy":"product_cat","embeddable":true,"href":"https:\/\/grupoaaa.es\/es\/wp-json\/wp\/v2\/product_cat?post=4618"},{"taxonomy":"product_tag","embeddable":true,"href":"https:\/\/grupoaaa.es\/es\/wp-json\/wp\/v2\/product_tag?post=4618"}],"curies":[{"name":"wp","href":"https:\/\/api.w.org\/{rel}","templated":true}]}}